{"id":44,"date":"2018-09-25T08:42:12","date_gmt":"2018-09-25T08:42:12","guid":{"rendered":"http:\/\/users.utu.fi\/lianmi\/?page_id=44"},"modified":"2018-10-03T18:52:44","modified_gmt":"2018-10-03T18:52:44","slug":"44-2","status":"publish","type":"page","link":"https:\/\/users.utu.fi\/lianmi\/44-2\/","title":{"rendered":""},"content":{"rendered":"<p><strong>Articles in peer-reviewed journals and books<\/strong><\/p>\n<p>Miettinen, Anneli &amp; Jalovaara, Marika (2018). Unemployment delays parenthood, but not for all. Life stage and educational differences in the effects of employment uncertainty on first births. (Submitted)<\/p>\n<p>Miettinen, Anneli, Rotkirch, Anna, Suikkari, Anne-Maria, &amp; S\u00f6derstr\u00f6m-Anttila, Viveca (2018). Attitudes of altruistic anonymous and identity-release oocyte donors towards future contact with donor offspring. (Submitted)<\/p>\n<p>Rotkirch, Anna &amp; Miettinen, Anneli (2017). Childlessness in Finland. In: Kreyenfeld, M. &amp; Konietzka, D. (Eds), Childlessness in Europe: Contexts, Causes, and Consequences, pp. 139\u2013158. Springer International Publishing.<\/p>\n<p>Miettinen, Anneli (2017). Perhemuodon ja perheellistymisen muutoksia Suomessa. [Trends in families and family formation in Finland] In: Hyt\u00f6nen, M. (Ed.), Perhe ja avioliitto muutoksessa, pp. 173\u2013189. Helsinki: Kirkon tutkimuskeskus.<\/p>\n<p>S\u00f6derstr\u00f6m-Anttila, Viveca, Miettinen, Anneli, Rotkirch, Anna, Nuojua-Huttunen, Sinikka, Poranen, Anna-Kaisa, S\u00e4levaara, Mari, &amp;\u00a0Suikkari, Anne-Maria (2016). Short- and long-term health consequences and current satisfaction levels for altruistic anonymous, identity-release, and known oocyte donors. <em>Human Reproduction<\/em> 31(3): 597\u2013606.<\/p>\n<p>Kontula, Osmo &amp; Miettinen, Anneli (2016). Determinants of female sexual orgasms. <em>Socioaffective Neuroscience &amp; Psychology <\/em>6: 31624.<\/p>\n<p>Miettinen, Anneli; Lainiala, Lassi &amp; Rotkirch, Anna (2015). Women\u2019s housework decreases fertility: Evidence from a longitudinal study among Finnish couples. <em>Acta Sociologica<\/em> 58(2): 139\u2013154.<\/p>\n<p>Miettinen, Anneli &amp; Szalma, Ivett (2014). Childlessness intentions and ideals in Europe. <em>Finnish Yearbook of Population Research<\/em> 2014: 31\u201355.<\/p>\n<p>Jalovaara, Marika &amp; Miettinen, Anneli (2013). Does his paycheck also matter? The socioeconomic resources of co-residential partners and entry into parenthood in Finland. <em>Demographic Research<\/em> 28(31): 881\u2013916.<\/p>\n<p>Lainiala, Lassi &amp; Miettinen, Anneli (2013). Childlessness and the skewed regional sex ratios in Finland. <em>Finnish Yearbook of Population Research <\/em>2013: 51\u201363.<\/p>\n<p>Rinkinen, Tuija &amp; Miettinen, Anneli &amp; Halonen, Miila &amp; Apter, Dan (2012). H\u00e4mmennyst\u00e4, mielihyv\u00e4\u00e4 vai inhoa? Tytt\u00f6jen tunnekokemuksia ja mielipiteit\u00e4 pornosta. [Ambivalence, pleasure or disgust? Adolescent girls&#8217; opinions about porn]\u00a0<em>Nuorisotutkimus<\/em> 3: 39\u201350.<\/p>\n<p>Miettinen, Anneli; Basten, Stuart &amp; Rotkirch, Anna (2011). Gender equality and fertility intentions revisited. Evidence from Finland. <em>Demographic Research <\/em>24: 469\u2013496.<\/p>\n<p>Miettinen, Anneli\u00a0(2010). Voluntary or involuntary childlessness? Socio-demographic factors and childlessness intentions among childless Finnish men and women aged 25-44. <em>Yearbook of Population Research in Finland 2010<\/em>: 5\u201324.<\/p>\n<p>Miettinen, Anneli (2009). Tasapainossa vai ei? Suomalaisten naisten ja miesten n\u00e4kemyksi\u00e4 kotit\u00f6iden jakaantumisesta perheess\u00e4\u00e4n. [Egalitarian or not? Men&#8217;s and women&#8217;s views on the division of housework in their families] <em>Yhteiskuntapolitiikka<\/em> 2: 131\u2013144.<\/p>\n<p>Miettinen, Anneli; Esveldt, Ingrid &amp; Fokkema, Tineke (2008). Family policies: Financial or institutional measures? Teoksessa: H\u00f6hn, Charlotte &amp; Avramov, Dragana &amp; Kotowska, Irena (eds), People, Population Change and Policies, Lessons from the Population Policy Acceptance Study, Volume I, pp. 347\u2013367. Springer, Dordrect (Netherlands).<\/p>\n<p>Esveldt, Ingrid; Fokkema, Tineke &amp; Miettinen, Anneli (2008). Anticipated impact of family policies on fertility behaviour among the childless and among one-child parents. Teoksessa: H\u00f6hn, Charlotte &amp; Avramov, Dragana &amp; Kotowska, Irena (eds), People, Population Change and Policies, Lessons from the Population Policy Acceptance Study, Volume I, pp. 369\u2013390. Springer, Dordrect (Netherlands).<\/p>\n<p>Miettinen, Anneli &amp; Paajanen, Pirjo. (2005). Yes, no, maybe: Fertility intentions and reasons behind them among childless Finnish men and women. <em>Yearbook of Population Research in Finland<\/em> 2005:165\u2013184.<\/p>\n<p><strong>Selected monographies and articles (not peer-reviewed)<\/strong><\/p>\n<p>Miettinen, Anneli (2015). Miksi syntyvyys alenee? Suomalaisten lastensaantiin liittyvi\u00e4 toiveita ja odotuksia. [Why is fertility declining?\u00a0Fertility intentions and\u00a0ideals among Finnish men and women]\u00a0E49. Helsinki: V\u00e4est\u00f6liitto V\u00e4est\u00f6ntutkimuslaitos.<\/p>\n<p>S\u00e4\u00e4v\u00e4l\u00e4, Minna &amp; Miettinen, Anneli (2014). Millaiset suomalaiset solmivat kaksikulttuurisia avioliittoja? [Mixed marriages in Finland] In: Heikkil\u00e4, Elli, Oksi-Walter, P\u00e4ivi &amp; S\u00e4\u00e4v\u00e4l\u00e4, Minna (eds.), Monikulttuuriset avioliitot sillanrakentajina, ss. 77\u201393. Turku: Siirtolaisuusinstituutti.<\/p>\n<p>Klemetti, Reija, Gissler, Mika, Lammi-Taskula Johanna &amp; Miettinen, Anneli (2014). Lastenhankinnan ajoitus. [Timing of childbearing] In: Lammi-Taskula, Johanna &amp; Karvonen, Sakari (toim.), Lapsiperheiden hyvinvointi, ss. 170\u2013181. Helsinki: THL.<\/p>\n<p>Miettinen, Anneli &amp; Rotkirch, Anna (2012). Mik\u00e4 selitt\u00e4\u00e4 lastenhoitoon k\u00e4ytetyn ajan kasvua viime vuosikymmenin\u00e4? [What explains increasing time spend in childcare over past two decades?] <em>Hyvinvointikatsaus<\/em> 3\/2012: 14\u201321.<\/p>\n<p>Miettinen, Anneli &amp; Rotkirch, Anna (2012). Yhteist\u00e4 aikaa etsim\u00e4ss\u00e4. Lapsiperheiden ajank\u00e4ytt\u00f6 2000-luvulla. [Searching for family time. Time use patterns among Finnish families in 2000] E42. Helsinki: V\u00e4est\u00f6liitto V\u00e4est\u00f6ntutkimuslaitos.<\/p>\n<p>Miettinen, Anneli (2011). \u00c4idiksi ja is\u00e4ksi hedelm\u00f6ityshoidolla. [Becoming mother or father via\u00a0ART]\u00a0E40. Helsinki: V\u00e4est\u00f6liitto V\u00e4est\u00f6ntutkimuslaitos.<\/p>\n<p>Miettinen, Anneli &amp; Rotkirch, Anna (2008). Milloin on lapsen aika? Lastenhankinnan toiveet ja esteet. [When is the right time for children? Fertility ideals and obstacles]\u00a0E34. Helsinki: V\u00e4est\u00f6liitto V\u00e4est\u00f6ntutkimuslaitos.<\/p>\n<p>Miettinen, Anneli (2008). Kotity\u00f6t, sukupuoli ja tasa-arvo. Palkattoman ty\u00f6n jakamiseen liittyv\u00e4t asenteet ja k\u00e4yt\u00e4nn\u00f6t Suomessa. [Unpaid work, gender and equality in Finland] E32. Helsinki: V\u00e4est\u00f6liitto V\u00e4est\u00f6ntutkimuslaitos.<\/p>\n<p>Miettinen, Anneli (2007). P\u00e4tk\u00e4ty\u00f6n tulevaisuus? [Temporary employment in the future?]\u00a0E27. Helsinki: V\u00e4est\u00f6liitto V\u00e4est\u00f6ntutkimuslaitos.<\/p>\n<p>Miettinen, Anneli &amp; Manninen, Aino (2006). Sovittelua ja sopeutumista. Ty\u00f6n ja perheen yhteensovittamisen kysymyksi\u00e4 m\u00e4\u00e4r\u00e4aikaista tai osa-aikaty\u00f6t\u00e4 tekevien perheiss\u00e4. [Temporary employment, part-time work and reconciling work and family] E23. Helsinki: V\u00e4est\u00f6liitto V\u00e4est\u00f6ntutkimuslaitos.<\/p>\n<p><strong>Reports, working papers<\/strong><\/p>\n<p>Miettinen, Anneli (2018). Yksin asuvat: toimeentulo, terveys ja hyvinvointi\u00a0 (ilmestyy ty\u00f6paperina V\u00e4est\u00f6liiton V\u00e4est\u00f6ntutkimuslaitoksen sarjassa syksyll\u00e4 2018).<\/p>\n<p>Miettinen, Anneli (2017). Kolme myytti\u00e4 perhevapaista. Helsinki: Ajatuspaja Agenda.<\/p>\n<p>Miettinen, Anneli, Paavola, Juho-Matti, Rotkirch, Anna, S\u00e4\u00e4v\u00e4l\u00e4, Minna &amp; Vainio, Arttu (2016). Perheenyhdist\u00e4misen edellytysten tiukentaminen ja sen vaikutukset Suomessa sek\u00e4 kokemuksia viidest\u00e4 Euroopan maasta. VN-TEAS julkaisusarja 55\/2016.<\/p>\n<p>Miettinen, Anneli Rotkirch, Anna; Szalma, Ivett; Donno, Annalisa &amp; Tanturri Maria L. (2015). Increasing childlessness in Europe: time trends and country differences. Working Paper 33\/2015, Families&amp;Societies.<\/p>\n<p>Miettinen, Anneli (2012). Perhevapaat Suomessa ja Euroopassa. Working Paper 1\/2012. Helsinki: V\u00e4est\u00f6liitto V\u00e4est\u00f6ntutkimuslaitos.<\/p>\n<p>&nbsp;<\/p>\n","protected":false},"excerpt":{"rendered":"<p>Articles in peer-reviewed journals and books Miettinen, Anneli &amp; Jalovaara, Marika (2018). Unemployment delays parenthood, but not for all. Life stage and educational differences in the effects of employment uncertainty on first births. (Submitted) Miettinen, Anneli, Rotkirch, Anna, Suikkari, Anne-Maria, &amp; S\u00f6derstr\u00f6m-Anttila, Viveca (2018). Attitudes of altruistic anonymous and identity-release oocyte donors towards future contact &hellip; <a href=\"https:\/\/users.utu.fi\/lianmi\/44-2\/\" class=\"more-link\">Continue reading <span class=\"screen-reader-text\"><\/span><\/a><\/p>\n","protected":false},"author":3039,"featured_media":0,"parent":0,"menu_order":0,"comment_status":"closed","ping_status":"closed","template":"","meta":{"footnotes":""},"class_list":["post-44","page","type-page","status-publish","hentry"],"_links":{"self":[{"href":"https:\/\/users.utu.fi\/lianmi\/wp-json\/wp\/v2\/pages\/44","targetHints":{"allow":["GET"]}}],"collection":[{"href":"https:\/\/users.utu.fi\/lianmi\/wp-json\/wp\/v2\/pages"}],"about":[{"href":"https:\/\/users.utu.fi\/lianmi\/wp-json\/wp\/v2\/types\/page"}],"author":[{"embeddable":true,"href":"https:\/\/users.utu.fi\/lianmi\/wp-json\/wp\/v2\/users\/3039"}],"replies":[{"embeddable":true,"href":"https:\/\/users.utu.fi\/lianmi\/wp-json\/wp\/v2\/comments?post=44"}],"version-history":[{"count":3,"href":"https:\/\/users.utu.fi\/lianmi\/wp-json\/wp\/v2\/pages\/44\/revisions"}],"predecessor-version":[{"id":73,"href":"https:\/\/users.utu.fi\/lianmi\/wp-json\/wp\/v2\/pages\/44\/revisions\/73"}],"wp:attachment":[{"href":"https:\/\/users.utu.fi\/lianmi\/wp-json\/wp\/v2\/media?parent=44"}],"curies":[{"name":"wp","href":"https:\/\/api.w.org\/{rel}","templated":true}]}}