{"id":100,"date":"2025-02-20T12:42:32","date_gmt":"2025-02-20T12:42:32","guid":{"rendered":"https:\/\/users.utu.fi\/lihsun\/?page_id=100"},"modified":"2025-04-06T01:36:22","modified_gmt":"2025-04-06T01:36:22","slug":"publications","status":"publish","type":"page","link":"https:\/\/users.utu.fi\/lihsun\/publications\/","title":{"rendered":"Publications"},"content":{"rendered":"<h6 style=\"font-weight: 400\">Updated by 06.04.2025; IF =impact factor, available at year of publication<\/h6>\n<ol>\n<li><strong>Lihua Sun<\/strong> (2025), <a href=\"https:\/\/users.utu.fi\/lihsun\/wp-content\/uploads\/sites\/611\/2025\/04\/978-3-031-32035-4_71-1.pdf\">The endogenous opioid neurotransmission and seasonal affective disorders<\/a>, Book chapter of &#8220;Handbook of the Biology and Pathology of Mental Disorders&#8221;, <em>Springer<\/em><\/li>\n<li><strong>Lihua Sun<\/strong>, Anne M. Landau, Jing Tang, Anne Roivainen (2025). Dark seasons enhance brain and brown adipose tissue interactions related to mu-opioid receptor signaling, European Journal of Nuclear Medicine and Molecular Imaging. \/\/ IF = 8.6<\/li>\n<li>Lili J\u00e4rvinen, Severi Santavirta, Vesa Putkinen, Henry K Karlsson, Kerttu Sepp\u00e4l\u00e4, <strong>Lihua Sun<\/strong>, Matthew Hudson, Jussi Hirvonen, Pirjo Nuutila, Lauri Nummenmaa (2025). Reward responses to vicarious feeding depend on BMI. Cognitive, Affective &amp; Behavioral Neuroscience. \/\/ IF = 3.5<\/li>\n<li>Kyoungjune Pak, Jouni Tuisku, Henry Karlsson, Jussi Hirvonen, Eleni Rebelos, Laura Pekkarinen, <strong>Lihua Sun<\/strong>, Aino Latva-Rasku, Semi Helin, Johan Rajander, Max Karukivi, Pirjo Nuutila, Lauri Nummenmaa. Anorexia nervosa is associated with higher brain mu-opioid receptor availability (2025). <em>Molecular Psychiatry<\/em> \/\/ IF = 9.6.<\/li>\n<li>Lasse Lukkarinen, Jouni Tuisku, <strong>Lihua Sun<\/strong>, Semi Helin, Henry K Karlsson, Niina Venetjoki, Marja Salomaa, P\u00e4ivi Rautio, Jussi Hirvonen, Hannu Lauerma, Jari Tiihonen, Lauri Nummenmaa (2024), Aberrant type 2 dopamine receptor availability in violent offenders with psychopathy, <em>NeuroImage <\/em>\/\/ IF = 4.7<\/li>\n<li><strong>Lihua Sun<\/strong>, Tuulia Mal\u00e9n, Jouni Tuisku, Valtteri Kaasinen, Jarmo A Hietala, Juha Rinne, Pirjo Nuutila, Lauri Nummenmaa (2024). Seasonal variation in D2\/3 dopamine receptor availability in the human brain, <em>European Journal of Nuclear Medicine and Molecular Imaging<\/em>. \/\/ IF = 9.1<\/li>\n<li><strong>Lihua Sun<\/strong>, Pirjo Nuutila (2023). <a href=\"https:\/\/users.utu.fi\/lihsun\/wp-content\/uploads\/sites\/611\/2025\/04\/s00259-023-06491-y.pdf\">Hormone induced body-brain interaction and the impact on cognition<\/a>. <em>European Journal of Nuclear Medicine and Molecular Imaging<\/em>. \/\/ IF = 9.1<\/li>\n<li><strong>Lihua Sun<\/strong>, Sanna Laurila, Minna Lahesmaa, Eleni Rebelos, Kirsi A Virtanen, Katharina Schnabl, Martin Klingenspor, Lauri Nummenmaa, Pirjo Nuutila (2023). Secretin modulates appetite via brown adipose tissue \u2013 brain axis. <em>European Journal of Nuclear Medicine and Molecular Imaging<\/em>. \/\/ IF = 9.1<\/li>\n<li>Lauri Nummenmaa, Tuulia Malen, Sanaz Nazari-Farsani, Kerttu Sepp\u00e4l\u00e4, <strong>Lihua Sun<\/strong>, Henry K Karlsson, Matthew Hudson, Jussi Hirvonen, Mikko Sams, Sophia K Scott, Vesa Putkinen (2023). Decoding brain basis of laughter and crying in natural scenes. <em>NeuroImage<\/em>. \/\/ IF = 5.7<\/li>\n<li>Vesa Putkinen, Sanaz Nazari-Farsani, Tomi Karjalainen, Severi Santavirta, Matthew Hudson, Kerttu Sepp\u00e4l\u00e4, <strong>Lihua Sun<\/strong>, Herry K. Karlsson, Jussi Hirvonen, Lauri Nummenmaa (2023). Pattern recognition reveals sex-dependent neural substrates of sexual perception. <em>Human Brain Mapping<\/em>. \/\/ IF = 4.8<\/li>\n<li>Matthew Hudson, Severi Santavirta, Vesa Juhani Putkinen, Kerttu Seppala, <strong>Lihua Sun<\/strong>, Tomi Karjalainen, Henry Karlsson, Jussi Hirvonen, Lauri Nummenmaa (2023). Neural responses to biological motion distinguish autistic and schizotypal traits in the general population. <em>Social Cognitive and Affective Neuroscience<\/em>. \/\/ IF = 4.2<\/li>\n<li><strong>Lihua Sun<\/strong>, Lasse Lukkarinen, Vesa Putkinen, Henry K Karlsson, Jussi Hirvonen, Jari Tiihonen, Hannu Lauerma, Sophie Scott, Lauri Nummenmaa (2023). Mu-opioid receptor system modulates responses to vocal bonding and distress signals in humans. <em>Philosophical Transactions of the Royal Society B: Biological Sciences<\/em>, <em>377<\/em>(1863). \/\/ IF = 6.3<\/li>\n<li><strong>Lihua Sun<\/strong>, Lasse Lukkarinen, Tuomo Noppari, Sanaz Nazari-Farsani, Vesa Putkinen, Kerttu Sepp\u00e4l\u00e4, Matthew Hudson, Pekka Tani, Nina Lindberg, Henry K Karlsson, Jussi Hirvonen, Marja Salomaa, Niina Venetjoki, Hannu Lauerma, Jari Tiihonen, Lauri Nummenmaa (2022). Aberrant motor contagion of emotions in psychopathy and high-functioning autism. <em>Cerebral Cortex<\/em>. \/\/ IF = 4.86<\/li>\n<li>Severi Santavirta, Tomi Karjalainen, Sanaz Nazari-Farsani, Matthew Hudson, Vesa Putkinen, Kerttu Seppala, <strong>Lihua Sun<\/strong>, Enrico Glerean, Jussi Hirvonen, Henry K Karlsson, Lauri Nummenmaa (2023). Functional organization of social perception in the human brain.<em> NeuroImage<\/em>. \/\/ IF = 5.7<\/li>\n<li><strong>Lihua Sun<\/strong>, Richard Aarnio, Erika Atencio Herre, Salli K\u00e4rn\u00e4, Senthil Palani, Helena Virtanen, Heidi Liljenb\u00e4ck, Jenni Virta, Aake Honkaniemi, Vesa Oikonen, Chunlei Han, Sanna Laurila, Marco Bucci, Semi Helin, Emrah Yatkin, Lauri Nummenmaa, Pirjo Nuutila, Jing Tang, Anne Roivainen (2022). [11C]carfentanil PET imaging for studying the peripheral opioid system in vivo: effect of photoperiod on mu-opioid receptor availability in brown adipose tissue. <em>European Journal of Nuclear Medicine and Molecular Imaging<\/em>. \/\/ IF = 10.057<\/li>\n<li>Tuomo Noppari, <strong>Lihua Sun<\/strong>, Lasse Lukkarinen, Vesa Putkinen, Pekka Tani, Nina Lindberg, Emma Saure, Hannu Lauerma, Jari Tiihonen, Niina Venetjoki, Marja Salomaa, P\u00e4ivi Rautio, Jussi Hirvonen, Juha Salmi, Lauri Nummenmaa (2022). Brain structural alterations in autism and criminal psychopathy. <em>NeuroImage: Clinical<\/em>. \/\/ IF = 4.881<\/li>\n<li>Sanna Laurila, Eleni Rebelos, Minna Lahesmaa, <strong>Lihua Sun<\/strong>, Katharina Schnabl, Tia-Mari Peltomaa, Riku Kl\u00e9n, Mueez U-Din, Miikka-Juhani Honka, Olli Eskola, Anna K Kirjavainen, Lauri Nummenmaa, Martin Klingenspor, Kirsi A Virtanen, Pirjo Nuutila (2022). Novel Effects of the Gastrointestinal Hormone Secretin on Cardiac Metabolism and Renal Function. <em>American Journal of Physiology-Endocrinology and Metabolism<\/em>. 322:54-62. \/\/ IF = 4.746<\/li>\n<li><strong>Lihua Sun<\/strong>, Jing Tang, Heidi Liljenb\u00e4ck, Aake Honkaniemi, Jenni Virta, Janne Isoj\u00e4rvi, Tomi Karjalainen, Tatu Kantonen, Pirjo Nuutila, Jarmo Hietala, Valtteri Kaasinen, Kari Kalliokoski, Jussi Hirvonen, Harry Scheinin, Semi Helin, Kim Eerola, Eriika Savontaus, Emrah Yatkin, Juha O Rinne, Anne Roivainen, Lauri Nummenmaa (2021). <em>Journal of Neuroscience<\/em>, 41(6), 1265\u20131273. \/\/ IF = 6.709<\/li>\n<li>Sanna Laurila, <strong>Lihua Sun<\/strong>, Minna Lahesmaa, Katharina Schnabl, Kirsi Laitinen, Riku Kl\u00e9n, Yongguo Li, Miroslav Balaz, Christian Wolfrum, Katja Steiger, Tarja Niemi, Markku Taittonen, U-Din Mueez, Tommi V\u00e4likangas, Laura L Elo, Olli Eskola, Anna K Kirjavainen, Lauri Nummenmaa, Kirsi A Virtanen, Martin Klingenspor, Pirjo Nuutila (2021). Secretin activates brown fat and induces satiation. <em>Nature Metabolism<\/em>, 3(6), 798\u2013809. \/\/ IF = 19.865<\/li>\n<li>Lauri Nummenmaa, Lasse Lukkarinen, <strong>Lihua Sun<\/strong>, Vesa Putkinen, Kerttu Sepp\u00e4l\u00e4, Tomi Karjalainen, Henry K Karlsson, Matthew Hudson, Niina Venetjoki, Marja Salomaa, P\u00e4ivi Rautio, Jussi Hirvonen, Hannu Lauerma, Jari Tiihonen (2021). Brain Basis of Psychopathy in Criminal Offenders and General Population. <em>Cerebral Cortex<\/em>. \/\/ IF = 5.357<\/li>\n<li>Vesa Putkinen, Sanaz Nazari-Farsani, Kerttu Sepp\u00e4l\u00e4, Tomi Karjalainen, <strong>Lihua Sun<\/strong>, Henry K Karlsson, Matthew Hudson, Timo T Heikkil\u00e4, Jussi Hirvonen, Lauri Nummenmaa (2021). Decoding Music-Evoked Emotions in the Auditory and Motor Cortex. <em>Cerebral Cortex<\/em>. \/\/ IF = 5.357<\/li>\n<li>Venla Kuusinen, Jari Per\u00e4kyl\u00e4, Lihua Sun, Keith Ogawa, Kaisa Marjatta Hartikainen (2021). Emotional Modulation of Frontal Alpha Asymmetry &#8211; a Novel Biomarker of Mild Traumatic Brain Injury. <em>Frontiers in Human Neuroscience<\/em>. \/\/ IF = 3.169<\/li>\n<li>Lauri Nummenmaa, Patrick Jern, Tuulia Mal\u00e9n, Tatu Kantonen, Laura Pekkarinen, Lasse Lukkarinen, <strong>Lihua Sun<\/strong>, Pirjo Nuutila, Vesa Putkinen (2021). \u03bc-opioid receptor availability is associated with sex drive in human males. <em>Cognitive, Affective, &amp; Behavioral Neuroscience.<\/em> \/\/ IF = 3.282<\/li>\n<li>Prasannakumar Deshpande, Dani Flinkman, Ye Hong, Elena Goltseva, Valentina Siino, <strong>Lihua Sun<\/strong>, Sirkku Peltonen, Laura L Elo, Valtteri Kaasinen, Peter James, Eleanor T Coffey (2020). Protein synthesis is suppressed in sporadic and familial Parkinson\u2019s disease by LRRK2. <em>The FASEB Journal<\/em>. 34(11):14217\u201333. \/\/ IF = 5.834<\/li>\n<li>Matthew Hudson, Kerttu Sepp\u00e4l\u00e4, Vesa Putkinen, <strong>Lihua Sun<\/strong>, Enrico Glerean, Tomi Karjalainen, Henry K Karlsson, Jussi Hirvonen, Lauri Nummenmaa (2020). Dissociable neural systems for unconditioned acute and sustained fear. <em>NeuroImage<\/em>. \/\/ IF = 7.02<\/li>\n<li><strong>Lihua Sun<\/strong>, Jari Per\u00e4kyl\u00e4, Katri Holm, Joonas Haapasalo, Kai Lehtim\u00e4ki, Keith H Ogawa, Jukka Peltola, Kaisa M Hartikainen (2017) Vagus nerve stimulation improves working memory performance, <em>Journal of Clinical and Experimental Neuropsychology<\/em>, 39(10), 954\u2013964. \/\/ IF = 2.475<\/li>\n<li><strong>Lihua Sun<\/strong>, Jari Per\u00e4kyl\u00e4, Kaisa M Hartikainen. Frontal alpha asymmetry, a potential biomarker for the effect of neuromodulation on brain\u2019s affective circuitry-preliminary evidence from a deep brain stimulation study (2017). <em>Frontiers in human neuroscience<\/em>. \/\/ IF = 3.169<\/li>\n<li>Jari Per\u00e4kyl\u00e4, <strong>Lihua Sun<\/strong>, Kai Lehtim\u00e4ki, Jukka Peltola, Juha \u00d6hman, Timo M\u00f6tt\u00f6nen, Keith H Ogawa, Kaisa M Hartikainen (2017). Causal Evidence from Humans for the Role of Mediodorsal Nucleus of the Thalamus in Working Memory. <em>Journal of cognitive neuroscience<\/em>. 29(12):2090\u2013102. \/\/ IF = 3.225<\/li>\n<li><strong>Lihua Sun<\/strong>, Jari Per\u00e4kyl\u00e4, Anselmi Kovalainen, Keith H Ogawa, Pekka J Karhunen, Kaisa M Hartikainen (2016). Human brain reacts to transcranial extraocular light. <em>PLoS ONE<\/em>. \/\/ IF = 3.24<\/li>\n<li><strong>Lihua Sun<\/strong>, Jari Per\u00e4kyl\u00e4, Markus Polvivaara, Juha \u00d6hman, Jukka Peltola, Kai Lehtim\u00e4ki, Heini Huhtala, Kaisa M Hartikainen (2015) Human anterior thalamic nuclei are involved in emotion\u2013attention interaction. <em>Neuropsychologia<\/em>, 78, 88-94. \/\/ IF = 3.01<\/li>\n<li>Kaisa M Hartikainen, <strong>Lihua Sun<\/strong>, Markus Polvivaara, Maarja Brause, Kai Lehtim\u00e4ki, Joonas Haapasalo, Timo M\u00f6tt\u00f6nen, Kirsi V\u00e4yrynen, Keith H Ogawa, Juha \u00d6hman, Jukka Peltola (2014). Immediate effects of deep brain stimulation of anterior thalamic nuclei on executive functions and emotion-attention interaction in humans. <em>Journal of clinical and experimental neuropsychology<\/em>. 36(5):540\u201350. \/\/ IF = 2.475<\/li>\n<\/ol>\n<p style=\"font-weight: 400\"><strong>Theses<\/strong><\/p>\n<ul>\n<li>D. Thesis (approved with Honours). \u201cImpact of Neuromodulation on Cognitive and Affective Brain Functions in Humans\u201d, <strong>Lihua Sun<\/strong>, School of Medicine, University of Tampere, Tampere, Finland, 20.09.2016<\/li>\n<li>Thesis (<em>final grade 4 out of 5<\/em>). \u201cNovel JNK substrate docking domains: function and protein-protein interaction and subcellular localization\u201d. <strong>Lihua <\/strong><strong>Sun<\/strong>, Department of Chemistry and Bioengineering, Tampere University of Technology, Tampere, Finland, 09.12.2009<\/li>\n<\/ul>\n\t\t<div class=\"sis-social-share sis-post-button\">\r\n\t\t\t\t\t\t\t<a href=\"http:\/\/digg.com\/submit?url=https:\/\/users.utu.fi\/lihsun\/publications\/&title=Publications\" target=\"_blank\">\r\n\t\t\t\t\t<svg version=\"1.1\" xmlns=\"http:\/\/www.w3.org\/2000\/svg\" class=\"sis-svg-digg\" width=\"28\" height=\"28\" viewBox=\"0 0 32 28\"><path d=\"M5.125 4.406h3.187v15.359h-8.313v-10.891h5.125v-4.469zM5.125 17.203v-5.766h-1.922v5.766h1.922zM9.594 8.875v10.891h3.203v-10.891h-3.203zM9.594 4.406v3.187h3.203v-3.187h-3.203zM14.078 8.875h8.328v14.719h-8.328v-2.547h5.125v-1.281h-5.125v-10.891zM19.203 17.203v-5.766h-1.922v5.766h1.922zM23.688 8.875h8.313v14.719h-8.313v-2.547h5.109v-1.281h-5.109v-10.891zM28.797 17.203v-5.766h-1.922v5.766h1.922z\"><\/path><\/svg>\r\n\t\t\t\t<\/a>\r\n\t\t\t\t\t\t\t\t\t\t<a href=\"http:\/\/www.facebook.com\/share.php?u=https:\/\/users.utu.fi\/lihsun\/publications\/\" target=\"_blank\">\r\n\t\t\t\t\t<svg xmlns=\"http:\/\/www.w3.org\/2000\/svg\" class=\"sis-svg-facebook\" width=\"28\" height=\"28\" viewBox=\"0 0 16 28\"><path d=\"M15 0.2v4.1h-2.5c-1.9 0-2.3 0.9-2.3 2.3v3h4.6l-0.6 4.6h-4v11.9h-4.8v-11.9h-4v-4.6h4v-3.4c0-4 2.4-6.1 6-6.1 1.7 0 3.1 0.1 3.6 0.2z\"\/><\/svg>\r\n\t\t\t\t<\/a>\r\n\t\t\t\t\t\t\t\t\t\t<a href=\"https:\/\/plus.google.com\/share?url=https:\/\/users.utu.fi\/lihsun\/publications\/\" onclick=\"javascript:window.open(this.href,'', 'menubar=no,toolbar=no,resizable=yes,scrollbars=yes,height=400,width=500');return false;\">\r\n\t\t\t\t\t<svg xmlns=\"http:\/\/www.w3.org\/2000\/svg\" class=\"sis-svg-google-plus\" width=\"28\" height=\"28\" viewBox=\"0 0 36 28\"><path d=\"M22.5 14.3c0 6.5-4.4 11.2-11 11.2-6.3 0-11.5-5.1-11.5-11.5s5.1-11.5 11.5-11.5c3.1 0 5.7 1.1 7.7 3l-3.1 3c-0.8-0.8-2.3-1.8-4.6-1.8-3.9 0-7.1 3.2-7.1 7.2s3.2 7.2 7.1 7.2c4.5 0 6.2-3.3 6.5-4.9h-6.5v-3.9h10.8c0.1 0.6 0.2 1.2 0.2 1.9zM36 12.4v3.3h-3.3v3.3h-3.3v-3.3h-3.3v-3.3h3.3v-3.3h3.3v3.3h3.3z\"\/><\/svg>\r\n\t\t\t\t<\/a>\r\n\t\t\t\t\t\t\t\t\t\t<a href=\"http:\/\/www.linkedin.com\/shareArticle?mini=true&url=https:\/\/users.utu.fi\/lihsun\/publications\/&title=Publications\" target=\"_blank\">\r\n\t\t\t\t\t<svg xmlns=\"http:\/\/www.w3.org\/2000\/svg\" class=\"sis-svg-linkedin\" width=\"28\" height=\"28\" viewBox=\"0 0 24 28\"><path d=\"M5.5 9.8v15.5h-5.2v-15.5h5.2zM5.8 5c0 1.5-1.1 2.7-2.9 2.7v0h0c-1.7 0-2.8-1.2-2.8-2.7 0-1.5 1.2-2.7 2.9-2.7 1.8 0 2.9 1.2 2.9 2.7zM24 16.4v8.9h-5.1v-8.3c0-2.1-0.7-3.5-2.6-3.5-1.4 0-2.3 1-2.6 1.9-0.1 0.3-0.2 0.8-0.2 1.3v8.6h-5.1c0.1-14 0-15.5 0-15.5h5.1v2.3h0c0.7-1.1 1.9-2.6 4.7-2.6 3.4 0 5.9 2.2 5.9 7z\"\/><\/svg>\r\n\t\t\t\t<\/a>\r\n\t\t\t\r\n\t\t\t\t\t\t\t<a href=\"http:\/\/www.tumblr.com\/share\/link?url=https:\/\/users.utu.fi\/lihsun\/publications\/&name=Publications\" target=\"_blank\">\r\n\t\t\t\t\t<svg xmlns=\"http:\/\/www.w3.org\/2000\/svg\" class=\"sis-svg-tumblr\" width=\"28\" height=\"28\" viewBox=\"0 0 17 28\"><path d=\"M14.8 20.8l1.3 3.7c-0.5 0.7-2.6 1.5-4.5 1.5-5.7 0.1-7.8-4-7.8-6.9v-8.5h-2.6v-3.4c3.9-1.4 4.9-5 5.1-7 0-0.1 0.1-0.2 0.2-0.2h3.8v6.6h5.2v3.9h-5.2v8.1c0 1.1 0.4 2.6 2.5 2.6 0.7 0 1.6-0.2 2.1-0.5z\"\/><\/svg>\r\n\t\t\t\t<\/a>\r\n\t\t\t\r\n\t\t\t\t\t\t\t<a href=\"http:\/\/pinterest.com\/pin\/create\/button\/?url=https:\/\/users.utu.fi\/lihsun\/publications\/\" onclick=\"javascript:window.open(this.href,'', 'menubar=no,toolbar=no,resizable=yes,scrollbars=yes,height=300,width=600');return false;\">\r\n\t\t\t\t\t<svg xmlns=\"http:\/\/www.w3.org\/2000\/svg\" class=\"sis-svg-pinterest\" width=\"28\" height=\"28\" viewBox=\"0 0 20 28\"><path d=\"M0 9.3c0-5.8 5.3-9.3 10.6-9.3 4.9 0 9.4 3.4 9.4 8.5 0 4.9-2.5 10.3-8 10.3-1.3 0-3-0.7-3.6-1.9-1.2 4.7-1.1 5.4-3.7 9l-0.2 0.1-0.1-0.2c-0.1-1-0.2-2-0.2-2.9 0-3.2 1.5-7.8 2.2-10.9-0.4-0.8-0.5-1.8-0.5-2.6 0-1.6 1.1-3.6 2.9-3.6 1.3 0 2 1 2 2.2 0 2-1.4 3.9-1.4 5.9 0 1.3 1.1 2.3 2.4 2.3 3.6 0 4.7-5.2 4.7-8 0-3.7-2.6-5.7-6.2-5.7-4.1 0-7.3 3-7.3 7.2 0 2 1.2 3 1.2 3.5 0 0.4-0.3 1.8-0.8 1.8-0.1 0-0.2 0-0.3 0-2.2-0.7-3-3.7-3-5.7z\"\/><\/svg>\r\n\t\t\t\t<\/a>\r\n\t\t\t\r\n\t\t\t\t\t\t\t<a href=\"http:\/\/reddit.com\/submit?url=https:\/\/users.utu.fi\/lihsun\/publications\/&title=Publications\" target=\"_blank\">\r\n\t\t\t\t\t<svg xmlns=\"http:\/\/www.w3.org\/2000\/svg\" class=\"sis-svg-reddit\" width=\"28\" height=\"28\" viewBox=\"0 0 28 28\"><path d=\"M28 13.2c0 1.2-0.7 2.3-1.7 2.8 0.1 0.5 0.2 1 0.2 1.5 0 4.9-5.6 8.9-12.5 8.9-6.9 0-12.4-4-12.4-8.9 0-0.5 0.1-1 0.2-1.5-1-0.5-1.8-1.6-1.8-2.8 0-1.7 1.4-3.1 3.1-3.1 0.9 0 1.7 0.4 2.3 1 2.1-1.5 4.9-2.4 8-2.5l1.8-8.1c0.1-0.3 0.4-0.5 0.6-0.4l5.8 1.3c0.4-0.7 1.2-1.3 2.1-1.3 1.3 0 2.3 1 2.3 2.3 0 1.3-1 2.3-2.3 2.3-1.3 0-2.3-1-2.3-2.3l-5.2-1.2-1.6 7.4c3.1 0.1 6 1 8.1 2.5 0.6-0.6 1.4-1 2.2-1 1.7 0 3.1 1.4 3.1 3.1zM6.5 16.3c0 1.3 1 2.3 2.3 2.3 1.3 0 2.3-1 2.3-2.3 0-1.3-1-2.3-2.3-2.3-1.3 0-2.3 1-2.3 2.3zM19.2 21.9c0.2-0.2 0.2-0.6 0-0.8-0.2-0.2-0.6-0.2-0.8 0-0.9 1-3 1.3-4.4 1.3s-3.5-0.3-4.4-1.3c-0.2-0.2-0.6-0.2-0.8 0-0.2 0.2-0.2 0.6 0 0.8 1.5 1.5 4.3 1.6 5.2 1.6s3.7-0.1 5.2-1.6zM19.1 18.7c1.3 0 2.3-1 2.3-2.3 0-1.3-1-2.3-2.3-2.3-1.3 0-2.3 1-2.3 2.3 0 1.3 1 2.3 2.3 2.3z\"\/><\/svg>\r\n\t\t\t\t<\/a>\r\n\t\t\t\r\n\t\t\t\t\t\t\t<a href=\"http:\/\/www.stumbleupon.com\/submit?url=https:\/\/users.utu.fi\/lihsun\/publications\/&title=Publications\" target=\"_blank\">\r\n\t\t\t\t\t<svg xmlns=\"http:\/\/www.w3.org\/2000\/svg\" class=\"sis-svg-stumbleupon\" width=\"28\" height=\"28\" viewBox=\"0 0 30 28\"><path d=\"M16.6 11.1v-1.8c0-0.9-0.7-1.6-1.6-1.6s-1.6 0.7-1.6 1.6v9.6c0 3.7-3 6.6-6.7 6.6-3.7 0-6.7-3-6.7-6.7v-4.2h5.1v4.1c0 0.9 0.7 1.6 1.6 1.6s1.6-0.7 1.6-1.6v-9.7c0-3.6 3.1-6.5 6.7-6.5 3.6 0 6.7 2.9 6.7 6.5v2.1l-3 0.9zM24.9 14.6h5.1v4.2c0 3.7-3 6.7-6.7 6.7-3.7 0-6.7-3-6.7-6.6v-4.2l2 1 3-0.9v4.2c0 0.9 0.7 1.6 1.6 1.6s1.6-0.7 1.6-1.6v-4.3z\"\/><\/svg>\r\n\t\t\t\t<\/a>\r\n\t\t\t\r\n\t\t\t\t\t\t\t<a href=\"http:\/\/twitter.com\/home?status=Publications-https:\/\/users.utu.fi\/lihsun\/publications\/\" target=\"_blank\">\r\n\t\t\t\t\t<svg xmlns=\"http:\/\/www.w3.org\/2000\/svg\" version=\"1.0\" class=\"sis-svg-twitter\" width=\"28\" height=\"28\" viewBox=\"0 0 26 28\"><path d=\"M25.3 6.4c-0.7 1-1.5 1.9-2.5 2.6 0 0.2 0 0.4 0 0.7 0 6.7-5.1 14.4-14.4 14.4-2.9 0-5.5-0.8-7.7-2.3 0.4 0 0.8 0.1 1.2 0.1 2.4 0 4.5-0.8 6.3-2.2-2.2 0-4.1-1.5-4.7-3.5 0.3 0 0.6 0.1 1 0.1 0.5 0 0.9-0.1 1.3-0.2-2.3-0.5-4-2.5-4-5v-0.1c0.7 0.4 1.5 0.6 2.3 0.6-1.4-0.9-2.2-2.5-2.2-4.2 0-0.9 0.3-1.8 0.7-2.5 2.5 3.1 6.2 5.1 10.4 5.3-0.1-0.4-0.1-0.8-0.1-1.2 0-2.8 2.3-5 5-5 1.5 0 2.8 0.6 3.7 1.6 1.1-0.2 2.2-0.6 3.2-1.2-0.4 1.2-1.2 2.2-2.2 2.8 1-0.1 2-0.4 2.9-0.8z\"\/><\/svg>\r\n\t\t\t\t<\/a>\r\n\t\t\t\t\t<\/div>\r\n\t\t","protected":false},"excerpt":{"rendered":"<p>Updated by 06.04.2025; IF =impact factor, available at year of publication Lihua Sun (2025), The endogenous opioid neurotransmission and seasonal affective disorders, Book chapter of &#8220;Handbook of the Biology and Pathology of Mental Disorders&#8221;, Springer Lihua Sun, Anne M. Landau, Jing Tang, Anne Roivainen (2025). Dark seasons enhance brain and brown adipose tissue interactions related &#8230;<a class=\"post-readmore\" href=\"https:\/\/users.utu.fi\/lihsun\/publications\/\">read more<\/a><\/p>\n","protected":false},"author":2600,"featured_media":0,"parent":0,"menu_order":0,"comment_status":"closed","ping_status":"closed","template":"","meta":{"footnotes":""},"class_list":["post-100","page","type-page","status-publish","hentry"],"jetpack_sharing_enabled":true,"_links":{"self":[{"href":"https:\/\/users.utu.fi\/lihsun\/wp-json\/wp\/v2\/pages\/100","targetHints":{"allow":["GET"]}}],"collection":[{"href":"https:\/\/users.utu.fi\/lihsun\/wp-json\/wp\/v2\/pages"}],"about":[{"href":"https:\/\/users.utu.fi\/lihsun\/wp-json\/wp\/v2\/types\/page"}],"author":[{"embeddable":true,"href":"https:\/\/users.utu.fi\/lihsun\/wp-json\/wp\/v2\/users\/2600"}],"replies":[{"embeddable":true,"href":"https:\/\/users.utu.fi\/lihsun\/wp-json\/wp\/v2\/comments?post=100"}],"version-history":[{"count":6,"href":"https:\/\/users.utu.fi\/lihsun\/wp-json\/wp\/v2\/pages\/100\/revisions"}],"predecessor-version":[{"id":152,"href":"https:\/\/users.utu.fi\/lihsun\/wp-json\/wp\/v2\/pages\/100\/revisions\/152"}],"wp:attachment":[{"href":"https:\/\/users.utu.fi\/lihsun\/wp-json\/wp\/v2\/media?parent=100"}],"curies":[{"name":"wp","href":"https:\/\/api.w.org\/{rel}","templated":true}]}}