{"id":441,"date":"2021-03-23T13:28:13","date_gmt":"2021-03-23T13:28:13","guid":{"rendered":"http:\/\/users.utu.fi\/majlaan\/?page_id=441"},"modified":"2021-03-23T13:28:13","modified_gmt":"2021-03-23T13:28:13","slug":"mauno-koivisto-luennot","status":"publish","type":"page","link":"https:\/\/users.utu.fi\/majlaan\/mauno-koivisto-luennot\/","title":{"rendered":"Mauno Koivisto -luennot"},"content":{"rendered":"<p>Yhdistys j\u00e4rjest\u00e4\u00e4 vuosittain Mauno Koivisto-luennon, joka k\u00e4sittelee jotain ajankohtaista taloudellista tai yhteiskunnallista aihetta.<\/p>\n<p><em>Aikaisempia Mauno Koivisto -luentoja<\/em><\/p>\n<p><strong>2019 <\/strong>Rehtorit<strong> Jukka Kola <\/strong>(Turun yliopisto) ja <strong> Moira von Wright <\/strong> (A\u030abo Akademi), keskustelun vet\u00e4j\u00e4n\u00e4 emeritusprofessori <strong> Heikki Paloheimo <\/strong> (Tampereen yliopisto): Turun yliopistot 2020-luvulla.<\/p>\n<p><strong>2018 <\/strong>Professor<strong> Eszter Hargittai <\/strong>(University of Zurich): The Digital Reproduction of Inequality: The Implications of Differentiated Skills and Online Participation.<\/p>\n<p><strong>2017 <\/strong>Ohjelmajohtaja<strong> Mika Aaltola <\/strong>(Ulkopoliittinen instituutti): Maailmanluokkaisen Suomen turvallisuus suurvaltapolitiikan murroksessa.<\/p>\n<p><strong>2016 <\/strong>Professor<strong> Mikael Hjerm <\/strong>(Ume\u00e5 University), kommentoija dosentti<strong> Elina Kilpi-Jakonen <\/strong>(TY, sosiaalitieteiden laitos): Prejudice, past, present and future.<\/p>\n<p><strong> 2015 <\/strong>P\u00e4\u00e4johtaja<strong> Erkki Liikanen <\/strong>(Suomen Pankki), kommentoija professori emeritus<strong> Paavo Okko <\/strong>(TY, taloustieteen laitos): Optimismi, pessimismi ja realismi talouspolitiikassa.<\/p>\n<p><strong> 2014<\/strong> Professor <strong>Torben M. Andersen<\/strong> (Aarhus University), kommentoija VTT <strong>Juhana Vartiainen<\/strong> (Valtion Taloudellinen Tutkimuskeskus): The Nordic welfare model and welfare services &#8211; can we maintain acceptable standards?<\/p>\n<p><strong>2013<\/strong> Professor <strong>Paul De Grauwe<\/strong> (London School of Economics and Political Science), kommentoija professori <strong>Sixten Korkman<\/strong> (Aalto-yliopisto): Design failures in the Eurozone and how to fix them <a href=\"http:\/\/www.finnresearch.fi\/7_De_Grauwe_2014.pdf\">(linkki luentoon liittyv\u00e4\u00e4n tekstiin, pdf)<\/a><\/p>\n<p><strong>2012<\/strong> Professor <strong>Walter Korpi<\/strong> (Swedish Institute for Social Research SOFI, Stockholm University): The Rise and Decline of Western Full Employment Welfare States, 1920s \u2013 2005: Distributive Conflict, Partisan Politics, and the Unified Theory<\/p>\n<p><strong>2011<\/strong> Professor <strong>Eric Uslaner<\/strong> (University of Maryland): Segregation, Diversity, and Mistrust.<\/p>\n<p><strong>2010<\/strong> Professor of Canada Research Chair in Electoral Studies <strong>Henry Milner<\/strong> (Universit\u00e9 de Montr\u00e9al): Democratic Deficit: The Challenge of Raising Youth Participation <a href=\"http:\/\/www.finnresearch.fi\/rfs_Milner_2011_final.pdf\">(linkki luentoon liittyv\u00e4\u00e4n tekstiin, pdf)<\/a><\/p>\n<p><strong>2009<\/strong> Professor <strong>Peter Taylor-Gooby<\/strong> University of Kent at Canterbury): Political Legitimacy and Social Citizenship: a dilemma of austerity<\/p>\n<p><strong>2008<\/strong> Professor of Political Sociology <strong>J\u00f8rgen Goul Andersen<\/strong> (Aalborg University): Miksi hyvinvointivaltio menestyy globalisaation paineista huolimatta?<\/p>\n<p><strong>2007<\/strong> Professor of empirical sociology, scientific director <strong>Jelle Visser<\/strong> (Amsterdam Institute for Advanced Labour Studies): Welfare State Reform and Corporatism &#8211; what&#8217;s the connection?<\/p>\n<p><strong>2006<\/strong> Professor of Social Statistics <strong>John Micklewright<\/strong> (University of Southampton): International Surveys of Educational Achievement: How Robust are the Findings?<\/p>\n<p><strong>2005<\/strong> <strong>Andreas Schleicher<\/strong> (OECD): Kansainv\u00e4linen PISA-tutkimus<\/p>\n<p><strong>2004<\/strong> Presidentti <strong>Mauno Koivisto<\/strong>: Kontrafaktuaalinen historian tarkastelu<\/p>\n<p><strong>2003<\/strong> P\u00e4\u00e4llikk\u00f6 <strong>Pekka Sutela<\/strong> (Suomen Pankin Siirtym\u00e4talouksien tutkimuslaitos): Ven\u00e4j\u00e4: matkalla Eurooppaan?<\/p>\n","protected":false},"excerpt":{"rendered":"<p>Yhdistys j\u00e4rjest\u00e4\u00e4 vuosittain Mauno Koivisto-luennon, joka k\u00e4sittelee jotain ajankohtaista taloudellista tai yhteiskunnallista aihetta. Aikaisempia Mauno Koivisto -luentoja 2019 Rehtorit Jukka Kola (Turun yliopisto) ja Moira von Wright (A\u030abo Akademi), keskustelun vet\u00e4j\u00e4n\u00e4 emeritusprofessori Heikki Paloheimo (Tampereen yliopisto): Turun yliopistot 2020-luvulla. 2018 Professor Eszter Hargittai (University of Zurich): The Digital Reproduction of Inequality: The Implications of Differentiated [&hellip;]<\/p>\n","protected":false},"author":1730,"featured_media":0,"parent":0,"menu_order":0,"comment_status":"closed","ping_status":"closed","template":"","meta":{"site-sidebar-layout":"default","site-content-layout":"","ast-site-content-layout":"default","site-content-style":"default","site-sidebar-style":"default","ast-global-header-display":"","ast-banner-title-visibility":"","ast-main-header-display":"","ast-hfb-above-header-display":"","ast-hfb-below-header-display":"","ast-hfb-mobile-header-display":"","site-post-title":"","ast-breadcrumbs-content":"","ast-featured-img":"","footer-sml-layout":"","ast-disable-related-posts":"","theme-transparent-header-meta":"","adv-header-id-meta":"","stick-header-meta":"","header-above-stick-meta":"","header-main-stick-meta":"","header-below-stick-meta":"","astra-migrate-meta-layouts":"default","ast-page-background-enabled":"default","ast-page-background-meta":{"desktop":{"background-color":"","background-image":"","background-repeat":"repeat","background-position":"center center","background-size":"auto","background-attachment":"scroll","background-type":"","background-media":"","overlay-type":"","overlay-color":"","overlay-opacity":"","overlay-gradient":""},"tablet":{"background-color":"","background-image":"","background-repeat":"repeat","background-position":"center center","background-size":"auto","background-attachment":"scroll","background-type":"","background-media":"","overlay-type":"","overlay-color":"","overlay-opacity":"","overlay-gradient":""},"mobile":{"background-color":"","background-image":"","background-repeat":"repeat","background-position":"center center","background-size":"auto","background-attachment":"scroll","background-type":"","background-media":"","overlay-type":"","overlay-color":"","overlay-opacity":"","overlay-gradient":""}},"ast-content-background-meta":{"desktop":{"background-color":"var(--ast-global-color-5)","background-image":"","background-repeat":"repeat","background-position":"center center","background-size":"auto","background-attachment":"scroll","background-type":"","background-media":"","overlay-type":"","overlay-color":"","overlay-opacity":"","overlay-gradient":""},"tablet":{"background-color":"var(--ast-global-color-5)","background-image":"","background-repeat":"repeat","background-position":"center center","background-size":"auto","background-attachment":"scroll","background-type":"","background-media":"","overlay-type":"","overlay-color":"","overlay-opacity":"","overlay-gradient":""},"mobile":{"background-color":"var(--ast-global-color-5)","background-image":"","background-repeat":"repeat","background-position":"center center","background-size":"auto","background-attachment":"scroll","background-type":"","background-media":"","overlay-type":"","overlay-color":"","overlay-opacity":"","overlay-gradient":""}},"footnotes":""},"class_list":["post-441","page","type-page","status-publish","hentry"],"_links":{"self":[{"href":"https:\/\/users.utu.fi\/majlaan\/wp-json\/wp\/v2\/pages\/441","targetHints":{"allow":["GET"]}}],"collection":[{"href":"https:\/\/users.utu.fi\/majlaan\/wp-json\/wp\/v2\/pages"}],"about":[{"href":"https:\/\/users.utu.fi\/majlaan\/wp-json\/wp\/v2\/types\/page"}],"author":[{"embeddable":true,"href":"https:\/\/users.utu.fi\/majlaan\/wp-json\/wp\/v2\/users\/1730"}],"replies":[{"embeddable":true,"href":"https:\/\/users.utu.fi\/majlaan\/wp-json\/wp\/v2\/comments?post=441"}],"version-history":[{"count":1,"href":"https:\/\/users.utu.fi\/majlaan\/wp-json\/wp\/v2\/pages\/441\/revisions"}],"predecessor-version":[{"id":447,"href":"https:\/\/users.utu.fi\/majlaan\/wp-json\/wp\/v2\/pages\/441\/revisions\/447"}],"wp:attachment":[{"href":"https:\/\/users.utu.fi\/majlaan\/wp-json\/wp\/v2\/media?parent=441"}],"curies":[{"name":"wp","href":"https:\/\/api.w.org\/{rel}","templated":true}]}}