{"id":66,"date":"2017-12-13T07:49:29","date_gmt":"2017-12-13T07:49:29","guid":{"rendered":"http:\/\/users.utu.fi\/majlaan\/?page_id=66"},"modified":"2021-03-24T11:22:00","modified_gmt":"2021-03-24T11:22:00","slug":"yhteystiedot","status":"publish","type":"page","link":"https:\/\/users.utu.fi\/majlaan\/yhteystiedot\/","title":{"rendered":"Yhteystiedot"},"content":{"rendered":"<p>Puheenjohtaja:<br \/>\nTimo Toivonen<br \/>\nS\u00e4hk\u00f6posti: timo.v.toivonen@utu.fi<\/p>\n<p>Sihteeri:<br \/>\nMarkus Laaninen<br \/>\nS\u00e4hk\u00f6posti: majlaan@utu.fi<\/p>\n<p>Postiosoite:<br \/>\nTurun korkeakoulujen yhteiskunnallis-taloudellinen tutkimusyhdistys ry.<br \/>\nSihteeri Markus Laaninen<br \/>\nSosiologia, sosiaalitieteiden laitos<br \/>\n20014 Turun yliopisto<\/p>\n<p>Y-tunnus: 0280741-4<\/p>\n<p>&nbsp;<\/p>\n<p>&nbsp;<\/p>\n","protected":false},"excerpt":{"rendered":"<p>Puheenjohtaja: Timo Toivonen S\u00e4hk\u00f6posti: timo.v.toivonen@utu.fi Sihteeri: Markus Laaninen S\u00e4hk\u00f6posti: majlaan@utu.fi Postiosoite: Turun korkeakoulujen yhteiskunnallis-taloudellinen tutkimusyhdistys ry. Sihteeri Markus Laaninen Sosiologia, sosiaalitieteiden laitos 20014 Turun yliopisto Y-tunnus: 0280741-4 &nbsp; &nbsp;<\/p>\n","protected":false},"author":1730,"featured_media":0,"parent":0,"menu_order":0,"comment_status":"closed","ping_status":"closed","template":"","meta":{"site-sidebar-layout":"default","site-content-layout":"default","ast-site-content-layout":"default","site-content-style":"default","site-sidebar-style":"default","ast-global-header-display":"","ast-banner-title-visibility":"","ast-main-header-display":"","ast-hfb-above-header-display":"","ast-hfb-below-header-display":"","ast-hfb-mobile-header-display":"","site-post-title":"","ast-breadcrumbs-content":"","ast-featured-img":"","footer-sml-layout":"","ast-disable-related-posts":"","theme-transparent-header-meta":"default","adv-header-id-meta":"","stick-header-meta":"","header-above-stick-meta":"","header-main-stick-meta":"","header-below-stick-meta":"","astra-migrate-meta-layouts":"default","ast-page-background-enabled":"default","ast-page-background-meta":{"desktop":{"background-color":"","background-image":"","background-repeat":"repeat","background-position":"center center","background-size":"auto","background-attachment":"scroll","background-type":"","background-media":"","overlay-type":"","overlay-color":"","overlay-opacity":"","overlay-gradient":""},"tablet":{"background-color":"","background-image":"","background-repeat":"repeat","background-position":"center center","background-size":"auto","background-attachment":"scroll","background-type":"","background-media":"","overlay-type":"","overlay-color":"","overlay-opacity":"","overlay-gradient":""},"mobile":{"background-color":"","background-image":"","background-repeat":"repeat","background-position":"center center","background-size":"auto","background-attachment":"scroll","background-type":"","background-media":"","overlay-type":"","overlay-color":"","overlay-opacity":"","overlay-gradient":""}},"ast-content-background-meta":{"desktop":{"background-color":"var(--ast-global-color-5)","background-image":"","background-repeat":"repeat","background-position":"center center","background-size":"auto","background-attachment":"scroll","background-type":"","background-media":"","overlay-type":"","overlay-color":"","overlay-opacity":"","overlay-gradient":""},"tablet":{"background-color":"var(--ast-global-color-5)","background-image":"","background-repeat":"repeat","background-position":"center center","background-size":"auto","background-attachment":"scroll","background-type":"","background-media":"","overlay-type":"","overlay-color":"","overlay-opacity":"","overlay-gradient":""},"mobile":{"background-color":"var(--ast-global-color-5)","background-image":"","background-repeat":"repeat","background-position":"center center","background-size":"auto","background-attachment":"scroll","background-type":"","background-media":"","overlay-type":"","overlay-color":"","overlay-opacity":"","overlay-gradient":""}},"footnotes":""},"class_list":["post-66","page","type-page","status-publish","hentry"],"_links":{"self":[{"href":"https:\/\/users.utu.fi\/majlaan\/wp-json\/wp\/v2\/pages\/66","targetHints":{"allow":["GET"]}}],"collection":[{"href":"https:\/\/users.utu.fi\/majlaan\/wp-json\/wp\/v2\/pages"}],"about":[{"href":"https:\/\/users.utu.fi\/majlaan\/wp-json\/wp\/v2\/types\/page"}],"author":[{"embeddable":true,"href":"https:\/\/users.utu.fi\/majlaan\/wp-json\/wp\/v2\/users\/1730"}],"replies":[{"embeddable":true,"href":"https:\/\/users.utu.fi\/majlaan\/wp-json\/wp\/v2\/comments?post=66"}],"version-history":[{"count":13,"href":"https:\/\/users.utu.fi\/majlaan\/wp-json\/wp\/v2\/pages\/66\/revisions"}],"predecessor-version":[{"id":651,"href":"https:\/\/users.utu.fi\/majlaan\/wp-json\/wp\/v2\/pages\/66\/revisions\/651"}],"wp:attachment":[{"href":"https:\/\/users.utu.fi\/majlaan\/wp-json\/wp\/v2\/media?parent=66"}],"curies":[{"name":"wp","href":"https:\/\/api.w.org\/{rel}","templated":true}]}}