{"id":24,"date":"2018-06-28T06:18:08","date_gmt":"2018-06-28T06:18:08","guid":{"rendered":"http:\/\/users.utu.fi\/masink\/?page_id=24"},"modified":"2021-06-16T16:26:18","modified_gmt":"2021-06-16T16:26:18","slug":"curriculum-vitae","status":"publish","type":"page","link":"https:\/\/users.utu.fi\/masink\/curriculum-vitae\/","title":{"rendered":"Curriculum Vitae"},"content":{"rendered":"<h1>Education<\/h1>\n<ul>\n<li><strong>Doctor of Philosophy, PhD\u00a0<em>(Filosofian tohtori, FT)<\/em><\/strong>. University of Turku, Faculty of Medicine, Turku PET Centre. Clinical physiology and nuclear medicine. June 2017.\n<ul>\n<li><strong>PhD Dissertation<\/strong>. <a href=\"https:\/\/www.utupub.fi\/handle\/10024\/134756\">Right ventricular metabolic responses to high-intensity interval and moderate-intensity continuous training: studies by positron emission tomography.<\/a>\u00a0<span class=\"lt-line-clamp__line\">Department of Clinical Physiology and Nuclear Medicine, Annales Universitatis<\/span><span class=\"lt-line-clamp__line lt-line-clamp__line--last\">Turkuensis D 1829.\u00a0Painosalama Oy, Turku, Finland, 2017.<\/span><\/li>\n<\/ul>\n<\/li>\n<li><strong>Master of Science, MSc <em>(Liikuntatieteiden maisteri, LitM)<\/em><\/strong><em>.\u00a0<\/em>University of Jyv\u00e4skyl\u00e4, Faculty of Sport and Health Sciences. June 2015.\n<ul>\n<li><strong>MSc Thesis<\/strong>.\u00a0Effects of high-intensity interval training on the right ventricular glucose and fatty acid metabolism in healthy middle-aged men.\u00a0University of Jyv\u00e4skyl\u00e4, Jyv\u00e4skyl\u00e4, Finland, 2015.<\/li>\n<li>Major subject: exercise physiology<\/li>\n<\/ul>\n<\/li>\n<li><strong>Master of Science, MSc <em>(Filosofian maisteri, FM)<\/em><\/strong>. University of Turku, Faculty of Mathematics and Natural Sciences. June 2007.\n<ul>\n<li><strong>MSc Thesis<\/strong>. M\u00f6bius-kuvaukset. University of Turku, Turku, Finland. 2006.<\/li>\n<li>Major subject: mathematics<\/li>\n<li>Minor subjects: information technology, physics, chemistry, pedagogics (teacher&#8217;s proficiency)<\/li>\n<\/ul>\n<\/li>\n<\/ul>\n<h1>Research experience<\/h1>\n<ul>\n<li><strong>Post-doctoral researcher<\/strong>. University of Turku, Turku PET Centre. July 2018 &#8211; July 2020.\n<ul>\n<li><strong><strong>CROSSYS:\u00a0<\/strong><\/strong>Modeling systemic cross-talk between brain, gut, and peripheral tissues in glucose homeostasis: exercise training and public health (NCT03730610).<\/li>\n<li>Project started: 2018<\/li>\n<li>Responsibilities: applying permissions for the study (ethical committee, organizational clinical study permissions). Organizing and conducting the study and collection of data, PET and MRI image analyses, data analysis and mathematical modeling, writing publications.<\/li>\n<\/ul>\n<\/li>\n<li><strong>Researcher<\/strong>.\u00a0University of Turku, Turku PET Centre. August 2017 &#8211; May 2018.\n<ul>\n<li>Writing publications to HITPET project (see below).<\/li>\n<\/ul>\n<\/li>\n<li><strong>Doctoral student<\/strong>.\u00a0University of Turku, Turku PET Centre. August 2014 &#8211; June 2017.\n<ul>\n<li><strong>HITPET<\/strong>:\u00a0The effects of short-time high-intensity interval training on tissue glucose and fat metabolism in healthy subjects and patients with type 2 diabetes (NCT01344928).<\/li>\n<li>Project started: 2011<\/li>\n<li>Responsibilities: PET and MRI heart image analyses, data analysis (R, SAS), writing publications and dissertation.<\/li>\n<\/ul>\n<\/li>\n<li><strong>Project researcher<\/strong>. University of Turku, Department of Mathematics. September 2010 &#8211; October 2013.\n<ul>\n<li><strong>Modeling genetic interactions with applications to cancer drug discover<\/strong><\/li>\n<li>Responsibilities: analyzing genetic and drug-gene interaction datasets, R coding, data integration and visualization, writing publications.<\/li>\n<\/ul>\n<\/li>\n<\/ul>\n<h1>Honors and awards<\/h1>\n<ul>\n<li>The best dissertation in physiology (1 000 \u20ac).\u00a0Societas Physiologica Finlandiae. March 2018.<\/li>\n<li>Certificate of Honor: Dissertation in Sport Sciences.\u00a0Finnish Society of Sport Sciences. June 2017.<\/li>\n<li>Best Poster Award (200 \u20ac). 14th International EMBL PhD Symposium; Networks in the Life Sciences: Genomics, Proteomics and Systems Biology. EMBL Heidelberg, Germany, October 2012.<\/li>\n<li>Award for outstanding performance in Matriculation Examination in Mathematics (600 \u20ac).\u00a0The Matriculation Examination Board of Finland. October 2002.<\/li>\n<\/ul>\n<h1>Publications in peer-reviewed journals<\/h1>\n<ol>\n<li class=\"c-article-author-list__item\"><strong>Heiskanen MA<\/strong>, Honkala SM, Hentil\u00e4 J, Ojala R, Lautam\u00e4ki R, Koskensalo K, Lietz\u00e9n MS, Saunavaara V, Saunavaara J, Helmi\u00f6 M, L\u00f6yttyniemi E, Nummenmaa L, Collado MC, Malm T, Lahti L, Pietil\u00e4inen KH, Kaprio J, Rinne JO, Hannukainen JC. Systemic cross-talk between brain, gut, and peripheral tissues in glucose homeostasis: effects of exercise training (CROSSYS). Exercise training intervention in monozygotic twins discordant for body weight. <em>BMC Sports Science, Medicine and Rehabilitation<\/em>, 2021, 13(1):16. <a href=\"https:\/\/bmcsportsscimedrehabil.biomedcentral.com\/articles\/10.1186\/s13102-021-00241-z\"><em>[Link].<\/em><\/a><\/li>\n<li>Ojala R, Motiani KK, Ivaska KK, Arponen M, Eskelinen JJ, Virtanen KA, L\u00f6yttyniemi E, <strong>Heiskanen MA<\/strong>, U-Din M, Nuutila P, Kalliokoski KK, Hannukainen JC. Bone marrow metabolism is impaired in insulin resistance and improves after exercise training. <em>The Journal of Clinical Endocrinology &amp; Metabolism,\u00a0<\/em>2020, 105(12):e4290-e4303. <a href=\"https:\/\/academic.oup.com\/jcem\/advance-article\/doi\/10.1210\/clinem\/dgaa516\/5891759\"><em>[Link]<\/em><\/a><\/li>\n<li>Honkala SM, Motiani P, Kivel\u00e4 R,\u00a0<span class=\"name\">Hemanthakumar KA, Tolvanen E, Motiani KK, Eskelinen JJ, Virtanen KA, Kemppainen J, <strong>Heiskanen MA<\/strong>, L\u00f6yttyniemi E, Nuutila P, Kalliokoski KK, Hannukainen JC. Exercise training improves adipose tissue metabolism and vasculature regardless of baseline glucose tolerance and sex.\u00a0<em>BMJ Open Diabetes Research &amp; Care,\u00a0<\/em>2020, 8(1):e000830.\u00a0<a href=\"https:\/\/drc.bmj.com\/content\/8\/1\/e000830\"><em>[Link]<\/em><\/a><\/span><\/li>\n<li>Motiani K, Savolainen A, Toivanen J, Eskelinen JJ, Yli-Karjanmaa M, Virtanen K, Saunavaara V, <strong>Heiskanen MA<\/strong>,\u00a0 Parkkola R, Haaparanta-Solin M, Solin O, Savisto N, L\u00f6yttyniemi E, Knuuti J, Nuutila P, Kalliokoski K, Hannukainen J.\u00a0Effects of short-term sprint interval and moderate-intensity continuous training on liver fat, lipoprotein profile and substrate uptake: a randomized trial.\u00a0<em>Journal of Applied Physiology<\/em>, 2019, 126(6), 1756-68. <a href=\"https:\/\/www.physiology.org\/doi\/abs\/10.1152\/japplphysiol.00900.2018\"><em>[Link]<\/em><\/a><\/li>\n<li><strong>Heiskanen MA<\/strong>, Motiani KK, Mari A, Eskelinen JJ, Virtanen KA, L\u00f6yttyniemi E, Kalliokoski KK, Hannukainen JC.\u00a0Comment on \u2018Exercise training decreases pancreatic fat content and improves beta cell function regardless of baseline glucose tolerance: a randomised controlled trial\u2019. Reply to Amini P and\u00a0 Moharamzadeh S [letter]. <em>Diabetologia<\/em>, 2019, 62(1):204-206.\u00a0<em><a href=\"https:\/\/rdcu.be\/bbMYh\">[Link]<\/a><\/em><\/li>\n<li>Savolainen AM, Karmi A, Immonen H, Soinio M, Saunavaara V, Pham T, Salminen P, Helmi\u00f6 M, Ovaska J, L\u00f6yttyniemi E, <strong>Heiskanen MA<\/strong>, Lehtim\u00e4ki T, Mari A, Nuutila P, Hannukainen JC. Physical activity associates with muscle insulin sensitivity post bariatric surgery. <em>Medicine &amp; Science in Sports &amp; Exercise<\/em>, 2019, 51(2):278-287.\u00a0<em><a href=\"https:\/\/journals.lww.com\/acsm-msse\/Abstract\/publishahead\/Physical_Activity_Associates_with_Muscle_Insulin.96798.aspx\">[Link]<\/a><\/em><\/li>\n<li><span class=\"ng-binding\"><strong>Heiskanen MA<\/strong>, Motiani KK, Mari A, Saunavaara V, Eskelinen JJ, Virtanen K, Koivum\u00e4ki M, L\u00f6yttyniemi E, Nuutila P, Kalliokoski KK, Hannukainen JC. Exercise training decreases pancreatic fat content and improves beta cell function regardless of baseline glucose tolerance: a randomised controlled trial.\u00a0<em>Diabetologia<\/em>, 2018, 61(8):1817-1828<em>. <a href=\"https:\/\/link.springer.com\/article\/10.1007\/s00125-018-4627-x\">[Link]<\/a><\/em><\/span><\/li>\n<li>Sj\u00f6ros TJ, <strong>Heiskanen MA<\/strong>, Motiani KK, L\u00f6yttyniemi E, Eskelinen JJ, Virtanen KA, Savisto NJ, Solin O, Hannukainen JC, Kalliokoski KK. Increased insulin-stimulated glucose uptake in both leg and arm muscles after sprint interval and moderate-intensity training in subjects with type 2 diabetes or prediabetes. <em>Scandinavian Journal of Medicine &amp; Science in Sports<\/em>\u00b8 2018, 28(1), 77-87. <a href=\"https:\/\/onlinelibrary.wiley.com\/doi\/abs\/10.1111\/sms.12875\"><em>[Link]<\/em><\/a><\/li>\n<li><strong>Heiskanen MA<\/strong>, Sj\u00f6ros TJ, Heinonen IHA, L\u00f6yttyniemi E, Koivum\u00e4ki M, Motiani KK, Eskelinen JJ, Virtanen K, Knuuti J, Hannukainen JC, Kalliokoski KK. Sprint interval training decreases left-ventricular glucose uptake compared to moderate-intensity continuous training in subjects with type 2 diabetes or prediabetes. <em>Scientific Reports, <\/em>2017, 7(1), 10531.\u00a0<a href=\"https:\/\/www.nature.com\/articles\/s41598-017-10931-9\"><em>[Link]<\/em><\/a><\/li>\n<li><strong>Heiskanen MA<\/strong>, Leskinen T, Heinonen IHA, L\u00f6yttyniemi E, Eskelinen JJ, Virtanen K, Hannukainen JC., Kalliokoski KK. Right ventricular metabolic adaptations to high-intensity interval and moderate-intensity continuous training in healthy middle-aged men. <em>American Journal of Physiology, Heart and Circulatory Physiology<\/em>, 2016, 311(1), H667-75.\u00a0<a href=\"https:\/\/www.physiology.org\/doi\/abs\/10.1152\/ajpheart.00399.2016\"><em>[Link]<\/em><\/a><\/li>\n<li>Eskelinen JJ, Heinonen IHA, L\u00f6yttyniemi E, Hakala J, <strong>Heiskanen MA<\/strong>, Motiani KK, Virtanen K, P\u00e4rkk\u00e4 JP, Knuuti J, Hannukainen JC, Kalliokoski KK. Left\u2010ventricular vascular and metabolic adaptations to high\u2010intensity interval and moderate intensity continuous training. <em>The Journal of Physiology<\/em>, 2016, 594(23), 7127-40.\u00a0<a href=\"https:\/\/physoc.onlinelibrary.wiley.com\/doi\/abs\/10.1113\/JP273089\"><em>[Link]<\/em><\/a><\/li>\n<li><strong>Heiskanen MA<\/strong>, Leskinen T, Eskelinen JJ, Heinonen I, L\u00f6yttyniemi E, Virtanen K, P\u00e4rkk\u00e4 JP, Hannukainen JC, Kalliokoski KK. Different predictors of right and left ventricular metabolism in healthy middle-aged men. <em>Frontiers in Physiology, Clinical and Translational Physiology<\/em>, 2015, 6, 389.\u00a0<a href=\"https:\/\/www.frontiersin.org\/articles\/10.3389\/fphys.2015.00389\/full\"><em>[Link]<\/em><\/a><\/li>\n<li><strong>Heiskanen MA<\/strong>, Aittokallio T. Predicting drug-target interactions through integrative analysis of chemogenetic assays in yeast. <em>Molecular BioSystems<\/em>, 2013, 9, 768-779.\u00a0<a href=\"http:\/\/pubs.rsc.org\/en\/content\/articlelanding\/2013\/mb\/c3mb25591c#!divAbstract\"><em>[Link]<\/em><\/a><\/li>\n<li><strong>Heiskanen MA<\/strong>, Aittokallio T. Mining high-throughput screens for cancer drug targets \u2013 lessons from yeast chemical-genomic profiling and synthetic lethality. <em>WIREs Data Mining and Knowledge Discovery<\/em>, 2012, 2, 263-272.\u00a0<a href=\"http:\/\/wires.wiley.com\/WileyCDA\/WiresArticle\/wisId-WIDM1055.html\"><em>[Link]<\/em><\/a><\/li>\n<\/ol>\n<h1>Publications in Finnish journals<\/h1>\n<ul>\n<li><strong>Heiskanen M<\/strong>. Riitt\u00e4\u00e4k\u00f6 tehotreeni? [P\u00e4\u00e4kirjoitus]. <em>L\u00e4\u00e4ketieteellinen aikakauskirja Duodecim<\/em>, 2019, 135(2), 111-113. <a href=\"https:\/\/www.duodecimlehti.fi\/duo14743\"><em>[Link]<\/em><\/a><\/li>\n<li><strong>Heiskanen MA<\/strong>. Liikuntaa 15 minuuttia t\u00e4ysill\u00e4 \u2013 vai 5 tuntia leppoisammin? <em>Societas Physiologica Finlandiae j\u00e4senlehti<\/em>, 2018, 3, 2-3.<\/li>\n<li><strong>Heiskanen MA<\/strong>. Sprinttaa tai h\u00f6lkk\u00e4\u00e4 &#8211; vaikutus terveeseen syd\u00e4meen on samanlainen.\u00a0<em>Liikunta &amp; Tiede<\/em>, 2017, 54(5), 20-23.<\/li>\n<\/ul>\n<h1>Research funding<\/h1>\n<ul>\n<li>Juho Vainio Foundation, 2019 (25 000 \u20ac)<\/li>\n<li>Finnish Cultural Foundation: South-Western Finland fund, 2019 (15 000 \u20ac)<\/li>\n<li>Diabetes Research Foundation, 2019 (12 500 \u20ac)<\/li>\n<li>Juho Vainio Foundation, 2018 (25 000 \u20ac)<\/li>\n<li>Emil Aaltonen Foundation, 2016 (28 250 \u20ac)<\/li>\n<li>Finnish Foundation for Cardiovascular Research, 2016 (6 000 \u20ac)<\/li>\n<li>Turku University Foundation, 2016 (4 350 \u20ac)<\/li>\n<li>Finnish Cultural Foundation: South-Western Finland fund, 2013 (22 000 \u20ac)<\/li>\n<\/ul>\n<h1>Reviewer in scientific journals<\/h1>\n<ul>\n<li>Medicine &amp; Science in Sports &amp; Exercise [IF 4.478]<\/li>\n<li>NMR in Biomedicine [IF 3.414]<\/li>\n<li>Scandinavian Journal of Medicine and Science in Sports [IF 3.631]<\/li>\n<\/ul>\n<h1>Membership in scientific societies<\/h1>\n<ul>\n<li>European Association for the Study of Diabetes (EASD)<\/li>\n<li>Finnish Society of Sport Sciences<\/li>\n<li>Finnish Diabetes Association<\/li>\n<li>Societas Physiologica Finlandiae<\/li>\n<\/ul>\n<h1>Language skills<\/h1>\n<ul>\n<li>Finnish: native<\/li>\n<li>English: full professional proficiency<\/li>\n<li>Swedish: limited working proficiency<\/li>\n<li>German:\u00a0limited working proficiency<\/li>\n<li>Portuguese: elementary proficiency<\/li>\n<\/ul>\n<h1>Information technology skills<\/h1>\n<ul>\n<li>R<\/li>\n<li>SAS<\/li>\n<li>Adobe Illustrator<\/li>\n<li>Adobe Photoshop<\/li>\n<\/ul>\n","protected":false},"excerpt":{"rendered":"<p>Education Doctor of Philosophy, PhD\u00a0(Filosofian tohtori, FT). University of Turku, Faculty of Medicine, Turku PET Centre. Clinical physiology and nuclear medicine. June 2017. PhD Dissertation. Right ventricular metabolic responses to high-intensity interval and moderate-intensity continuous training: studies by positron emission tomography.\u00a0Department of Clinical Physiology and Nuclear Medicine, Annales UniversitatisTurkuensis D 1829.\u00a0Painosalama Oy, Turku, Finland, 2017. [&hellip;]<\/p>\n","protected":false},"author":2574,"featured_media":220,"parent":0,"menu_order":2,"comment_status":"closed","ping_status":"closed","template":"","meta":{"footnotes":""},"class_list":["post-24","page","type-page","status-publish","has-post-thumbnail","czr-hentry"],"_links":{"self":[{"href":"https:\/\/users.utu.fi\/masink\/wp-json\/wp\/v2\/pages\/24","targetHints":{"allow":["GET"]}}],"collection":[{"href":"https:\/\/users.utu.fi\/masink\/wp-json\/wp\/v2\/pages"}],"about":[{"href":"https:\/\/users.utu.fi\/masink\/wp-json\/wp\/v2\/types\/page"}],"author":[{"embeddable":true,"href":"https:\/\/users.utu.fi\/masink\/wp-json\/wp\/v2\/users\/2574"}],"replies":[{"embeddable":true,"href":"https:\/\/users.utu.fi\/masink\/wp-json\/wp\/v2\/comments?post=24"}],"version-history":[{"count":47,"href":"https:\/\/users.utu.fi\/masink\/wp-json\/wp\/v2\/pages\/24\/revisions"}],"predecessor-version":[{"id":426,"href":"https:\/\/users.utu.fi\/masink\/wp-json\/wp\/v2\/pages\/24\/revisions\/426"}],"wp:featuredmedia":[{"embeddable":true,"href":"https:\/\/users.utu.fi\/masink\/wp-json\/wp\/v2\/media\/220"}],"wp:attachment":[{"href":"https:\/\/users.utu.fi\/masink\/wp-json\/wp\/v2\/media?parent=24"}],"curies":[{"name":"wp","href":"https:\/\/api.w.org\/{rel}","templated":true}]}}