{"id":22,"date":"2018-05-04T06:28:27","date_gmt":"2018-05-04T06:28:27","guid":{"rendered":"http:\/\/users.utu.fi\/minkosy\/?page_id=22"},"modified":"2018-05-04T06:38:17","modified_gmt":"2018-05-04T06:38:17","slug":"testisivu","status":"publish","type":"page","link":"https:\/\/users.utu.fi\/minkosy\/sample-page\/testisivu\/","title":{"rendered":"Testisivu"},"content":{"rendered":"<p>T\u00e4m\u00e4 on testisivu.<\/p>\n<figure id=\"attachment_36\" aria-describedby=\"caption-attachment-36\" style=\"width: 300px\" class=\"wp-caption aligncenter\"><img loading=\"lazy\" decoding=\"async\" class=\"wp-image-36 size-medium\" src=\"https:\/\/users.utu.fi\/minkosy\/wp-content\/uploads\/sites\/561\/2018\/05\/Tulips-300x225.jpg\" alt=\"\" width=\"300\" height=\"225\" srcset=\"https:\/\/users.utu.fi\/minkosy\/wp-content\/uploads\/sites\/561\/2018\/05\/Tulips-300x225.jpg 300w, https:\/\/users.utu.fi\/minkosy\/wp-content\/uploads\/sites\/561\/2018\/05\/Tulips-768x576.jpg 768w, https:\/\/users.utu.fi\/minkosy\/wp-content\/uploads\/sites\/561\/2018\/05\/Tulips.jpg 1024w\" sizes=\"auto, (max-width: 300px) 100vw, 300px\" \/><figcaption id=\"caption-attachment-36\" class=\"wp-caption-text\">T\u00e4m\u00e4 teksti tulee n\u00e4kyviin kuvan alle.<\/figcaption><\/figure>\n","protected":false},"excerpt":{"rendered":"<p>T\u00e4m\u00e4 on testisivu.<\/p>\n","protected":false},"author":2480,"featured_media":0,"parent":6,"menu_order":0,"comment_status":"closed","ping_status":"closed","template":"","meta":{"footnotes":""},"class_list":["post-22","page","type-page","status-publish","hentry"],"_links":{"self":[{"href":"https:\/\/users.utu.fi\/minkosy\/wp-json\/wp\/v2\/pages\/22","targetHints":{"allow":["GET"]}}],"collection":[{"href":"https:\/\/users.utu.fi\/minkosy\/wp-json\/wp\/v2\/pages"}],"about":[{"href":"https:\/\/users.utu.fi\/minkosy\/wp-json\/wp\/v2\/types\/page"}],"author":[{"embeddable":true,"href":"https:\/\/users.utu.fi\/minkosy\/wp-json\/wp\/v2\/users\/2480"}],"replies":[{"embeddable":true,"href":"https:\/\/users.utu.fi\/minkosy\/wp-json\/wp\/v2\/comments?post=22"}],"version-history":[{"count":3,"href":"https:\/\/users.utu.fi\/minkosy\/wp-json\/wp\/v2\/pages\/22\/revisions"}],"predecessor-version":[{"id":40,"href":"https:\/\/users.utu.fi\/minkosy\/wp-json\/wp\/v2\/pages\/22\/revisions\/40"}],"up":[{"embeddable":true,"href":"https:\/\/users.utu.fi\/minkosy\/wp-json\/wp\/v2\/pages\/6"}],"wp:attachment":[{"href":"https:\/\/users.utu.fi\/minkosy\/wp-json\/wp\/v2\/media?parent=22"}],"curies":[{"name":"wp","href":"https:\/\/api.w.org\/{rel}","templated":true}]}}