{"id":31,"date":"2018-08-08T18:38:34","date_gmt":"2018-08-08T15:38:34","guid":{"rendered":"http:\/\/merikyto.net\/publications\/"},"modified":"2025-10-23T07:33:06","modified_gmt":"2025-10-23T04:33:06","slug":"publications","status":"publish","type":"page","link":"https:\/\/users.utu.fi\/mlkyto\/publications\/","title":{"rendered":"Publications \/\/ Julkaisut"},"content":{"rendered":"<p>If there is a publication here you&#8217;d like to read but can&#8217;t access just drop me a line via email.<\/p>\n<p>My ORCID-page: <a href=\"https:\/\/orcid.org\/0000-0002-7877-5522\" target=\"_blank\" rel=\"noopener noreferrer\">https:\/\/orcid.org\/0000-0002-7877-5522<\/a><\/p>\n<ol>\n<li>Kyt\u00f6, M. 2025. \u00c4\u00e4nitilan rytmeist\u00e4 Istanbulissa. <em>Aukio<\/em>. <a href=\"https:\/\/aukiolla.fi\/aanitilan-rytmeista-istanbulissa\">https:\/\/aukiolla.fi\/aanitilan-rytmeista-istanbulissa<\/a><\/li>\n<li>Tarvainen, A. &amp; M. Kyt\u00f6. 2024. Pieni kuulijuus: taustamusiikki ja \u00e4\u00e4nellinen kaupunkitila toisinkuulijoiden kokemana. <em>Musiikki<\/em> 54(4). <a href=\"https:\/\/doi.org\/10.51816\/musiikki.154727\">https:\/\/doi.org\/10.51816\/musiikki.154727<\/a><\/li>\n<li>Tiainen, M., K.-K. Kontturi, M. Kyt\u00f6. 2024. Eroja purkamassa ja muutosta rakentamassa: Taru Lepp\u00e4sen ty\u00f6n merkitys poikkitieteellisess\u00e4 musiikintutkimuksessa. <em>Musiikki<\/em> 54(4). <a href=\"https:\/\/doi.org\/10.51816\/musiikki.154720\">https:\/\/doi.org\/10.51816\/musiikki.154720<\/a><\/li>\n<li>Mollerup, N. G., M. Kyt\u00f6 &amp; N. N\u00ed Bhroin (eds) 2024. &#8216;Sensory Media Anthropology&#8217;. <em>Allegra Lab.<\/em> <a href=\"https:\/\/allegralaboratory.net\/category\/thematic-threads\/sensory-media-anthropology\/\">https:\/\/allegralaboratory.net\/category\/thematic-threads\/sensory-media-anthropology\/<\/a><\/li>\n<li>Mollerup, N. G., M. Kyt\u00f6 &amp; N. N\u00ed Bhroin. 2024. &#8216;Sensory Media Anthropology: Introduction&#8217;. <em>Allegra Lab<\/em>. <a href=\"https:\/\/allegralaboratory.net\/sensory-media-anthropology\/\">https:\/\/allegralaboratory.net\/sensory-media-anthropology\/<\/a><\/li>\n<li>Oisalo, N., M. Kyt\u00f6 &amp; N. G. Mollerup. 2024. &#8216;Weather&#8217;. <em>Allegra Lab<\/em>. <a href=\"https:\/\/allegralaboratory.net\/weather\/\">https:\/\/allegralaboratory.net\/weather\/<\/a><\/li>\n<li>Groth, S. Krogh, N, Oisalo, M. Kyt\u00f6 &amp; R. Willim. 2024. &#8216;Electricity&#8217;. <em>Allegra Lab<\/em>. <a href=\"https:\/\/allegralaboratory.net\/electricity\/\">https:\/\/allegralaboratory.net\/electricity\/<\/a><\/li>\n<li>Cust\u00f3dio, L., M. Gorm Aabo &amp; M. Kyt\u00f6. 2024. &#8216;Moved&#8217;. <em>Allegra Lab<\/em>. <a href=\"https:\/\/allegralaboratory.net\/moved\/\">https:\/\/allegralaboratory.net\/moved\/<\/a><\/li>\n<li>Kyt\u00f6, M. 2024. Adapting to non-human listening agencies. INTER-NOISE and NOISE-CON Congress and Conference Proceedings, INTER-NOISE24. <a href=\"https:\/\/doi.org\/10.3397\/IN_2024_3536\">https:\/\/doi.org\/10.3397\/IN_2024_3536<\/a><\/li>\n<li>Uimonen, H., Kilpi\u00f6, K. &amp; Kyt\u00f6, M. 2024. <em>Background music cultures in Finnish urban life. <\/em>Cambridge: Cambridge university press. <a href=\"https:\/\/doi.org\/10.1017\/9781009374682\">https:\/\/doi.org\/10.1017\/9781009374682<\/a><\/li>\n<li>Kyt\u00f6, M. 2024. Tiedekustantamisen tulevaisuus avoimen julkaisemisen ja teko\u00e4lyn pinteess\u00e4. <em>Musiikki<\/em> 54: 1. <a href=\"https:\/\/doi.org\/10.51816\/musiikki.144765\">https:\/\/doi.org\/10.51816\/musiikki.144765<\/a><\/li>\n<li>Kyt\u00f6, M. &amp; S. Krogh Groth (eds) 2023. Grief. Sonic expressions of loss, pain, and sadness. <em>Seismograf<\/em> 29. <a href=\"https:\/\/doi.org\/10.48233\/SEISMOGRAF2906\">https:\/\/doi.org\/10.48233\/SEISMOGRAF2906<\/a><\/li>\n<li>Kyt\u00f6, M. 2022. Soundscapes of code: Cochlear implant as soundscape arranger. <em>Aural Diversity<\/em>. Eds. John Levack Drever &amp; Andrew Hugill. London: Routledge. <a href=\"http:\/\/dx.doi.org\/10.4324\/9781003183624-8\">http:\/\/dx.doi.org\/10.4324\/9781003183624-8<\/a><\/li>\n<li>Kyt\u00f6, M. 2022. <a href=\"https:\/\/research.utu.fi\/converis\/portal\/detail\/Publication\/176837270?lang=fi_FI\">Abiturientit melun tiet\u00e4jin\u00e4<\/a>. <em>Kulttuurintutkimus tiet\u00e4misen tapana<\/em>. Toim. Taina Kinnunen ja Juhana Ven\u00e4l\u00e4inen. Tampere: Vastapaino, 407-435.<\/li>\n<li>Kyt\u00f6, M. 2021. Sesonki\u00e4\u00e4nimaisema kaupungissa: jouluinen taustamusiikki kalendaarisena koristeluna. <em>Elore<\/em> 28 (2): 68-88. <a href=\"https:\/\/doi.org\/10.30666\/elore.110825\">https:\/\/doi.org\/10.30666\/elore.110825<\/a><\/li>\n<li>Kilpi\u00f6, K. &amp; M. Kyt\u00f6. 2021<span style=\"font-weight: 400\">. Hyvinvointi taustamusiikin kokemuksissa: palvelualalla toimivien n\u00e4kemykset ty\u00f6skentelyst\u00e4 musiikin kanssa. <\/span><span style=\"font-weight: 400\"><em>Musiikki<\/em><\/span><span style=\"font-weight: 400\"> 51 (4): 19\u201349. <\/span><span style=\"font-weight: 400\"><a href=\"https:\/\/doi.org\/10.51816\/musiikki.113247\">https:\/\/doi.org\/10.51816\/musiikki.113247<\/a><\/span><\/li>\n<li>Uimonen, H. &amp; M. Kyt\u00f6. 2020. Toimimatonta tekniikkaa ja alitajuista vaikuttamista: etnomusikologinen n\u00e4k\u00f6kulma taustamusiikin tutkimukseen.<span class=\"Apple-converted-space\">\u00a0<\/span><i>Etnomusikologian vuosikirja<\/i>,<span class=\"Apple-converted-space\">\u00a0<\/span><i>32<\/i>, 46-75. <a href=\"https:\/\/doi.org\/10.23985\/evk.90066\">https:\/\/doi.org\/10.23985\/evk.90066<\/a><\/li>\n<li>Kyt\u00f6, M. 2020. The senses and the city: Attention, Distraction and Media Technology in Urban Environments.\u00a0<i>The Routledge companion to urban media and communication<\/i>. Eds. Z. Krajina &amp; D. Stevenson. London: Routledge, 371\u2013378. <a href=\"https:\/\/doi.org\/10.4324\/9781315211633-39\">https:\/\/doi.org\/10.4324\/9781315211633-39<\/a><\/li>\n<li>Kyt\u00f6, M. 2019. \u00c4\u00e4nimaisemas\u00e4velt\u00e4minen ja ymp\u00e4rist\u00f6tietoisuus: ekokriittiset teemat Water Soundscape Composition -kilpailus\u00e4vellyksiss\u00e4. <em><a href=\"http:\/\/urn.fi\/URN:ISBN:978-951-29-7894-6\">Musiikki ja luonto: soiva kulttuuri ymp\u00e4rist\u00f6kriisin aikakaudella<\/a>.<\/em>\u00a0Toim. J. Torvinen &amp; S. V\u00e4lim\u00e4ki. Turku: UTUkirjat, 67\u201392.<\/li>\n<li>Kyt\u00f6, M. 2019. Ecocriticism and the Anthropocene in the Water Soundscape Composition Contest. <i>The Nature of Nordic Musi<\/i>c. Eds. Tim Howell &amp; Richard Powell. London: Routledge, 159\u2013172. <a href=\"https:\/\/doi.org\/10.4324\/9781315462851-9\">https:\/\/doi.org\/10.4324\/9781315462851-9<\/a><\/li>\n<li>Kyt\u00f6, M. 2019.\u00a0<a href=\"https:\/\/www.history-culture-modernity.org\/articles\/567\/\">Urban Progress as Noise: a Commentary<\/a>. <em>International Journal for History, Culture and Modernity<\/em> (<em>HCM<\/em>), 7.\u00a0DOI: 10.18352\/hcm.567<\/li>\n<li>Kyt\u00f6, M. 2019. Sound transformations in space. <i>The Routledge companion to sound studies.<\/i> Ed. M. Bull. London: Routledge, 177\u2013184. <a href=\"https:\/\/dx.doi.org\/10.4324\/9781315722191\">https:\/\/dx.doi.org\/10.4324\/9781315722191<\/a><\/li>\n<li>Kyt\u00f6, M. 2019. Futuristit puhtaan s\u00e4velen tyranniaa vastaan, uusien aistinautintojen puolesta!\u00a0<i>Tekniikan Waiheita<\/i>, <i>36<\/i>(4), 92\u201395. <a href=\"https:\/\/doi.org\/10.33355\/tw.79431\">https:\/\/doi.org\/10.33355\/tw.79431<\/a>\u00a0[book review of Luigi Russolo&#8217;s <em>L\u2019arte dei rumori<\/em>]<\/li>\n<li>Kyt\u00f6. M. 2018. Mediated Soundscapes: Representations of the National in the Soundscape Call-in Programme \u00c4\u00e4nien ilta. <i>Music radio: building communities, mediating genres. <\/i>Eds. M. Michelsen, M. Krogh, S. Kaargaard Nielsen and I. Have. London: Bloomsbury. DOI: <a class=\"nova-e-link nova-e-link--color-inherit nova-e-link--theme-decorated\" href=\"http:\/\/dx.doi.org\/10.5040\/9781501343247.0013\" target=\"_blank\" rel=\"noopener\">10.5040\/9781501343247.0013<\/a><\/li>\n<li>Kyt\u00f6, M. &amp; H. Uimonen (toim.) 2018. \u00c4\u00e4nimaisematutkimuksen erikoisnumero, <a href=\"http:\/\/musiikinsuunta.fi\/2018\/03\/aanimaisematutkimus\" target=\"_blank\" rel=\"noopener noreferrer\"><em>Musiikin suunta<\/em> 3\/2018<\/a>, vol. 40. [Soundscape studies special issue.]<\/li>\n<li>Kyt\u00f6, M. 2018. <a href=\"http:\/\/musiikinsuunta.fi\/2018\/03\/walking-sonic-commons-in-venice\" target=\"_blank\" rel=\"noopener noreferrer\">Walking Sonic Commons in Venice: an essay on auditory access<\/a>, <em>Musiikin suunta<\/em> 3\/2018.<\/li>\n<li>Kyt\u00f6, M. 2018. Sonic etiquette: Domestication of acoustic neighbourhood relations in Istanbul, <em><a href=\"http:\/\/sosbildergi.msgsu.edu.tr\/index.php\/dergi-arsiv\/33-17-sayi\">MSGSU\u00a0Sosyal Bilimler Dergisi, 2 (17)<\/a><\/em>: 164\u2013181.<\/li>\n<li>Kyt\u00f6, M., K. Ramstedt &amp; H. Haapoja-M\u00e4kel\u00e4 (toim.) 2017. <a href=\"https:\/\/etnomusikologia.journal.fi\/issue\/view\/4737\"><i>Etnomusikologian vuosikirja<\/i>, vol 29<\/a>. [The Finnish Yearbook for Ethnomusicology, vol 29.] Helsinki: SES.<\/li>\n<li>Kyt\u00f6, M. 2017. Cultural Intimacy in the Practice of Sound Postproduction in Turkish Yesilcam Cinema. <a href=\"https:\/\/www.euppublishing.com\/doi\/abs\/10.3366\/sound.2017.0106\"><i>The New Soundtrack<\/i> 7:2,\u00a0<\/a>153\u2013163.<\/li>\n<li>Sahavirta, H. &amp; Kyt\u00f6, M. 2017. Yleisten kirjastojen muuttuva \u00e4\u00e4nimaisema [Changing Soundscapes of Public Libraries]. <i><a href=\"http:\/\/urn.fi\/URN:ISBN:978-952-03-0382-2\">Muuttuvat suomalaiset \u00e4\u00e4nimaisemat <\/a><\/i>[Transforming Finnish Soundscapes]. Toim. H. Uimonen, M. Kyt\u00f6 &amp; K. Ruohonen. Tampere: Tampere University Press, 81\u2013104.<\/li>\n<li>Uimonen, H., M. Kyt\u00f6 &amp; K. Ruohonen. 2017. Muuttuva \u00e4\u00e4nimaisema menneisyyten\u00e4 ja nykyisyyten\u00e4. <i><a href=\"http:\/\/urn.fi\/URN:ISBN:978-952-03-0382-2\">Muuttuvat suomalaiset \u00e4\u00e4nimaisemat <\/a><\/i>[Transforming Finnish Soundscapes]. Toim. H. Uimonen, M. Kyt\u00f6 &amp; K. Ruohonen. Tampere: Tampere University Press, 7\u201319.<\/li>\n<li>Uimonen, H., M. Kyt\u00f6 &amp; K. Ruohonen (eds) 2017. <a href=\"http:\/\/urn.fi\/URN:ISBN:978-952-03-0382-2\">Muuttuvat suomalaiset \u00e4\u00e4nimaisemat<\/a> [Transforming Finnish Soundscapes]. Tampere: Tampere University Press.<\/li>\n<li>Kyt\u00f6, M. 2016. Asumisen rajat: yksityinen \u00e4\u00e4nimaisema naapurisuhteita k\u00e4sitteleviss\u00e4 nettikeskusteluissa [Boundaries of dwelling: Private soundscape in online conversations concerning neighborhood relations]. <i>\u00c4\u00e4nimaisemissa<\/i>. Kalevalaseuran vuosikirja 95. Toim. Helmi J\u00e4rviluoma ja Ulla Piela. Helsinki: SKS. (<a href=\"http:\/\/urn.fi\/URN:NBN:fi:uta-201711232794\">final draft<\/a>)<\/li>\n<li>Uimonen, H. &amp; M. Kyt\u00f6. 2016. Analysing the Transforming Finnish Soundscapes project. <i>Ambiances, tomorrow. 3rd International Congress on Ambiances.<\/i> Ed. N. Remy &amp; N. Tixier. Volos: International Ambiances Network, 873\u2013878.<\/li>\n<li>Kyt\u00f6, M., Rantanen, S. &amp; Ramstedt, K. (eds) 2016. <a href=\"http:\/\/etnomusikologia.journal.fi\/issue\/view\/4230\"><i>Etnomusikologian vuosikirja <\/i>28.<\/a> [The Finnish Yearbook for Ethnomusicology, vol 28.] Helsinki: SES.<\/li>\n<li>Kyt\u00f6, M. (ed.) 2016. <a href=\"http:\/\/musiikinsuunta.fi\/2016\/01\/musiikki-ja-maahanmuutto\">Musiikki ja maahanmuutto -teemanumero. <i>Musiikin suunta<\/i> 1\/2016<\/a>. [Music and migration special issue]<\/li>\n<li>Kyt\u00f6, M. &amp; S. \u00d6zg\u00fcn. 2016. Sonic Resistance: Gezi Park Protests and the Political Soundscapes of Istanbul. <i>Invisible Landscapes: Popular Music and Spacialities<\/i>. Ed. Giacomo Bott\u00e0. M\u00fcnster &amp; New York: Waxmann.<\/li>\n<li>Kyt\u00f6, M. &amp; E. Hyt\u00f6nen-Ng. 2015. Busking and negotiations of urban acoustic space in South Bank, London. <a href=\"https:\/\/www.gold.ac.uk\/auditory-cultures\/\"><i>The Auditory Culture Reader<\/i>, 2nd edition.<\/a> Eds. Les Back &amp; Michael Bull. London: Bloomsbury.<\/li>\n<li>Kyt\u00f6, M. &amp; H. Uimonen. 2015. \u00c4\u00e4nimaisema aineettomana kulttuuriperint\u00f6n\u00e4 [Soundscape as intangible cultural heritage]. <a href=\"https:\/\/issuu.com\/kotiseutuliitto\/docs\/kotiseutu2015\"><i>Kotiseutu<\/i>, 2015<\/a>.<\/li>\n<li>Schafer, R.M. 2015. <i>Kuuntelukasvatus &#8211; 100 kuuntelu- ja \u00e4\u00e4niharjoitusta.<\/i> [&#8220;A Sound Education&#8221;, edited and translated by] O.-T. Kankkunen, H. Uimonen &amp; M. Kyt\u00f6. Tampere: TAMK.<\/li>\n<li>Kyt\u00f6, M. &amp; Rantanen, S. (toim.) 2015. <a href=\"https:\/\/etnomusikologia.journal.fi\/issue\/view\/4668\"><i>Etnomusikologian vuosikirja<\/i> 27.<\/a> [The Finnish Yearbook for Ethnomusicology, vol 27.] Helsinki: SES.<\/li>\n<li>Kyt\u00f6, M. 2014. <a href=\"http:\/\/kulttuurintutkimus.fi\/lehti\/pdf\/KT_4-2013_Verkkoekstrat_1-19.pdf\">Yhteinen kaupunki\u00e4\u00e4nitila ja \u00e4\u00e4nellinen vastarinta.<\/a> [The common urban soundscape and sonic resistance] <i>Kulttuurintutkimus<\/i>, 4\/2014.<\/li>\n<li>Kyt\u00f6, M. &amp; S. Rantanen. 2014. <a href=\"https:\/\/etnomusikologia.journal.fi\/article\/view\/66786\">Etnomusikologian vuosikirjan merkitys musiikintutkimuksen alalle Suomessa.<\/a> <i>Etnomusikologian vuosikirja<\/i>, 2014.<\/li>\n<li>Hyt\u00f6nen, E. &amp; M. Kyt\u00f6. 2014. S\u00e4\u00e4ntely, vastarinta ja musiikilliset territoriot Lontoon South Bankin \u00e4\u00e4nimaisemassa. <i><a href=\"https:\/\/aluejaymparisto.journal.fi\">Alue ja ymp\u00e4rist\u00f6<\/a><\/i>, 1\/2014.<\/li>\n<li>Kyt\u00f6, M. &amp; Rantanen, S. (toim.) 2014. <a href=\"https:\/\/etnomusikologia.journal.fi\/issue\/view\/4669\"><i>Etnomusikologian vuosikirja<\/i> 26.<\/a> [The Finnish Yearbook for Ethnomusicology, vol 26.] Helsinki: SES.<\/li>\n<li>Kyt\u00f6, M. 2013. <a href=\"http:\/\/epublications.uef.fi\/pub\/urn_isbn_978-952-61-1140-7\/\"><i>Kotiin kuuluvaa. Yksityisen ja yhteisen kaupunki\u00e4\u00e4nitilan risteym\u00e4t.<\/i> <\/a>[Sounds like home: Crossings of private and common urban acoustic space] Dissertations in Education, Humanities, and Theology, no 45. Joensuu: University of Eastern Finland.<\/li>\n<li>Kyt\u00f6, M., N. Remy &amp; H. Uimonen (eds) 2013. <i><a href=\"http:\/\/europeanacousticheritage.eu\/2012\/09\/research-publication-european-acoustic-heritage\/\">European Acoustic Heritage<\/a>.<\/i> Tampere &amp; Grenoble: Tampere University of Applied Sciences &amp; CRESSON 2013.<\/li>\n<li>Kyt\u00f6, M. 2013. Soundscapes of Istanbul in Turkish film soundtracks. <i>The Oxford Handbook of New Audiovisual Aesthetics.<\/i> Eds. Claudia Gorbman, John Richardson &amp; Carol Vernallis. New York &amp; Oxford: Oxford University Press, 391\u2013413.<\/li>\n<li>Kyt\u00f6, M. 2013. Sound diary Istanbul \u2013 Acoustemological musings from the field. <i>On listening<\/i>. Eds. Angus Carlyle &amp; Cathy Lane. London: CRISAP London College of Communication, 2013, 79-82.<\/li>\n<li>Kyt\u00f6, M. 2013. Kuunnellen koettu Istanbul. <i>Kaupunkien estetiikkaa<\/i>. Toim. Tarja Rannisto &amp; Annemari Forss. Joensuu: University Press of Eastern Finland, 105\u2013122.<\/li>\n<li>Kyt\u00f6, M. 2011. \u2018We are the rebellious voice of the terraces, we are \u00c7ar\u015f\u0131\u2019: constructing a football supporter group through sound. <i>Soccer &amp; Society<\/i>, 1\/12, 2011: 77\u201393.\u00a0[Reprinted in <a href=\"https:\/\/www.routledge.com\/Sound-Studies\/Bull\/p\/book\/9780415597333\"><i>Sound studies<\/i>, vol III: Sound Spaces, Places, Cultures, and Technologies<\/a>. Ed. Michael Bull. London: Routledge, 2013.]<\/li>\n<li>Kyt\u00f6, M. 2011. <a href=\"https:\/\/etnomusikologia.journal.fi\/article\/view\/66822\">Moderni kaupunkilaisuus akustisena j\u00e4rjestyksen\u00e4 \u2013 Istanbulilaisen taloyhti\u00f6n \u00e4\u00e4nimaisemaetnografia. <\/a><i>Etnomusikologian vuosikirja<\/i> 23\/2011: 114\u2013139.<\/li>\n<li>Kyt\u00f6, M. 2010. Kerrostalokodin akustemologiaa: Yksityisen \u00e4\u00e4nitilan rakentuminen. <i>Elore<\/i> 1\/2010: 41\u201359. <a href=\"https:\/\/doi.org\/10.30666\/elore.78849\">https:\/\/doi.org\/10.30666\/elore.78849<\/a><\/li>\n<li>J\u00e4rviluoma, H., M. Kyt\u00f6, H. Uimonen &amp; N. Vikman. 2009. Acoustic environments in change \u2013 Introducing the study of six European village soundscapes in transition. <i><a href=\"https:\/\/urn.fi\/URN:ISBN:978-952-7266-82-3\">Acoustic Environments in Chance &amp; Five Village Soundscapes<\/a><\/i>. Eds. H. J\u00e4rviluoma, M. Kyt\u00f6, B. Truax, H. Uimonen, N. Vikman. Tampere &amp; Joensuu: TAMK &amp; University of Joensuu,16\u201332.<\/li>\n<li>J\u00e4rviluoma, H., M. Kyt\u00f6, H. Uimonen &amp; N. Vikman. 2009. Soundscapes in change \u2013 From 1975 to 2000. <i><a href=\"https:\/\/urn.fi\/URN:ISBN:978-952-7266-82-3\">Acoustic Environments in Chance &amp; Five Village Soundscapes<\/a><\/i>. Eds. H. J\u00e4rviluoma, M. Kyt\u00f6, B. Truax, H. Uimonen, N. Vikman. Tampere &amp; Joensuu: TAMK &amp; University of Joensuu, 224\u2013281.<\/li>\n<li>J\u00e4rviluoma, H., M. Kyt\u00f6, A. Koivum\u00e4ki, H. Uimonen (toim.) 2006.<i> Sata suomalaista \u00e4\u00e4nimaisemaa<\/i>. Suomalaisen Kirjallisuuden Seuran toimituksia 1100. Helsinki: SKS.<\/li>\n<\/ol>\n","protected":false},"excerpt":{"rendered":"<p>If there is a publication here you&#8217;d like to read but can&#8217;t access just drop me a line via email. My ORCID-page: https:\/\/orcid.org\/0000-0002-7877-5522 Kyt\u00f6, M. 2025. \u00c4\u00e4nitilan rytmeist\u00e4 Istanbulissa. Aukio. https:\/\/aukiolla.fi\/aanitilan-rytmeista-istanbulissa Tarvainen, A. &amp; M. Kyt\u00f6. 2024. Pieni kuulijuus: taustamusiikki ja \u00e4\u00e4nellinen kaupunkitila toisinkuulijoiden kokemana. Musiikki 54(4). https:\/\/doi.org\/10.51816\/musiikki.154727 Tiainen, M., K.-K. Kontturi, M. Kyt\u00f6. 2024. &hellip; <a href=\"https:\/\/users.utu.fi\/mlkyto\/publications\/\" class=\"more-link\">Continue reading <span class=\"screen-reader-text\">Publications \/\/ Julkaisut<\/span><\/a><\/p>\n","protected":false},"author":6796,"featured_media":0,"parent":0,"menu_order":0,"comment_status":"closed","ping_status":"closed","template":"","meta":{"footnotes":""},"class_list":["post-31","page","type-page","status-publish","hentry"],"_links":{"self":[{"href":"https:\/\/users.utu.fi\/mlkyto\/wp-json\/wp\/v2\/pages\/31","targetHints":{"allow":["GET"]}}],"collection":[{"href":"https:\/\/users.utu.fi\/mlkyto\/wp-json\/wp\/v2\/pages"}],"about":[{"href":"https:\/\/users.utu.fi\/mlkyto\/wp-json\/wp\/v2\/types\/page"}],"author":[{"embeddable":true,"href":"https:\/\/users.utu.fi\/mlkyto\/wp-json\/wp\/v2\/users\/6796"}],"replies":[{"embeddable":true,"href":"https:\/\/users.utu.fi\/mlkyto\/wp-json\/wp\/v2\/comments?post=31"}],"version-history":[{"count":4,"href":"https:\/\/users.utu.fi\/mlkyto\/wp-json\/wp\/v2\/pages\/31\/revisions"}],"predecessor-version":[{"id":1303,"href":"https:\/\/users.utu.fi\/mlkyto\/wp-json\/wp\/v2\/pages\/31\/revisions\/1303"}],"wp:attachment":[{"href":"https:\/\/users.utu.fi\/mlkyto\/wp-json\/wp\/v2\/media?parent=31"}],"curies":[{"name":"wp","href":"https:\/\/api.w.org\/{rel}","templated":true}]}}