{"id":32,"date":"2018-08-08T18:39:52","date_gmt":"2018-08-08T15:39:52","guid":{"rendered":"http:\/\/merikyto.net\/crafts\/"},"modified":"2025-06-17T19:28:52","modified_gmt":"2025-06-17T16:28:52","slug":"crafts","status":"publish","type":"page","link":"https:\/\/users.utu.fi\/mlkyto\/crafts\/","title":{"rendered":"Crafts \/\/ K\u00e4sit\u00f6it\u00e4"},"content":{"rendered":"<p>I have a shop in Etsy called &#8220;1640&#8221; (<a href=\"https:\/\/www.etsy.com\/shop\/1640\">take a peek<\/a>). The name was a mistake: I was googling the year Royal Academy of Turku (Turun akatemia) was established, then pressed enter in the wrong window.<\/p>\n<p>Weaving, watercolor, dressmaking, still life photos, lace crochet, stuff like that is what I do (mostly weaving at the moment).<\/p>\n<p>&nbsp;<\/p>\n<div id='gallery-1' class='gallery galleryid-32 gallery-columns-2 gallery-size-thumbnail'><figure class='gallery-item'>\n\t\t\t<div class='gallery-icon landscape'>\n\t\t\t\t<img loading=\"lazy\" decoding=\"async\" width=\"150\" height=\"150\" src=\"https:\/\/users.utu.fi\/mlkyto\/wp-content\/uploads\/sites\/1427\/2018\/08\/18209244_10155383213049430_8968768019998033184_o-150x150.jpg\" class=\"attachment-thumbnail size-thumbnail\" alt=\"\" \/>\n\t\t\t<\/div><\/figure><figure class='gallery-item'>\n\t\t\t<div class='gallery-icon landscape'>\n\t\t\t\t<img loading=\"lazy\" decoding=\"async\" width=\"150\" height=\"150\" src=\"https:\/\/users.utu.fi\/mlkyto\/wp-content\/uploads\/sites\/1427\/2018\/08\/25073361_10156063619084430_3326271239533010956_o-150x150.jpg\" class=\"attachment-thumbnail size-thumbnail\" alt=\"\" \/>\n\t\t\t<\/div><\/figure><figure class='gallery-item'>\n\t\t\t<div class='gallery-icon portrait'>\n\t\t\t\t<img loading=\"lazy\" decoding=\"async\" width=\"150\" height=\"150\" src=\"https:\/\/users.utu.fi\/mlkyto\/wp-content\/uploads\/sites\/1427\/2018\/08\/16003004_10155035447969430_3246330896390658266_n-150x150.jpg\" class=\"attachment-thumbnail size-thumbnail\" alt=\"\" \/>\n\t\t\t<\/div><\/figure><figure class='gallery-item'>\n\t\t\t<div class='gallery-icon landscape'>\n\t\t\t\t<img loading=\"lazy\" decoding=\"async\" width=\"150\" height=\"150\" src=\"https:\/\/users.utu.fi\/mlkyto\/wp-content\/uploads\/sites\/1427\/2018\/08\/15965192_10155039320369430_5518961811729831440_n-150x150.jpg\" class=\"attachment-thumbnail size-thumbnail\" alt=\"\" \/>\n\t\t\t<\/div><\/figure>\n\t\t<\/div>\n\n","protected":false},"excerpt":{"rendered":"<p>I have a shop in Etsy called &#8220;1640&#8221; (take a peek). The name was a mistake: I was googling the year Royal Academy of Turku (Turun akatemia) was established, then pressed enter in the wrong window. Weaving, watercolor, dressmaking, still life photos, lace crochet, stuff like that is what I do (mostly weaving at the &hellip; <a href=\"https:\/\/users.utu.fi\/mlkyto\/crafts\/\" class=\"more-link\">Continue reading <span class=\"screen-reader-text\">Crafts \/\/ K\u00e4sit\u00f6it\u00e4<\/span><\/a><\/p>\n","protected":false},"author":6796,"featured_media":0,"parent":0,"menu_order":0,"comment_status":"closed","ping_status":"closed","template":"","meta":{"footnotes":""},"class_list":["post-32","page","type-page","status-publish","hentry"],"_links":{"self":[{"href":"https:\/\/users.utu.fi\/mlkyto\/wp-json\/wp\/v2\/pages\/32","targetHints":{"allow":["GET"]}}],"collection":[{"href":"https:\/\/users.utu.fi\/mlkyto\/wp-json\/wp\/v2\/pages"}],"about":[{"href":"https:\/\/users.utu.fi\/mlkyto\/wp-json\/wp\/v2\/types\/page"}],"author":[{"embeddable":true,"href":"https:\/\/users.utu.fi\/mlkyto\/wp-json\/wp\/v2\/users\/6796"}],"replies":[{"embeddable":true,"href":"https:\/\/users.utu.fi\/mlkyto\/wp-json\/wp\/v2\/comments?post=32"}],"version-history":[{"count":1,"href":"https:\/\/users.utu.fi\/mlkyto\/wp-json\/wp\/v2\/pages\/32\/revisions"}],"predecessor-version":[{"id":1283,"href":"https:\/\/users.utu.fi\/mlkyto\/wp-json\/wp\/v2\/pages\/32\/revisions\/1283"}],"wp:attachment":[{"href":"https:\/\/users.utu.fi\/mlkyto\/wp-json\/wp\/v2\/media?parent=32"}],"curies":[{"name":"wp","href":"https:\/\/api.w.org\/{rel}","templated":true}]}}