{"id":468,"date":"2019-02-11T12:36:03","date_gmt":"2019-02-11T09:36:03","guid":{"rendered":"http:\/\/merikyto.net\/?page_id=468"},"modified":"2025-12-12T19:23:54","modified_gmt":"2025-12-12T17:23:54","slug":"talks","status":"publish","type":"page","link":"https:\/\/users.utu.fi\/mlkyto\/talks\/","title":{"rendered":"Talks \/\/ Esitelm\u00e4t"},"content":{"rendered":"\n<ul>\n<li>\nRytmianalyysi, kuunteleva l\u00e4sn\u00e4olo ja havainnoinnin digitaaliset apuv\u00e4lineet.  Kulttuurintutkimuksen p\u00e4iv\u00e4t, Turun yliopisto, 12.12.2025.\n<\/li>\n<li>\nAjallinen paikkatieto \u00e4\u00e4nimaisematutkimuksessa. Paikkatieto ja humanistinen ymp\u00e4rist\u00f6tutkimus -seminaari. 28.11.2025, Turun yliopisto. <\/li>\n<li>Sonic Mediations and Ecocritical Listening in Six European Villages (together with Heikki Uimonen). Ways of listening \u2014 FKL 12 International symposium on soundscape. Catania, 27 Sept 2025. <a href=\"https:\/\/m.youtube.com\/watch?v=MSg1T5gOt-s\">Video here<\/a>.\u00a0<\/li>\n<li>Background Music, Urban Soundscapes, and Small Listening. Aural Diversity Conference. University of Salford (+online), 5 Sept 2025.<\/li>\n<li>Translatability of Sonic Experience \u2013 Soundscapes, Field Recordings and Cultural Brokerage. International conference Exploring sonic cultural heritage. National center for sonic cultural heritage SOKU, Struer, Denmark, 14 Aug 2025 (together with Heikki Uimonen).<\/li>\n<li>Taustamusiikki kaupungin \u00e4\u00e4nimaisemassa. Musiikki kaikkialla ymp\u00e4rill\u00e4mme -luentosarja. Porin taidemusiikki, 2.4.2025.<\/li>\n<li>\u00c4\u00e4ni liikkeen\u00e4 ja liikuttajana. Totuus ja tolkku -filosofiakerho, Turun kaupunginkirjasto, 22.11.2024.<\/li>\n<li>Kiwaku, gogo ja iltainen ofuro: kasurikudontaa Kawashiman tekstiiliopistossa. Tampereen japanilaisen teekulttuurin yst\u00e4v\u00e4t ry, Tampereen p\u00e4\u00e4kirjasto Metso, 12.10.2024.<\/li>\n<li>Hiljaisuuden aatto: Meri Kyd\u00f6n haastattelu. Turun kaupunginkirjasto, 7.10.2024<\/li>\n<li>Adapting to non-human listening agencies. Internoise 2024, Nantes 27.8.2024<\/li>\n<li>Kirjasto \u00e4\u00e4nitilana. Lounais-Suomen kirjastop\u00e4iv\u00e4, Turun AMK, 25.4.2024.<\/li>\n<li>Musiikkikirjaston kuvakuunteluilta, Rovaniemen kirjasto, 6.3.2024.<\/li>\n<li>Kirjasto \u00e4\u00e4nitilana. Bibliothecarii Medicinae Fenniae ry:n syysseminaari, Tieteiden talo, 3.11.2023<\/li>\n<li>Musiikin ja \u00e4\u00e4nen matkassa. Tiedeilta, LUMA-keskus, 20.9.2023<\/li>\n<li>Presentation on \u201dGrief\u201d, a Seismograf Peer issue. Sound and Senses Colloquium. Sound Studies Lab, Uni Copenhagen, 12 Sept 2023.<\/li>\n<li>Zeki M\u00fcren&#8217;s Voice, Polite Affectivity and Cultural Intimacy. Presentation at Stardom Studies Revisited seminar, International Institute for Popular Culture, Turku 2 Dec 2022.<\/li>\n<li>Aural Diversity. The Listenning Academy, Galleria Titanik, Turku 12 Nov 2022.<\/li>\n<li>Sensory ethnography and digitally mediated perception. Paper at EASA 2022, Queen\u2019s University Belfast, 27 July 2022.<\/li>\n<li>Sound, environment, and auditory access. Lecture at Nature of Sound series, UNIARTS, Helsinki, 1 Feb 2022.<\/li>\n<li>Kuulodiversiteetti ja musiikintutkimus -paneelikeskustelu. Keskustelijoina Meri Kyt\u00f6, Anne Tarvainen ja Katja Sutela. Suomen Etnomusikologisen Seuran webinaari, 7.12.2021.<\/li>\n<li>Taiteilijoiden ja tutkijoiden v\u00e4linen py\u00f6re\u00e4n p\u00f6yd\u00e4n keskustelu (Meri Kyt\u00f6, Tuukka Raij, Kirsi Heimonen). Kumman \u00e4\u00e4rell\u00e4, Ruumis ja toinen: elettyj\u00e4 mahdottomuuksia taiteen ja tieteen v\u00e4liss\u00e4 -hankkeen tapahtuma, Uniarts, Helsinki, 27.11.2021.<\/li>\n<li>Studying music that no one listens to: methodologies for background music. Paper at a panel &#8220;Agencies in Sonic Ambiance Production&#8221;, Uncommon Senses III, Concordia University, Montreal, 7.5.2021.<\/li>\n<li>Miten puhua \u00e4\u00e4nest\u00e4? Esimerkkej\u00e4 \u00e4\u00e4nen sanallisesta kuvaamisesta. Alustus \u00c4\u00e4ni ja kritiikki -verkkokoulutuksessa, Suomen arvostelijain liitto ry, 6.5.2021. <a href=\"https:\/\/www.youtube.com\/channel\/UCtol7lCMueezOPp1pqTmADg\">Tallenne YouTubessa<\/a>.<\/li>\n<li>Metodologinen l\u00e4hestymistapa kausimusiikkiin kaupunkiymp\u00e4rist\u00f6iss\u00e4. Esitelm\u00e4 Suomen musiikintutkijoiden 24. valtakunnallisessa symposiumissa, Turun yliopisto &amp; \u00c5bo Akademi, 6.5.2021.<\/li>\n<li>Muuttuva aistity\u00f6 kaupallisessa kaupunki\u00e4\u00e4nitilassa. Esitelm\u00e4 Sosiologip\u00e4ivill\u00e4, Helsingin yliopisto, 11.\u201312.3.2021.<\/li>\n<li>Kulttuurinen \u00e4\u00e4nentutkimus ja sis\u00e4korvaimplantit. Esitelm\u00e4 Kulttuuri ja terveys -tutkijaseminaarissa, teemana ajankohtainen vammaistutkimus. Turun yliopisto, 9.3.2021.<\/li>\n<li>Talk to the machine: Listening to smart spaces. Sound Environment Centre, Lund\u00a0University (online), lecture for MA students, 20 October 2020. <a href=\"https:\/\/merikyto.net\/2020\/10\/20\/talk-to-the-machine-listening-to-smart-spaces-at-sound-environment-centre-lund-university\/\">References here<\/a>.<\/li>\n<li>Listening with a Machine: Cochlear Implant as Soundscape Arranger. 56th Royal Musicological Association Annual Conference 2020, Goldsmiths College (online), 7\u20139 September 2020. (<a href=\"http:\/\/auraldiversity.org\/media\/3a-3-KytoMeri-Listening-with-a-Machine.mp4\">video of the presentation<\/a> here, and panel discussion on aural diversity together with Christopher Cook, John Drever, Andrew Hugill\u00a0<a href=\"http:\/\/auraldiversity.org\/media\/AD_discussion.mp4\">here<\/a>)<\/li>\n<li>&#8216;Tis the season to do listening walks: A methodological approach to seasonal music and urban environment.\u00a0<span style=\"color: var(--color-text);font-size: 1rem\">Urban-Related Sensoria:\u00a0<\/span><span style=\"color: var(--color-text);font-size: 1rem\">Environments, Technologies, Sensobiographies \u2013\u00a0<\/span><span style=\"color: var(--color-text);font-size: 1rem\">International Conference on Sensory Transformations.\u00a0<\/span><span style=\"color: var(--color-text);font-size: 1rem\">Online, \u00a0University of Eastern Finland, <\/span><span style=\"color: var(--color-text);font-size: 1rem\">10-12 June 2020. <\/span><span style=\"color: var(--color-text);font-size: 1rem\"><a href=\"http:\/\/merikyto.net\/2020\/06\/03\/christmas-bingo-playlist\/\">Abstract here<\/a><\/span><span style=\"color: var(--color-text);font-size: 1rem\">.<\/span><\/li>\n<li><span class=\"fontbold font9\"><span class=\"fontbold font9\"><span class=\"fontbold font9\">Who Listens in the Urban Soundscape? Tactics for Background Music.\u00a0<\/span><\/span><\/span><span style=\"color: var(--color-text)\">Groove the City 2020:\u00a0<\/span><span style=\"color: var(--color-text)\">Constructing and Deconstructing Urban Spaces through Music,\u00a0<\/span><span style=\"color: var(--color-text)\">Leuphana University of L\u00fcneburg, 13.\u201315.2.<\/span><span style=\"color: var(--color-text)\">2020.<\/span><\/li>\n<li>Cochlear implant as soundscape arranger: Rethinking the signal-to-noise ratio. Aural diversity conference, University of Leicester, 30.11.\u20131.12.2019.<\/li>\n<li>Kuka kuuntelee kaupunkitilassa? Taustamusiikin k\u00e4sitteellinen tarkastelu. Esitelm\u00e4 seminaarissa\u00a0<span style=\"color: var(--color-text)\">Kuuntelun kulttuurit, medioidut \u00e4\u00e4net ja rakennetut tilat (ACMESOCS)\u00a0<\/span><span style=\"color: var(--color-text)\">Kick Off -seminaari. It\u00e4-Suomen yliopisto, Joensuu\u00a0<\/span><span style=\"color: var(--color-text)\">24.10.\u201325.10.2019.<\/span><\/li>\n<li>Listening to infrastructures. A paper at Infrastructures and inequaliies: Media indistries, digital cultures and politics. Helsinki, Finland, October 21-22, 2019.<\/li>\n<li>Regularizing sonic phenomena: Walking with a cochlear implant. A paper at Anthropology of Sound, Acoustemology, and Sensory Transformations \u2013 Past, Present, Future. Joensuu, Finland, June 4-5, 2019.<\/li>\n<li>Aural Visions: Artistic Spaces, Making Places. Roundtable with Elena Biserna and Tom Williams, organized and chaired by Miriam de Rosa, at Mapping spaces, sounding places: Geographies of sound in audiovisual media, 20.3.2019. Cremona, Italy.<\/li>\n<li>Transforming soundscapes in Finland. \u00c9cole d&#8217;Hiver, \u00c9cole Nationale Sup\u00e9rieure d&#8217;Architecture de Grenoble 31.1.2019. Grenoble, France. (Keynote, with Heikki Uimonen)<\/li>\n<li>Walking sonic commons in Venice: A case study in auditory access. Musical Freespace: Towards a Radical Politics of Musical Spaces and Musical Citizenship 13.9.2018. Venice, Italy.<\/li>\n<li>Kirjaston \u00e4\u00e4nimaisema \u2013 viihtyisyytt\u00e4, suunnittelua, kitkaa. Paluu tulevaisuuteen \u2013 asiakaspalveluymp\u00e4rist\u00f6n uudet kujeet ja vanhat metkut (Suomen tieteellinen kirjastoseura) 25.10.2018. Tieteiden talo, Helsinki.<\/li>\n<li>Heard technologies and embodiment in the digitalized soundscape. M\u00fczik ve Ifade Seminerleri \/ Music and expression seminars 27.02.2018. Istanbul, Turkki. (Keynote)<\/li>\n<li>Kuuloteknologialle annettu toimijuus: sis\u00e4korvaistute \u00e4\u00e4niymp\u00e4rist\u00f6suhteen muuttajana. Musiikintutkijoiden 22. valtakunnallinen symposium 07.03.2018. Helsinki, Suomi.<\/li>\n<li>K\u00e4velyll\u00e4 sis\u00e4korvaistutteen kanssa. STS SYMPOSIUM 2018 &#8220;Ideals and practice of interdisciplinary research&#8221; 14.06.2018. Tampere, Suomi.<\/li>\n<li>Soundscape Recordings, Cultural Brokerage and Translatability of Sonic Experience. International Conference on Exhibiting Sounds of Changes 12.06.2018. Tampere, Suomi. (Keynote)<\/li>\n<li>Radio as commons. Art for Radio? Radio for Art? 26.06.2018. Hong Kong. (Keynote, with Heikki Uimonen)<\/li>\n<li>Listening to libraries: How to and why design the library soundscape. RESHAPE 2017: People and Spaces 21.09.2017. Helsinki, Suomi. (Keynote, <a href=\"https:\/\/vimeo.com\/236368777\">recording of the talk in Vimeo<\/a>)<\/li>\n<li>The memory of the analog: Descriptions from a digitalized soundscape. The Sound of Memory 24.04.2017. London, UK.<\/li>\n<li>Radiogenic Sound Cultures in Call-in Programmes &amp; the Question of National Narrative. Music, sound, radio: Theorizing music radio 26.05.2017. K\u00f6\u00f6penhamina, Tanska. (Keynote, with Heikki Uimonen)<\/li>\n<li>Grumbling online: Neighbourhood noise, affective listening, and articulations of sonic privacy. Crossroads in Cultural Studies 2016, 16.12.2016. Sydney, Australia.<\/li>\n<li>Negotiating the acoustic community: A sonic ethnography of a housing cooperative in Istanbul. Soundspaces of the Middle East and Central Asia: Exploring the Intersection of Sound Studies and Ethnomusicology in the Middle East and Central Asia 13.05.2016. London, UK.<\/li>\n<li>Pros and Cons of Multidisciplinarity in Teaching &#8216;Media and the City&#8217; &#8211; Experiences from the School of Communication,\u00a0Media and Theatre, University of Tampere. ECREA 2016 10.11.2016. Praha, Czech Republic.<\/li>\n<li>Soundscape in libraries, new results of a research in Helsinki City Library. RESHAPE Designing the future of the library 27.09.2016. Helsinki, Suomi. (<a href=\"https:\/\/vimeo.com\/185774397\">Recording of the presentation in Vimeo<\/a>)<\/li>\n<li>Muuttuva tila ja \u00e4\u00e4nisuunnittelun haasteet: esimerkkin\u00e4 Sein\u00e4joen kirjasto. El\u00e4myksellinen arki ja ruoka -seminaari 22.04.2016. Sein\u00e4joki, Suomi.<\/li>\n<li>Analysing the Transforming Finnish Soundscapes project. Ambiances, tomorrow: 3rd International Congress on Ambiances 23.09.2016. Volos, Greece. (with Heikki Uimonen)<\/li>\n<li>Soundscapes and cultural sustainability. Culture(s) in Sustainable Futures: Theories, policies, practices 08.05.2015. Helsinki, Suomi. (with Helmi J\u00e4rviluoma, Heikki Uimonen &amp; Noora Vikman)<\/li>\n<li>Aistiva ruumis kaupunkitilaa esitt\u00e4m\u00e4ss: Kaupunkilaboratorio Kuulijaiset. Kaupunkitutkimuksen p\u00e4iv\u00e4t 11.05.2015. Tampere, Suomi.<\/li>\n<li>Amplified privacy: Recording, immersion and intimacy in urban space. Urban Media Studies: Concerns, Intersections and Challenges 24.09.2015. Zagreb, Croatia.<\/li>\n<li>Transforming Finnish Soundscapes. Minimalism Unbounded! The Fifth International Conference on Minimalist Music 25.09.2015. Turku, Suomi. (Poster, with Ari Koivum\u00e4ki, Kaisa Ruohonen, Pyry Survo, Tatu Naukkarinen &amp; Mikko Kananen)<\/li>\n<li>\u00c4\u00e4nimaisemas\u00e4velt\u00e4minen ja ymp\u00e4rist\u00f6suhteen artikulointi. Musiikki ja toiminta: musiikintutkijoiden 19. valtakunnallinen symposium 17.04.2015. Tampere, Suomi.<\/li>\n<li>Sonic Resistance: Gezi Park Protests and the Political Soundscape of Istanbul. Sound Studies: Art, Experience, Politics 09.07.2015. Cambridge, UK (with Sirin \u00d6zg\u00fcn)<\/li>\n<li>Film sound as cultural production: The praxis of sound post production in Yesilcam studios. 10th Crossroads in Cultural\u00a0Studies Conference 01.07.2014. Tampere, Suomi.<\/li>\n<li>European Acoustic Heritage Under Construction. EcHoPolis 2013 29 Sept\u20133 Oct 2013, Athens, Greece (with Nicolas Remy, Heikki Uimonen, Ari Koivum\u00e4ki, J\u00fcrgen Sch\u00f6pf &amp; Juan-Gil Lopez).<\/li>\n<li>The subjective and the objective in research: Studying sensory environments. Erasmus Summer School: Erasmus Intensive Programme, Doctoral Studies in Research Methodologies, Anadolu University, Eskisehir, Turkey, 6\u201320 June 2013.<\/li>\n<li>Representations of sonic intimacy in New Turkish Cinema. 17th Biennial Conference of the International Association for the Study of Popular Music, 24\u201328 June 2013, Gij\u00f3n, Spain.<\/li>\n<li>Busking London \u2013 Musical territories at South Bank. Nordic Sound Studies Network seminar, 16\u201318 Nov 2012, Copenhagen, Denmark.<\/li>\n<li>Articulating private and common sonic space in urban Finland and Turkey. Nordic Sound Studies Network seminar, 17-19 Aug 2012, Middelfart, Denmark.<\/li>\n<li>Private and common sonic space in Finland and Turkey. Liverpool University Music PRG seminar, 8 Mar 2012, Liverpool, UK.<\/li>\n<li>Just eavesdropping? How and why study private acoustic space. World Forum for Acoustic Ecology Conference 2011: Crossing listening paths, 3\u20137 Oct 2011, Corfu, Greece.<\/li>\n<li>\u201c11\u2019e 10 kala\u201d and representations of sonic privacy in Turkish cinema. International Symposium on Audiovisual Performance and Embodiment, 11\u201312 May 2011, University of Turku, Finland.<\/li>\n<li>Istanbul on soundtrack \u2013 Articulations of urban soundscapes in Turkish films. Society for Ethnomusicology &#8220;Sound Ecologies&#8221;, Nov 2010, Los Angeles, US.<\/li>\n<li>Sonic building blocks of Kuzguncuk community. WFAE 2010: Ideologies and ethics in the uses and abuses of sound, June 2010, Koli, Finland.<\/li>\n<li>Mediated Football Atmospheres of \u00c7ar\u015f\u0131 Supporter Group. Musicology in the 3rd Millennium, Mar 2009, Sein\u00e4joki, Finland.<\/li>\n<li>Acoustemology of a lift \u2013 A case study on the materiality of sound. Voices and Noises: Encountering the Materiality of Sound, Nov 2008, Helsinki, Finland.<\/li>\n<li>Soundscape and Emplaced Pasts \u2013 Analyzing the One Hundred Finnish Soundscapes. InterNoise 2007, 28\u201331 Aug 2007, Istanbul, Turkey (with Heikki Uimonen &amp; Helmi J\u00e4rviluoma).<\/li>\n<\/ul>\n\n\n\n<p>&nbsp;<\/p>\n\n\n\n<p>&nbsp;<\/p>\n","protected":false},"excerpt":{"rendered":"<p>Rytmianalyysi, kuunteleva l\u00e4sn\u00e4olo ja havainnoinnin digitaaliset apuv\u00e4lineet. Kulttuurintutkimuksen p\u00e4iv\u00e4t, Turun yliopisto, 12.12.2025. Ajallinen paikkatieto \u00e4\u00e4nimaisematutkimuksessa. Paikkatieto ja humanistinen ymp\u00e4rist\u00f6tutkimus -seminaari. 28.11.2025, Turun yliopisto. Sonic Mediations and Ecocritical Listening in Six European Villages (together with Heikki Uimonen). Ways of listening \u2014 FKL 12 International symposium on soundscape. Catania, 27 Sept 2025. Video here.\u00a0 Background Music, Urban &hellip; <a href=\"https:\/\/users.utu.fi\/mlkyto\/talks\/\" class=\"more-link\">Continue reading <span class=\"screen-reader-text\">Talks \/\/ Esitelm\u00e4t<\/span><\/a><\/p>\n","protected":false},"author":6796,"featured_media":0,"parent":0,"menu_order":0,"comment_status":"closed","ping_status":"closed","template":"","meta":{"footnotes":""},"class_list":["post-468","page","type-page","status-publish","hentry"],"_links":{"self":[{"href":"https:\/\/users.utu.fi\/mlkyto\/wp-json\/wp\/v2\/pages\/468","targetHints":{"allow":["GET"]}}],"collection":[{"href":"https:\/\/users.utu.fi\/mlkyto\/wp-json\/wp\/v2\/pages"}],"about":[{"href":"https:\/\/users.utu.fi\/mlkyto\/wp-json\/wp\/v2\/types\/page"}],"author":[{"embeddable":true,"href":"https:\/\/users.utu.fi\/mlkyto\/wp-json\/wp\/v2\/users\/6796"}],"replies":[{"embeddable":true,"href":"https:\/\/users.utu.fi\/mlkyto\/wp-json\/wp\/v2\/comments?post=468"}],"version-history":[{"count":7,"href":"https:\/\/users.utu.fi\/mlkyto\/wp-json\/wp\/v2\/pages\/468\/revisions"}],"predecessor-version":[{"id":1308,"href":"https:\/\/users.utu.fi\/mlkyto\/wp-json\/wp\/v2\/pages\/468\/revisions\/1308"}],"wp:attachment":[{"href":"https:\/\/users.utu.fi\/mlkyto\/wp-json\/wp\/v2\/media?parent=468"}],"curies":[{"name":"wp","href":"https:\/\/api.w.org\/{rel}","templated":true}]}}