{"id":90,"date":"2017-07-05T13:18:35","date_gmt":"2017-07-05T13:18:35","guid":{"rendered":"http:\/\/users.utu.fi\/mmmann\/?page_id=90"},"modified":"2017-07-05T14:03:10","modified_gmt":"2017-07-05T14:03:10","slug":"publications","status":"publish","type":"page","link":"https:\/\/users.utu.fi\/mmmann\/publications\/","title":{"rendered":"Publications"},"content":{"rendered":"<p><b>Journal articles &amp; book chapters<\/b><\/p>\n<p><span style=\"font-weight: 400\">(2016) Caught in a Bad Romance? Affective Attachments in Contemporary Academia. In Adkins, Lisa, Maryanne Dever (eds.) <\/span><i><span style=\"font-weight: 400\">The Post-Fordist Sexual Contract: Working and Living in Contingency<\/span><\/i><span style=\"font-weight: 400\">. Basingstoke: Palgrave Macmillan, 71\u201388. <\/span><\/p>\n<p><span style=\"font-weight: 400\">(2014) <\/span><a href=\"http:\/\/journals.sagepub.com\/doi\/abs\/10.1177\/1367549413508099\"><span style=\"font-weight: 400\">Reading the Faces of Hunger: Disturbing Images of Child Malnutrition in the World Press Photo Competition<\/span><\/a><span style=\"font-weight: 400\">. <\/span><i><span style=\"font-weight: 400\">European Journal of Cultural Studies<\/span><\/i><span style=\"font-weight: 400\"> 17(2): 134\u2013148.<\/span><\/p>\n<p><span style=\"font-weight: 400\">(2013) Kulttuurisia k\u00e4\u00e4nteit\u00e4: Luokan kuvaaminen ja arvottaminen <\/span><i><span style=\"font-weight: 400\">Helsingin Sanomien<\/span><\/i><span style=\"font-weight: 400\"> \u2019Luokkakuvia\u2019-sarjassa [Cultural Turns: Representing and Valuing Class in Article Series \u2018Class Images\u2019 in <\/span><i><span style=\"font-weight: 400\">Helsingin Sanomat<\/span><\/i><span style=\"font-weight: 400\">] (written with Lotta K\u00e4hk\u00f6nen and Mari Pajala). <\/span><a href=\"https:\/\/tampub.uta.fi\/handle\/10024\/68074\"><span style=\"font-weight: 400\">Journalismikritiikin vuosikirja 2013<\/span><\/a><span style=\"font-weight: 400\"> [The Yearbook of Journalism Critique]. <\/span><i><span style=\"font-weight: 400\">Media &amp; Viestint\u00e4 <\/span><\/i><span style=\"font-weight: 400\">[Media &amp; Communication] 36(1): 107\u2013120.<\/span><\/p>\n<p><span style=\"font-weight: 400\">(2012) Julman optimistista onnellisuuspolitiikkaa [Cruel Optimism &amp; Happiness Policies]. In Lempi\u00e4inen, Kirsti, Taru Lepp\u00e4nen &amp; Susanna Paasonen (eds.) <\/span><i><span style=\"font-weight: 400\">Erot ja etiikka feministisess\u00e4 tutkimuksessa. <\/span><\/i><span style=\"font-weight: 400\">[Ethics and Differences in Feminist Research]. Turku: Utukirjat, 163\u2013184.<\/span><\/p>\n<p><b>Edited books &amp; special issues<\/b><\/p>\n<p><span style=\"font-weight: 400\">(2016) <\/span><a href=\"http:\/\/www.ephemerajournal.org\/issue\/affective-capitalism\"><span style=\"font-weight: 400\">Affective Capitalism<\/span><\/a><span style=\"font-weight: 400\"> (co-edited with Tero Karppi, Lotta K\u00e4hk\u00f6nen, Mari Pajala &amp; Tanja Sihvonen. <\/span><i><span style=\"font-weight: 400\">ephemera: theory &amp; politics in organization<\/span><\/i><span style=\"font-weight: 400\"> 16(4).<\/span><\/p>\n<p><b>Thesis (monograph)<\/b><\/p>\n<p><span style=\"font-weight: 400\">(2015) <\/span><a href=\"http:\/\/www.doria.fi\/handle\/10024\/113529\"><span style=\"font-weight: 400\">Affektitehdas. Ty\u00f6n rationalisoinnin historiallisia jatkumoita<\/span><\/a><span style=\"font-weight: 400\"> [Affect Factory: Rationalisation of Labour in Historical Continuums]. Annales Universitatis Turkuensis C 406.<\/span><\/p>\n<p><b>Non-refereed articles &amp; writings<\/b><\/p>\n<p><span style=\"font-weight: 400\">(2017) Kansalaistaito \u2013 Kriittisyytt\u00e4 vai alamaisuutta (written with Hanna Yl\u00f6stalo). <\/span><i><span style=\"font-weight: 400\">Niin &amp; N\u00e4in <\/span><\/i><span style=\"font-weight: 400\">[Finnish Journal of Philosophy] 23(1): 53\u201357. \u00a0<\/span><\/p>\n<p><span style=\"font-weight: 400\">(2016) <\/span><a href=\"http:\/\/www.ephemerajournal.org\/contribution\/affective-capitalism-investments-and-investigations\"><span style=\"font-weight: 400\">Affective capitalism: Investments and investigations.<\/span><\/a><span style=\"font-weight: 400\"> (<\/span><span style=\"font-weight: 400\">Introduction to Affective Capitalism special issue written with Tero Karppi, Lotta K\u00e4hk\u00f6nen, Mari Pajala &amp; Tanja Sihvonen). <\/span><i><span style=\"font-weight: 400\">ephemera: theory &amp; politics in organization<\/span><\/i><span style=\"font-weight: 400\"> 16(4): 1\u201313.<\/span><\/p>\n<p><span style=\"font-weight: 400\">(2016) Ty\u00f6n affektiivinen rationalisointi [Affective rationalisation of labour] [Lectio praecursoria]. <\/span><i><span style=\"font-weight: 400\">Sukupuolentutkimus <\/span><\/i><span style=\"font-weight: 400\">[Finnish Gender Studies Journal] 29(1): 57\u201362.<\/span><\/p>\n<p><span style=\"font-weight: 400\">(2016) <\/span><a href=\"http:\/\/www.tasaarvovaje.fi\/?p=646\"><span style=\"font-weight: 400\">Ty\u00f6nv\u00e4litt\u00e4j\u00e4palvelun tuottajalla on v\u00e4li\u00e4 <\/span><\/a><span style=\"font-weight: 400\">[blog post] <\/span><i><span style=\"font-weight: 400\">Tasa-arvovaje<\/span><\/i><span style=\"font-weight: 400\"> [The Gender Equality Deficit Project]<\/span><span style=\"font-weight: 400\"> (<\/span><span style=\"font-weight: 400\">21 June). <\/span><\/p>\n<p><span style=\"font-weight: 400\">(2015) Tehostamista ilman avoimuutta. <\/span><a href=\"https:\/\/pardia-fi-bin.directo.fi\/@Bin\/4de1d4a58c3dd16e3b05d84b8eab8b12\/1499173499\/application\/pdf\/9379679\/Universitas012016.pdf\"><i><span style=\"font-weight: 400\">Universitas<\/span><\/i><\/a> <span style=\"font-weight: 400\">[Association of Finnish University and Research Establishment Staff YHL\u2019s <\/span><span style=\"font-weight: 400\">membership <\/span><span style=\"font-weight: 400\">magazine], 16\u201317. \u00a0\u00a0<\/span><\/p>\n<p><span style=\"font-weight: 400\">(2012) Televisiomaku paljastaa yhteiskuntaluokan? Luokan tutkimuksen metodologisia haasteita [Tv-taste Reveals Class? Methodological Challenges in Class Research] (written with Lotta K\u00e4hk\u00f6nen &amp; Mari Pajala). <\/span><i><span style=\"font-weight: 400\">Sosiologia<\/span><\/i><span style=\"font-weight: 400\"> [Finnish Journal of Sociology], 49(4): 335\u2013341.<\/span><\/p>\n<p><span style=\"font-weight: 400\">(2011) Ja sit se ty\u00f6 tulis naiseksi\u2026? Prekaarit ty\u00f6markkinat ja sukupuoli. [And Then Work Becomes a Woman\u2026? Gendered Precarious Labour Markets]. <\/span><i><span style=\"font-weight: 400\">Naistutkimus <\/span><\/i><span style=\"font-weight: 400\">[Finnish Gender Studies Journal], 24(4): 47\u201352.<\/span><\/p>\n<p><strong>Book reviews<\/strong><\/p>\n<p>(2015) Ty\u00f6v\u00e4enluokan \u00e4\u00e4ni\u00e4.\u00a0<i>Kulttuurintutkimus <\/i>[Finnish Cultural Studies Journal] 32(3): 39\u201342.<\/p>\n<p>(2013) Lavea ote yhteiskuntaluokan merkityksiin Suomessa. <i>Naistutkimus <\/i>[Finnish Gender Studies Journal], 26(3): 58\u201360.<\/p>\n<p>(2013) Monitieteist\u00e4 tutkimusta sukupuolesta.\u00a0<i>Kulttuurintutkimus <\/i>[Finnish Cultural Studies Journal], 30(1): 64\u201366.<\/p>\n<p><span style=\"font-weight: 400\">(2007) Accountability and the Politics of Affinity \u2013 Nomadic Ethics against Profit-minded Cynicism. <\/span><i><span style=\"font-weight: 400\">Nora &#8211; Nordic Journal of Feminist and Gender Research<\/span><\/i><span style=\"font-weight: 400\">,<\/span> <span style=\"font-weight: 400\">15(2-3): 199\u2013203. <\/span><\/p>\n<p>&nbsp;<\/p>\n","protected":false},"excerpt":{"rendered":"<p>Journal articles &amp; book chapters (2016) Caught in a Bad Romance? Affective Attachments in Contemporary Academia. In Adkins, Lisa, Maryanne Dever (eds.) The Post-Fordist Sexual Contract: Working and Living in Contingency. Basingstoke: Palgrave Macmillan, 71\u201388. (2014) Reading the Faces of Hunger: Disturbing Images of Child Malnutrition in the World Press Photo Competition. European Journal of &hellip; <a href=\"https:\/\/users.utu.fi\/mmmann\/publications\/\" class=\"more-link\">Continue reading <span class=\"screen-reader-text\">Publications<\/span><\/a><\/p>\n","protected":false},"author":839,"featured_media":0,"parent":0,"menu_order":0,"comment_status":"closed","ping_status":"closed","template":"","meta":{"footnotes":""},"class_list":["post-90","page","type-page","status-publish","hentry"],"_links":{"self":[{"href":"https:\/\/users.utu.fi\/mmmann\/wp-json\/wp\/v2\/pages\/90","targetHints":{"allow":["GET"]}}],"collection":[{"href":"https:\/\/users.utu.fi\/mmmann\/wp-json\/wp\/v2\/pages"}],"about":[{"href":"https:\/\/users.utu.fi\/mmmann\/wp-json\/wp\/v2\/types\/page"}],"author":[{"embeddable":true,"href":"https:\/\/users.utu.fi\/mmmann\/wp-json\/wp\/v2\/users\/839"}],"replies":[{"embeddable":true,"href":"https:\/\/users.utu.fi\/mmmann\/wp-json\/wp\/v2\/comments?post=90"}],"version-history":[{"count":3,"href":"https:\/\/users.utu.fi\/mmmann\/wp-json\/wp\/v2\/pages\/90\/revisions"}],"predecessor-version":[{"id":120,"href":"https:\/\/users.utu.fi\/mmmann\/wp-json\/wp\/v2\/pages\/90\/revisions\/120"}],"wp:attachment":[{"href":"https:\/\/users.utu.fi\/mmmann\/wp-json\/wp\/v2\/media?parent=90"}],"curies":[{"name":"wp","href":"https:\/\/api.w.org\/{rel}","templated":true}]}}