{"id":5,"date":"2018-09-17T06:17:16","date_gmt":"2018-09-17T06:17:16","guid":{"rendered":"http:\/\/users.utu.fi\/mthlei\/?page_id=2"},"modified":"2018-10-19T13:02:43","modified_gmt":"2018-10-19T13:02:43","slug":"sample-page","status":"publish","type":"page","link":"https:\/\/users.utu.fi\/mthlei\/sample-page\/","title":{"rendered":"About"},"content":{"rendered":"<p>T\u00e4h\u00e4n tulee jotain yleisteksti\u00e4 joka p\u00e4\u00e4asiassa pysyy paikallaan.<\/p>\n","protected":false},"excerpt":{"rendered":"<p>T\u00e4h\u00e4n tulee jotain yleisteksti\u00e4 joka p\u00e4\u00e4asiassa pysyy paikallaan.<\/p>\n","protected":false},"author":2945,"featured_media":0,"parent":0,"menu_order":0,"comment_status":"closed","ping_status":"open","template":"","meta":{"footnotes":""},"class_list":["post-5","page","type-page","status-publish","hentry","post-preview"],"_links":{"self":[{"href":"https:\/\/users.utu.fi\/mthlei\/wp-json\/wp\/v2\/pages\/5","targetHints":{"allow":["GET"]}}],"collection":[{"href":"https:\/\/users.utu.fi\/mthlei\/wp-json\/wp\/v2\/pages"}],"about":[{"href":"https:\/\/users.utu.fi\/mthlei\/wp-json\/wp\/v2\/types\/page"}],"author":[{"embeddable":true,"href":"https:\/\/users.utu.fi\/mthlei\/wp-json\/wp\/v2\/users\/2945"}],"replies":[{"embeddable":true,"href":"https:\/\/users.utu.fi\/mthlei\/wp-json\/wp\/v2\/comments?post=5"}],"version-history":[{"count":2,"href":"https:\/\/users.utu.fi\/mthlei\/wp-json\/wp\/v2\/pages\/5\/revisions"}],"predecessor-version":[{"id":44,"href":"https:\/\/users.utu.fi\/mthlei\/wp-json\/wp\/v2\/pages\/5\/revisions\/44"}],"wp:attachment":[{"href":"https:\/\/users.utu.fi\/mthlei\/wp-json\/wp\/v2\/media?parent=5"}],"curies":[{"name":"wp","href":"https:\/\/api.w.org\/{rel}","templated":true}]}}