{"id":18,"date":"2020-09-07T18:42:37","date_gmt":"2020-09-07T18:42:37","guid":{"rendered":"http:\/\/users.utu.fi\/nmsnel\/?page_id=18"},"modified":"2020-09-07T18:42:37","modified_gmt":"2020-09-07T18:42:37","slug":"opiskelijasta-blogin-takana","status":"publish","type":"page","link":"https:\/\/users.utu.fi\/nmsnel\/opiskelijasta-blogin-takana\/","title":{"rendered":"Opiskelijasta blogin takana&#8230;"},"content":{"rendered":"<p><em>Miss\u00e4 opiskelet \/ mit\u00e4 opiskelet?<\/em><br \/>\n&#8211; Raumalla opiskelen ja luokanopettajaksi olisi ainakin tarkoitus valmistua.<\/p>\n<p><em>Mist\u00e4 olet kotoisin?<\/em><br \/>\n&#8211; Turun seudulta \ud83d\ude09<\/p>\n<p><em>Miksi kirjoittaa blogia kaiken opiskelun keskell\u00e4?<\/em><br \/>\n&#8211; Koska koen, ett\u00e4 kirjoittaminen p\u00e4iv\u00e4n\/viikon\/kuukauden asioista auttaa minua henkisesti p\u00e4rj\u00e4\u00e4m\u00e4\u00e4n. Tulen kuitenkin olemaan asunnossani &#8220;jumissa&#8221;, kun ei kampukselle tarvitse menn\u00e4 joka p\u00e4iv\u00e4, niin ainakin p\u00e4\u00e4sen jossain muodossa kertomaan, ett\u00e4 miten t\u00e4m\u00e4 korona vaikuttaa omaan opiskeluuni ja minun el\u00e4m\u00e4\u00e4ni.<\/p>\n<p><em>Miksi kirjoittaa koronasta, siit\u00e4 kuulee jo liikaa uutisissa. Keksi joku parempi aihe, josta kirjoittaa!<\/em><br \/>\n&#8211; Kuinka mukava kommentti :)) Ja koronasta siksi, ett\u00e4 vaikka uutisissa paljon puhutaan koronasta yhteiskunnallisesta n\u00e4k\u00f6kulmasta, niin todella paljon n\u00e4kyy uutisia siit\u00e4, miten korona vaikuttaa ala- ja yl\u00e4koulumaailmoissa, verrattuna toisen asteen koulutukseen ja yliopistotason koulutuksiin. Haluan omalla kirjoittamisellani antaa oman n\u00e4k\u00f6kulmani t\u00e4h\u00e4n vaikeaan aikaan ja sen, milt\u00e4 se opiskelijoiden maailma t\u00e4ll\u00e4 hetkell\u00e4 koronan takia n\u00e4ytt\u00e4\u00e4.<\/p>\n","protected":false},"excerpt":{"rendered":"<p>Miss\u00e4 opiskelet \/ mit\u00e4 opiskelet? &#8211; Raumalla opiskelen ja luokanopettajaksi olisi ainakin tarkoitus valmistua. Mist\u00e4 olet kotoisin? &#8211; Turun seudulta \ud83d\ude09 Miksi kirjoittaa blogia kaiken&hellip; <a href=\"https:\/\/users.utu.fi\/nmsnel\/opiskelijasta-blogin-takana\/\" class=\"more-link\">Continue reading <span class=\"screen-reader-text\">Opiskelijasta blogin takana&#8230;<\/span><\/a><\/p>\n","protected":false},"author":6114,"featured_media":0,"parent":0,"menu_order":0,"comment_status":"closed","ping_status":"closed","template":"","meta":{"footnotes":""},"class_list":["post-18","page","type-page","status-publish","hentry"],"_links":{"self":[{"href":"https:\/\/users.utu.fi\/nmsnel\/wp-json\/wp\/v2\/pages\/18","targetHints":{"allow":["GET"]}}],"collection":[{"href":"https:\/\/users.utu.fi\/nmsnel\/wp-json\/wp\/v2\/pages"}],"about":[{"href":"https:\/\/users.utu.fi\/nmsnel\/wp-json\/wp\/v2\/types\/page"}],"author":[{"embeddable":true,"href":"https:\/\/users.utu.fi\/nmsnel\/wp-json\/wp\/v2\/users\/6114"}],"replies":[{"embeddable":true,"href":"https:\/\/users.utu.fi\/nmsnel\/wp-json\/wp\/v2\/comments?post=18"}],"version-history":[{"count":1,"href":"https:\/\/users.utu.fi\/nmsnel\/wp-json\/wp\/v2\/pages\/18\/revisions"}],"predecessor-version":[{"id":21,"href":"https:\/\/users.utu.fi\/nmsnel\/wp-json\/wp\/v2\/pages\/18\/revisions\/21"}],"wp:attachment":[{"href":"https:\/\/users.utu.fi\/nmsnel\/wp-json\/wp\/v2\/media?parent=18"}],"curies":[{"name":"wp","href":"https:\/\/api.w.org\/{rel}","templated":true}]}}