{"id":30,"date":"2017-04-11T17:24:26","date_gmt":"2017-04-11T17:24:26","guid":{"rendered":"http:\/\/users.utu.fi\/olpeli\/?page_id=30"},"modified":"2017-04-11T17:24:26","modified_gmt":"2017-04-11T17:24:26","slug":"buenas-migas-1-lisaharjoituksia","status":"publish","type":"page","link":"https:\/\/users.utu.fi\/olpeli\/buenas-migas-1-lisaharjoituksia\/","title":{"rendered":"Buenas Migas 1 lis\u00e4harjoituksia"},"content":{"rendered":"<h3>Lecci\u00f3n 1<\/h3>\n<p>&nbsp;<\/p>\n<h3>Lecci\u00f3n 2<\/h3>\n<p>&nbsp;<\/p>\n<h3>Lecci\u00f3n 3<\/h3>\n","protected":false},"excerpt":{"rendered":"<p>Lecci\u00f3n 1 &nbsp; Lecci\u00f3n 2 &nbsp; Lecci\u00f3n 3<\/p>\n","protected":false},"author":243,"featured_media":0,"parent":0,"menu_order":0,"comment_status":"closed","ping_status":"closed","template":"","meta":{"footnotes":""},"class_list":["post-30","page","type-page","status-publish","hentry"],"_links":{"self":[{"href":"https:\/\/users.utu.fi\/olpeli\/wp-json\/wp\/v2\/pages\/30","targetHints":{"allow":["GET"]}}],"collection":[{"href":"https:\/\/users.utu.fi\/olpeli\/wp-json\/wp\/v2\/pages"}],"about":[{"href":"https:\/\/users.utu.fi\/olpeli\/wp-json\/wp\/v2\/types\/page"}],"author":[{"embeddable":true,"href":"https:\/\/users.utu.fi\/olpeli\/wp-json\/wp\/v2\/users\/243"}],"replies":[{"embeddable":true,"href":"https:\/\/users.utu.fi\/olpeli\/wp-json\/wp\/v2\/comments?post=30"}],"version-history":[{"count":1,"href":"https:\/\/users.utu.fi\/olpeli\/wp-json\/wp\/v2\/pages\/30\/revisions"}],"predecessor-version":[{"id":33,"href":"https:\/\/users.utu.fi\/olpeli\/wp-json\/wp\/v2\/pages\/30\/revisions\/33"}],"wp:attachment":[{"href":"https:\/\/users.utu.fi\/olpeli\/wp-json\/wp\/v2\/media?parent=30"}],"curies":[{"name":"wp","href":"https:\/\/api.w.org\/{rel}","templated":true}]}}