{"id":773,"date":"2022-05-19T20:57:08","date_gmt":"2022-05-19T18:57:08","guid":{"rendered":"https:\/\/users.utu.fi\/pahjor\/?page_id=773"},"modified":"2026-03-01T12:22:25","modified_gmt":"2026-03-01T10:22:25","slug":"hei","status":"publish","type":"page","link":"https:\/\/users.utu.fi\/pahjor\/","title":{"rendered":"Moi!"},"content":{"rendered":"\n<p>Olen Paavo Jordman ja opiskelen kulttuurien tutkimusta Turun yliopistossa. <\/p>\n\n\n<div class=\"wp-block-image is-style-default\">\n<figure class=\"alignright size-large is-resized\"><img decoding=\"async\" width=\"766\" height=\"1024\" data-src=\"https:\/\/users.utu.fi\/pahjor\/wp-content\/uploads\/sites\/940\/2021\/09\/1630804881989-766x1024.jpg\" alt=\"\" class=\"wp-image-408 lazyload\" style=\"--smush-placeholder-width: 766px; --smush-placeholder-aspect-ratio: 766\/1024;width:156px;height:211px\" src=\"data:image\/svg+xml;base64,PHN2ZyB3aWR0aD0iMSIgaGVpZ2h0PSIxIiB4bWxucz0iaHR0cDovL3d3dy53My5vcmcvMjAwMC9zdmciPjwvc3ZnPg==\" \/><\/figure><\/div>\n\n\n<p>T\u00e4ss\u00e4 linkkej\u00e4 t\u00f6ihini:<\/p>\n\n\n\n<div class=\"wp-block-buttons is-layout-flex wp-block-buttons-is-layout-flex\">\n<div class=\"wp-block-button\"><a class=\"wp-block-button__link wp-element-button\" href=\"https:\/\/users.utu.fi\/pahjor\/perinto\/\">miksi etnologi ei juhli? ja muita perint\u00f6prosesseja<\/a><\/div>\n<\/div>\n\n\n\n<p><\/p>\n\n\n\n<div class=\"wp-block-buttons is-layout-flex wp-block-buttons-is-layout-flex\">\n<div class=\"wp-block-button\"><a class=\"wp-block-button__link wp-element-button\" href=\"https:\/\/users.utu.fi\/pahjor\/maisema\/\">rantaviivoja vai yhteismuotoutumisia? -esitelm\u00e4<\/a><\/div>\n<\/div>\n\n\n\n<p><\/p>\n\n\n\n<div class=\"wp-block-buttons is-layout-flex wp-block-buttons-is-layout-flex\">\n<div class=\"wp-block-button\"><a class=\"wp-block-button__link wp-element-button\" href=\"https:\/\/users.utu.fi\/pahjor\/nbrc2023\/\">the coastlines arts experiment<\/a><\/div>\n<\/div>\n\n\n\n<p><\/p>\n\n\n\n<div class=\"wp-block-buttons is-layout-flex wp-block-buttons-is-layout-flex\">\n<div class=\"wp-block-button\"><a class=\"wp-block-button__link wp-element-button\" href=\"https:\/\/users.utu.fi\/pahjor\/aquatic-representations\/\">cultural mapping of the bothnian sea<\/a><\/div>\n<\/div>\n\n\n\n<p><\/p>\n\n\n\n<div class=\"wp-block-columns is-layout-flex wp-container-core-columns-is-layout-9d6595d7 wp-block-columns-is-layout-flex\">\n<div class=\"wp-block-column is-layout-flow wp-block-column-is-layout-flow\">\n<div class=\"wp-block-buttons is-layout-flex wp-block-buttons-is-layout-flex\">\n<div class=\"wp-block-button\"><a class=\"wp-block-button__link wp-element-button\" href=\"http:\/\/dx.doi.org\/10.13140\/RG.2.2.14171.85289\">tutkielma kosteikoiden merkityksist\u00e4<\/a><\/div>\n<\/div>\n<\/div>\n<\/div>\n\n\n\n<div class=\"wp-block-buttons is-layout-flex wp-block-buttons-is-layout-flex\">\n<div class=\"wp-block-button\"><a class=\"wp-block-button__link wp-element-button\" href=\"https:\/\/users.utu.fi\/pahjor\/paikkatieto\">paikkatietoanalyysi aarrevalkeista<\/a><\/div>\n<\/div>\n\n\n\n<p><\/p>\n\n\n\n<div class=\"wp-block-buttons is-layout-flex wp-block-buttons-is-layout-flex\">\n<div class=\"wp-block-button\"><a class=\"wp-block-button__link wp-element-button\" href=\"https:\/\/users.utu.fi\/pahjor\/kenttatyoraportti\/\">kentt\u00e4ty\u00f6raportti pomponrahkalta<\/a><\/div>\n<\/div>\n\n\n\n<p><\/p>\n\n\n\n<div class=\"wp-block-buttons is-layout-flex wp-block-buttons-is-layout-flex\">\n<div class=\"wp-block-button\"><a class=\"wp-block-button__link wp-element-button\" href=\"https:\/\/users.utu.fi\/pahjor\/aineellisen-kulttuurin-essee\/\">toilettilaukun merkitysanalyysi<\/a><\/div>\n<\/div>\n\n\n\n<p><\/p>\n\n\n\n<p>Yhteystietoni:<br>044 2000 612<br><a href=\"mailto:paavo.h.jordman@utu.fi\">paavo.h.jordman@utu.fi<\/a><\/p>\n\n\n\n<p><\/p>\n","protected":false},"excerpt":{"rendered":"<p>Olen Paavo Jordman ja opiskelen kulttuurien tutkimusta Turun yliopistossa. T\u00e4ss\u00e4 linkkej\u00e4 t\u00f6ihini: Yhteystietoni:044 2000 612paavo.h.jordman@utu.fi<\/p>\n","protected":false},"author":4388,"featured_media":0,"parent":0,"menu_order":0,"comment_status":"closed","ping_status":"closed","template":"","meta":{"footnotes":""},"class_list":["post-773","page","type-page","status-publish","hentry"],"_links":{"self":[{"href":"https:\/\/users.utu.fi\/pahjor\/wp-json\/wp\/v2\/pages\/773","targetHints":{"allow":["GET"]}}],"collection":[{"href":"https:\/\/users.utu.fi\/pahjor\/wp-json\/wp\/v2\/pages"}],"about":[{"href":"https:\/\/users.utu.fi\/pahjor\/wp-json\/wp\/v2\/types\/page"}],"author":[{"embeddable":true,"href":"https:\/\/users.utu.fi\/pahjor\/wp-json\/wp\/v2\/users\/4388"}],"replies":[{"embeddable":true,"href":"https:\/\/users.utu.fi\/pahjor\/wp-json\/wp\/v2\/comments?post=773"}],"version-history":[{"count":24,"href":"https:\/\/users.utu.fi\/pahjor\/wp-json\/wp\/v2\/pages\/773\/revisions"}],"predecessor-version":[{"id":830,"href":"https:\/\/users.utu.fi\/pahjor\/wp-json\/wp\/v2\/pages\/773\/revisions\/830"}],"wp:attachment":[{"href":"https:\/\/users.utu.fi\/pahjor\/wp-json\/wp\/v2\/media?parent=773"}],"curies":[{"name":"wp","href":"https:\/\/api.w.org\/{rel}","templated":true}]}}