{"id":1173,"date":"2023-08-08T06:55:06","date_gmt":"2023-08-08T06:55:06","guid":{"rendered":"https:\/\/users.utu.fi\/paijalz\/?page_id=1173"},"modified":"2025-09-12T08:51:59","modified_gmt":"2025-09-12T08:51:59","slug":"media","status":"publish","type":"page","link":"https:\/\/users.utu.fi\/paijalz\/media\/","title":{"rendered":"Media"},"content":{"rendered":"<p><a href=\"http:\/\/Lapsista tuli Suomessa luokkakysymys vain 15 vuodessa\">Lapsista tuli Suomessa luokkakysymys vain 15 vuodessa<\/a>. Helsingin Sanomat 24.7.2025.<\/p>\n<p><a href=\"https:\/\/www.ts.fi\/uutiset\/6697809\">Tutkijat Suomi-Areenassa: &#8220;T\u00e4ysin ep\u00e4realistista, ett\u00e4 perhepoliittisilla etuuksilla saadaan nostettua syntyvyytt\u00e4&#8221;<\/a>. Turun Sanomat 25.6.2025.<\/p>\n<p><a href=\"https:\/\/suomenkuvalehti.fi\/paajutut\/moni-lykkaa-lapsihaaveita-koska-raha-huolettaa-vanhemmuus-on-jo-osin-luokkakysymys\/?shared=1317699-afe7bc98-999\">Rahasta kiinni<\/a>. Suomen Kuvalehti. 20.2.2025.<\/p>\n<p>The relationship recession is going global. <a href=\"https:\/\/www.ft.com\/content\/43e2b4f6-5ab7-4c47-b9fd-d611c36dad74\">Financial Times<\/a> 11.1.2025.<\/p>\n<p style=\"font-weight: 400\">Romahtaako Suomi ilman maahanmuuttoa? Yle A-talk TV discussion. 24.10.2024. <a href=\"https:\/\/areena.yle.fi\/1-66931200\">https:\/\/areena.yle.fi\/1-66931200<\/a><\/p>\n<p>&#8220;<a href=\"https:\/\/yle.fi\/a\/74-20117456\">Asiantuntija: Alle 30-vuotiaille ehdotettu vauvabonus tukisi keskiluokkaa, joka muutenkin saa eniten lapsia<\/a>&#8220;. Yle 11.10.2024.<\/p>\n<p>&#8220;<a href=\"https:\/\/yle.fi\/a\/74-20106092\">Suomen tulevaisuus ei ole niin toivoton kuin ehk\u00e4 luulit \u2013 kolme professoria kertoo, miksi<\/a>&#8220;. Yle 25.8.2024.<\/p>\n<p><a href=\"https:\/\/yle.fi\/a\/74-20098235\">&#8220;Yli kriittisten vuosien<\/a>&#8220;. Yle 2.8.2024. An online article, TV news and Radio Suomi.<\/p>\n<p>&#8220;Declining birth rates. Re-accelerating in Finland and France&#8221;. The Nikkei 18.5.2024 (in Japanese).<\/p>\n<p>&#8220;<a href=\"https:\/\/www.utu.fi\/fi\/ajankohtaista\/aurora\/kymmenen-kysymysta-vajoavasta-syntyvyydesta\">Kymmenen kysymyst\u00e4 vajoavasta syntyvyydest\u00e4<\/a>&#8220;. Aurora (magazine) 3\/2024. 8.5.2024.<br \/>\nIn English: <a href=\"https:\/\/www.utu.fi\/en\/news\/aurora-online-magazine\/ten-questions-on-the-declining-birth-rate\">&#8220;Ten questions on the declining birth rate<\/a>&#8220;. Aurora 3\/2024.<\/p>\n<p><a href=\"https:\/\/www.hs.fi\/visio\/art-2000010385156.html\">&#8220;Uusi tilasto muuttaa tarinaa, jota korkeakoulutettujen lapsettomuudesta on kerrottu. \u201dOn hyvin j\u00e4nnitt\u00e4v\u00e4\u00e4, mit\u00e4 t\u00e4lle ryhm\u00e4lle tapahtuu seuraavaksi<\/a>.\u201d&#8221; Helsingin Sanomat 1.5.2024.<\/p>\n<p><a href=\"https:\/\/www.mtvuutiset.fi\/videot\/video\/prog20794094#gs.8b862s\">&#8220;Vauvakuume hiipuu entisest\u00e4\u00e4n \u2013 erot arvoissa voivat est\u00e4\u00e4 pariutumisen<\/a>&#8220;. MTV3 Viiden j\u00e4lkeen (and TV news) 19.3.2024.<\/p>\n<p>Tuhon tie (osa 5. Et varaudu perheess\u00e4 pahimman varalle). &#8220;<a href=\"https:\/\/www.talouselama.fi\/uutiset\/te\/4f37294e-a0dc-49a9-b4fd-6be80914b723?ref=ampparit:5876\">Talousel\u00e4m\u00e4 9\/2024<\/a>&#8220;. 8.3.2024.<\/p>\n<p><a href=\"https:\/\/www.apu.fi\/artikkelit\/syntyvyys-laskee-onko-tassa-vahalle-huomiolle-jaanyt-pelastus\">&#8220;Puheet synnytystalkoista voisi jo unohtaa \u2013 Tutkija nostaa esiin v\u00e4h\u00e4lle huomiolle j\u00e4\u00e4neen tavan edist\u00e4\u00e4 syntyvyytt\u00e4<\/a>&#8220;. Apu 7.3.2024.<\/p>\n<p><a href=\"https:\/\/sosiaalivakuutus.fi\/syntyvyyden-lasku-vaatii-yhteiskunnalta-sopeutumista\/\">&#8220;Syntyvyyden lasku vaatii yhteiskunnalta sopeutumista<\/a>&#8220;. Sosiaalivakuutus.fi 22.2.2024.<\/p>\n<p>&#8220;<a href=\"https:\/\/www.is.fi\/menaiset\/art-2000009962553.html\">Kallis rasti<\/a>&#8220;. Me Naiset ja Ilta-Sanomat 11.12.2023.<\/p>\n<p>&#8220;<a href=\"https:\/\/tyoelakelehti.fi\">Lapsihaaveita ja syntyvyysongelmia<\/a>&#8220;. Ty\u00f6el\u00e4ke-lehti 2.10.2023.<\/p>\n<p>&#8220;<a href=\"https:\/\/yle.fi\/a\/74-20052231\">Lapsia ei synny lukuisista eri syist\u00e4 \u2013 is\u00e4ksi haluava 43-vuotias pohtii, mik\u00e4 meni vikaan<\/a>&#8221; Yle 2.10.2023.<\/p>\n<p><a href=\"https:\/\/www.is.fi\/kotimaa\/art-2000009867143.html\">&#8220;Kuva n\u00e4ytt\u00e4\u00e4, miten rajusti Suomen syntyvyys romahti \u2013 asian\u00adtuntija: \u201dValtava v\u00e4est\u00f6\u00adrakenteen muutos<\/a>\u201d. Ilta-Sanomat 21.9.2023.<\/p>\n<p>&#8220;<a href=\"https:\/\/www.hs.fi\/perhe\/art-2000009726858.html\">Tuhansien lapsettomien miesten maa<\/a>&#8220;. Helsingin Sanomat 27.9.2023.<\/p>\n<p>&#8220;<a href=\"https:\/\/alasin-delivery.datadesk.hs.fi\/c4f9ea17-f1d3-4159-bacd-57995215b189\/index.html\">Vauvakato syntyy tynk\u00e4suhteista<\/a>&#8220;. Tiede-lehti 9\/2023 ja uudellenjulkaisu Helsingin Sanomat 17.10.2023.<\/p>\n<p>&#8220;<a href=\"https:\/\/www.mtvuutiset.fi\/artikkeli\/suomessa-lapsettomuus-saattaa-olla-maailman-korkeinta-vaestoprofessori-perusteli-hatkahdyttavan-arvionsa-mtv-lle\/8779588#gs.76doxw\">Suomessa lapsettomuus saattaa olla maailman korkeinta<\/a>&#8220;. MTV3 tv-uutiset, internet-artikkeli ja tallennettu haastattelu. 17.9.2023.<\/p>\n<p>&#8220;<a href=\"https:\/\/yle.fi\/a\/74-20048413\">Samassa suhteessa, mutta eri puolilla<\/a>&#8220;, Yle Politiikka -artikkeli ja haastattelu Radio Suomessa. 5.9.2023.<\/p>\n<p><a href=\"https:\/\/www.hs.fi\/hyvinvointi\/art-2000009481928.html\">&#8220;Yhdess\u00e4 rahan takia&#8221;<\/a> Helsingin Sanomat 4.7.2023<\/p>\n<p>&#8220;Miksi suomalaiset hankkivat enemm\u00e4n koiria kuin vauvoja?&#8221; <a href=\"https:\/\/www.mtv.fi\/sarja\/huomenta-suomi-1487\/miksi-suomalaiset-hankkivat-enemman-koiria-kuin-vauvoja-20549423\">Huomenta Suomi<\/a>\u00a0(television) 3.5.2023.<\/p>\n<p><a href=\"https:\/\/www.mustread.fi\/uutiskirjeet\/mustread\/#-1\">MustRead #33<\/a> (newsletter by editor-in-chief) &#8220;Syntyvyys on laskenut nopeasti | Ei helppoja ratkaisuja | Velka uhkaa muuttua pysyv\u00e4ksi&#8221;. 27.4.2023<\/p>\n<p>&#8220;Suomessa syntyy v\u00e4hemm\u00e4n lapsia kuin koskaan mittaushistoriassa. Voiko kehitykseen vaikuttaa?&#8221; <a href=\"https:\/\/areena.yle.fi\/1-63937733\">A-studio<\/a>\u00a0(television) 24.4.2023.<\/p>\n<p>Kysy mit\u00e4 vain: &#8220;Paljonko ihmisi\u00e4 olisi ilman maanviljelyn keksimist\u00e4?&#8221; Tiede 3\/2023.<\/p>\n<p>Jakso 13: Onko syntyvyydest\u00e4 tullut luokkakysymys?\u00a0<a href=\"https:\/\/www.etk.fi\/tietoa-etksta\/uutishuone\/elakekomitea-podcast\/\">El\u00e4kekomitea-podcast<\/a>. El\u00e4keturvakeskus. Julkaistu 19.4.2023.<\/p>\n<p><a href=\"https:\/\/areena.yle.fi\/podcastit\/1-64970157\">Mitk\u00e4 ovat naisten korkeamman koulutustason seuraukset yhteiskunnassa?<\/a> Kulttuuriykk\u00f6nen, Yle (radiokeskustelu). 18.3.2023.<\/p>\n<p>Interview by the Finnish News Agency STT. Published in media, e.g.,<\/p>\n<ul>\n<li><a href=\"https:\/\/www.uusimaa.fi\/uutissuomalainen\/5557441\">Syntyvyys jatkoi kasvuaan viime vuonna \u2013 t\u00e4n\u00e4 vuonna tiedossa voi kuitenkin olla historiallinen pudotus<\/a>. Uusimaa 28.11.2022.<\/li>\n<li><a href=\"https:\/\/www.ess.fi\/uutissuomalainen\/5557441\">Syntyvyys jatkoi kasvuaan viime vuonna \u2013 t\u00e4n\u00e4 vuonna tiedossa voi kuitenkin olla historiallinen pudotus<\/a>. Etel\u00e4-Suomen Sanomat 28.11.2022.<\/li>\n<\/ul>\n<p><a>Tavanomainen rakkaus. Long play 120<\/a>, joulukuu 2022 (18.12.2022).<\/p>\n<p>Syntyvyysparadoksi. Kansan Uutiset, marraskuu 2022.<\/p>\n<p><a href=\"https:\/\/yle.fi\/a\/74-20003503\">Mattilat tuskastuivat 600 kilometrin viikoittaiseen harrastusmatkaan, nyt perhe asuu kahdessa kodissa tuntien ajomatkan p\u00e4\u00e4ss\u00e4 toisistaan<\/a>. Yle 5.11.2022.<\/p>\n<p><a href=\"https:\/\/www.mtvuutiset.fi\/artikkeli\/tasta-syysta-yha-harvempi-astelee-alttarille-avioliiton-edut-voivat-yllattaa-jokainen-liitto-paattyy-ennemmin-tai-myohemmin\/8499924\">Mit\u00e4 j\u00e4rke\u00e4 on menn\u00e4 naimisiin? Avioliiton edut voivat yll\u00e4tt\u00e4\u00e4: &#8220;Jokainen liitto p\u00e4\u00e4ttyy ennemmin tai my\u00f6hemmin&#8221;<\/a>. MTV3 Uutisaamu 1.9.2022, televisio ja internet.<\/p>\n<p><a href=\"https:\/\/www.is.fi\/menaiset\/ilmiot\/art-2000008792870.html\">Milt\u00e4 tuntuu, kun raha kaataa lapsihaaveen?<\/a>\u00a0Ilta-Sanomat Menaiset 8.5.2022.<\/p>\n<p><a href=\"https:\/\/www.karjalainen.fi\/haku?query=jalovaara\">Lapsettomuus on yleistynyt my\u00f6s keskiasteen koulutetuilla, korkeasti koulutetut saavat usein kaksi lasta<\/a>. Karjalainen 11.4.2022.<\/p>\n<p><a href=\"https:\/\/www.utu.fi\/fi\/ajankohtaista\/aurora\/kimmoisuudella-vaestorakenteen-haasteiden-kimppuun\">Kimmoisuudella v\u00e4est\u00f6rakenteen haasteiden kimppuun<\/a>. Aurora 1\/2022.<\/p>\n<p><a href=\"https:\/\/yle.fi\/uutiset\/3-12370854\">Tutkimus: Lapsettomuus yleisint\u00e4 matalasti koulutetuilla \u2013 perhetoiveiden toteutumi\u00adsessa eroja koulutusasteiden v\u00e4lill\u00e4<\/a>. Ilta-Sanomat 22.3.2022.<\/p>\n<p><a href=\"https:\/\/yle.fi\/uutiset\/3-12370854\">Lapsettomaksi j\u00e4\u00e4vien osuus kasvaa matalasti koulutetuilla \u2013 korkeakoulutetut saavat tavallisesti kaksi lasta<\/a>. Yle 22.3.2022.<\/p>\n<p><a href=\"https:\/\/www.hs.fi\/kotimaa\/art-2000008698638.html\">Yh\u00e4 useampi vailla korkea\u00adkoulutusta oleva hankkii kokonaisen lapsikatraan \u2013 Tuoreen tutkimuksen mukaan lapsettomien m\u00e4\u00e4r\u00e4 on samalla lis\u00e4\u00e4ntynyt<\/a>. Helsingin Sanomat 22.3.2022.<\/p>\n<p><a href=\"https:\/\/www.ts.fi\/uutiset\/5606121\">Korkeasti koulutetuilla on muita paremmat mahdollisuudet toteuttaa perhehaaveensa<\/a>. Turun Sanomat 22.3.2022.<\/p>\n<p>Kunnes kuolema meid\u00e4t erottaa. Me Naiset 30.3.2022.<\/p>\n<p>Tositarkoituksella. Anna 16.2.2022.<\/p>\n<p><a href=\"https:\/\/www.suomenmaa.fi\/uutiset\/kaanne-syntyvyystilastoissa-korkea-koulutus-tyollisyys-ja-hyvat-tulot-tukevat-nyt-myos-naisten-perheellistymista\/\">K\u00e4\u00e4nne syntyvyystilastoissa \u2013 korkea koulutus, ty\u00f6llisyys ja hyv\u00e4t tulot tukevat nyt my\u00f6s naisten perheellistymist\u00e4.\u00a0Nollasta yhteen lapseen on huomattavasti vaikeampi ponnistaa kuin yhdest\u00e4 lapsesta useampaan<\/a>. Suomenmaa 20.3.2022.<\/p>\n<p>Joulu voi olla uhka parisuhteelle.\u00a0<a href=\"https:\/\/www.iltalehti.fi\/kotimaa\/a\/ebfbdff6-342e-400a-a536-bd6509d3cb55\">Avioeroja haetaan tutkimuksen mukaan joulun ja uudenvuoden j\u00e4lkeen tavallista enemm\u00e4n<\/a>. Iltalehti 24.12.2021.<\/p>\n<p><a href=\"https:\/\/www.vau.fi\/raskauden-yrittaminen\/miksi-lapsia-syntyy-niin-vahan-tutkija-kertoo-kolme-syyta\/\">Miksi lapsia syntyy niin v\u00e4h\u00e4n? Tutkija kertoo kolme syyt\u00e4<\/a>. Vau.fi-verkkojulkaisu 20.8.2021.<\/p>\n<p><a href=\"https:\/\/www.vau.fi\/ajankohtaista\/vauvoja-syntyy-nyt-enemman-kuin-pitkaan-aikaan-koronalla-ei-isoa-osuutta-buumiin-toteaa-tutkija\/\">Syntyvyyden lasku taittui viimein! \u201dKoronasta huolimatta, ei sen ansiosta\u201d, toteaa tutkija<\/a>. Vau.fi-verkkojulkaisu 20.8.2021.<\/p>\n<p><a href=\"https:\/\/www.aka.fi\/tietysti\/teemat\/teema-tutkittu-tieto\/suomen-vanhetessa-paattajat-tarvitsevat-vaestotutkijaa\/#fa5e0bdd\">Suomen vanhetessa p\u00e4\u00e4tt\u00e4j\u00e4t tarvitsevat v\u00e4est\u00f6tutkijaa<\/a>. Tietysti.fi. Suomen Akatemia 6\/2021.<\/p>\n<p>Puolisottomuus lis\u00e4\u00e4ntynyt erityisesti kolmenkympin ylitt\u00e4neill\u00e4. Ilkka-Pohjalainen 16.5.2021. Verkkoversio 15.5.2021:\u00a0<a href=\"https:\/\/ilkkapohjalainen.fi\/tilaajalle\/arki-ja-hyvinvointi\/tilaajalle-7.3187110?aId=1.14212614\">Sein\u00e4jokelainen Teemu Tuuttila ajatteli aiemmin, ett\u00e4 normaalin ihmisen pit\u00e4\u00e4 seurustella: Oma kokemus muutti ajattelumallin<\/a><\/p>\n<p><a href=\"https:\/\/www.talouselama.fi\/uutiset\/kun-ensimmaisten-lockdown-vauvojen-laskettu-aika-tuli-syntyvyys-romahti-paitsi-ei-suomessa-grafiikka-kertoo-koronasulun-vaikutuksen-lastensaantiin-eri-maissa\/991a64e0-1095-4a82-b2fd-123898d8805c\">Kun ensimm\u00e4isten lockdown-vauvojen laskettu aika tuli, syntyvyys romahti \u2013 paitsi ei Suomessa<\/a>. Talousel\u00e4m\u00e4, 9.4.2021.<\/p>\n<p><a href=\"https:\/\/www.hs.fi\/hyvinvointi\/art-2000007883479.html\">Rakkautta kahdessa kodissa<\/a>. Helsingin Sanomat 28.3.2021.<\/p>\n<p><a href=\"https:\/\/www.ts.fi\/teemat\/5233310\/Tiedekummi+toimii+linkkina+lastensuojelun+ja+tieteen+valilla++Tarve+lastensuojelujarjestojen+ja+tiedemaailman+yhteistyolle+on+tiedostettu+jo+pitkaan\">Tiedekummi toimii linkkin\u00e4 lastensuojelun ja tieteen v\u00e4lill\u00e4 \u2013 &#8220;Tarve lastensuojeluj\u00e4rjest\u00f6jen ja tiedemaailman yhteisty\u00f6lle on tiedostettu jo pitk\u00e4\u00e4n&#8221;<\/a>. Turun Sanomat 23.2.2021.<\/p>\n<p><a href=\"https:\/\/www.hs.fi\/hyvinvointi\/art-2000007749758.html\">Kun kello tikitt\u00e4\u00e4<\/a>. Helsingin Sanomat 20.1.2021.<\/p>\n<p><a href=\"https:\/\/population-europe.eu\/pop-digest\/fertility-nordic-countries-during-and-after-economic-recessions\">Fertility in Nordic Countries During and After Economic Recessions. The role of the state, crisis management and global perceptions in changes to total fertility rates<\/a>. Population Europe, Research News. Based on Comolli, C. L., Neyer, G., Andersson, G., Dommermuth, L., Fallesen, P., Jalovaara, M., Kl\u00e6ngur J\u00f3nsson, A., Kolk, M. &amp; Lappeg\u00e5rd, T. (2020). Beyond the Economic Gaze: Childbearing During and After Recessions in the Nordic Countries. <em>European Journal of Population<\/em>. Available at: https:\/\/doi.org\/10.1007\/s10680-020-09570-0<\/p>\n<p><a href=\"https:\/\/population-europe.eu\/research-news\/what-extent-do-policies-affecting-division-paid-and-unpaid-work-lead-less-separation\">To What Extent Do Policies Affecting the Division of Paid and Unpaid Work Lead to Less Separation Among Couples?<\/a>Population Europe, Research News. Based on Morosow, K., Jalovaara, M. and H\u00e4rk\u00f6nen, J. (2020). Cash-for-Care Use and Union Dissolution in Finland. <em>Journal of Marriage and Family<\/em>. Available at: https:\/\/doi.org\/10.1111\/jomf.12738<\/p>\n<p><a href=\"https:\/\/www.talouselama.fi\/uutiset\/avioliitot-ja-vauvat-katoavat-suomesta-yhta-matkaa-se-ei-ole-sattumaa-sanoo-vaestotieteilija\/e42f90f8-af56-4997-94f8-e8b6250710a6\">Avioliitot ja vauvat katoavat Suomesta yht\u00e4 matkaa &#8211; se ei ole sattumaa, sanoo v\u00e4est\u00f6tieteilij\u00e4<\/a>. Talousel\u00e4m\u00e4 12.11.2020.<\/p>\n<p><a href=\"https:\/\/www.utu.fi\/fi\/ajankohtaista\/uutinen\/mita-tutkimus-sanoo-syntyvyydesta-ja-kestavasta-kehityksesta-turun\">Mit\u00e4 tutkimus sanoo syntyvyydest\u00e4 ja kest\u00e4v\u00e4st\u00e4 kehityksest\u00e4? Turun yliopistossa tehd\u00e4\u00e4n monitieteist\u00e4 kest\u00e4v\u00e4n kehityksen tutkimusta<\/a>. Turun yliopisto, verkkosivut, uutinen, 13.10.2020.<\/p>\n<p><a href=\"https:\/\/www.is.fi\/kotimaa\/art-2000006587002.html\">Korona sai suomalaisparien rakkauden kukkimaan \u2013 avioerojen m\u00e4\u00e4r\u00e4 k\u00e4\u00e4ntyi yll\u00e4tt\u00e4en laskuun<\/a>. Ilta-Sanomat 31.7.2020.<\/p>\n<p>Avioeroja haettu viime kev\u00e4tt\u00e4 v\u00e4hemm\u00e4n. Etel\u00e4-Suomen Sanomat. 26.7.2020.<\/p>\n<p><a href=\"https:\/\/areena.yle.fi\/1-50590411\">L\u00e4htik\u00f6 Suomen syntyvyys vihdoin kasvuun?<\/a> Ylen aamu (televisio) 24.7.2020. (Anneli Miettinen ja Marika Jalovaara)<\/p>\n<p>Heist\u00e4 ei tule isi\u00e4. Kotiliesi (magazine) 2.7.2020.<\/p>\n<p>V\u00e4est\u00f6tutkija n\u00e4kee ilmi\u00f6t k\u00e4yrien takana (painettu lehti). <a href=\"https:\/\/www.ts.fi\/teemat\/4990978\/Yha+harvempi+saa+kaksi+lasta++vaestotutkija+Marika+Jalovaara+huolestui+ilmiosta+joka+jakaa+kansan+kahtia?fbclid=IwAR39QXEXmBUb_uladlOhjoYWAPDQ7FRBFosYlqQ4ghESomJkcjpc9pCvicc\">Yh\u00e4 harvempi saa kaksi lasta. V\u00e4est\u00f6tutkija huolestui ilmi\u00f6st\u00e4, joka jakaa kansan kahtia (verkkoversio)<\/a>. Turun Sanomat 28.6.2020.<\/p>\n<p>Miksi vauvat v\u00e4henev\u00e4t? ApteekkiNyt 3\/2020.<\/p>\n<p><a href=\"https:\/\/www.hs.fi\/kaupunki\/art-2000006528550.html\">Avioerojen m\u00e4\u00e4r\u00e4 kasvoi 30 prosentilla koronaviruskev\u00e4\u00e4n aikana Helsingiss\u00e4<\/a>. Helsingin Sanomat 3.6.2020.<\/p>\n<p><a href=\"https:\/\/www.menaiset.fi\/artikkeli\/ihmiset-ja-ilmiot\/ilmiot\/suomessa-syntyy-ennatysvahan-lapsia-mutta-silla-voi-olla-myos\">Suomessa syntyy enn\u00e4tysv\u00e4h\u00e4n lapsia, mutta sill\u00e4 voi olla my\u00f6s positiivisia vaikutuksia, joita harva on tullut ajatelleeksi<\/a>. Me Naiset, 3.5.2020.<\/p>\n<p><a href=\"https:\/\/www.hs.fi\/mielipide\/art-2000006521050.html?ref=rss\">Ep\u00e4toivon epidemialta ei Suomikaan ole turvassa<\/a>. Helsingin Sanomat 28.5.2920.<\/p>\n<p>Pysytk\u00f6 parisuhteessa rahan takia? Kotivinkki 20.5.2020.<\/p>\n<p><a href=\"https:\/\/www.hs.fi\/hyvinvointi\/art-2000006505439.html\">Pariton sukupolvi<\/a>. Helsingin Sanomat 13.5.2020.<\/p>\n<p><a href=\"https:\/\/www.hs.fi\/kuukausiliite\/art-2000006491000.html\">Vauvojen vuosikymmenet<\/a>. Kuukausiliite, Helsingin Sanomat, 1.4.2020.<\/p>\n<p><a href=\"https:\/\/www.hs.fi\/kotimaa\/art-2000006470680.html\">\u201dVoi olla, ett\u00e4 ajatus normaalista el\u00e4m\u00e4st\u00e4 muuttuu\u201d \u2013 seuraako koronakev\u00e4tt\u00e4 vauvabuumi?<\/a>\u00a0Helsingin Sanomat 10.4.2020.<\/p>\n<p><a href=\"https:\/\/www.hs.fi\/perhe\/art-2000006426878.html\">Naisten urakiireet eiv\u00e4t selit\u00e4 syntyvyyden laskua, sanoo asiantuntija \u2013 esteet kasautuvat yhdelle ihmisryhm\u00e4lle<\/a>. Helsingin Sanomat,\u00a0Min\u00e4 v\u00e4it\u00e4n -series 4.3.2020.<\/p>\n<p><a href=\"https:\/\/areena.yle.fi\/1-50429482?autoplay=true&amp;utm_source=facebook-share&amp;utm_medium=social&amp;utm_campaign=areena-web-share&amp;fbclid=IwAR1CKr1lSzZ_2mO-387KW8BpkQRJYSinRKDGFb0lhe5bL88Vxw27ZC7Te2o\">Slaget efter tolv &#8211; dagens debatt:\u00a0Varf\u00f6r hittar s\u00e5 m\u00e5nga ingen partner och varf\u00f6r f\u00f6ds s\u00e5 lite barn?<\/a> Yle Vega (radio) 27.2.2020.<\/p>\n<p><a href=\"https:\/\/www.hs.fi\/kotimaa\/art-2000006418794.html\">Syntyvyydest\u00e4 vihdoin hyvi\u00e4 uutisia: Vauvojen m\u00e4\u00e4r\u00e4n jyrkk\u00e4 pudotus k\u00e4\u00e4ntyi nousuun, ja professorin mukaan \u201dnokka on nyt veden yl\u00e4puolella\u201d<\/a>\u00a0Helsingin Sanomat 25.2.2020.<\/p>\n<p><a href=\"https:\/\/www.hs.fi\/sunnuntai\/art-2000006415044.html\">\u201dT\u00e4m\u00e4 sukupolvi joutuu rakastamaan syntym\u00e4tt\u00f6mi\u00e4 lapsia\u201d \u2013 Suomi k\u00e4rsi vuonna 1987 kriisist\u00e4, joka nyt kuulostaa tutulta<\/a>. Helsingin Sanomat 23.2.2020.<\/p>\n<p><a href=\"https:\/\/yle.fi\/uutiset\/3-11222458\">Marika Sykk\u00f6, 44, viihtyy yksin ja niin tekee yh\u00e4 useampi \u2013 Puolisottomien m\u00e4\u00e4r\u00e4n nopea kasvu selitt\u00e4\u00e4 my\u00f6s alhaista syntyvyytt\u00e4<\/a>. Yle uutiset (verkko, radio, televisio) 22.2.2020<\/p>\n<p><a>Puolisottomuus on yleistynyt kolme\u00adkymppisill\u00e4 lyhyess\u00e4 ajassa: \u201dParisuhteiden dynamiikka vaikuttaa syntyvyyteen\u201d, tutkija sanoo<\/a>. Helsingin Sanomat 22.2.2020.<\/p>\n<p><a href=\"https:\/\/population-europe.eu\/pop-digest\/linking-educational-expansion-rise-non-marital-childbearing\">Population Europe PopDigest: Linking Educational Expansion With the Rise in Non-Marital Childbearing.<\/a> Based on\u00a0Schnor, Christine, &amp; Jalovaara, Marika (2019). The spread of non-marital childbearing and its link to educational expansion. <em>Acta Sociologica<\/em>. DOI: 10.1177\/0001699319877922<\/p>\n<p>Yle Radio Suomen lauantai: Lounais-Suomi. Keskustelua sinkkuudesta. 15.2.2020.<\/p>\n<p><a href=\"https:\/\/yle.fi\/uutiset\/3-11186968\">Teija Englund, 40, on katunut p\u00e4ivitt\u00e4in 13 vuoden takaista ratkaisuaan \u2013 kolme kokemusta Suomea ravisuttavasta lapsettomuudesta. Yle 2.2.2020.<\/a><\/p>\n<p><a href=\"https:\/\/dynamic.hs.fi\/a\/2019\/suomi2020\/\">Minne matka, Suomi? The Economist 31.12.2019.<\/a><\/p>\n<p><a href=\"http:\/\/kmgturku.com\/e-zine\/lilja_1219\">Ty\u00f6ura tukee lastensaantia. Lilja 12\/2019<\/a><\/p>\n<p>V\u00e4h\u00e4n koulutettu j\u00e4\u00e4 usein ilman perhett\u00e4. Keskisuomalainen 20.11.2019.<\/p>\n<p><a href=\"https:\/\/areena.yle.fi\/1-50318956?autoplay=true\">Yle national TV news 14.10.2019<\/a><\/p>\n<p><a href=\"https:\/\/areena.yle.fi\/1-50318930\">Yle Regional (Lounais-Suomi) TV news 14.10.2019<\/a><\/p>\n<p><a href=\"https:\/\/yle.fi\/uutiset\/3-11016421\">V\u00e4est\u00f6tutkija: Urakiireet eiv\u00e4t est\u00e4k\u00e4\u00e4n lasten saamista \u2013 perheen perustaminen tyss\u00e4\u00e4 useammin ty\u00f6n ja parisuhteen puuttumiseen, Yle uutiset \u00a014.10.2019<\/a><\/p>\n<p><a href=\"https:\/\/www.hs.fi\/elama\/art-2000006266813.html\">Onnea, t\u00e4n\u00e4\u00e4n syntynyt \u2013 Me kehtasimme aiheuttaa vauvakadon, mutta ehk\u00e4 sin\u00e4 muutat Suomen paremmaksi. Helsingi Sanomat (Maija Aalto, kolumni) 10.10.2019<\/a><\/p>\n<p><a href=\"https:\/\/www.hs.fi\/elama\/art-2000006264888.html?fbclid=IwAR1lqtfIl97oGwSCBu8CdD9eCq4wdMAE4BQN0ZLDFsxLzrdpiYCdycEHWJU\">Moni avoliitto p\u00e4\u00e4ttyy herk\u00e4sti, ja tutkijoiden mukaan taustalla on \u201dv\u00e4lit\u00f6n kutina\u201d, Helsingin Sanomat 8.10.2019<\/a><\/p>\n<p><a href=\"https:\/\/areena.yle.fi\/1-50310027?utm_source=facebook-share&amp;utm_medium=social&amp;utm_campaign=areena-web-share&amp;fbclid=IwAR0ydt2I4Zm9yAG7P8Ec1ZB2VmO_RIHNX-oXn0UPC96oguIKDtByrlpTgmM\">Syntyvyys-keskustelun m\u00e4ss\u00e4ilev\u00e4 s\u00e4vy saa kritiikki\u00e4 \u2014 &#8220;Aiheella tehd\u00e4\u00e4n tunnepolitiikkaa&#8221;, Yle Ykk\u00f6saamu 7.10.2019<\/a><\/p>\n<p><a href=\"https:\/\/www.hs.fi\/ulkomaat\/art-2000006262591.html?fbclid=IwAR03hfm-T9M7VjsioWj-NomyiXY1kLTIB7Ev5r2dhdCfvD_r0ciaSUT2tt8\">Pohjoismaissa on pitk\u00e4\u00e4n syntynyt enemm\u00e4n lapsia kuin muissa rikkaissa maissa, mutta se saattaa nyt muuttua, Helsingi Sanomat 5.10.2019<\/a><\/p>\n<p><a href=\"https:\/\/www.hs.fi\/ulkomaat\/art-2000006262591.html?fbclid=IwAR03hfm-T9M7VjsioWj-NomyiXY1kLTIB7Ev5r2dhdCfvD_r0ciaSUT2tt8\">N\u00e4in maahanmuutto, opiskelijat ja her\u00e4tys\u00adliikkeet n\u00e4kyv\u00e4t syntyvyys\u00adluvuissa \u2013 Laskuri kertoo, millaista kehityst\u00e4 koti\u00adkuntaasi ennustetaan, Helsingin Sanomat 5.10.2019<\/a><\/p>\n<p><a href=\"https:\/\/www.is.fi\/turun-seutu\/art-2000006256883.html?fbclid=IwAR3nvrhdbSWs0kpxzViqemnGiKl90YnrADpkOhtIjgqf6aJiYs2tV7nPb54\">Tuore v\u00e4est\u00f6ennuste shokeerasi \u2013 nuorilla jyrk\u00e4t mielipiteet perheen perustamisesta: \u201dIhmiset eiv\u00e4t nauti lapsista\u201d Ilta-Sanomat 1.10.2019<\/a><\/p>\n<p><a href=\"https:\/\/www.iltalehti.fi\/kotimaa\/a\/25132156-6872-4f83-9e58-612a6ba39e4e?fbclid=IwAR0ANRscVV3UUbKkUwq5zGwjo0S9SxWcGaPRmWOkkclmztdosUdJFQGRRv4\">Tutkija: v\u00e4hemm\u00e4n koulutettujen naisten lapsettomuus kasvanut. Iltalehti 30.9.2019<\/a><\/p>\n<p><a href=\"https:\/\/www.uusisuomi.fi\/uutiset\/tutkija-hurja-osuus-35-vuotiaista-suomalaisista-lapsettomia-vahan-koulutetut-ovat-jaaneet-jalkeen-ainakin-ensimmaisen-lapsen-saamisessa\/13a880d4-3a47-4824-aa3d-e4a83bb88a14?ref=twitter%3A6d41&amp;fbclid=IwAR34epZzary9AkdTP0ooqpHJiqLExuSsuMrN83ocOUkllJ2AG9Hm4FQ9OZs\">Tutkija: Hurja osuus 35-vuotiaista suomalaisista lapsettomia \u2013 \u201dV\u00e4h\u00e4n koulutetut ovat j\u00e4\u00e4neet j\u00e4lkeen ainakin ensimm\u00e4isen lapsen saamisessa\u201d, Uusi Suomi 30.9.2019<\/a><\/p>\n<p><a href=\"https:\/\/www.utu.fi\/fi\/ajankohtaista\/uutinen\/akatemiarahoituksella-tutkitaan-pienentynytta-syntyvyytta-ja-linkkia\">Akatemiarahoituksella tutkitaan pienentynytt\u00e4 syntyvyytt\u00e4 ja linkki\u00e4 eriarvoisuuteen. <\/a>, Turun yliopisto, verkkosivut, uutinen 28.6.2019.<\/p>\n","protected":false},"excerpt":{"rendered":"<p>Lapsista tuli Suomessa luokkakysymys vain 15 vuodessa. Helsingin Sanomat 24.7.2025. Tutkijat Suomi-Areenassa: &#8220;T\u00e4ysin ep\u00e4realistista, ett\u00e4 perhepoliittisilla etuuksilla saadaan nostettua syntyvyytt\u00e4&#8221;. Turun Sanomat 25.6.2025. Rahasta kiinni. Suomen Kuvalehti. 20.2.2025. The relationship recession is going global. Financial Times 11.1.2025. Romahtaako Suomi ilman maahanmuuttoa? Yle A-talk TV discussion. 24.10.2024. https:\/\/areena.yle.fi\/1-66931200 &#8220;Asiantuntija: Alle 30-vuotiaille ehdotettu vauvabonus tukisi keskiluokkaa, joka &hellip; <a href=\"https:\/\/users.utu.fi\/paijalz\/media\/\" class=\"more-link\">Continue reading <span class=\"screen-reader-text\">Media<\/span><\/a><\/p>\n","protected":false},"author":3012,"featured_media":0,"parent":0,"menu_order":0,"comment_status":"closed","ping_status":"closed","template":"","meta":{"footnotes":""},"class_list":["post-1173","page","type-page","status-publish","hentry"],"_links":{"self":[{"href":"https:\/\/users.utu.fi\/paijalz\/wp-json\/wp\/v2\/pages\/1173","targetHints":{"allow":["GET"]}}],"collection":[{"href":"https:\/\/users.utu.fi\/paijalz\/wp-json\/wp\/v2\/pages"}],"about":[{"href":"https:\/\/users.utu.fi\/paijalz\/wp-json\/wp\/v2\/types\/page"}],"author":[{"embeddable":true,"href":"https:\/\/users.utu.fi\/paijalz\/wp-json\/wp\/v2\/users\/3012"}],"replies":[{"embeddable":true,"href":"https:\/\/users.utu.fi\/paijalz\/wp-json\/wp\/v2\/comments?post=1173"}],"version-history":[{"count":34,"href":"https:\/\/users.utu.fi\/paijalz\/wp-json\/wp\/v2\/pages\/1173\/revisions"}],"predecessor-version":[{"id":1339,"href":"https:\/\/users.utu.fi\/paijalz\/wp-json\/wp\/v2\/pages\/1173\/revisions\/1339"}],"wp:attachment":[{"href":"https:\/\/users.utu.fi\/paijalz\/wp-json\/wp\/v2\/media?parent=1173"}],"curies":[{"name":"wp","href":"https:\/\/api.w.org\/{rel}","templated":true}]}}