{"id":5,"date":"2016-02-12T12:34:28","date_gmt":"2016-02-12T12:34:28","guid":{"rendered":"http:\/\/users.utu.fi\/petdah\/?page_id=2"},"modified":"2018-06-13T09:54:25","modified_gmt":"2018-06-13T07:54:25","slug":"sample-page","status":"publish","type":"page","link":"https:\/\/users.utu.fi\/petdah\/sample-page\/","title":{"rendered":"Jalkapallon MM-kisat Ven\u00e4j\u00e4lll\u00e4"},"content":{"rendered":"<p><strong><img loading=\"lazy\" decoding=\"async\" class=\"wp-image-30 alignleft\" src=\"https:\/\/users.utu.fi\/petdah\/wp-content\/uploads\/sites\/29\/2018\/05\/football-3373558_1920-300x200.jpg\" alt=\"\" width=\"401\" height=\"267\" srcset=\"https:\/\/users.utu.fi\/petdah\/wp-content\/uploads\/sites\/29\/2018\/05\/football-3373558_1920-300x200.jpg 300w, https:\/\/users.utu.fi\/petdah\/wp-content\/uploads\/sites\/29\/2018\/05\/football-3373558_1920-768x512.jpg 768w, https:\/\/users.utu.fi\/petdah\/wp-content\/uploads\/sites\/29\/2018\/05\/football-3373558_1920-1024x683.jpg 1024w, https:\/\/users.utu.fi\/petdah\/wp-content\/uploads\/sites\/29\/2018\/05\/football-3373558_1920.jpg 1920w\" sizes=\"auto, (max-width: 401px) 85vw, 401px\" \/><\/strong><\/p>\n<p><strong>Miesten maailmanmestaruuskisat futiksessa pelataan 14.6. &#8211; 15.7.2018 Ven\u00e4j\u00e4ll\u00e4.<\/strong><\/p>\n<p><strong>Ne ovat j\u00e4rjestyksess\u00e4\u00e4n 21. <a title=\"Jalkapallon maailmanmestaruuskilpailut\" href=\"https:\/\/fi.wikipedia.org\/wiki\/Jalkapallon_maailmanmestaruuskilpailut\">maailmanmestaruuskilpailut<\/a>.<\/strong><\/p>\n<p>Mukana on per\u00e4ti 32 joukkuetta.<\/p>\n","protected":false},"excerpt":{"rendered":"<p>Miesten maailmanmestaruuskisat futiksessa pelataan 14.6. &#8211; 15.7.2018 Ven\u00e4j\u00e4ll\u00e4. Ne ovat j\u00e4rjestyksess\u00e4\u00e4n 21. maailmanmestaruuskilpailut. Mukana on per\u00e4ti 32 joukkuetta.<\/p>\n","protected":false},"author":29,"featured_media":0,"parent":0,"menu_order":0,"comment_status":"closed","ping_status":"closed","template":"","meta":{"footnotes":""},"class_list":["post-5","page","type-page","status-publish","hentry"],"_links":{"self":[{"href":"https:\/\/users.utu.fi\/petdah\/wp-json\/wp\/v2\/pages\/5","targetHints":{"allow":["GET"]}}],"collection":[{"href":"https:\/\/users.utu.fi\/petdah\/wp-json\/wp\/v2\/pages"}],"about":[{"href":"https:\/\/users.utu.fi\/petdah\/wp-json\/wp\/v2\/types\/page"}],"author":[{"embeddable":true,"href":"https:\/\/users.utu.fi\/petdah\/wp-json\/wp\/v2\/users\/29"}],"replies":[{"embeddable":true,"href":"https:\/\/users.utu.fi\/petdah\/wp-json\/wp\/v2\/comments?post=5"}],"version-history":[{"count":4,"href":"https:\/\/users.utu.fi\/petdah\/wp-json\/wp\/v2\/pages\/5\/revisions"}],"predecessor-version":[{"id":44,"href":"https:\/\/users.utu.fi\/petdah\/wp-json\/wp\/v2\/pages\/5\/revisions\/44"}],"wp:attachment":[{"href":"https:\/\/users.utu.fi\/petdah\/wp-json\/wp\/v2\/media?parent=5"}],"curies":[{"name":"wp","href":"https:\/\/api.w.org\/{rel}","templated":true}]}}