{"id":11,"date":"2019-01-21T09:53:57","date_gmt":"2019-01-21T09:53:57","guid":{"rendered":"http:\/\/users.utu.fi\/petri\/?page_id=11"},"modified":"2024-10-23T13:13:58","modified_gmt":"2024-10-23T13:13:58","slug":"kuka-olen-mita-teen","status":"publish","type":"page","link":"https:\/\/users.utu.fi\/petri\/kuka-olen-mita-teen\/","title":{"rendered":"Kuka olen? Mit\u00e4 teen?"},"content":{"rendered":"<p>T\u00f6iss\u00e4:<\/p>\n<p><a href=\"https:\/\/www.utu.fi\/fi\/ihmiset\/petri-horkko\">J\u00e4rjestelm\u00e4asiantuntija<\/a><\/p>\n<p><a href=\"https:\/\/blogit.utu.fi\/opetuki\/opetuki-tiimin-esittely\/\">Opetuksen tuen tiimi<\/a><\/p>\n<p>&nbsp;<\/p>\n","protected":false},"excerpt":{"rendered":"<p>T\u00f6iss\u00e4: J\u00e4rjestelm\u00e4asiantuntija Opetuksen tuen tiimi &nbsp;<\/p>\n","protected":false},"author":42,"featured_media":0,"parent":0,"menu_order":0,"comment_status":"closed","ping_status":"closed","template":"","meta":{"_monsterinsights_skip_tracking":false,"_monsterinsights_sitenote_active":false,"_monsterinsights_sitenote_note":"","_monsterinsights_sitenote_category":0,"footnotes":""},"class_list":["post-11","page","type-page","status-publish","hentry"],"_links":{"self":[{"href":"https:\/\/users.utu.fi\/petri\/wp-json\/wp\/v2\/pages\/11","targetHints":{"allow":["GET"]}}],"collection":[{"href":"https:\/\/users.utu.fi\/petri\/wp-json\/wp\/v2\/pages"}],"about":[{"href":"https:\/\/users.utu.fi\/petri\/wp-json\/wp\/v2\/types\/page"}],"author":[{"embeddable":true,"href":"https:\/\/users.utu.fi\/petri\/wp-json\/wp\/v2\/users\/42"}],"replies":[{"embeddable":true,"href":"https:\/\/users.utu.fi\/petri\/wp-json\/wp\/v2\/comments?post=11"}],"version-history":[{"count":5,"href":"https:\/\/users.utu.fi\/petri\/wp-json\/wp\/v2\/pages\/11\/revisions"}],"predecessor-version":[{"id":111,"href":"https:\/\/users.utu.fi\/petri\/wp-json\/wp\/v2\/pages\/11\/revisions\/111"}],"wp:attachment":[{"href":"https:\/\/users.utu.fi\/petri\/wp-json\/wp\/v2\/media?parent=11"}],"curies":[{"name":"wp","href":"https:\/\/api.w.org\/{rel}","templated":true}]}}