{"id":29,"date":"2019-05-12T06:45:11","date_gmt":"2019-05-12T06:45:11","guid":{"rendered":"http:\/\/users.utu.fi\/riinpa\/?page_id=29"},"modified":"2019-05-13T15:24:20","modified_gmt":"2019-05-13T13:24:20","slug":"digitaalinen-portfolio","status":"publish","type":"page","link":"https:\/\/users.utu.fi\/riinpa\/digitaalinen-portfolio\/","title":{"rendered":"Digitaalinen portfolio"},"content":{"rendered":"<p>Digitaalisessa portfoliossa esitell\u00e4\u00e4n kaksi digitaalisuutta hy\u00f6dynt\u00e4v\u00e4\u00e4 tapaa valmistaa erilaista opetusmateriaalia, sek\u00e4 esimerkkej\u00e4 n\u00e4ill\u00e4 tavoilla valmistetuista materiaaleista.<\/p>\n<p><a href=\"http:\/\/users.utu.fi\/riinpa\/digitaaliset-naytteet\/\">Digitaaliset n\u00e4ytteet<\/a><\/p>\n","protected":false},"excerpt":{"rendered":"<p>Digitaalisessa portfoliossa esitell\u00e4\u00e4n kaksi digitaalisuutta hy\u00f6dynt\u00e4v\u00e4\u00e4 tapaa valmistaa erilaista opetusmateriaalia, sek\u00e4 esimerkkej\u00e4 n\u00e4ill\u00e4 tavoilla valmistetuista materiaaleista. Digitaaliset n\u00e4ytteet<\/p>\n","protected":false},"author":3437,"featured_media":0,"parent":0,"menu_order":0,"comment_status":"closed","ping_status":"closed","template":"","meta":{"footnotes":""},"class_list":["post-29","page","type-page","status-publish","czr-hentry"],"_links":{"self":[{"href":"https:\/\/users.utu.fi\/riinpa\/wp-json\/wp\/v2\/pages\/29","targetHints":{"allow":["GET"]}}],"collection":[{"href":"https:\/\/users.utu.fi\/riinpa\/wp-json\/wp\/v2\/pages"}],"about":[{"href":"https:\/\/users.utu.fi\/riinpa\/wp-json\/wp\/v2\/types\/page"}],"author":[{"embeddable":true,"href":"https:\/\/users.utu.fi\/riinpa\/wp-json\/wp\/v2\/users\/3437"}],"replies":[{"embeddable":true,"href":"https:\/\/users.utu.fi\/riinpa\/wp-json\/wp\/v2\/comments?post=29"}],"version-history":[{"count":4,"href":"https:\/\/users.utu.fi\/riinpa\/wp-json\/wp\/v2\/pages\/29\/revisions"}],"predecessor-version":[{"id":119,"href":"https:\/\/users.utu.fi\/riinpa\/wp-json\/wp\/v2\/pages\/29\/revisions\/119"}],"wp:attachment":[{"href":"https:\/\/users.utu.fi\/riinpa\/wp-json\/wp\/v2\/media?parent=29"}],"curies":[{"name":"wp","href":"https:\/\/api.w.org\/{rel}","templated":true}]}}