{"id":7,"date":"2019-05-12T06:31:21","date_gmt":"2019-05-12T06:31:21","guid":{"rendered":"http:\/\/users.utu.fi\/riinpa\/?page_id=2"},"modified":"2019-05-13T15:20:38","modified_gmt":"2019-05-13T13:20:38","slug":"sample-page","status":"publish","type":"page","link":"https:\/\/users.utu.fi\/riinpa\/","title":{"rendered":"Tervetuloa!"},"content":{"rendered":"<p>T\u00e4ll\u00e4 sivustolla esitell\u00e4\u00e4n Riina Palkin <a href=\"http:\/\/users.utu.fi\/riinpa\/digitaalinen-portfolio\/\">digitaalinen portfolio<\/a> ja <a href=\"http:\/\/users.utu.fi\/riinpa\/motivaatiokirje\/\">motivaatiokirje<\/a>.<\/p>\n","protected":false},"excerpt":{"rendered":"<p>T\u00e4ll\u00e4 sivustolla esitell\u00e4\u00e4n Riina Palkin digitaalinen portfolio ja motivaatiokirje.<\/p>\n","protected":false},"author":3437,"featured_media":0,"parent":0,"menu_order":0,"comment_status":"closed","ping_status":"open","template":"","meta":{"footnotes":""},"class_list":["post-7","page","type-page","status-publish","czr-hentry"],"_links":{"self":[{"href":"https:\/\/users.utu.fi\/riinpa\/wp-json\/wp\/v2\/pages\/7","targetHints":{"allow":["GET"]}}],"collection":[{"href":"https:\/\/users.utu.fi\/riinpa\/wp-json\/wp\/v2\/pages"}],"about":[{"href":"https:\/\/users.utu.fi\/riinpa\/wp-json\/wp\/v2\/types\/page"}],"author":[{"embeddable":true,"href":"https:\/\/users.utu.fi\/riinpa\/wp-json\/wp\/v2\/users\/3437"}],"replies":[{"embeddable":true,"href":"https:\/\/users.utu.fi\/riinpa\/wp-json\/wp\/v2\/comments?post=7"}],"version-history":[{"count":3,"href":"https:\/\/users.utu.fi\/riinpa\/wp-json\/wp\/v2\/pages\/7\/revisions"}],"predecessor-version":[{"id":113,"href":"https:\/\/users.utu.fi\/riinpa\/wp-json\/wp\/v2\/pages\/7\/revisions\/113"}],"wp:attachment":[{"href":"https:\/\/users.utu.fi\/riinpa\/wp-json\/wp\/v2\/media?parent=7"}],"curies":[{"name":"wp","href":"https:\/\/api.w.org\/{rel}","templated":true}]}}