{"id":17,"date":"2025-07-09T14:29:42","date_gmt":"2025-07-09T11:29:42","guid":{"rendered":"https:\/\/users.utu.fi\/rojvuo\/?page_id=17"},"modified":"2025-08-10T22:57:21","modified_gmt":"2025-08-10T19:57:21","slug":"17-2","status":"publish","type":"page","link":"https:\/\/users.utu.fi\/rojvuo\/","title":{"rendered":"Tervetuloa!"},"content":{"rendered":"<p>T\u00e4\u00e4 on nyt joku testisivu et saas n\u00e4hd\u00e4 saaks m\u00e4 t\u00e4n mitt\u00e4\u00e4 j\u00e4rkev\u00e4\u00e4 tehdyks. Tarkotuksen ois kuitseki v\u00e4h\u00e4:<\/p>\n<ul>\n<li>Matematiikkaa<\/li>\n<li>Valokuvausportfolio<\/li>\n<li>ja <a href=\"https:\/\/users.utu.fi\/rojvuo\/cv\/\">cv<\/a>, jonka jo n\u00e4keeki \ud83d\ude00<\/li>\n<\/ul>\n","protected":false},"excerpt":{"rendered":"<p>T\u00e4\u00e4 on nyt joku testisivu et saas n\u00e4hd\u00e4 saaks m\u00e4 t\u00e4n mitt\u00e4\u00e4 j\u00e4rkev\u00e4\u00e4 tehdyks. Tarkotuksen ois kuitseki v\u00e4h\u00e4: Matematiikkaa Valokuvausportfolio ja cv, jonka jo n\u00e4keeki \ud83d\ude00<\/p>\n","protected":false},"author":6769,"featured_media":0,"parent":0,"menu_order":0,"comment_status":"closed","ping_status":"closed","template":"","meta":{"footnotes":""},"class_list":["post-17","page","type-page","status-publish","hentry"],"_links":{"self":[{"href":"https:\/\/users.utu.fi\/rojvuo\/wp-json\/wp\/v2\/pages\/17","targetHints":{"allow":["GET"]}}],"collection":[{"href":"https:\/\/users.utu.fi\/rojvuo\/wp-json\/wp\/v2\/pages"}],"about":[{"href":"https:\/\/users.utu.fi\/rojvuo\/wp-json\/wp\/v2\/types\/page"}],"author":[{"embeddable":true,"href":"https:\/\/users.utu.fi\/rojvuo\/wp-json\/wp\/v2\/users\/6769"}],"replies":[{"embeddable":true,"href":"https:\/\/users.utu.fi\/rojvuo\/wp-json\/wp\/v2\/comments?post=17"}],"version-history":[{"count":4,"href":"https:\/\/users.utu.fi\/rojvuo\/wp-json\/wp\/v2\/pages\/17\/revisions"}],"predecessor-version":[{"id":45,"href":"https:\/\/users.utu.fi\/rojvuo\/wp-json\/wp\/v2\/pages\/17\/revisions\/45"}],"wp:attachment":[{"href":"https:\/\/users.utu.fi\/rojvuo\/wp-json\/wp\/v2\/media?parent=17"}],"curies":[{"name":"wp","href":"https:\/\/api.w.org\/{rel}","templated":true}]}}