{"id":15,"date":"2016-05-23T11:02:30","date_gmt":"2016-05-23T11:02:30","guid":{"rendered":"http:\/\/users.utu.fi\/simo\/?page_id=15"},"modified":"2025-11-19T10:38:20","modified_gmt":"2025-11-19T08:38:20","slug":"puutelista","status":"publish","type":"page","link":"https:\/\/users.utu.fi\/simo\/","title":{"rendered":"Puutelista"},"content":{"rendered":"<p><a href=\"http:\/\/www.anarres.fi\/sf\/bib\/\">Sf-bibliografia<\/a><\/p>\n<p><b>SARJAT<\/b><\/p>\n<p><b>Kovakantiset Tiikerit<\/b><br \/>\nPlaneetta Aam<\/p>\n<p><b>KIRJAT<\/b><\/p>\n<p><b>Heikkokuntoiset<\/b><br \/>\nMarko Ahonen: Ensimm\u00e4inen askel (kosteusvaurio)<br \/>\nLeibowitz: Viimeinen kiitoshymni, Best Seller (kosteusvaurio)<br \/>\nRay Bradbury: Kuvitettu mies (kirjastopoisto, 2. painos)<br \/>\nA.C. Clarke: Kaukaisen maan laulut (kirjastopoisto)<br \/>\nStanislaw Lem: Eeden (kirjastopoisto)<br \/>\nStanislaw Lem: Paluu t\u00e4hdist\u00e4 (kirjastopoisto)<br \/>\nRobert E. Howard: Kadotuksen kuilu (kirjastopoisto)<br \/>\nW.H. Hodgson: Kauhujen talo (kirjastopoisto)<br \/>\nH. P. Lovecraft: Varjo menneisyydest\u00e4 (kirjastopoisto)<br \/>\nJ. G. Ballard: Crash (kirjastopoisto)<\/p>\n<p><b>A<\/b><br \/>\nAbbott, Edwin Abbott: Tasomaa. Moniulotteinen romanssi. Terra Cognita<br \/>\nAcker, Kathy: Tunnottomien valtakunta. LIKE<br \/>\nAdlersfeld-Ballestrem, E. von: Kummituspalatsi. Otava<br \/>\nAhern, Cecelia: Tytt\u00f6 peiliss\u00e4 | T\u00e4ydellinen | Viallinen<br \/>\nAhtela, H.: D\u00e9g\u00e9n\u00e9r\u00e9: kauhu- ym. kertomuksia. Tekij\u00e4 1918<br \/>\nAiken, Joan: Kuun kosto<br \/>\nAirola, V\u00e4in\u00f6: Keksij\u00e4n voitto. WSOY 1922<br \/>\nAitmatov, Tsingiz: Eik\u00e4 p\u00e4iv\u00e4 p\u00e4\u00e4ty. Neuvostokirjallisuutta-sarja. Kansankulttuuri 1981. 2.laitos: (uudistettu ja lis\u00e4tty laitos). SN-kirjat 1990.<br \/>\nAksjonov, Vasili: Krimin saari<br \/>\nAllen, Charles: Valkoisen miehen jalka. Otava 1889<br \/>\nAndr\u00e8zel, Pierre: Koston tie. WSOY 1946<br \/>\nAnet, Claude: Kadonnut kansa. Satakunnan kirjateollisuus 1929<br \/>\nArenas, Reinaldo: Harhan\u00e4kyjen maailma<br \/>\nArhippa, Pirkko: Hietaneilikka | Konna ja rupikonna<br \/>\nAvallone, Michael: Tuhat ruumisarkkua<\/p>\n<p><b>B<\/b><br \/>\nBalzac, Honor\u00e9 de: Taikatalja<br \/>\nBang-Hansen, Odd: Portaat halki aikojen<br \/>\nBarclay, Florence: Myrkkypuu<br \/>\nBeckford, William: Hirmuvaltias<br \/>\nBellamy, Edward: Yhdenvertaisuus<br \/>\nBioy Casares, Adolfo: Morelin keksint\u00f6<br \/>\nBitov, Andrei: Symmetrian opettaja<br \/>\nBlumenfeld, Yorick: Jennyn p\u00e4iv\u00e4kirja<br \/>\nBolinder, Gustaf: Vihre\u00e4n virran salaisuus<br \/>\nBoothby, Guy Newell: Kaunis valkea paholainen<br \/>\nBoothby, Guy Newell: Tohtori Nikola<br \/>\nBoothby, Guy Newell: Tohtori Nikolan kosto<br \/>\nBrautigan, Richard: Kartanon peto<br \/>\nBrautigan, Richard: Melonin mehu<br \/>\nBromfield, Louis: Mutta liha on heikko<br \/>\nBurdick, Eugene: Vuorenvarma<br \/>\nBurroughs, William: Hurjat pojat &#8211; Kuolleiden kirja<\/p>\n<p><b>C<\/b><br \/>\nCaine, Hall: Ikuinen kaupunki<br \/>\nCalvino, Italo: Halkaistu varakreivi<br \/>\nCalvino, Italo: Koko Kosmokomiikka<br \/>\nCalvino, Italo: Kosmokomiikkaa<br \/>\nCalvino, Italo: T\u00e4m\u00e4 vaikea el\u00e4m\u00e4<br \/>\nCameron, Ian: J\u00e4\u00e4meren salaisuus<br \/>\nCarey, Peter: Hurmio<br \/>\nCarey, Peter: Oscar ja Lucinda<br \/>\nCarpelan, Bo: Ovella kohtaat itsesi<br \/>\nChamisso, Adalbert von: Pietari Schlemihl&#8217;in eriskummalliset el\u00e4m\u00e4nvaiheet<br \/>\nChesterton, Gilbert Keith: Mies joka oli torstaina<br \/>\nClark, Alfred: Hugh Harrodin ihmeelliset seikkailut<br \/>\nClavell, James: Pomp-O-moto<br \/>\nCollins, Wilkie: John Jagon henki tahi Kuollutko wai el\u00e4w\u00e4? (1880); 2.laitos: John Jagon henki \/ Kamala y\u00f6sija (2018)<br \/>\nCollins, Wilkie: J\u00e4\u00e4tyneell\u00e4 syvyydell\u00e4: draamallinen kertomus 5 kohtauksessa (1877)<br \/>\nCort\u00e1zar, Julio: Tarinoita kronoopeista ja faameista<br \/>\nCort\u00e1zar, Julio: Tuli on kaikki tulet<\/p>\n<p><b>D<\/b><br \/>\nDavidson, Lionel: Tiibetin ruusu; Otava 1963<br \/>\nDavis, Frederick C.: Savupaholainen ym. kertomuksia; Minerva 1924. [SF,kok 1\/8]<br \/>\nde Bergerac, Cyrano: Matka kuuhun<br \/>\nDeLillo, Don. Nolla kelvini\u00e4<br \/>\nDickens, Charles: Joulukellot; Karisto 1933.<br \/>\nDickens, Charles: Joulun-aatto; Uusi romaani-jakso, 3. vuosikerta 3. W. Churberg 1878<br \/>\n2.laitos: Joulu-ilta; WS 1893.<br \/>\n3.laitos: Jouluaatto; Karisto 1932.<br \/>\nDickens, Charles: Kaksi kertomusta &#8211; Jouluilta &amp; Uudenvuoden kellot; Karisto 1972<br \/>\nDillberg, Gustav: Seikkailuja Makatea-saarella; 1915<br \/>\nDneprov, Anatoli: Purppuramuumio<br \/>\nDominik, Hans: Atlantis; Kirja 1926<br \/>\nDominik, Hans: Kolmen miehen valta; Kirja 1923<br \/>\nDoyle, Sir Arthur Conan: Aarnihauta eli kullankaivaja Jackmans Gulchissa sek\u00e4 muita j\u00e4nnitt\u00e4vi\u00e4 kertoelmia<br \/>\nDoyle, Sir Arthur Conan: Cloomber Hallin salaisuus<br \/>\nDoyle, Sir Arthur Conan: Hopeapeili<br \/>\nDoyle, Sir Arthur Conan: H\u00e4m\u00e4r\u00e4tarinoita<br \/>\nDoyle, Sir Arthur Conan: J\u00e4nnitt\u00e4vi\u00e4 kertomuksia<br \/>\nDoyle, Sir Arthur Conan: Kadonnut maailma<br \/>\nDoyle, Sir Arthur Conan: Kullan voima<br \/>\nDoyle, Sir Arthur Conan: Nahkaratti<br \/>\nDoyle, Sir Arthur Conan: Pelko- ja kauhutarinoita<br \/>\nDoyle, Sir Arthur Conan: Ruskea kummitus<br \/>\nDoyle, Sir Arthur Conan: Thothin sormus<br \/>\nDoyle, Sir Arthur Conan: Uusi katakombi ja muita kertomuksia<br \/>\nDoyle, Sir Arthur Conan: Vedenalaisten saartama maa ynn\u00e4 muita kertomuksia<br \/>\nDu Maurier, Daphne: Linnut ja muita kertomuksia<br \/>\nDu Maurier, Daphne: Talo rannalla<br \/>\nDu Maurier, Daphne: Tapahtui er\u00e4\u00e4n\u00e4 p\u00e4iv\u00e4n\u00e4<br \/>\nDuncan, Glen: Veren yhdist\u00e4m\u00e4t<br \/>\nDunmore, Spencer: Aavelent\u00e4j\u00e4<br \/>\nDunn, Katherine: Petomaista rakkautta<\/p>\n<p><b>E<\/b><br \/>\nEco, Umberto: Edellisen p\u00e4iv\u00e4n saari<br \/>\nEco, Umberto: Foucaultin heiluri<br \/>\nEco, Umberto: Kuningatar Loanan arvoituksellinen liekki<br \/>\nEhrlich, Max: Peter Proudin edellinen el\u00e4m\u00e4<br \/>\nEnde, Michael: Mielinkielinliemi<br \/>\nEnde, Michael: Ofelian varjoteatteri<br \/>\nEnde, Michael: Unienahmija<br \/>\nErskine, Barbara: H\u00e4kkilintu 1-2<br \/>\nErskine, Barbara: Keskiy\u00f6 on yksin\u00e4inen paikka<br \/>\nErskine, Barbara: Nainen menneisyydest\u00e4 1-2<br \/>\nErskine, John: Ritari Galahad<br \/>\nErskine, John: Troijan Helena yksityisel\u00e4m\u00e4ss\u00e4\u00e4n<br \/>\nErvi, Heikki: KaksosMaailmat<\/p>\n<p><b>F<\/b><br \/>\nFeist, Raymond E.: Kaupparuhtinaan nousu<br \/>\nFeist, Raymond E.: Mustan kuningattaren varjo<br \/>\nFogazzaro, Antonio: Malombra<br \/>\nFortune, Dion: Tohtori Tavernerin salaisuudet<br \/>\nFougue, Friedrich de la Motte: Aallotar<br \/>\nFowler, Christopher: Varjomaailma<\/p>\n<p>L<\/p>\n<p>London, Jack:<\/p>\n<p><b>T<\/b><br \/>\nMark Twain: Salaper\u00e4inen vieras ja muita tarinoita<\/p>\n<p><b>Keltainen kirjasto<\/b><br \/>\nAtxaga, Bernardo: Obabakoak<br \/>\nCalvino, Italo: Kosmokomiikkaa<br \/>\nCalvino, Italo: Koko kosmokomiikka<br \/>\nCalvino, Italo: Halkaistu varakreivi<br \/>\nCalvino, Italo: T\u00e4m\u00e4 vaikea el\u00e4m\u00e4<br \/>\nCarey, Peter: Oscar ja Lucinda<br \/>\nDeLillo, Don: Hiljaisuus<br \/>\nDeLillo, Don: Nolla kelvini\u00e4<br \/>\nEgan, Jennifer: Piparkakkutalo<br \/>\nGrass, G\u00fcnter: Rottarouva<br \/>\nGreene, Graham: Nollapiste<br \/>\nHelprin, Mark: Talvinen tarina<br \/>\nH\u00f8eg, Peter: Kuvitelma 20. vuosisadasta<br \/>\nH\u00f8eg, Peter: Sinun silmiesi kautta<br \/>\nMurakami, Haruki: Ensimm\u00e4inen persoona<br \/>\nMurakami, Haruki: Kaupunki ja sen ep\u00e4vakaa muuri<br \/>\nMandel, Emily St. John: Asema 11<br \/>\nMandel, Emily St. John: Lasihotelli<br \/>\nMandel, Emily St. John: Rauhallisuuden meri<br \/>\nPelevin, Viktor: Generation P<br \/>\nPelevin, Viktor: Viides maailmanvalta<br \/>\nSaramago, Jos\u00e9: Jeesuksen Kristuksen evankeliumi<br \/>\nSaramago, Jos\u00e9: Kertomus sokeudesta<br \/>\nSaramago, Jos\u00e9: Kivinen lautta<br \/>\nVonnegut, Kurt: Jumala teit\u00e4 siunatkoon, herra Rosewater<br \/>\nVonnegut, Kurt: Kissan kehto<br \/>\nVonnegut, Kurt: Mestarien aamiainen eli hyv\u00e4sti masentava maanantai<br \/>\nVonnegut, Kurt: Piruparka<br \/>\nVonnegut, Kurt: Teurastamo no 5 eli lasten ristiretki<br \/>\nWaters, Sarah: Vieras kartanossa<br \/>\nYanagihara, Hanya: Paratiisiin<br \/>\n\u014ce, Kenzabur\u014d: M\/T ja kertomus Mets\u00e4n ihmeest\u00e4<\/p>\n<p><b>ENGLANTI<\/b><\/p>\n<p><b>GOR<\/b><br \/>\n1. Tarnsman of Gor<br \/>\n7. Captive of Gor<br \/>\n11. Slave Girl of Gor<br \/>\n15. Rogue of Gor<\/p>\n<p><b>LEHDET<\/b><\/p>\n<p><b>Y\u00f6juttu-pokkarit<\/b><br \/>\n4\/89 Paholaisen p\u00e4\u00e4kallot<\/p>\n<p><b>Y\u00f6juttu-lehti<\/b><br \/>\nPerhana KAIKKI<\/p>\n<p><b>Jerry Cotton<\/b><br \/>\n23\/78 | 23\/79 | 4\/82 | 2,11,18\/83 | 1,2,3,11\/84 | kaikki uudemmat<\/p>\n<p><b>Lipposet<\/b><br \/>\nAvaruusahv\u00e4\u00e4ri. Pekka Lipposen seikkailuja 62<br \/>\nAvaruusmarsalkka. Pekka Lipposen seikkailuja 63<br \/>\nEtel\u00e4meren hirvi\u00f6. Pekka Lipposen seikkailuja 73<br \/>\nHuuto Haudasta. Pekka Lipposen seikkailuja 91<br \/>\nKauhujen saari. Pekka Lipposen seikkailuja 95<br \/>\nKenraali Korkki ja Prinssi Lipponen. Kalle-Kustaa Korkin seikkailuja 9<br \/>\nKonstaapeli M\u00e4k\u00e4r\u00e4inen erehtyy. Pekka Lipposen seikkailuja 32<br \/>\nMaa jonka aika unohti. Pekka Lipposen seikkailuja 83<br \/>\nTeloittajan testamentti. Pekka Lipposen seikkailuja 44<br \/>\nTiibetin lumimies. Pekka Lipposen seikkailuja 9<br \/>\nTohtori Capran robotti. Pekka Lipponen ja Kalle-Kustaa Korkki 1<\/p>\n<p><b>Fanzinet<\/b><br \/>\nEnh\u00f6rningen: 6,7,10,11<br \/>\nMarvin: 1,2,3\/88 | 2,3,4\/89 | 1\/91 | 3,4\/93 | 2\/94 | 4\/96 | 3\/98 | 1,4\/04 | 3\/05 | 1\/12<\/p>\n<p><b>Suomen MAD<\/b><br \/>\n2004: 5,6,7,8,9,10,11,12<br \/>\n2005: 1,2,3,4,5<br \/>\nWc-spesiaali<\/p>\n<p><b>Judge Dredd Case Files<\/b><br \/>\n12,14,15,19-24,26-29,31-<\/p>\n<p><b>Manga<\/b><br \/>\nAmamori Himari: 7-12<br \/>\nGolden Time: 1<\/p>\n","protected":false},"excerpt":{"rendered":"<p>Sf-bibliografia SARJAT Kovakantiset Tiikerit Planeetta Aam KIRJAT Heikkokuntoiset Marko Ahonen: Ensimm\u00e4inen askel (kosteusvaurio) Leibowitz: Viimeinen kiitoshymni, Best Seller (kosteusvaurio) Ray Bradbury: Kuvitettu mies (kirjastopoisto, 2. painos) A.C. Clarke: Kaukaisen maan laulut (kirjastopoisto) Stanislaw Lem: Eeden (kirjastopoisto) Stanislaw Lem: Paluu t\u00e4hdist\u00e4 [&hellip;]<\/p>\n","protected":false},"author":34,"featured_media":0,"parent":0,"menu_order":0,"comment_status":"closed","ping_status":"closed","template":"","meta":{"footnotes":""},"class_list":["post-15","page","type-page","status-publish","hentry"],"_links":{"self":[{"href":"https:\/\/users.utu.fi\/simo\/wp-json\/wp\/v2\/pages\/15","targetHints":{"allow":["GET"]}}],"collection":[{"href":"https:\/\/users.utu.fi\/simo\/wp-json\/wp\/v2\/pages"}],"about":[{"href":"https:\/\/users.utu.fi\/simo\/wp-json\/wp\/v2\/types\/page"}],"author":[{"embeddable":true,"href":"https:\/\/users.utu.fi\/simo\/wp-json\/wp\/v2\/users\/34"}],"replies":[{"embeddable":true,"href":"https:\/\/users.utu.fi\/simo\/wp-json\/wp\/v2\/comments?post=15"}],"version-history":[{"count":87,"href":"https:\/\/users.utu.fi\/simo\/wp-json\/wp\/v2\/pages\/15\/revisions"}],"predecessor-version":[{"id":1886,"href":"https:\/\/users.utu.fi\/simo\/wp-json\/wp\/v2\/pages\/15\/revisions\/1886"}],"wp:attachment":[{"href":"https:\/\/users.utu.fi\/simo\/wp-json\/wp\/v2\/media?parent=15"}],"curies":[{"name":"wp","href":"https:\/\/api.w.org\/{rel}","templated":true}]}}