{"id":37,"date":"2016-05-23T12:55:05","date_gmt":"2016-05-23T12:55:05","guid":{"rendered":"http:\/\/users.utu.fi\/simo\/?page_id=37"},"modified":"2017-05-07T21:44:35","modified_gmt":"2017-05-07T21:44:35","slug":"valmiit-sarjat","status":"publish","type":"page","link":"https:\/\/users.utu.fi\/simo\/puutelista\/sarjat\/valmiit-sarjat\/","title":{"rendered":"Valmiit sarjat"},"content":{"rendered":"<p><b>Science Fiction<\/b><\/p>\n<ul>\n<li>Alice, Alice!\n<li>Sankareitako t\u00e4\u00e4ll\u00e4?\n<li>Maan hylk\u00e4\u00e4m\u00e4\n<li>Kauniita unia\n<li>Avaruusenkeli\n<li>Pime\u00e4n pelko\n<\/ul>\n<p><b>Asimov<\/b><\/p>\n<ul>\n<li>1\n<li>2\n<li>3\n<li>4\n<li>5\n<li>6\n<li>7\n<li>8\n<li>9\n<\/ul>\n<p><b>Fantasy-sarja (John Books)<\/b><\/p>\n<ul>\n<li>Douglas Adams: Linnunradan k\u00e4sikirja liftareille\n<li>Fredric Brown: Marsilaiset menk\u00e4\u00e4 kotiin\n<li>Philip K. Dick: Jumalan kahdeksan sormea\n<li>Harry Harrison: Kuoleman planeetta\n<li>Harry Harrison: Ruostumaton ter\u00e4srotta\n<li>Robert Sheckley: J\u00e4hmettynyt yhteiskunta\n<li>Clifford D. Simak: V\u00e4liasema\n<\/ul>\n<p><b>Tiikeri-sarja<\/b><\/p>\n<ul>\n<li>Feridan onnelliset\n<li>Toinen Maa\n<li>Avaruuden panttivangit\n<li>Kuuasema vaarassa\n<li>Tohtori L &#8211; Vieras kuolleesta maailmasta\n<li>Sidarin peilis\u00e4teet\n<li>Taistelu Venuksessa\n<li>Triljoonasade\n<li>Planeetta Aam\n<li>Viimeinen tukikohta\n<li>Lyijykaupunki\n<li>Tulinen py\u00f6rre\n<li>Peilipuu\n<li>Uhka syvyyksiss\u00e4\n<li>Kolme K &#8211; kaupungin valtias\n<\/ul>\n<p><b>URSA<\/b><\/p>\n<ul>\n<li>Panoksena tulevaisuus\n<li>Tau nolla\n<li>Inferno\n<li>Painovoima 700\n<li>Andromedan t\u00e4htisumu\n<li>Viimeiset ja ensimm\u00e4iset\n<li>J\u00e4inen vaeltaja\n<li>Ikuisuuden loppu\n<li>Lohik\u00e4\u00e4rmeen muna\n<li>Atoroxin perilliset\n<li>Enemm\u00e4n kuin ihminen\n<li>K\u00e4enpojat\n<li>T\u00e4htien lapset\n<li>Ender\n<li>T\u00e4htipuu\n<li>Keskiy\u00f6n mato Ikaalisissa\n<li>Kuolleiden puolustaja\n<li>City\n<\/ul>\n<p><b>Jalavan SciFi-sarja<\/b><\/p>\n<ul>\n<li>1. H.R. Halli: Viimeisell\u00e4 hetkell\u00e4\n<li>2. Marton Taiga: 8 taivaallista miest\u00e4\n<li>3. Barrington J. Bayley: Zenase\n<li>4. Keith Roberts: Leijamaailma\n<li>5. Christopher Priest: Fuuga synk\u00e4lle saarelle\n<li>6. Bob Shaw: Kukahan min\u00e4 olen?\n<li>7. Pekka Virtanen: Katajanukke\n<li>8. Harry Harrison: Tilaa! Tilaa!\n<li>9. Frederik Pohl: Plusmies\n<li>10. Kari Nenonen: Messias\n<li>11. L. Sprague de Camp &#038; Fletcher Pratt: K\u00e4\u00e4rmeaita\n<li>12. Christopher Priest: K\u00e4\u00e4nteismaailma\n<li>13. Piers Anthony: Auringon lapsi\n<li>14. Juhani Hinkkanen (toim.): Velhojen valtakunta\n<li>15. John Brunner: Parantaja\n<li>16. Philip K. Dick: Palkkionmets\u00e4st\u00e4j\u00e4\n<li>17. Bob Shaw: Orbitsville\n<li>18. Bruce Sterling (toim.): Peililasit\n<li>19. Josh Pachter (toim.): Top Science Fiction 1\n<li>20. Ellen Datlow (toim.): Ensimm\u00e4inen kerta\n<li>21. Josh Pachter (toim.): Top Science Fiction 2\n<li>22. K.W. Jeter: Tohtori Kyy\n<li>23. R. H\u00e4m\u00e4l\u00e4inen &#038; A. Summanen (toim.): Illan t\u00e4hti yksin\u00e4inen\n<\/ul>\n<p><b>Kauhukabinetti-sarja<\/b><\/p>\n<ul>\n<li>Ambroce Bierce: Vanhempainmurhaajien klubi\n<li>H.G. Wells: Tohtori Moreaun saari\n<\/ul>\n<p><b>Musta virta<\/b><\/p>\n<ul>\n<li>1. Alain Paris: Ashermayam\n<li>2. Gilles Thomas: Merkityt miehet\n<li>3. Adam Saint-Moore: Organ laki\n<li>4. Hugues Douriaux: Kalliohin paholaisenpalvojat\n<\/ul>\n<p><b>Portti-kirjat<\/b><\/p>\n<ul>\n<li>1. H.P. Lovecraft: Vaeltaja unien portilla\n<li>2. Ray Bradbury: Huhtikuun noita\n<li>3. Jack Vance: Ihmisen paluu\n<li>4. Pasi J\u00e4\u00e4skel\u00e4inen: Miss\u00e4 junat k\u00e4\u00e4ntyv\u00e4t\n<li>5. Ursula Le Guin: Sis\u00e4meren kalastaja\n<li>6. Heikki Oja: J\u00e4inen lohik\u00e4\u00e4rme\n<li>7. Boris Hurtta: K\u00e4\u00e4rmeet ja tikapuut\n<li>8. Robert E. Howard: Zambebwein kuu\n<li>9. Valdemarin kirja\n<\/ul>\n<p><b>Galaxy-Scifi<\/b><\/p>\n<ul>\n<li>1. Rengasmaailma\n<li>2. Loputon sota\n<li>3. Purjehdus Bysanttiin\n<li>4. Kujanjuoksu\n<li>5. Aikakoneen saaga\n<li>6. Taivaan ty\u00f6kalu\n<li>7. Kasvihuone\n<li>8. Vaeltaja\n<li>9. Nova\n<li>10. Yhteyksi\u00e4\n<li>11. Y\u00f6siivet\n<li>12. Kansanmurha\n<li>13. Pastellikaupunki\n<li>14. Aika pett\u00e4\u00e4\n<li>15. Viimeisten aikojen valtiaat\n<li>16. Mielenvaihto\n<li>16. Viimeisten aikojen valtiaat II: Outo kiihko\n<li>17. Erehtymisen taito\n<li>18. Sotilas ei kysy\n<li>18. Viimeisten aikojen valtiaat III\n<li>19. Dorsai\n<li>20. Kapina 2100\n<li>21. Synergisti\n<li>22. Galaksin kansalainen\n<\/ul>\n<p><b>Avaruuden arvoitukset<\/b><\/p>\n<ul>\n<li>Hyv\u00e4sti Maapallo\n<li>Uusi kotiplaneetta\n<li>Tuntematon planeetta\n<\/ul>\n<p><b>FBH<\/b><\/p>\n<ul>\n<li>Michael Moorcock: Elric Melnibonelainen\n<li>Robert Asprin: Varkaiden maailma\n<li>George Alec Effinger: Kun painovoima pett\u00e4\u00e4\n<li>Williams: Rautahermot\n<\/ul>\n<p><b>Tieteissarja<\/b><\/p>\n<ul>\n<li>1. Jyrki Ij\u00e4s (toim.): Ensimm\u00e4inen yhteys\n<li>2. James Tiptree Jr: H\u00e4vitt\u00e4j\u00e4\n<li>3. Philip K. Dick: Maailma jonka Jones teki\n<\/ul>\n<p><b>Junior Scifi<\/b><\/p>\n<ul>\n<li>1. Harry Harrison: Avaruusl\u00e4\u00e4k\u00e4ri\n<li>2. Douglas Hill: Avaruuden vangit\n<li>3. Frederik Pohl &#038; Jack Williamson: Vedenalainen kaupunki\n<li>4. Douglas Hill: Klydorin luolat\n<\/ul>\n<p><b>Sci-fi sarja<\/b><\/p>\n<ul>\n<li>Isaac Asimov: Aamunkoiton robotit\n<li>Isaac Asimov: Robotit ja imperiumi\n<li>Isaac Asimov: Avaruuden merivirrat\n<li>Isaac Asimov: Itse jumalat\n<li>Isaac Asimov: S\u00e4\u00e4ti\u00f6\n<li>Isaac Asimov: S\u00e4\u00e4ti\u00f6 ja imperiumi\n<li>Isaac Asimov: Toinen s\u00e4\u00e4ti\u00f6\n<li>Isaac Asimov: S\u00e4\u00e4ti\u00f6 veitsen ter\u00e4ll\u00e4\n<li>Isaac Asimov: S\u00e4\u00e4ti\u00f6 ja Maa\n<li>Isaac Asimov: S\u00e4\u00e4ti\u00f6n alkusoitto\n<li>Isaac Asimov: Kohti S\u00e4\u00e4ti\u00f6t\u00e4\n<li>Alfred Bester: M\u00e4\u00e4r\u00e4np\u00e4\u00e4n\u00e4 t\u00e4hdet\n<li>Arthur C. Clarke: Tuuli auringosta\n<li>Philip K. Dick: Mahdoton planeetta\n<li>Philip Jos\u00e9 Farmer: El\u00e4m\u00e4n ja kuoleman virta\n<li>William Gibson: Neurovelho\n<li>William Gibson: Kreivi Nolla\n<li>William Gibson: Mona Lisa\n<li>Frank Herbert: Dyyni 1\n<li>Frank Herbert: Dyyni 2\n<li>Frank Herbert: Dyyni 3\n<li>Frank Herbert: Dyynin messias\n<li>Fred &#038; Geoffrey Hoyle: Viides planeetta\n<li>Daniel Keyes: Kukkia Algernonille [kirjasto]\n<li>Gerard Klein: Sodan valtiaat\n<li>Ursula K. Le Guin: Maailma, vihre\u00e4 mets\u00e4\n<li>Ursula K. Le Guin: Osattomien planeetta\n<li>Ursula K. Le Guin: Pimeyden vasen k\u00e4si\n<li>Matti Rosvall (toim.): Maailma mielen mukaan\n<li>Niels E. Nielsen: Vartija\n<li>Flann O&#8217;Brien: Kolmas konstaapeli [pokkari]\n<li>Frederik Pohl: Avaruuden Portti\n<li>Frederik Pohl &#038; Cyril M. Kornbluth: Avaruuden kauppamiehet\n<li>Frederik Pohl: Kauppamiesten sota\n<li>Robert Sheckley: Matkalippu utopiaan\n<li>Lucius Shepard: Lohik\u00e4\u00e4rmeen varjossa\n<li>Cordwainer Smith: Planeetta nimelt\u00e4 Shajol\n<li>Arkadi &#038; Boris Strugatski: Hankalaa olla jumala\n<li>Arkadi &#038; Boris Strugatski: Kasvatti\n<li>Arkadi &#038; Boris Strugatski: Miljardi vuotta ennen maailmanloppua\n<li>Arkadi &#038; Boris Strugatski: Poika helvetist\u00e4\n<li>Arkadi &#038; Boris Strugatski: Stalker\n<li>John Varley: Hyv\u00e4sti, Robinson Crusoe\n<li>Jules Verne: Claudius Bombarnac\n<li>Jules Verne: Etel\u00e4n t\u00e4hti\n<li>Jules Verne: H\u00f6yrytalo\n<li>Jules Verne: Is\u00e4nmaan lippu\n<li>Jules Verne: Jangada\n<li>Jules Verne: Karpaattien linna\n<li>Jules Verne: Kiinalaisen koettelemukset\n<li>Jules Verne: Maailman herra\n<li>Jules Verne: Matka maan keskipisteeseen\n<li>Jules Verne: Robur Valloittaja\n<li>Howard Waldrop: Vain vanhat luut\n<\/ul>\n<p><b>FAN<\/b><\/p>\n<ul>\n<li>Ellen Datlow (toim.): Aavistus verta\n<li>Isaac Asimov &#038; Robert Silverberg: Y\u00f6 saapuu\n<li>Robert Bloch: Pehmustettu selli ja muita kauhun paikkoja\n<li>Ray Bradbury: Toiset taivaat\n<li>Ray Bradbury: Varhaiset varjot\n<li>Nancy A. Collins: Musta y\u00f6 &#8211; tummat lasit\n<li>Philip K. Dick: Anna kyynelten tulla, pyysi poliisi\n<li>Philip K. Dick: Mars on meid\u00e4n\n<li>Philip K. Dick: Oraakkelin kirja\n<li>Philip K. Dick: Ubik\n<li>Philip K. Dick: Valis\n<li>Sir Arthur Conan Doyle: Kun Maa kirkui ja muita ep\u00e4tavallisia tarinoita\n<li>Philip Jos\u00e9 Farmer: Lordi Tyger\n<li>Philip Jos\u00e9 Farmer: Valon y\u00f6\n<li>Jeff Gelb (toim.): Rock on rajaton kauhu\n<li>Harry Harrison &#038; Leon Stover: Stonehenge &#8211; Atlantiksen tuho\n<li>James Herbert: Rotat\n<li>James Herbert: Usva\n<li>Robert E. Howard: Kadotuksen kuilu\n<li>Robert E. Howard: Y\u00f6n kuninkaat\n<li>Rudyard Kipling: Pedon merkki ja muita kauhuja\n<li>Tanith Lee: Pedon syd\u00e4n\n<li>H.P. Lovecraft &#038; August Derleth: Kauhun kynnys\n<li>Michael Moorcock: Maailmantuskan soturi\n<li>Rudy Rucker: Robojen poika\n<li>Rudy Rucker: Software\n<li>Markku Sadelehto (toim.): Amerikkalaiset aaveet\n<li>Markku Sadelehto (toim.): Englantilaiset aaveet\n<li>Markku Sadelehto (toim.): Kuoleman kirjat 1\n<li>Markku Sadelehto (toim.): Kuoleman kirjat 2\n<li>Markku Sadelehto (toim.): Kuoleman kirjat 3\n<li>Markku Sadelehto (toim.): Musta kivi\n<li>Markku Sadelehto (toim.): Mustan jumalan suudelma\n<li>Markku Sadelehto (toim.): Shoredanin kellot\n<li>Lucius Shepard: Kultainen\n<li>Clark Ashton Smith: Viimeinen hieroglyfi\n<li>Norman Spinrad: Deus X\n<li>Bruce Sterling: Kulkuri\n<li>Bruce Sterling: Taistelija\n<li>Melanie Tem: Petojen suku\n<li>Karl Edward Wagner: Pimeyden verkot\n<li>H.G. Wells: Punainen huone\n<\/ul>\n<p><b>Scifin parhaita (Karisto)<\/b><\/p>\n<ul>\n<li>Greg Bear: Aikatunneli\n<li>Greg Bear: Maailmojen synty\n<li>Greg Bear: P\u00e4\u00e4t\n<li>Greg Bear: Veren musiikkia\n<li>Robert A. Heinlein: Seitsem\u00e4n miehen sota\n<li>Robert Holdstock: Alkumets\u00e4\n<li>Robert Holdstock: Holvi mets\u00e4\u00e4n\n<li>Robert Holdstock: Mets\u00e4n henget\n<li>Robert Holdstock: Muinaisuuden kosketus [kirjasto]\n<li>Robert Holdstock: N\u00e4kev\u00e4 sokea\n<li>Fred Hoyle: Musta pilvi\n<li>Kimmo Saneri: Avaruussirkus\n<li>Kimmo Saneri: Valon takana\n<li>Lucius Shepard: Kalimantan\n<li>John Sladek: Tik-Tok\n<li>John Sladek: Virheisku\n<li>Sheri S. Tepper: Portti naisten maahan\n<li>Sheri S. Tepper: Ruohojen maa\n<li>H.G. Wells: N\u00e4kym\u00e4t\u00f6n mies\n<\/ul>\n<p><b>Raketti-sarja (Tammi)<\/b><\/p>\n<ul>\n<li>1. Jack Vance: Avaruuden rosvot\n<li>2. Arthur C. Clarke: Ilmojen saaret\n<li>3. Robert A. Heinlein: Rakettilaivan kadetti\n<\/ul>\n<p><b>LIKE fantasia<\/b><\/p>\n<ul>\n<li>M. John Harrison: Eilisen mystinen syd\u00e4n\n<li>Vonda McIntyre: Aurinko ja kuu\n<li>Michael Swanwick: Rautalohik\u00e4\u00e4rmeen tyt\u00e4r\n<\/ul>\n<p><b>Kirjayhtym\u00e4n fonttisarja<\/b><\/p>\n<ul>\n<li>Brian Aldiss: Helliconian kes\u00e4\n<li>Brian Aldiss: Helliconian kev\u00e4t\n<li>Brian Aldiss: Helliconian talvi\n<li>Brian Aldiss: Mannerheim-sinfonia\n<li>Brian Aldiss: Pime\u00e4t valovuodet\n<li>Isaac Asimov: Alaston aurinko\n<li>Isaac Asimov: Robotit\n<li>Isaac Asimov: Ter\u00e4sluolat [kp]\n<li>Ray Bradbury: Fahrenheit 451\n<li>Ray Bradbury: Kuvitettu mies [kp]\n<li>Ray Bradbury: Lokakuun maa\n<li>David Brin: T\u00e4htisumu t\u00e4yttyy\n<li>John Brosnan: Taivaan valtiaat\n<li>Octavia E. Butler: Aamunkoitto\n<li>Octavia E. Butler: Imago\n<li>Octavia E. Butler: Puolip\u00e4iv\u00e4n riitit\n<li>Arthur C. Clarke: 2001 &#8211; avaruusseikkailu\n<li>Arthur C. Clarke: 2010 Avaruusodysseia\n<li>Arthur C. Clarke: Kadonnut menneisyys\n<li>Arthur C. Clarke: Kaukaisen Maan laulut [k]\n<li>Arthur C. Clarke: Lapsuuden loppu [p]\n<li>Arthur C. Clarke: Maan valo\n<li>Arthur C. Clarke: Marsin aamunkoitto\n<li>Arthur C. Clarke: Odysseia 2061\n<li>Arthur C. Clarke: Paratiisin suihkul\u00e4hteet\n<li>Arthur C. Clarke: Selene I\n<li>Arthur C. Clarke: T\u00e4htiaika\n<li>Arthur C. Clarke: Uhka avaruudesta\n<li>Arthur C. Clarke &#038; Gentry Lee: Kehto\n<li>Arthur C. Clarke &#038; Gentry Lee: Rama II\n<li>Robert A. Heinlein: Kissa muurin l\u00e4pi\n<li>Robert A. Heinlein: Kuu on julma\n<li>Robert A. Heinlein: Tuomiop\u00e4iv\u00e4n komedia\n<li>Robert A. Heinlein: Yli-ihmisen aika\n<li>Fred Hoyle: Los Angeles ei vastaa [p]\n<li>Risto Isom\u00e4ki: Gilgamesin tappio\n<li>Risto Isom\u00e4ki: Kristalliruusu\n<li>Risto Isom\u00e4ki: Pime\u00e4n pilven ritarit\n<li>Stanislaw Lem: Eeden [k]\n<li>Stanislaw Lem: Futurologinen kongressi\n<li>Stanislaw Lem: Is\u00e4nn\u00e4n \u00e4\u00e4ni\n<li>Stanislaw Lem: Kyberias\n<li>Stanislaw Lem: Nuha\n<li>Stanislaw Lem: Paluu t\u00e4hdist\u00e4\n<li>Stanislaw Lem: Rauha maassa\n<li>Stanislaw Lem: Solaris\n<li>Stanislaw Lem: T\u00e4htip\u00e4iv\u00e4kirjat\n<li>Stanislaw Lem: Voittamaton\n<li>C.S. Lewis: Matka Venukseen\n<li>C.S. Lewis: Piinattu planeetta\n<li>C.S. Lewis: \u00c4\u00e4net\u00f6n planeetta\n<li>Tim Powers: Anubiksen portit 1\n<li>Tim Powers: Anubiksen portit 2\n<li>Tim Powers: Paheiden palatsi\n<li>Joanna Russ: Naisten planeetta\n<li>Joanna Russ: Piknikki Paratiisissa\n<li>Jack Vance: Iltaruskon maa\n<li>H.G. Wells: Aikakone &#8211; Maailmojen sota\n<li>John Wyndham: Uhka syvyydest\u00e4\n<\/ul>\n<p><b>Nide-kirjat<\/b><\/p>\n<ul>\n<li>Bryan Berry: Uuden maailman ihmiset v. 2018\n<li>Herbert J. Campbell: Aikakoneen salaisuus\n<li>Robert A. Heinlein: Mies, joka myi kuun\n<li>Robert A. Heinlein: Seitsem\u00e4n miehen sota\n<li>John Wyndham: Triffidien kapina\n<\/ul>\n<p><b>Kauhujen kirja<\/b><\/p>\n<ul>\n<li>Kauhujen kirja 1\n<li>Kauhujen kirja 2\n<li>Kauhujen kirja 3\n<li>Kauhujen kirja 4\n<li>Kauhujen kirja 5\n<li>Kauhujen kirja 6\n<li>Kauhujen kirja 7\n<li>Kauhujen kirja 8\n<\/ul>\n<p><b>Pellucidar<\/b><\/p>\n<ul>\n<li>Maan uumenissa\n<li>Ikuisen p\u00e4iv\u00e4n maa\n<li>Kuninkaan poika\n<li>Tarzan maan uumenissa\n<\/ul>\n<p><b>Horror-sarja<\/b><\/p>\n<ul>\n<li>1. Jory Sherman: Vegasin vampyyri\n<li>2. Jory Sherman: Mies joka eli viidesti\n<li>3. A.F. Morland: Kuoleman pilvi\n<li>4. Patricia Wallace: Pahan katse\n<li>5. Jock MacLane: Paholaisen opetuslapset\n<li>6. Stephen Gresman: Tappavat k\u00e4det\n<li>7. John Applegate: Kuoleman uni\n<li>8. Lee Duigon: Kauhun koulu\n<li>9. Christopher Fahy: Ikuinen onni\n<\/ul>\n<p><b>Ky\u00f6peli<\/b><\/p>\n<ul>\n<li>1. Ronald Chetwynd-Hayes: Hirvi\u00f6klubi\n<li>2. C. Terry Cline: Damon &#8211; pahan vallassa\n<li>3. Alan Radnor: Riivatut\n<li>4. Ronald Chetwynd-Hayes: Kartanon kirous\n<li>5. Drew Lamark: Tappajameduusat\n<li>6. Jay Ramsay: Kuoleman kynsi\n<li>7. Tuula Pelttari: Pimeyden sakramentti\n<\/ul>\n<p><b>H\u00e4m\u00e4r\u00e4n rajoilla<\/b><\/p>\n<ul>\n<li>1. Luciferin lapset\n<li>2. Ikuinen valtakunta\n<li>3. Santa Lauran pyhimys\n<li>4. Sigma &#8211; paholaisen merkki\n<li>5. Niin musta kuin multa\n<\/ul>\n<p><b>Vaskikirjojen sf-kirjat<\/b><\/p>\n<ul>\n<li>Katri Alatalo: Karnin labyrintti\n<li>Katri Alatalo: Laulu kadonneesta saaresta\n<li>Lordi Dunsany: Haltiamaan kuninkaantyt\u00e4r\n<li>Pekka Halonen: Peuraheimo\n<li>Ellen Kushner: Thomas Riiminiekka\n<li>Fritz Leiber: Lankhmarin varkaat\n<li>Richard Matheson: Olen legenda\n<li>Michael Moorcock: Ilmojen sotaherra\n<li>Michael Moorcock: Katso ihmist\u00e4!\n<li>Michael Moorcock: Leviatan maan p\u00e4\u00e4ll\u00e4\n<li>Michael Moorcock: Ter\u00e4ksinen tsaari\n<li>Anni Nupponen: Nainen ja kuningas\n<li>Anni Nupponen: Putoavan t\u00e4hden prinsessa\n<li>Robert Silverberg: Kuningas Gilgames\n<li>M.G. Soikkeli: Kuninkaantekij\u00e4t\n<li>Norman Spinrad: Rautainen unelma\n<li>Roger Zelazny: Amberin yhdeks\u00e4n prinssi\u00e4 &#8211; Amberin kronikat 1\n<li>Roger Zelazny: Avalonin luodit &#8211; Amberin kronikat 2\n<\/ul>\n<p><b>Shokki<\/b><\/p>\n<ul>\n<li>1. Edward Levy: Kasvava uhka\n<li>2. Edmund H. North &#038; Franklin Coen: Meteori\n<li>3. John Christopher: N\u00e4lk\u00e4kuolema\n<li>4. Conrad Voss Bark: Hy\u00f6kyaalto\n<li>5. Joseph L. Gilmore: K\u00e4\u00e4rmeet tulevat\n<li>6. John Christopher: Viimeiset ihmiset\n<\/ul>\n<p><b>Collector<\/b><\/p>\n<ul>\n<li>1. Pimeiden kujien kulkijat \/ legendaariset yksityisetsiv\u00e4t\n<li>2. Ms. Murha \/ naisdekkarit\n<li>3. Weird Tales \/ fantasialehden parhaat\n<li>4. Min\u00e4, nainen \/ naiserotiikkaa\n<li>5. V\u00e4risytt\u00e4v\u00e4 kosketus \/ eroottisia kauhukertomuksia\n<li>6. Pieni kauhukirja \/ 55 lyhyenlyhytt\u00e4 kauhupalaa\n<li>7. Suuri kummituskirja\n<li>8. Yst\u00e4v\u00e4ni Sherlock Holmes\n<li>9. &#8230;joka viimeksi nauraa \/ 17 veijaridekkaria\n<li>10. Murhaava hollywood\n<li>11. Suuri noitakirja\n<li>12. Mystisi\u00e4 kissatarinoita\n<li>13. V\u00e4risytt\u00e4v\u00e4 kosketus 2\n<\/ul>\n<p><b>Arena<\/b><\/p>\n<ul>\n<li>Ray Bradbury: Fahrenheit 451\n<li>Fred Hoyle: Los Angeles ei vastaa\n<\/ul>\n<p><b>Prydainin kronikka<\/b><\/p>\n<ul>\n<li>Kolmen kertomus\n<li>Hiidenpata\n<li>Llyrin linna\n<li>Taran vaeltaja\n<li>Suurkuningas\n<\/ul>\n<p><b>Turbatorin m-sarja<\/b><\/p>\n<ul>\n<li>1. Juri Nummelin (toim.): Viides testamentti\n<li>2. M. G. Soikkeli: Marsin ik\u00e4v\u00e4 ja muita kertomuksia\n<li>3. Harry Etel\u00e4 (Aimo Viherluoto): Kauhujen salakammio\n<li>4. Harri Erkki: Pitk\u00e4 jauntti\n<li>5. Boris Hurtta: Vuoden pimein p\u00e4iv\u00e4\n<li>6. Asentoja\n<li>7. Kirsti Ellil\u00e4: Outoa rakkautta\n<li>8. Tapani Bagge: Ammattimies\n<li>9. Joni Skiftesvik ja Totti Karpela: T\u00f6it\u00e4 arkkunikkarille\n<li>10. Petri Laine: Taivaan kaikki v\u00e4rit\n<li>11. Veikko Hannuniemi: Suuri jano\n<li>12. Timo Surkka: Paha tulee parvissa\n<li>13. Petri Salin: J\u00e4\u00e4tynyt Kokytos\n<li>14. Tankki palaa!\n<li>15. Petri Laine: Surunkorento\n<li>16. Boris Hurtta: Noidan nahka\n<li>17. J. K. Miettinen: H\u00e4iri\u00f6tekij\u00e4\n<li>18. Sherlock Holmes Suomessa\n<li>19. Petri Salin: Kolmaskymmeneskolmas simpanssi\n<li>20. Heikki Nevala: Arvet\n<li>21. Outoja j\u00e4lki\u00e4 ja muita er\u00e4tarinoita\n<li>22. \u00c5bsurdistiska ber\u00e4ttelser\n<li>23. Henry Parland: Khimaira\n<li>24. Marton Taiga: Osiriksen sormus\n<li>25. Tuska ja hurmio\n<li>26. Kyllikki Tukiainen: Kilpikonnanainen\n<li>27. Mannerheimin seikkailuja\n<li>28. Juri Nummelin: Pakastetun poliisin tapaus ja muita Joe Novak -tarinoita\n<li>29. Hauskaa joulua\n<li>30. Aukkoja ajassa\n<li>31. Reino Helismaa: Kolme luurankoa\n<\/ul>\n<p><b>Bob Moran -kirjat<\/b><\/p>\n<ol>\n<li>Kauhujen laakso\n<li>Uponnut kaleeri\n<li>Kadonnut kaupunki\n<li>Tulinen virta\n<li>Ilmojen rosvot\n<li>Merirosvon aarre\n<li>Asema K ei vastaa\n<li>Salaisuuksien saari\n<li>Hirvi\u00f6itten laakso\n<\/ol>\n<p><b>Jalavan Kauhusarja<\/b><\/p>\n<ul>\n<li>H. P. Lovecraft: Temppeli ja muita kertomuksia\n<li>2. W. H. Hodgson: Kauhujen talo\n<li>3. Clive Barker: Veren kirjat 1\n<li>4. H. P. Lovecraft: Kuiskaus pime\u00e4ss\u00e4\n<li>5. K. W. Jeter: Sielusta sieluun\n<li>6. Kari Nenonen: Noitarovio\n<li>7. Markku Sadelehto (toim.): Outoja tarinoita 1\n<li>8. Clive Barker: Veren kirjat 2\n<li>9. Ellen Datlow (toim.): Ei vain verest\u00e4\n<li>10. Richard Matheson: Helvetin talo\n<li>11. Boris Hurtta: El\u00e4vien ja kuolleiden kes\u00e4\n<li>12. H. P. Lovecraft: Nimet\u00f6n kaupunki\n<li>13. Markku Sadelehto (toim.): Outoja tarinoita 2\n<li>14. Clive Barker: Veren kirjat 3\n<li>15. Guy N. Smith: Kannibaalit\n<li>16. Boris Hurtta: Lumen tuloa ei voi est\u00e4\u00e4\n<li>17. Neil Gaiman &#038; Terry Pratchett: Hyvi\u00e4 enteit\u00e4\n<li>18. Markku Sadelehto (toim.): Outoja tarinoita 3\n<li>19. H. P. Lovecraft: Charles Dexter Wardin tapaus\n<li>20. Clive Barker: Veren kirjat 4\n<li>21. Markku Sadelehto (toim.): Outoja tarinoita 4\n<li>22. Markku Sadelehto (toim.): Julma on rakkaus\n<li>Clive Barker: Kadotuksen peli\n<li>Clive Barker: Veren kirjat 5\n<li>Markku Sadelehto (toim.): Outoja tarinoita 5\n<li>H. P. Lovecraft: Varjo menneisyydest\u00e4\n<li>Clive Barker: Y\u00f6n kansa\n<li>Markku Sadelehto (toim.): Tulilintu\n<li>Clive Barker: Veren kirjat 6\n<li>H. P. Lovecraft: Alkemisti ja muita kertomuksia\n<li>Markku Sadelehto (toim.): Outoja tarinoita 6\n<li>Markku Sadelehto (toim.): Haudantakaisia\n<li>Markku Sadelehto (toim.): Suuri hiljaisuus\n<li>Joe R. Lansdale: Y\u00f6juoksijat\n<\/ul>\n<p><b>Jalavan Fantasiasarja<\/b><\/p>\n<ul>\n<li>1. Robert E. Howard: Conan ja demonit\n<li>2. Robert E. Howard: Conan taistelija\n<li>3. Margaret Weis &#038; Tracy Hickman: Syysh\u00e4m\u00e4r\u00e4n lohik\u00e4\u00e4rmeet\n<li>4. Markku Sadelehto (toim.): Pimeyden linnake\n<li>5. Margaret Weis &#038; Tracy Hickman: Talviy\u00f6n lohik\u00e4\u00e4rmeet\n<li>6. Robert E. Howard: Conan voittaja\n<li>Robert E. Howard: Conan Cimmerialainen\n<li>Margaret Weis &#038; Tracy Hickman: Kev\u00e4taamun lohik\u00e4\u00e4rmeet\n<li>Margaret Weis &#038; Tracy Hickman: Kaksosten aika\n<li>Margaret Weis &#038; Tracy Hickman: Kaksosten sota\n<li>Margaret Weis &#038; Tracy Hickman: Kaksosten koetus\n<\/ul>\n<p><b>Loki<\/b><\/p>\n<ul>\n<li>J.G. Ballard: Crash\n<li>J.G. Ballard: Tornitalo\n<li>Iain M. Banks: Aseiden k\u00e4ytt\u00f6\n<li>Iain M. Banks: Muista Flebasta\n<li>Iain M. Banks: Pelaaja\n<li>Stefano Benni: Baol\n<li>Stefano Benni: Elianto\n<li>Colin Greenland: Harmin tiell\u00e4\n<li>Simon Ings: Kuuma p\u00e4\u00e4\n<li>Simon Ings: Kuumalinja\n<li>Simon Ings: Rautakalan kaupunki\n<li>Kimmo Lehtonen: Timbuktun hetket\n<li>Kimmo Lehtonen: Yli uusien rantojen\n<li>Jonathan Lethem: Musiikkiuutisia\n<li>Jonathan Lethem: Yksin\u00e4isyyden linnake\n<li>Ken MacLeod: T\u00e4htijaosto\n<li>Jeff VanderMeer: Pyhimysten ja mielipuolten kaupunki\n<\/ul>\n<p><b>Percy Jackson &#038; The Olympians<\/b><\/p>\n<ul>\n<li>Salamavaras\n<li>Hirvi\u00f6idenmeri\n<li>Titaanien kirous\n<li>Labyrinttitaistelu\n<li>Jumalten sota\n<\/ul>\n<p><b>Olympoksen sankarit -sarja<\/b><\/p>\n<ul>\n<li>Eksynyt sankari\n<li>Merenjumalan poika\n<li>Athenen merkki\n<li>Haadeksen talo\n<li>Olympoksen veri\n<\/ul>\n<p><b>Kauhujuttu-sarja<\/b><\/p>\n<ul>\n<li>Joan Aiken: \u00c4\u00e4net\n<li>Angela Bull: Toivomushauta\n<li>Tessa Krailing: Painajaismies\n<li>Susan Price: Luukoira\n<li>Carolyn Sloan: Uhka vedess\u00e4\n<li>Robert Westall: Kummitusluostari\n<\/ul>\n","protected":false},"excerpt":{"rendered":"<p>Science Fiction Alice, Alice! Sankareitako t\u00e4\u00e4ll\u00e4? Maan hylk\u00e4\u00e4m\u00e4 Kauniita unia Avaruusenkeli Pime\u00e4n pelko Asimov 1 2 3 4 5 6 7 8 9 Fantasy-sarja (John Books) Douglas Adams: Linnunradan k\u00e4sikirja liftareille Fredric Brown: Marsilaiset menk\u00e4\u00e4 kotiin Philip K. Dick: Jumalan [&hellip;]<\/p>\n","protected":false},"author":34,"featured_media":0,"parent":46,"menu_order":2,"comment_status":"closed","ping_status":"closed","template":"","meta":{"footnotes":""},"class_list":["post-37","page","type-page","status-publish","hentry"],"_links":{"self":[{"href":"https:\/\/users.utu.fi\/simo\/wp-json\/wp\/v2\/pages\/37","targetHints":{"allow":["GET"]}}],"collection":[{"href":"https:\/\/users.utu.fi\/simo\/wp-json\/wp\/v2\/pages"}],"about":[{"href":"https:\/\/users.utu.fi\/simo\/wp-json\/wp\/v2\/types\/page"}],"author":[{"embeddable":true,"href":"https:\/\/users.utu.fi\/simo\/wp-json\/wp\/v2\/users\/34"}],"replies":[{"embeddable":true,"href":"https:\/\/users.utu.fi\/simo\/wp-json\/wp\/v2\/comments?post=37"}],"version-history":[{"count":6,"href":"https:\/\/users.utu.fi\/simo\/wp-json\/wp\/v2\/pages\/37\/revisions"}],"predecessor-version":[{"id":576,"href":"https:\/\/users.utu.fi\/simo\/wp-json\/wp\/v2\/pages\/37\/revisions\/576"}],"up":[{"embeddable":true,"href":"https:\/\/users.utu.fi\/simo\/wp-json\/wp\/v2\/pages\/46"}],"wp:attachment":[{"href":"https:\/\/users.utu.fi\/simo\/wp-json\/wp\/v2\/media?parent=37"}],"curies":[{"name":"wp","href":"https:\/\/api.w.org\/{rel}","templated":true}]}}