{"id":46,"date":"2016-05-23T13:01:09","date_gmt":"2016-05-23T13:01:09","guid":{"rendered":"http:\/\/users.utu.fi\/simo\/?page_id=46"},"modified":"2023-05-16T17:05:18","modified_gmt":"2023-05-16T14:05:18","slug":"sarjat","status":"publish","type":"page","link":"https:\/\/users.utu.fi\/simo\/puutelista\/sarjat\/","title":{"rendered":"Sarjat"},"content":{"rendered":"<p><b>[Kovakantiset Tiikerit]<\/b><\/p>\n<ul>\n<li>Tohtori L &#8211; Vieras kuolleesta maailmasta<\/li>\n<li>Sidarin peilis\u00e4teet<\/li>\n<li>Taistelu Venuksessa<\/li>\n<li>Triljoonasade<\/li>\n<li>[Planeetta Aam]<\/li>\n<li>Viimeinen tukikohta<\/li>\n<li>Lyijykaupunki<\/li>\n<li>Tulinen py\u00f6rre<\/li>\n<li>Peilipuu<\/li>\n<li>Pako tuntemattomaan<\/li>\n<\/ul>\n<p><b>[LIKE]<\/b><\/p>\n<ul>\n<li>Lino Aldani: J\u00e4\u00e4risti<\/li>\n<li>Steve Aylett: Atomi<\/li>\n<li>J.G. Ballard: Super-Cannes<\/li>\n<li>Alfred Bester: Murskattu mies<\/li>\n<li>Pierre Boulle: Apinoiden planeetta<\/li>\n<li>Philip K. Dick: Alfan kuun klaanit<\/li>\n<li>Philip K. Dick: Haudasta kohtuun<\/li>\n<li>Philip K. Dick: Jumalan pojan paluu<\/li>\n<li>Philip K. Dick: Lies. Inc.<\/li>\n<li>Philip K. Dick: On aika sijoiltaan<\/li>\n<li>Philip K. Dick: Palmer Eldricht &#8211; kolmasti merkitty mies<\/li>\n<li>Philip K. Dick: Rakennamme sinut<\/li>\n<li>Philip K. Dick: Ruukunkorjaaja<\/li>\n<li>Philip K. Dick: Simulantit<\/li>\n<li>Philip K. Dick: Timothy Archerin sielunvaellus<\/li>\n<li>Philip K. Dick: Tohtori Veriraha<\/li>\n<li>Philip K. Dick: Varro vain viime vuotta<\/li>\n<li>Hal Duncan: Vellum<\/li>\n<li>Hal Duncan: Muste<\/li>\n<li>Hal Duncan: Pako Helvetist\u00e4!<\/li>\n<li>Dmitri Gluhovski: Metro 2033<\/li>\n<li>Dmitri Gluhovski: Metro 2034<\/li>\n<li>Harry Harrison: Bill &#8211; Linnunradan sankari<\/li>\n<li>Harry Harrison: Bill Linnunradan sankari robottiorjien planeetalla<\/li>\n<li>Harry Harrison &amp; David Bischoff: Bill &#8211; Linnunradan sankari mauttoman mielihyv\u00e4n planeetalla<\/li>\n<li>Harry Harrison &amp; Jack C. Haldeman II: Bill &#8211; Linnunradan sankari zombievampyyrien planeetalla<\/li>\n<li>Harry Harrison &amp; Robert Sheckley: Bill &#8211; Linnunradan sankari pullotettujen aivojen planeetalla<\/li>\n<li>Harry Harrison: Ruostumaton ter\u00e4srotta<\/li>\n<li>Harry Harrison: Ruostumaton ter\u00e4srotta pelastaa maailman<\/li>\n<li>Harry Harrison: Ruostumaton ter\u00e4srotta presidentiksi<\/li>\n<li>Harry Harrison: Ruostumaton ter\u00e4srotta tahtoo sinut<\/li>\n<li>Harry Harrison: Ruostumattoman ter\u00e4srotan paluu<\/li>\n<li>Harry Harrison: Ruostumaton ter\u00e4srotta syntyy<\/li>\n<li>M. John Harrison: Eilisen mystinen syd\u00e4n<\/li>\n<li>M. John Harrison: Valo<\/li>\n<li>M. John Harrison: Elonmerkit<\/li>\n<li>M. John Harrison: Nova Swing<\/li>\n<li>M. John Harrison: Tyhjyys<\/li>\n<li>Hugh Howey: Siilo<\/li>\n<li>Hugh Howey: Siirros<\/li>\n<li>Hugh Howey: Kohtalo<\/li>\n<li>Jeff Long: Helvetin piirit<\/li>\n<li>Jeff Long: Helvetin syd\u00e4n<\/li>\n<li>Jeff Long: Sein\u00e4m\u00e4<\/li>\n<li>Jeff Long: Vuosi nolla<\/li>\n<li>Jeff Long: Tilinteon hetki<\/li>\n<li>Ray Loriga: Tokio ei v\u00e4lit\u00e4 meist\u00e4 en\u00e4\u00e4<\/li>\n<li>Victor Martinovits: Paranoia<\/li>\n<li>Vonda McIntyre: Unik\u00e4\u00e4rme<\/li>\n<li>Richard Morgan: Musta mies<\/li>\n<li>Richard Morgan: Muuntohiili<\/li>\n<li>J. Pekka M\u00e4kel\u00e4: 391<\/li>\n<li>J. Pekka M\u00e4kel\u00e4: Alshain<\/li>\n<li>J. Pekka M\u00e4kel\u00e4: Nedut<\/li>\n<li>J. Pekka M\u00e4kel\u00e4: Karsta<\/li>\n<li>J. Pekka M\u00e4kel\u00e4: Muurahaispuu<\/li>\n<li>J. Pekka M\u00e4kel\u00e4: Alas<\/li>\n<li>[Sofi Oksanen: Norma]<\/li>\n<li>Alastair Reynolds: Ilmestysten avaruus<\/li>\n<li>Alastair Reynolds: Kuilukaupunki osa I<\/li>\n<li>Alastair Reynolds: Kuilukaupunki osa II<\/li>\n<li>Alastair Reynolds: Lunastuksen arkki<\/li>\n<li>Alastair Reynolds: Sovituksen kuilu<\/li>\n<li>Alastair Reynolds: Timanttikoirat, turkoosit p\u00e4iv\u00e4t<\/li>\n<li>Alastair Reynolds: J\u00e4\u00e4npuskijat<\/li>\n<li>Alastair Reynolds: Prefekti<\/li>\n<li>Alastair Reynolds: Aurinkojen huone<\/li>\n<li>Alastair Reynolds: P\u00e4\u00e4teasema<\/li>\n<li>Alastair Reynolds: Muistoissa sininen Maa<\/li>\n<li>Alastair Reynolds: Ter\u00e4stuulen yll\u00e4<\/li>\n<li>[Alastair Reynolds: Poseidonin lapset]<\/li>\n<li>Jaakko Markus Sepp\u00e4l\u00e4: Lemen<\/li>\n<li>Robert Shea: Illuminatus! Osa 1: Pyramidin silm\u00e4<\/li>\n<li>Robert Shea: Illuminatus! Osa 2: Kultainen omena<\/li>\n<li>Robert Shea: Illuminatus! Osa 3: Leviatan<\/li>\n<li>Dan Simmons: Hyperion<\/li>\n<li>Dan Simmons: Hyperionin tuho<\/li>\n<li>Dan Simmons: Endymion<\/li>\n<li>Dan Simmons: Endymionin nousu<\/li>\n<li>Dan Simmons: Flashback<\/li>\n<li>Vladimir Sorokin: Telluuria<\/li>\n<li>Norman Spinrad: Jack Barron<\/li>\n<li>Steph Swainston: Kuolemattomien kaarti<\/li>\n<li>Steph Swainston: Aika on lahjoista suurin<\/li>\n<li>Steph Swainston: Uusi maailma<\/li>\n<li>Ahmad Khalid Tawfiq: Utopia<\/li>\n<li>Jeff Vandermeer: H\u00e4vitys<\/li>\n<li>Jeff Vandermeer: Hallinta<\/li>\n<li>Jeff Vandermeer: Hyv\u00e4ksynt\u00e4<\/li>\n<li>Vernor Vinge: Linnunradan \u00e4\u00e4ret<\/li>\n<li>Vernor Vinge: Taivaan syvyydet<\/li>\n<li>Vernor Vinge: Rauhansota<\/li>\n<li>Vernor Vinge: Aikaloukku<\/li>\n<li>Liz Williams: Aavekauppiaan tyt\u00e4r<\/li>\n<li>Liz Williams: Demonien taivas<\/li>\n<li>Liz Williams: Kultainen lohik\u00e4\u00e4rme<\/li>\n<\/ul>\n<p><b>[Kiekkomaailma]<\/b><\/p>\n<ul>\n<li>1. Magian v\u00e4ri<\/li>\n<li>2. Valon tanssi<\/li>\n<li>3. Johan riitti!<\/li>\n<li>4. Mort<\/li>\n<li>5. Velhous veriss\u00e4<\/li>\n<li>6. Noitasiskokset<\/li>\n<li>7. Pyramidit<\/li>\n<li>8. Vartijat hoi!<\/li>\n<li>9. Eric<\/li>\n<li>10. El\u00e4v\u00e4t kuvat<\/li>\n<li>11. Viikatemies<\/li>\n<li>12. Noitia maisemissa<\/li>\n<li>13. Pienet jumalat<\/li>\n<li>14. Herraskaista v\u00e4ke\u00e4<\/li>\n<li>15. Vartiosto valmiina palvelukseen<\/li>\n<li>16. El\u00e4v\u00e4\u00e4 musiikkia<\/li>\n<li>17. Kiintoisia aikoja<\/li>\n<li>18. Naamiohuvit<\/li>\n<li>19. Savijaloilla<\/li>\n<li>20. Valkoparta Karjupukki<\/li>\n<li>21. Pojat urhokkaat<\/li>\n<li>22. Viimeinen manner<\/li>\n<li>23. Carpe jugulum<\/li>\n<li>24. Maanalainen elefantti<\/li>\n<li>25. Totuuden torvi<\/li>\n<li>26. Aikavaras<\/li>\n<li>[27. The Last Hero (ei suom.)]<\/li>\n<li>28. Mahtava Morris ja sivistyneet siimah\u00e4nn\u00e4t<\/li>\n<li>29. Y\u00f6vartiosto<\/li>\n<li>30. Vapaat pikkumiehet<\/li>\n<li>31. Hirmurykmentti<\/li>\n<li>32. Posti kulkee<\/li>\n<li>33. T\u00e4htihattu<\/li>\n<li>34. Muks!<\/li>\n<li>35. Talventakoja<\/li>\n<li>36. Ly\u00f6d\u00e4\u00e4n rahoiksi<\/li>\n<li>37. FC Akateemiset<\/li>\n<li>38. Keskiy\u00f6 yll\u00e4ni<\/li>\n<li>39. Niist\u00e4j\u00e4<\/li>\n<li>40. T\u00e4ytt\u00e4 h\u00f6yry\u00e4<\/li>\n<li>[41. Paimenen kruunu]<\/li>\n<\/ul>\n<p><b>Keskiy\u00f6n kirjasto<\/b><\/p>\n<ul>\n<li>[William Golding: K\u00e4rp\u00e4sten herra]<\/li>\n<li>Robert Louis Stevenson: Tohtori Jekyll ja Herra Hyde<\/li>\n<li>Bram Stoker: Dracula<\/li>\n<li>Roald Dahl: Nahka ja muita novelleja<\/li>\n<li>Franz Kafka: Muodonmuutos &amp; Rangaistussiirtolassa<\/li>\n<li>Aino Kallas: Sudenmorsian<\/li>\n<li>Arthur Conan Doyle: Baskervillen koira<\/li>\n<li>Mary Shelley: Frankenstein<\/li>\n<li>[Oscar Wilde: Dorian Grayn muotokuva]<\/li>\n<\/ul>\n<p><b>Star Wars<\/b><br \/>\nMuinaiset<\/p>\n<ul>\n<li>George Lucas: T\u00e4htien sota<\/li>\n<li>Alan Dean Foster: Mustan lordin paluu<\/li>\n<li>Donad F. Glut: Imperiumin vastaisku<\/li>\n<li>T\u00e4htien sota -trilogia<\/li>\n<\/ul>\n<p>Thrawn-trilogia<\/p>\n<ul>\n<li>Timothy Zahn: Imperiumin perillinen<\/li>\n<li>Timothy Zahn: H\u00e4m\u00e4r\u00e4n laivue<\/li>\n<li>Timothy Zahn: Keisarin k\u00e4sky<\/li>\n<\/ul>\n<ul>\n<li>Kevin J. Anderson: Jedin etsint\u00e4<\/li>\n<li>Kevin J. Anderson: pimeyden oppipoika<\/li>\n<li>Kevin J. Anderson: Voiman valtiaat<\/li>\n<\/ul>\n<p>Callista-trilogia<\/p>\n<ul>\n<li>Barbara Hambly: Jedien lapset<\/li>\n<li>Kevin J. Anderson: Tuhonmiekka<\/li>\n<li>Barbara Hambly: H\u00e4m\u00e4r\u00e4n planeetta<\/li>\n<\/ul>\n<p>Jediteht\u00e4v\u00e4<\/p>\n<ul>\n<li>1. Kaaoksen planeetta<\/li>\n<li>2. Palkkionmets\u00e4st\u00e4j\u00e4t<\/li>\n<li>3. Galaktiset kilpa-ajot<\/li>\n<li>4. Naamioitu vihollinen<\/li>\n<li>5. Pahan salaseura<\/li>\n<li>6. Varjoansa<\/li>\n<li>7. Totuuden hetki<\/li>\n<li>8. Vahdinvaihto<\/li>\n<li>9. Valheellinen rauha<\/li>\n<li>10. Ratkaisun hetki<\/li>\n<li>Kunnian polku<\/li>\n<\/ul>\n<p>Prequel-aika<\/p>\n<ul>\n<li>Terry Brooks: Pime\u00e4 uhka<\/li>\n<\/ul>\n<p><b>GOR<\/b><\/p>\n<p>(1. Tarnsman of Gor)<br \/>\n2. Outlaw of Gor<br \/>\n3. Priest-Kings of Gor<br \/>\n4. Nomads of Gor<br \/>\n5. Assassin of Gor<br \/>\n6. Raiders of Gor<br \/>\n(7. Captive of Gor)<br \/>\n8. Hunters of Gor<br \/>\n9. Marauders of Gor<br \/>\n10. Tribesmen of Gor<br \/>\n(11. Slave Girl of Gor)<br \/>\n12. Beasts of Gor<br \/>\n13. Explorers of Gor<br \/>\n14. Fighting Slave of Gor<br \/>\n(15. Rogue of Gor)<br \/>\n16. Guardsman of Gor<br \/>\n(17. Savages of Gor)<br \/>\n(18. Blood Brothers of Gor)<br \/>\n(19. Kajira of Gor)<br \/>\n(20. Players of Gor)<br \/>\n(21. Mercenaries of Gor)<br \/>\n(22. Dancer of Go)<br \/>\n(23. Renegades of Gor)<br \/>\n(24. Vagabonds of Gor)<br \/>\n(25. Magicians of Gor)<\/p>\n<p><b>Y\u00f6juttu-pokkarit<\/b><br \/>\n1\/87 Mestatun miehen mysteerio<br \/>\n2\/87 Markiisittaren marmorihauta<br \/>\n1\/88 Pyramidin paholainen<br \/>\n2\/88 Vampyyrien hautausmaa<br \/>\n3\/88 Helvetin tyt\u00e4r<br \/>\n4\/88 Lasisten arkkujen arvoitus<br \/>\n1\/89 Demonos<br \/>\n2\/89 Vampyyrin morsiamet<br \/>\n3\/89 Koukkusorminen kyttyr\u00e4selk\u00e4<br \/>\n(4\/89 Paholaisen p\u00e4\u00e4kallot)<\/p>\n","protected":false},"excerpt":{"rendered":"<p>[Kovakantiset Tiikerit] Tohtori L &#8211; Vieras kuolleesta maailmasta Sidarin peilis\u00e4teet Taistelu Venuksessa Triljoonasade [Planeetta Aam] Viimeinen tukikohta Lyijykaupunki Tulinen py\u00f6rre Peilipuu Pako tuntemattomaan [LIKE] Lino Aldani: J\u00e4\u00e4risti Steve Aylett: Atomi J.G. Ballard: Super-Cannes Alfred Bester: Murskattu mies Pierre Boulle: Apinoiden [&hellip;]<\/p>\n","protected":false},"author":34,"featured_media":0,"parent":15,"menu_order":1,"comment_status":"closed","ping_status":"closed","template":"","meta":{"footnotes":""},"class_list":["post-46","page","type-page","status-publish","hentry"],"_links":{"self":[{"href":"https:\/\/users.utu.fi\/simo\/wp-json\/wp\/v2\/pages\/46","targetHints":{"allow":["GET"]}}],"collection":[{"href":"https:\/\/users.utu.fi\/simo\/wp-json\/wp\/v2\/pages"}],"about":[{"href":"https:\/\/users.utu.fi\/simo\/wp-json\/wp\/v2\/types\/page"}],"author":[{"embeddable":true,"href":"https:\/\/users.utu.fi\/simo\/wp-json\/wp\/v2\/users\/34"}],"replies":[{"embeddable":true,"href":"https:\/\/users.utu.fi\/simo\/wp-json\/wp\/v2\/comments?post=46"}],"version-history":[{"count":26,"href":"https:\/\/users.utu.fi\/simo\/wp-json\/wp\/v2\/pages\/46\/revisions"}],"predecessor-version":[{"id":1813,"href":"https:\/\/users.utu.fi\/simo\/wp-json\/wp\/v2\/pages\/46\/revisions\/1813"}],"up":[{"embeddable":true,"href":"https:\/\/users.utu.fi\/simo\/wp-json\/wp\/v2\/pages\/15"}],"wp:attachment":[{"href":"https:\/\/users.utu.fi\/simo\/wp-json\/wp\/v2\/media?parent=46"}],"curies":[{"name":"wp","href":"https:\/\/api.w.org\/{rel}","templated":true}]}}