{"id":51,"date":"2016-05-24T05:02:27","date_gmt":"2016-05-24T05:02:27","guid":{"rendered":"http:\/\/users.utu.fi\/simo\/?page_id=51"},"modified":"2021-05-31T21:01:58","modified_gmt":"2021-05-31T18:01:58","slug":"whh","status":"publish","type":"page","link":"https:\/\/users.utu.fi\/simo\/puutelista\/zinet\/whh\/","title":{"rendered":"WHH"},"content":{"rendered":"<p>1 Wanhain Herrain Huone N:o 1<br \/>\n2 Wanhain Herrain Huone N:o 2<br \/>\n3 Galaksikukko 1\/90<br \/>\n4 Menu<br \/>\n5 Galaksikukko 2<br \/>\n6 Italialainen kellotapuli<br \/>\n7 Opettaja Korhosen kuuraketti<br \/>\n8 Galaksikukko 3<br \/>\n9 Wanhojen herrojen paluu<br \/>\n10 Autovarkaus Rivieralla<\/p>\n<p>11 Uusia krapuja<br \/>\n12 Kirjanker\u00e4ilij\u00e4n kosto<br \/>\n13 Lumikki (Galaksikukko 5)<br \/>\n14 Kohtaus balkongilla<br \/>\n15 Wanha ky\u00f6kki<br \/>\n16 Lis\u00e4\u00e4 krapuja herroista<br \/>\n17 Humalavieraita<br \/>\n18 Hylj\u00e4ttyj\u00e4 krapuja<br \/>\n19 Runoja<br \/>\n20 Ruudinkatkua Centovilless\u00e4<\/p>\n<p>21 Otteita esitutkintap\u00f6yt\u00e4kirjasta<br \/>\n22 Kohtalokas zeppeliini<br \/>\n23 Yatzy-mirror<br \/>\n24 Aitoja krapuja<br \/>\n25 Miesten lehti Manhattan<br \/>\n26 \u00c4llistyskertomuksia<br \/>\n27 Wento tarinaa<br \/>\n28 Feuerkluftin linna<br \/>\n29 Wanhain Herrain African t\u00e4hti<br \/>\n30 Feuerkluftin linna j\u00e4lkimm\u00e4inen kirja<\/p>\n<p>31 Olympian kilpailut Ateenassa<br \/>\n32 African t\u00e4hti wanhaherraseurapeli<br \/>\n33 Show Business<br \/>\n34 101 ?ysymy?t\u00e4 tiet\u00e4jille<br \/>\n35 Merkillinen vesimatka<br \/>\n36 Muile Iloxi Ia Terwehdyxexi Ia Itzele Aianculuxi&#8230;<br \/>\n37 Nelj\u00e4 &#8216;Stambulia ja muita kertomuksia<br \/>\n38 Pyydettyj\u00e4 krapuja<br \/>\n39 Pika-Sanomat<br \/>\n40 Rommelin kulta<\/p>\n<p>41 Ruljanssiriihi<br \/>\n42 Sattuipa hassusti matkalla Pompeijiin<br \/>\n43 Marseillen ruusu<br \/>\n44 Vuoden pimein aika<br \/>\n45 Pieni\u00e4 tuoppeja sek\u00e4 muita lyhyit\u00e4<br \/>\n46 Farukin jalokivi<br \/>\n47 Pietarografia<br \/>\n48 Meren mainingit<br \/>\n49 Pikkuhousut[<br \/>\n50 Krapuja<\/p>\n<p>51 El\u00e4vien ja kuolleitten Talvio<br \/>\n52 Louhisaari<br \/>\n53 Seikkailujen herroja [ei ilmestynyt?]<br \/>\n54 Pallimeri<br \/>\n55 Aikamerkkej\u00e4<br \/>\n56 Kirjakirja<br \/>\n57 Sorahauta[<br \/>\n58 &#8220;Hulluna ne minua t\u00e4\u00e4ll\u00e4 pit\u00e4v\u00e4t&#8221;<br \/>\n59 Kreivin aikaan<br \/>\n60 Boris Hurtan autokirja<\/p>\n<p>61 Atorox Neptunuksessa<br \/>\n62 Krapuja wanhoista herroista<br \/>\n63 Runoelma Vanhat Herrat Rantasaunalla<br \/>\n64 Herramuistoja [ei ilmestynyt]<br \/>\n65 Vulcanuksen arvoitus<br \/>\n66 Hurun Sanomat<br \/>\n67 Kapakkakierros<br \/>\n68 Kapakkakierros ja valkoinen nainen<br \/>\n69 J\u00e4niksen\u00e4 olutravintolassa<br \/>\n70 Ker\u00e4iltyj\u00e4 krapuja<\/p>\n<p>71 Polttohautaustuhkan k\u00e4sittelyluvasta ja ravintoloista<br \/>\n72 Luettelo t\u00e4m\u00e4n sarjan julkaisuista<br \/>\n73 Pulp<br \/>\n74 Teht\u00e4v\u00e4 Jan Mayeninmaalla (+ uudistettu kollekt\u00f6\u00f6ripainos)<br \/>\n75 Kulta-Jussin nousu ja tuho<br \/>\n76 Tangerin isokala<br \/>\n77 Juhlat on juhlittu<br \/>\n78 &#8220;Piparjuuriarkku Gibraltariin&#8221;<br \/>\n79 Rumarelluma-rilluma-rei!<br \/>\n80 M\u00e5ns Mussalin Suomen vanhin vespailija<\/p>\n<p>81 \u00d6rkki ja tuhon vuosi<br \/>\n82 Maisteri<br \/>\n83 Paluu Rangoonista<br \/>\n84 Ouranopoulos<br \/>\n85 Pekka Markkula &#8211; monena mies tekiess\u00e4\u00e4n<br \/>\n86 Private show!<br \/>\n87 Isokirjailija!<br \/>\n88 Ikkunoita Viroon matkamuistiinpanoja<br \/>\n89 Pekka Markkulan muistoksi (Tyhjennys)<br \/>\n90 Azorien hopeaa (Kamala ukko 014)<\/p>\n<p>91 Hautay\u00f6<br \/>\n92 Gabrielin saari<br \/>\n(93 Rengassuo)?<br \/>\n94 Sananmuunnokset<br \/>\n(95 Hiilihanko)?<br \/>\n96 Sabatti<br \/>\n97 Itse asiasta kuultuna&#8230;<br \/>\n98 Atorox Plutossa<br \/>\n99 Harmeja<br \/>\n100 Kuka mik\u00e4 ken?<\/p>\n<p>101 Wanhain Herrain biblioteekki<br \/>\n102 Wanhat herrat Tiibetiss\u00e4 osa 1<br \/>\n103 Wanhat herrat Tiibetiss\u00e4 osa 2<br \/>\n104 Wanhat herrat Tiibetiss\u00e4 osa 3<br \/>\n105 Wanhat herrat Tiibetiss\u00e4 osa 4<br \/>\n106 Konsideraatio R.I.P. Pekka<br \/>\n107 Harhailija<br \/>\n108 Rilli ralli<br \/>\n109 S. Wettenhovi-Aspa<br \/>\n110 Tulee possulle joulu<\/p>\n<p>111 Pi-Pi-Pi-Pirskatti Viikonloppu Viihteelle<br \/>\n112 Kirjakirja ja Oparin aarteet<br \/>\n113 Kirjakirja ja pikkuv\u00e4ki<br \/>\n114 Kirjakirjan viidakkoseikkailuja<br \/>\n115 Boriksen savusauna<br \/>\n116 Kirjakirja k\u00e4y sissisotaa<br \/>\n117 Yst\u00e4v\u00e4npalvelus<br \/>\n118 Wanhat herrat Tiibetiss\u00e4 osa 5<br \/>\n119 Kirjakirja kakoisolento<br \/>\n120 Williauto<\/p>\n<p>121 Mastomiehet (A5 ja A4)<br \/>\n122 Vaaleanpunainen neli\u00f6 vie n\u00e4l\u00e4n<br \/>\n123 \u00c4l\u00e4 hukkaa!<br \/>\n124 Sy\u00f6miskirja Vol. 1<br \/>\n125 Salaneuvos ratkaisee<br \/>\n126 Tampere, H\u00f6psistinen kaupunki<br \/>\n127 Kirjakirja 2<br \/>\n129 Cantio sacra<br \/>\n130 Talvinen ukkosenilma<\/p>\n<p>131 Tsad-j\u00e4rven kartat<br \/>\n132 Avaruuspirujen lahja<br \/>\n133 Antikvariaatti Uusi katakombi<br \/>\n134 Uuden katakombin paluu<br \/>\n135 Vuosisadan l\u00f6yt\u00f6!<br \/>\n136 Atorox-parka<br \/>\n137 Nonstopnonstopnonstopno Boris Hurtan elokuvamuistoja<br \/>\n138 Ensimm\u00e4inen ty\u00f6paikka<br \/>\n139 Omnibussi<br \/>\n140 T\u00e4htikuunarin aarteet<\/p>\n<p>141 H\u00e4nen veljens\u00e4 Ismael<br \/>\n142 Opettaja Reynoldsin Mars-raketti<br \/>\n143 10 kirjaa joita en ostanut<br \/>\n144 Kirjat 2006 Harri Haarikko<br \/>\n145 Kahden tsasounan aarteet<br \/>\n146 Ihmeellinen insin\u00f6\u00f6ri<br \/>\n147 Huonoja peilej\u00e4<br \/>\n148 Puoliks pohojalaeset<br \/>\n149 Ihmisen hulluus&#8230;<br \/>\n150 J\u00f6r\u00f6-Jukka 150 vuotta<\/p>\n<p>151 Turkulaisia antikvariaatteja<br \/>\n152 WH:t yucca-palmujen alla -rakennussarja<br \/>\n153 Neantertaallin nuija<br \/>\n154 Oikeassa ajassa?<br \/>\n155 Upotus \/ Cyrano de Bergerac -seura<br \/>\n156 Olavi Virta maailman paras laulaja<br \/>\n157 Pitkin hampain<br \/>\n158 Trilobiitti<br \/>\n159 Tautinen Mannerheim<br \/>\n160 Laulajan lunnaat<\/p>\n<p>161 Parasta lounaissuomalaista vieraanvaraisuutta<br \/>\n162 Kapteeni Lasaruksen menetykset<br \/>\n163 Puhuva koira &#8211; lukup\u00e4iv\u00e4kirja 2013<br \/>\n164 Vuosikokous 1966<br \/>\n165 El\u00e4m\u00e4 on muualla<br \/>\n166 Olavi Virta on oikea Tangokuningas!<br \/>\n167 Hurttakuvalehti<br \/>\n168 Lis\u00e4\u00e4 rappiotaidetta<br \/>\n169 Ruissalon riemuja<br \/>\n170 Sininen kaappi<\/p>\n<p>172 Kirjat 2012 Harri Haarikko<br \/>\n176 Kirjat 2008 Harri Haarikko<br \/>\n177 Kirjat 2007 Harri Haarikko<br \/>\n178 Viimeinen p\u00e4iv\u00e4<br \/>\n179 Korvakoru<br \/>\n180 Kalakukkomysteeri<\/p>\n<p>181 Budapest &#8211; kurittomien koirien kaupunki<br \/>\n182 \u00c4myrilinnan herra<br \/>\n183 Maisteri Syntil\u00e4n oppivuodet[<br \/>\n190 Ilkeit\u00e4 krapuja<\/p>\n<p>191 Ikuisen puolimatkan kievari<br \/>\n192 Wanhojen Herrojen Suruvirsi<br \/>\n193 Huutavan \u00e4\u00e4ni korvessa<br \/>\n194 Kriikunamett\u00e4<br \/>\n195 Optimistin oikotie<br \/>\n196 Tervatuoppi<br \/>\n197 Kirjakalmisto I<br \/>\n198 Kirjakalmisto II<br \/>\n199 Kirjakalmisto III (2007)<br \/>\n200 Sammalkoru<\/p>\n<p>201 El\u00e4m\u00e4ni kirjastot<br \/>\n203 Kirjahautausmaa 2008<br \/>\n204 Meteoriitti<br \/>\n205 El\u00e4m\u00e4ni saunat<br \/>\n206 Kirjahautausmaa 2009<br \/>\n207 Kirjahautausmaa 2010<br \/>\n208 Kirjahautausmaa 2011<br \/>\n209 Kirjahautausmaa 2012<br \/>\n210 Kirjahautausmaa 2016<\/p>\n<p>211 Lukemani tieteis- ja fantasiakirjat<br \/>\n212 Kirjahautausmaa 2019<br \/>\n213 Kirjahautausmaa 2018<br \/>\n214 Pyhyys<br \/>\n215 Kirjahautausmaa 2019<br \/>\n217 Herran huone<br \/>\n219 Viisaita sirtoja<br \/>\n220 Ne ammoiset<br \/>\n220 Tampere<\/p>\n<p>221 Ostin kirjan Tampereelta<br \/>\n222 Cyranon hengess\u00e4[<br \/>\n223 Kaleeri uppoaa<br \/>\n224 Mestari on v\u00e4synyt<\/p>\n<p>240 Haamukirja<\/p>\n<p>247 Planeettojen kapellimestari<br \/>\n250 Piikki<\/p>\n<p>251 Wanhat Herrat Wammalassa<br \/>\n252 Mestari!<br \/>\n253 Taulun tarina<br \/>\n254 Joulukalenteri<\/p>\n<p>266 Kirjat 2020 Harri Haarikko<br \/>\n267 Kirjat 2019 Harri Haarikko<br \/>\n268 Kirjat 2018 Harri Haarikko<br \/>\n269 Kirjat 2017 Harri Haarikko<br \/>\n270 Kirjat 2014 Harri Haarikko<\/p>\n<p>271 Kirjat 2015 Harri Haarikko<br \/>\n272 Kirjat 2016 Harri Haarikko<\/p>\n<p>331 Golem<\/p>\n<p>400 Kirjahautausmaa 2013<br \/>\n401 Kirjahautausmaa 2014<br \/>\n402 Kirjahautausmaa 2015<\/p>\n","protected":false},"excerpt":{"rendered":"<p>1 Wanhain Herrain Huone N:o 1 2 Wanhain Herrain Huone N:o 2 3 Galaksikukko 1\/90 4 Menu 5 Galaksikukko 2 6 Italialainen kellotapuli 7 Opettaja Korhosen kuuraketti 8 Galaksikukko 3 9 Wanhojen herrojen paluu 10 Autovarkaus Rivieralla 11 Uusia krapuja [&hellip;]<\/p>\n","protected":false},"author":34,"featured_media":0,"parent":60,"menu_order":6,"comment_status":"closed","ping_status":"closed","template":"","meta":{"footnotes":""},"class_list":["post-51","page","type-page","status-publish","hentry"],"_links":{"self":[{"href":"https:\/\/users.utu.fi\/simo\/wp-json\/wp\/v2\/pages\/51","targetHints":{"allow":["GET"]}}],"collection":[{"href":"https:\/\/users.utu.fi\/simo\/wp-json\/wp\/v2\/pages"}],"about":[{"href":"https:\/\/users.utu.fi\/simo\/wp-json\/wp\/v2\/types\/page"}],"author":[{"embeddable":true,"href":"https:\/\/users.utu.fi\/simo\/wp-json\/wp\/v2\/users\/34"}],"replies":[{"embeddable":true,"href":"https:\/\/users.utu.fi\/simo\/wp-json\/wp\/v2\/comments?post=51"}],"version-history":[{"count":22,"href":"https:\/\/users.utu.fi\/simo\/wp-json\/wp\/v2\/pages\/51\/revisions"}],"predecessor-version":[{"id":1767,"href":"https:\/\/users.utu.fi\/simo\/wp-json\/wp\/v2\/pages\/51\/revisions\/1767"}],"up":[{"embeddable":true,"href":"https:\/\/users.utu.fi\/simo\/wp-json\/wp\/v2\/pages\/60"}],"wp:attachment":[{"href":"https:\/\/users.utu.fi\/simo\/wp-json\/wp\/v2\/media?parent=51"}],"curies":[{"name":"wp","href":"https:\/\/api.w.org\/{rel}","templated":true}]}}