{"id":60,"date":"2016-05-24T05:12:37","date_gmt":"2016-05-24T05:12:37","guid":{"rendered":"http:\/\/users.utu.fi\/simo\/?page_id=60"},"modified":"2025-07-22T21:02:29","modified_gmt":"2025-07-22T18:02:29","slug":"zinet","status":"publish","type":"page","link":"https:\/\/users.utu.fi\/simo\/puutelista\/zinet\/","title":{"rendered":"Zinet"},"content":{"rendered":"<p><b>Spin<\/b><br \/>\n&#8212;-<br \/>\n1\/77<br \/>\n1,2-3,4\/78<br \/>\n1,2\/79<br \/>\n1,2\/80<br \/>\n1,2,3,4\/81<br \/>\n1,2,3,4\/82<br \/>\n1,2,3,4\/83<br \/>\n1,2,3,4\/84<br \/>\n1,2,3,4\/85<br \/>\n1,2,3,4\/86<br \/>\n1,2,3,4\/87<br \/>\n1,2,3,4\/88<br \/>\n1,2,3,4\/89<br \/>\n1,2,3,4\/90<br \/>\n1,2,3,4\/91<br \/>\n1,2,3,4,E1\/92<br \/>\n1,2,3,4,5,6,E1\/93<br \/>\n1,2,3,4,5,6\/94<br \/>\n1,2,3,4,5,6\/95<br \/>\n1,2,3,4,5,6\/96<br \/>\n1,2,3,4,5,6\/97<br \/>\n1,2,3,4,5,6\/98<br \/>\n1,2,3,4,5,6,3B\/99<br \/>\n1,2,3,4,5,6\/00<br \/>\n1,2,3,4,5,6\/01<br \/>\n1,2,3,4\/02<br \/>\n1,2,3,4\/03<br \/>\n1,2,3-4,4b\/04<br \/>\n1,2,3,4\/05<br \/>\n1,2,3,4\/06<br \/>\n1,2,3,4\/07<br \/>\n1,2,3,4\/08<br \/>\n1,2,3,4\/09<br \/>\n1,2,3,4\/10<br \/>\n1,2,3,4\/11<br \/>\n1,2,3,4\/12<br \/>\n1,2,3-4\/13<br \/>\n1,2,3,4\/14<br \/>\n1,2,3-4\/15<br \/>\n1,2\/16<br \/>\n1,2,2b,3\/2017<br \/>\n1,2\/2018<br \/>\n1,2\/2019<br \/>\n1,2\/2020<br \/>\n2\/2021<br \/>\n1\/2022<br \/>\n1\/2023<br \/>\n1\/2024<br \/>\n1\/2025<\/p>\n<p><b>Time&amp;Space \/ T\u00e4htivaeltaja<\/b><br \/>\n&#8212;&#8212;&#8212;&#8212;&#8212;&#8212;&#8212;&#8212;&#8211;<br \/>\n(TAS 1)<br \/>\n(TAS 2)<br \/>\n(TAS 3)<br \/>\n(TAS 4)<br \/>\n(TAS 5)<br \/>\n(TAS 6)<br \/>\nTAS 7 Universal Mind<br \/>\nTAS 8<br \/>\nTime and Space erikoisjulkaisu 2 (kopio)<br \/>\n2,3,4\/84 (2 ja 3 kopioita)<br \/>\n1,2,3,4,3B\/85<br \/>\n1,2,3,4\/86<br \/>\n1,2,3,4\/87<br \/>\n1,2,3,4\/88<br \/>\n1,2,3,4\/89<br \/>\n1,2,3,4\/90<br \/>\n1,2,3,4\/91<br \/>\n1,2,3,4\/92<br \/>\n1,2,3,4\/93<br \/>\n1,2,3,4\/94<br \/>\n1,2,3,4\/95<br \/>\n1,2,3,4\/96<br \/>\n1,2,3,4\/97<br \/>\n1,2,3,4\/98<br \/>\n1,2,3,4\/99<br \/>\n1,2,3,4\/00<br \/>\n1,2,3,4\/01<br \/>\n1,2,3,4\/02<br \/>\n1,2,3,4\/03<br \/>\n1,2,3,4,2b\/04<br \/>\n1,2,3,4\/05<br \/>\n1,2,3,4\/06<br \/>\n1,2,3,4\/07<br \/>\n1,2,3,4\/08<br \/>\n1,2,3,4\/09<br \/>\n1,2,3,4\/10<br \/>\n1,2,3,4\/11<br \/>\n(1),2,3,4\/12<br \/>\n1,2,3,4\/13<br \/>\n1,2,3,4\/14<br \/>\n1,2,3,4\/15<br \/>\n1,2,3,4\/16<br \/>\n1,2,3,4\/17<br \/>\n1,2,3,4\/18<br \/>\n1,2,3,4\/19<br \/>\n1,2,3,4\/20<br \/>\n1,2,3,4\/21<br \/>\n1,2,3,4\/22<br \/>\n1,2,3,4\/23<br \/>\n1,2,3,4\/24<\/p>\n<p><b>Portti<\/b><br \/>\n&#8212;&#8212;<br \/>\n1,2,3,4\/82<br \/>\n1,2,3,4\/83<br \/>\n1,2,3,4\/84<br \/>\n1,2,3,4\/85<br \/>\n1,2,3,4\/86<br \/>\n1,2,3,4\/87<br \/>\n1,2,3,4\/88<br \/>\n1,2,3,4\/89<br \/>\n1,2,3,4\/90<br \/>\n1,2,3,4\/91<br \/>\n1,2,3,4\/92<br \/>\n1,2,3,4\/93<br \/>\n1,2,3,4\/94<br \/>\n1,2,3,4\/95<br \/>\n1,2,3,4\/96<br \/>\n1,2,3,4\/97<br \/>\n1,2,3,4\/98<br \/>\n1,2,3,4\/99<br \/>\n1,2,3,4\/00<br \/>\n1,2,3,4\/01<br \/>\n1,2,3,4\/03 (d2,d4,dEnglish)<br \/>\n1,2,3,4\/04<br \/>\n1,2,3,4\/05<br \/>\n1,2,3,4\/06<br \/>\n1,2,3,4\/07<br \/>\n1,2,3,4\/08<br \/>\n1,2,3,4\/09<br \/>\n1,2,3,4\/10<br \/>\n1,2,3,4\/02<br \/>\n1,2,3,4\/11<br \/>\n1,2,3,4\/12<br \/>\n1,2,3,4\/13<br \/>\n1,2,3,4\/14<br \/>\n1,2,3,4\/15<br \/>\n1,2,3,4\/16<br \/>\n1,2,3,4\/17<br \/>\n1,2,3,4\/18<br \/>\n1,2,3,4\/19<br \/>\n1,2,3,(4)\/20<\/p>\n<p><b>Kosmoskyn\u00e4<\/b> (11.8.19)<br \/>\n&#8212;&#8212;&#8212;-<br \/>\n(1),2\/84<br \/>\n(1),2,(3)\/85<br \/>\n(1),2,3\/86<br \/>\n1,2,3,4\/87<br \/>\n1,2,3,4\/88<br \/>\n1,2,3,4\/89<br \/>\n1,(2),3,4\/90<br \/>\n1,2,(3,4)\/91<br \/>\n1,2,(3),4\/92<br \/>\n(1),2,3,4\/93<br \/>\n1,(2),3-4\/94<br \/>\n1,2,(3),4\/95<br \/>\n1,2,3,(4)\/96<br \/>\n1,2,3,4\/97<br \/>\n1,2,3,4\/98<br \/>\n1,2\/99<br \/>\n1,2,3,4\/00<br \/>\n1,2,3,4\/01<br \/>\n1,2,3,4\/02<br \/>\n1,2,3,4\/03<br \/>\n1,2,3,4\/04<br \/>\n1,2,3,4\/05<br \/>\n1,2,3,4\/06<br \/>\n1,2,3,4\/07<br \/>\n1,2,3-4\/08<br \/>\n1,2,3-4\/09<br \/>\n1,2,3-4\/10<br \/>\n1,2,3,4\/11<br \/>\n1,2,3,4\/12<br \/>\n1,2,3,4\/13 + 4(vikapainos)<br \/>\n1,2,3,4\/14<br \/>\n1,2,3,4\/15<br \/>\n1,2\/16<br \/>\n1,2\/17<br \/>\n1\/18<br \/>\n2\/19<br \/>\n1,2\/20<br \/>\n1\/21<br \/>\n2-3\/23<br \/>\n2-3\/24<\/p>\n<p><strong>Kosmospenaali<\/strong><br \/>\n2004 Kev\u00e4\u00e4n tanssi- ja lapsinumero<br \/>\n2009 Evoluutio &#038; el\u00e4intoverit<br \/>\n2010 Armelias apokalypsi -numero<br \/>\n1\/2012 Koulutus ja median\u00e4kyvyys<br \/>\n2\/2012 Historianluokkakuva<\/p>\n<p><b>Aikakone<\/b> (11.8.19)<br \/>\n&#8212;&#8212;&#8211;<br \/>\n1,2,3,4\/82<br \/>\n1,2,3,4\/83<br \/>\n1,2,3,4\/84<br \/>\n1,2,3,4\/85<br \/>\n1,2,3,4\/86<br \/>\n1,2,3,4\/87<br \/>\n1,2,3,4\/88<br \/>\n1,2,3,4\/89<br \/>\n1,2,3,4\/90<br \/>\n1,2,3,4\/91<br \/>\n1,2,3,4\/92<br \/>\n1,2\/93<br \/>\n1-2\/94-95<br \/>\n1B,3,4\/95<\/p>\n<p><b>Aikalis\u00e4<\/b> (11.8.19)<br \/>\n1 Jumalten ruokia<br \/>\n2 Unohdettujen luiden kosto<\/p>\n<p><b>Uusia maailmoja<\/b> (12.8.19)<br \/>\n1,1b,2<\/p>\n<p><b>Finnzine<\/b> (11.8.19)<br \/>\n&#8212;&#8212;&#8211;<br \/>\n1\/91<br \/>\n1,2,3,4\/92<br \/>\n1,2,3,4\/93<br \/>\n1,2,3,4\/94<br \/>\n1,2,3,4\/95<br \/>\n1,2,3,4\/96<br \/>\n1,2,3,4\/97<br \/>\n1,2,3,4\/98<br \/>\n1,2,3,4\/99<br \/>\n1,2,3,4\/00<br \/>\n1,2,3,4\/01<br \/>\n1,2,3,4\/02<br \/>\n1,2,3,4\/03<br \/>\n1,2,3,4\/04<br \/>\n1,2,3,4\/05<br \/>\n1,2,3,4\/06<br \/>\n2,3,4\/07 (uupuu 1)<br \/>\n1,2,3,4\/08<\/p>\n<p><b>Alienisti<\/b> (11.8.19)<br \/>\n&#8212;&#8212;&#8212;<br \/>\n#42 (1\/1990)<br \/>\nThe Return of #42 (2\/1990)<br \/>\nThe Revenge of #42 (1\/1991)<br \/>\nVappualienisti A.K.A. The Revenge of #42,5 (2\/1991)<br \/>\nThe Bride of #42 (4?. nro, 3. vsk, loka\/1992, 2p) (1\/1992)<br \/>\nThe Son of #42 (5\u00bd. nro, 3. vsk, kes\u00e4\/1992) (2\/1992)<br \/>\nThe Mum-in-law of #42 (6\u00bd. nro, 3. vsk, marras\/1992) (3\/1992)<br \/>\nDaughters of #42 (8. nro, 4. vsk, kes\u00e4\/1993) (1\/1993)<br \/>\nThe Hound of #42 (9. nro, 5. vsk, kes\u00e4\/1994) (1\/1994)<br \/>\nThe Left hand of #42 (10. nro, 6. vsk, kev\u00e4t\/1995) (1\/1995)<br \/>\nThe Anniversary of #42 (10. nro, 10. vsk, 1999) (1\/1999)<br \/>\nDanse Macabre of #42 (11. nro, 11. vsk, 2000) (1\/2000)<br \/>\nFor the absent friends of #42 (12. nro, 12. vsk) (1\/2001)<br \/>\nThe unlucky number of #42 (13. nro, 13. vsk) (1\/2002)<br \/>\nThe Full Moon of #42 (14. nro, 14. vsk) (1\/2003)<br \/>\nFool&#8217;s Errand of #42 (15. nro, 15. vsk) (1\/2004)<br \/>\nMerry Xmas of #42 (16. nro, 15. vsk) (2\/2004)<br \/>\nFinndom promotion of #42 (Nro. 17, 16. vsk) (1\/2005)<br \/>\nThe Trial of #42 (Nro. 18, 16. vsk) (2\/2005)<br \/>\nThe Long, Dark Tea Time of #42 (Nro 19, 17. vsk) (1\/2006)<br \/>\nRobots of #42 (Nro. 20, 18 vsk) (1\/2008)<br \/>\nThe Very Special Alien Publication for the Very Special Ladies and<br \/>\nGentlemen of #42] (Nro. 21, 18. vsk) (2\/2008)<br \/>\nStarbucks of #42 (Nro. 22, 19. vsk) (1\/2009)<br \/>\nMultiple Parallel Alternate Histories of #42 (Nro. 23, 19.vsk) (2\/2009)<br \/>\nDisobedient Ladies of #42 (Nro. 24, 20. vsk) (1\/2010)<br \/>\nPoets of #42 (Nro. 25, 20. vsk) (2\/2010)<br \/>\nHaad of #42 (Nro. 26, 21. vsk) (1\/2011)<br \/>\nThe Double Feature of #42 (Nro. 27, 21. vsk) (2\/2011)<br \/>\nTrue Blood of #42 (Nro. 28, 22. vsk) (1\/2012)<br \/>\nSeduction of the innocent of #42 (Nro. 29, 22. vsk) (2\/2012)<br \/>\n#42 Is Made of People (Nro. 30, 23. vsk) (1\/2013)<br \/>\nThe Brain from Planet #42 (Nro. 31, 23. vsk) (2\/2013)<br \/>\nThe Granfalloon of #42 (Nro. 32, 24. vsk) (1\/2014)<br \/>\nFission Product of #42 (Nro. 33, 24. vsk) (2\/2014)<br \/>\nRefugees of #42 (Nro. 34, 25. vsk) (1\/2015)<br \/>\nLorem Ipsum est la Lingua del #42 (Nro. 36 [oik. 35], 26. vsk) (2016)<br \/>\nThe Secret Archives of #42 (Nro. 36, 27. vsk) (2016)<br \/>\nBrave New World of #42 (Nro. 37, 27. vsk) (2017)<br \/>\nRaiders of the Lost #42 (Nro. 38, 28. vsk.) (2018)<br \/>\nMonsters of #42 (nro. 39, 29 vsk.) (2019)<br \/>\nThe Second Coming of #42 (nro. 42, 30 vsk.) (2\/2020)<br \/>\nStrange Worlds of #42 (nro. 46, 34 vsk.) (1\/2024)<\/p>\n<p><b>Enh\u00f6rningen<\/b><br \/>\n&#8212;&#8212;&#8212;&#8211;<br \/>\n1, 2, 3, 4, 5, 8, 9, 12<\/p>\n<p><b>Marvin<\/b><br \/>\n&#8212;&#8212;<br \/>\n(1,2,3)\/88<br \/>\n1,(2,3,4)\/89<br \/>\n1,2,3,4\/90<br \/>\n1,2,3,4\/91<br \/>\n1,2,3,4\/92<br \/>\n1,2,3,(4)\/93<br \/>\n1,(2,3),4\/94<br \/>\n1,2,3,4\/95<br \/>\n1,2,3,(4)\/96<br \/>\n1,2,3,4\/97<br \/>\n1,2,(3)\/98<br \/>\n1,2\/99<br \/>\n1,2\/00<br \/>\n1,2,3,4\/01<br \/>\n1,2,3,4\/02<br \/>\n1,2,3,4\/03<br \/>\n(1),2,3,(4)\/04<br \/>\n1,2,3,4\/05<br \/>\n1,2,3-4\/06<br \/>\n1,2,3,4\/07<br \/>\n1\/2008 H\u00e4nen Majesteettinsa kuninkaallinen Britti Marvin<br \/>\n2\/2009 Scifip\u00f6rri\u00e4inen<br \/>\n3\/2009 Marvin Evil Overlord<br \/>\n1\/2010 Mietelm\u00e4-Marvin<br \/>\n1\/2009 Escape-Marvin<br \/>\n2\/2010 TV Marvin<br \/>\n1\/2011 Neuvosto-Marvin<br \/>\n1\/2012 Evil Overlord -kalenteri 2013 (my\u00f6s Escape 1\/2012)<br \/>\n2\/2012 Enkeli Marvin<br \/>\n1\/2013 Steampunk-Marvin<br \/>\n1\/2014 Post-apokalyptinen helvetti-Marvin<br \/>\n2\/2014 M. Arvin kustannus<br \/>\n1\/2015 Evening Death Star<br \/>\n1\/2016 Evening Cultist<\/p>\n<p><b>Escape<\/b><br \/>\n&#8212;&#8212;<br \/>\n1,2\/04<br \/>\n1\/05<br \/>\n1,2\/06<br \/>\n1\/08<br \/>\n1\/09 (Escape-Marvin)<br \/>\n1\/11<br \/>\n2\/12<br \/>\n1\/15 (Escape from Helsinki)<br \/>\n1\/16 Pako kokoushuoneesta (engl. 2017)<br \/>\n1\/17<br \/>\n1\/18<br \/>\n1\/23<\/p>\n<p><strong>Kuiskaus pime\u00e4ss\u00e4<\/strong><br \/>\nVuosijulkaisu 2012<br \/>\nVuosijulkaisu 2013<br \/>\n1,3\/2015 (2\/15 yhteisjulkaisu Kosmoskyn\u00e4n kanssa)<br \/>\n1,2\/2016<\/p>\n<p><b>Ikaros<\/b> (11.8.19)<br \/>\n&#8212;&#8212;<br \/>\n1,2,3,4\/86<br \/>\n1,2,(3),4,5\/87 (Nro 3 kopiona)<br \/>\n(1\/88) (Nro 1 kopiona)<br \/>\nx The History of Finnish Science Fiction Books (1990)<\/p>\n<p><b>SF-Probe<\/b><br \/>\n3,4<\/p>\n<p><b>Mundane<\/b><br \/>\n1,2,3b,3-4\/90 (1,ei merkint\u00e4\u00e4;2=nro3;3-4=nrot4-5;3b=nro5)<br \/>\n23,25\/90<br \/>\n1,2,4,5,6\/93 (nrot 11,14,15,16; nro 11 on SPAM 1\/93)<\/p>\n<p><b>Runsauden holvi<\/b><br \/>\n1,2,3,4,5,6,7<\/p>\n<p><b>Writerzine<\/b><br \/>\n2<\/p>\n<p><b>Suklaat\u00e4hti<\/b><br \/>\n1<\/p>\n<p><b>Arczine<\/b> (Arcturus-sarja)<br \/>\n&#8212;&#8212;&#8212;&#8212;&#8212;&#8212;&#8212;&#8212;<br \/>\n1. Scifistin malja (toim. Shimo Suntila, 2003)<br \/>\n2. Dirty Little War (Michael Swanwick, 2003)<br \/>\n3. J\u00e4\u00e4h\u00e4n kadonnut (2003)<br \/>\n4. Millan ja Merin joulutervehdys (2013)<br \/>\n5. Jake Cannon vastaan veriviholliset (2014)<br \/>\n6. Finncon 2014 (2014)<br \/>\n7. Daughters! \u2013 Milla ja Meri (2015)<br \/>\n8. Shimon lukup\u00e4iv\u00e4kirja 2015 (2015)<br \/>\n9. Kornetin kosto (2016)<br \/>\n10. Shimon raapaleita tammikuu 2016 (2016)<br \/>\n11. Shimon raapaleita helmikuu 2016 (2016)<br \/>\n12. Shimon raapaleita maaliskuu 2016 (2016)<br \/>\n13. Matoparkki (2016)<br \/>\n14. Bibliofiili ja Suurkollekt\u00f6\u00f6ri (2016)<br \/>\n15. Pieni\u00e4 tarinoita (2016)<br \/>\n16. Kiekun kirjaretket (Haarikko, Hurtta, Suntila, 2017)<br \/>\n17. WOOF! (2017)<br \/>\n18. Siemenpussit (2017)<br \/>\n19. Flipperikuumetta Coloradossa (2017)<br \/>\n20. Hulluuden tuntureilla (2018)<br \/>\n21. Alkuteekkarin hauta (2018)<br \/>\n22. Usvaleirin URS Special (2019)<\/p>\n<p><b>K\u00f6nzine<\/b><br \/>\n&#8212;&#8212;-<br \/>\n1,2,3,4\/1997<\/p>\n<p><b>Legolas<\/b><br \/>\n&#8212;&#8212;-<br \/>\n(1\/91 nro 1)<br \/>\n1,2,3,4\/92 (nrot 2-5)<br \/>\n(1),2,3,4\/93 (nrot 6-9)<br \/>\n1,2,3,4\/94 (nrot 10-13)<br \/>\nnumero 14<br \/>\n1,2\/98 (nrot 16-17)<br \/>\n24,25,26,27,29,30<br \/>\n1,(2),3,(4)\/04 (nrot 30,32)<br \/>\n(1,2),3,(4)\/05 (nro 36)<br \/>\n1,(2),3\/06 (nrot 38,40)<br \/>\n42,44-45,46,48 (ja 4\/07, mahd. Nro 43)<\/p>\n<p><b>Hobittilan Sanomat<\/b><br \/>\n2,3,4,5,6\/1994 (nrot 10,11,12,13,14)<br \/>\n(1),2,(3,4,5,6)\/95 (nro 16)<br \/>\n(1,2,3),4,(5,6)\/1996 (nro 24)<br \/>\n1,(2,3,4),5,6\/1997 (nrot 27,31,32)<br \/>\n1,2,3\/1998 (nrot 33,34,35)<br \/>\n1,2,5,6\/2002 (nrot 56,57,60,61)<br \/>\n1,2,3,4\/2003 (nrot 62,63,64,65)<\/p>\n<p><b>Mustainmaan sotahuuto<\/b><br \/>\n1,2<\/p>\n<p><b>Greenleaf &#8211; from the Quenya Country<\/b><br \/>\n1<\/p>\n<p><b>Vapaa galaksi<\/b><br \/>\n&#8212;&#8212;&#8212;&#8212;-<br \/>\n1,2\/99<br \/>\n1,2,3\/00<br \/>\nNro 6<br \/>\nNro 7<br \/>\nNro 8<br \/>\nPime\u00e4 galaksi<\/p>\n<p><b>Muut lehdet<\/b><br \/>\n&#8212;&#8212;&#8212;&#8211;<br \/>\nSex noveller (Wanhojen herrojen huone)<br \/>\nThe History of Finnish Science Fiction Books (Ikaros\/Jyrki Ij\u00e4s)<br \/>\nScience Fiction ja Fantasia Suomessa (1992, 1994, 1996)<br \/>\nPandemonia tieteisfiktio ja fantasia (Jussi T. Vainikainen)<br \/>\nYdinluu<br \/>\nSCI-FI novellin kirjoittaminen (STk)<br \/>\nFeast of Friends<\/p>\n<p><b>Finncon<\/b><br \/>\n&#8212;&#8212;-<br \/>\nAloittelijan opas<br \/>\nOhjelmalehti 1986<br \/>\nOhjelmalehti 1989<br \/>\nOhjelmalehti 1993<br \/>\nOhjelmalehti 1997<br \/>\nOhjelmalehti 1999<br \/>\n[Ohjelmalehti 2000]<br \/>\nOhjelmalehti 2001<br \/>\nOhjelmalehti 2003<br \/>\nOhjelmalehti 2004<br \/>\nOhjelmalehti 2006<br \/>\nOhjelmalehti 2009<br \/>\nOhjelmalehti 2012<br \/>\nOhjelmalehti 2013<\/p>\n<p><b>Kabinettikertomuksia<\/b><br \/>\n&#8212;&#8212;&#8212;&#8212;&#8212;&#8212;&#8211;<br \/>\n1 Seitsem\u00e4n wanhaa herraa (eik\u00e4 yksik\u00e4\u00e4n pelastunut) (1995)<br \/>\n3 El\u00e4vien ja kuolleitten Talvio (1995)<br \/>\n4 Suomifiktiota FinFanFiction (2004)<br \/>\n5 Turun yliopiston tieteiskulttuurikabinetti 10 vuotta (2005)<br \/>\n6 Kirjoita kosmos \u2013 Opas spekulatiivisen fiktion kirjoittamiseen (2006)<br \/>\n7 Hekuman huipulla \u2013 Eroottinen sf\/f-antologia (2008)<br \/>\n8 Pimeyden reunalla ja muita uusrahvaanomaisia kertomuksia (2011)<br \/>\n9 Ajan poluilla \u2013 Kotimaisten vaihtoehtohistorianovellien antologia (2013)<br \/>\n10 Spekulatiivinen Turku (2016)<\/p>\n<p><b>Mytago<\/b><br \/>\n&#8212;&#8212;<br \/>\n3,4,5,7<br \/>\nValakosipulin peleko (1994)<br \/>\nMutako #23<\/p>\n<p><b>Si(c)k<\/b><br \/>\n&#8212;&#8212;<br \/>\n1,2,3,(4),5,6<\/p>\n<p><b>Outpost<\/b><br \/>\n&#8212;&#8212;-<br \/>\n3\/94<br \/>\n1,2\/95<br \/>\n1\/96<\/p>\n<p><b>Kanhoku<\/b><br \/>\n&#8212;&#8212;-<br \/>\n1,(2),3\/vol 1<br \/>\n1,2\/vol 2<br \/>\nRopecon 1997 Special<br \/>\nRopecon 1998 Speciaali<br \/>\n1\/vol3<\/p>\n<p>Oh! My Goddess<br \/>\n&#8212;&#8212;&#8212;&#8212;&#8211;<br \/>\npuuttuvat:<br \/>\nPart I: 1,2,3,5,6<br \/>\nPart II: 1,2,3,4,5<br \/>\nPart III: 1,2,3,5,6,7,8,11<br \/>\nPart IV: 2,7<br \/>\nPart V: 1,2,3,4,10,11<\/p>\n<p>Seikkailujen maailma<br \/>\n&#8212;&#8212;&#8212;&#8212;&#8212;&#8212;&#8211;<br \/>\n1943 (7. vsk): 8<br \/>\n1945 (9. vsk) 4, 9<br \/>\n1949 (11. vsk): 3, 4-5<br \/>\n1950 (12. vsk): 3, 6<br \/>\n1952 (14. vsk): 7<br \/>\n1954 (16. vsk): 3, 9<br \/>\n1955 (17. vsk): 3, 4, 5, 7, 8, 9<br \/>\n1956 (18. vsk): 2, 6x, 8<br \/>\n1959 (21. vsk): 7, 10<\/p>\n<p>Seikkailujen sankareita<br \/>\nSeikkailujen miehi\u00e4<br \/>\nSeikkailujen ansoja<br \/>\nSeikkailujen py\u00f6rteiss\u00e4<\/p>\n","protected":false},"excerpt":{"rendered":"<p>Spin &#8212;- 1\/77 1,2-3,4\/78 1,2\/79 1,2\/80 1,2,3,4\/81 1,2,3,4\/82 1,2,3,4\/83 1,2,3,4\/84 1,2,3,4\/85 1,2,3,4\/86 1,2,3,4\/87 1,2,3,4\/88 1,2,3,4\/89 1,2,3,4\/90 1,2,3,4\/91 1,2,3,4,E1\/92 1,2,3,4,5,6,E1\/93 1,2,3,4,5,6\/94 1,2,3,4,5,6\/95 1,2,3,4,5,6\/96 1,2,3,4,5,6\/97 1,2,3,4,5,6\/98 1,2,3,4,5,6,3B\/99 1,2,3,4,5,6\/00 1,2,3,4,5,6\/01 1,2,3,4\/02 1,2,3,4\/03 1,2,3-4,4b\/04 1,2,3,4\/05 1,2,3,4\/06 1,2,3,4\/07 1,2,3,4\/08 1,2,3,4\/09 1,2,3,4\/10 1,2,3,4\/11 1,2,3,4\/12 1,2,3-4\/13 1,2,3,4\/14 [&hellip;]<\/p>\n","protected":false},"author":34,"featured_media":0,"parent":15,"menu_order":5,"comment_status":"closed","ping_status":"closed","template":"","meta":{"footnotes":""},"class_list":["post-60","page","type-page","status-publish","hentry"],"_links":{"self":[{"href":"https:\/\/users.utu.fi\/simo\/wp-json\/wp\/v2\/pages\/60","targetHints":{"allow":["GET"]}}],"collection":[{"href":"https:\/\/users.utu.fi\/simo\/wp-json\/wp\/v2\/pages"}],"about":[{"href":"https:\/\/users.utu.fi\/simo\/wp-json\/wp\/v2\/types\/page"}],"author":[{"embeddable":true,"href":"https:\/\/users.utu.fi\/simo\/wp-json\/wp\/v2\/users\/34"}],"replies":[{"embeddable":true,"href":"https:\/\/users.utu.fi\/simo\/wp-json\/wp\/v2\/comments?post=60"}],"version-history":[{"count":26,"href":"https:\/\/users.utu.fi\/simo\/wp-json\/wp\/v2\/pages\/60\/revisions"}],"predecessor-version":[{"id":1873,"href":"https:\/\/users.utu.fi\/simo\/wp-json\/wp\/v2\/pages\/60\/revisions\/1873"}],"up":[{"embeddable":true,"href":"https:\/\/users.utu.fi\/simo\/wp-json\/wp\/v2\/pages\/15"}],"wp:attachment":[{"href":"https:\/\/users.utu.fi\/simo\/wp-json\/wp\/v2\/media?parent=60"}],"curies":[{"name":"wp","href":"https:\/\/api.w.org\/{rel}","templated":true}]}}