{"id":65,"date":"2016-05-24T05:14:47","date_gmt":"2016-05-24T05:14:47","guid":{"rendered":"http:\/\/users.utu.fi\/simo\/?page_id=65"},"modified":"2019-08-17T01:26:46","modified_gmt":"2019-08-16T22:26:46","slug":"marvin","status":"publish","type":"page","link":"https:\/\/users.utu.fi\/simo\/puutelista\/zinet\/marvin\/","title":{"rendered":"Marvin"},"content":{"rendered":"<plaintext>\n(1 1\/1988)<br \/>\n(2 2\/1988)<br \/>\n(3 3\/1988)<br \/>\n 4 1\/1989 Marvin the lehti<br \/>\n(5 2\/1989)<br \/>\n(6 3\/1989)<br \/>\n(7 4\/1989)<br \/>\n 8 1\/1990 Marvin the lehti<br \/>\n 9 2\/1990 Marvin the lehti English language special<br \/>\n10 3\/1990 Marvin Halloween Special<br \/>\n11 4\/1990 Marvin<br \/>\n12 1\/1991<br \/>\n13 2\/1991 Marvin the lehti<br \/>\n14 3\/1991 Marvin suuri raivohullu samurai- ja raporttinumero<br \/>\n15 4\/1991 Marvin the lehti<br \/>\n16 1\/1992 Marvin &#8211; se harmi<br \/>\n17 2\/1992 Zombie paranoidi Marvin<br \/>\n18 3\/1992 Codex Argenteus<br \/>\n19 4\/1992 R. E. Howard Marvin &#8211; Dark Valley<br \/>\n20 1\/1993 Marvinella<br \/>\n21 2\/1993 Marvin the lehti (Star Trek)<br \/>\n(22 3\/1993)<br \/>\n(23 4\/1993)<br \/>\n24 1\/1994 Marvinah GooGooMuck Monster from Outer Space<br \/>\n(25 2\/1994 Raamattu-Marvin)<br \/>\n(26 3\/1994 Pumpattava Porno-Marvin)<br \/>\n27 4\/1994 Ragnar\u00f6k #1<br \/>\n28 1\/1995 Eetterin py\u00f6rteess\u00e4<br \/>\n29 2\/1995 Marvin Finnish Science Fiction and Fantasy<br \/>\n30 3\/1995 Intersection<br \/>\n31 4\/1995 Kosmoskyn\u00e4 3\/95 \/ Marvin<br \/>\n32 1\/1996 Scifitutkimus-Marvin<br \/>\n33 2\/1996 Kaakao- ja rakennus-Marvin<br \/>\n34 3\/1996 Kentish Green Lantern O&#8217;Magick &#8211; tales of the Marvinomicon<br \/>\n(4\/1996 Virtuaalimarvin)<br \/>\n35 1\/1997 Mysterion Marvinaeion<br \/>\n(36 2\/1997 Marvinacca)<br \/>\n37 3\/1997 Polkuri Marvin<br \/>\n38 4\/1997 Xmasparodia? Marvin<br \/>\n39 1\/1998 Kirjallisuus Marvin<br \/>\n40 2\/1998 Marvin se infol\u00e4pysk\u00e4<br \/>\n(41 3\/1998 l\u00e4pysk\u00e4)<br \/>\n42 1\/1999 Polkuri-Marvin<br \/>\n43 2\/1999 Marvin se keskiviikkolehti<br \/>\n44 1\/2000 Finncon-Marvin<br \/>\n45 2\/2000 Retromarvin 2020<br \/>\n46 1\/2001 Vaihtoehto-Marvin<br \/>\n47 2\/2001 Rekrytointi-Marvin<br \/>\n48 3\/2001 Armo- ja betoni-Marvin<br \/>\n49 4\/2001 Marvin<br \/>\n50 1\/2002 Karva Marvin<br \/>\n51 2\/2002 Marvinella<br \/>\n52 3\/2002 Marvin 15V Keitti\u00f6-Wanhat-Lunacon<br \/>\n53 4\/2002 Marvin<br \/>\n54 1\/2003 Von M\u00e4rviken<br \/>\n55 2\/2003 Herrasmiesten sotamarvin<br \/>\n56 3\/2003 Parisuhde Marvin<br \/>\n56 4\/2003 Henkimaailma Marvin<br \/>\n(57 1\/2004)<br \/>\n58 2\/2004 Ikaalis Marvin<br \/>\n59 3\/2004 Viiksi Marvin<br \/>\n(60 4\/2004)<br \/>\n61 1\/2005 Republikaani-Marvin<br \/>\n62 2\/2005 Sensaatio Marvin<br \/>\n(63 3\/2005)<br \/>\n64 4\/2005 Mit\u00e4 Miss\u00e4 Marvin<br \/>\n65 1\/2006 Ruoka Marvin<br \/>\n66 2\/2006 Ruoka-Marvin<br \/>\n67 3-4\/2006 Jeesus- ja iPod-Marvin<br \/>\n68 1\/2007 \u00c5con M\u00e5rvin<br \/>\n69 2\/2007 Risingshadow<br \/>\n70 3\/2007 M. Arvin kustannusosakeyhti\u00f6n juhlakatalogi<br \/>\n71 4\/2007 Marvin The Best of&#8230;<br \/>\n72 1\/2008 H\u00e4nen Majesteettinsa Kuninkaallinen Britti Marvin (numerointi pit\u00e4\u00e4 paikkansa)<br \/>\n73 2\/2009 Scifip\u00f6rri\u00e4inen<br \/>\n74 3\/2009 Marvin Evil Overlord<br \/>\n75 1\/2010 Mietelm\u00e4-Marvin<br \/>\n76 1\/2009 Escape-Marvin<br \/>\n77 2\/2010 TV Marvin<br \/>\n78 1\/2011 Neuvosto-Marvin<br \/>\n79 1\/2012 Evil Overlord -kalenteri<br \/>\n80 Enkeli Marvin<br \/>\n81 1\/2013 Steampunk-Marvin<br \/>\n1\/2014 Post-apokalyptinen helvetti-Marvin<br \/>\n2\/2014 M. Arvin kustannus<br \/>\n1\/2015 Evening Death Star<br \/>\n1\/2016 Evening Cultist<br \/>\n2\/2016 Super-Marvin<br \/>\n1\/2017 Evening Perkele<br \/>\n2\/2017 Game Over Marvin<\/p>\n<p>http:\/\/www.helsinki.fi\/jarj\/hysfk\/marvin.html<\/p>\n<p><b>Escape<\/b><br \/>\n1\/2004 The mightiest of all creatures<br \/>\n2\/2004 Mukana peli- ja julisteliite<br \/>\n1\/2005 ESC-APE<br \/>\n1\/2006 &#8220;When reigns the freedom!!!&#8221;<br \/>\n2\/2006 Tervehdys, te maan urheat ensimm\u00e4iset astronautit<br \/>\n1\/2008 Sin panssi<br \/>\n2\/2012 [Saapumiser\u00e4 2\/2012]<br \/>\n1\/2015 Escape from Helsinki<br \/>\n1\/2016 Escape from the meeting room | Pako kokoushuoneesta<br \/>\n1\/2017 Hyvin- ja pahoinvointinumero<\/p>\n","protected":false},"excerpt":{"rendered":"<p>(1 1\/1988) (2 2\/1988) (3 3\/1988) 4 1\/1989 Marvin the lehti (5 2\/1989) (6 3\/1989) (7 4\/1989) 8 1\/1990 Marvin the lehti 9 2\/1990 Marvin the lehti English language special 10 3\/1990 Marvin Halloween Special 11 4\/1990 Marvin 12 1\/1991 [&hellip;]<\/p>\n","protected":false},"author":34,"featured_media":0,"parent":60,"menu_order":8,"comment_status":"closed","ping_status":"closed","template":"","meta":{"footnotes":""},"class_list":["post-65","page","type-page","status-publish","hentry"],"_links":{"self":[{"href":"https:\/\/users.utu.fi\/simo\/wp-json\/wp\/v2\/pages\/65","targetHints":{"allow":["GET"]}}],"collection":[{"href":"https:\/\/users.utu.fi\/simo\/wp-json\/wp\/v2\/pages"}],"about":[{"href":"https:\/\/users.utu.fi\/simo\/wp-json\/wp\/v2\/types\/page"}],"author":[{"embeddable":true,"href":"https:\/\/users.utu.fi\/simo\/wp-json\/wp\/v2\/users\/34"}],"replies":[{"embeddable":true,"href":"https:\/\/users.utu.fi\/simo\/wp-json\/wp\/v2\/comments?post=65"}],"version-history":[{"count":6,"href":"https:\/\/users.utu.fi\/simo\/wp-json\/wp\/v2\/pages\/65\/revisions"}],"predecessor-version":[{"id":1568,"href":"https:\/\/users.utu.fi\/simo\/wp-json\/wp\/v2\/pages\/65\/revisions\/1568"}],"up":[{"embeddable":true,"href":"https:\/\/users.utu.fi\/simo\/wp-json\/wp\/v2\/pages\/60"}],"wp:attachment":[{"href":"https:\/\/users.utu.fi\/simo\/wp-json\/wp\/v2\/media?parent=65"}],"curies":[{"name":"wp","href":"https:\/\/api.w.org\/{rel}","templated":true}]}}