{"id":70,"date":"2016-05-24T05:15:36","date_gmt":"2016-05-24T05:15:36","guid":{"rendered":"http:\/\/users.utu.fi\/simo\/?page_id=70"},"modified":"2021-05-31T21:02:08","modified_gmt":"2021-05-31T18:02:08","slug":"kamala-ukko","status":"publish","type":"page","link":"https:\/\/users.utu.fi\/simo\/puutelista\/zinet\/kamala-ukko\/","title":{"rendered":"Kamala ukko"},"content":{"rendered":"<p><b>Kamala ukko<\/b><br \/>\n001 Kreivin aikaan (WHH 59)<br \/>\n002 Lis\u00e4\u00e4 krapuja herroista (WHH 16)<br \/>\n003 Ouranopoulos (WHH 84)<br \/>\n004 Humalavieraita (WHH 17)<br \/>\n005 Paluu Rangoonista (WHH 83)<br \/>\n006 Telehfooni<br \/>\n007 Punnittuja krapuja<br \/>\n008 Luostarissa<br \/>\n(009 Sorahauta, WHH 57)<br \/>\n010 [ei ilmestynyt]<\/p>\n<p>011 Atorox Neptunuksessa (WHH 61)<br \/>\n012 Tangerin isokala (WHH 76)<br \/>\n013 Krapuja (WHH 50)<br \/>\n014 Azorien hopeaa (WHH 90)<br \/>\n(015 K\u00e4\u00e4rmeet ja tikapuut)<br \/>\n016 Tappuri<br \/>\n017 Wanhat herrat Tiibetiss\u00e4 II (WHH 103)<br \/>\n018 Wanhat herrat Tiibetiss\u00e4 osa 1 (WHH 102)<br \/>\n019 Wanhat herrat Tiietiss\u00e4 III (WHH 104)<br \/>\n020 Atorox Plutossa (WHH 98)<\/p>\n<p>021 &#8220;Piparjuuriarkku Gibraltariin&#8221; (WHH 78)<br \/>\n022 Ruissalon riemuja (WHH 169)<br \/>\n023 [ei ilmestynyt]<br \/>\n024 [ei ilmestynyt]<br \/>\n025 Turkulainen t\u00e4ysosuma<br \/>\n026 V\u00e4henev\u00e4n ajan merkit<br \/>\n027 Olavi Virran paremmat vuodet<br \/>\n028 Uuden Valamon kirjoissa<br \/>\n029 1953<br \/>\n030 Osallisena siihen mit\u00e4 ei tapahdu<\/p>\n<p>031 Talven yli<br \/>\n032 Tulilahtikirja<br \/>\n033 R\u00f6\u00f6ki<br \/>\n034 \u00c4\u00e4risavolainen poliisimies<br \/>\n035 Kauhea Turku tulee<br \/>\n036 Cthulhun y\u00f6<br \/>\n037 Rosy Luxemburgove 3<br \/>\n038 L\u00e4hes 100 tapaa kriitikon pett\u00e4miseksi<br \/>\n039 Ainahan on maksettava, eik\u00f6s juu?<br \/>\n040 Pula-Rilluma-Rei<\/p>\n<p>041 Murreilmaisun k\u00e4yt\u00f6st\u00e4<br \/>\n042 J\u00e4rvistensaaren juhannustanssit<br \/>\n043 Eufrosyyne ja Mataleena<br \/>\n044 Nisse Hermelinin rauhallinen koti-ilta<br \/>\n045 Kolmen jumalan kumartaja<br \/>\n046 Kirjojen Norssi<br \/>\n047 Vainovalkioiden y\u00f6<br \/>\n048 Kaikkien aikojen is\u00e4<br \/>\n049 Kadonneet pojat -traileri<br \/>\n050 Matka myskik\u00e4\u00e4rmeiden hoviin<\/p>\n<p>051 Ukkosen takainen maailma. Osa 1 Siirt\u00e4j\u00e4<br \/>\n052 Ukkosen takainen maailma. Osa 2 Tie<br \/>\n053 Ukkosen takainen maailma. Osa 3 On pappeja ja pappeja<br \/>\n(054 Ukkosen takainen maailma. Osa 4) [ei ilmestynyt]<br \/>\n(055 Ukkosen takainen maailma. Osa 5) [ei ilmestynyt]<br \/>\n056 Kirjan t\u00e4hden<br \/>\n057 Wichita Lineman<br \/>\n058 Torppa M\u00f6r\u00f6vuoren juurella<br \/>\n059 Niemen lokari<br \/>\n060 WHUPS!<\/p>\n<p>061 Viel\u00e4 kerran, Putzi!<br \/>\n062 Paranemiskertomus<br \/>\n063 Satu noidasta ja kissanh\u00e4nn\u00e4st\u00e4<br \/>\n064 Isohauki<br \/>\n065 J\u00e4rvi\u00e4mm\u00e4n poika<br \/>\n066 Suurker\u00e4ilij\u00e4n ABC (+erikoisjulkaisu)<br \/>\n067 Uusi j\u00e4rjestys Usvan leirill\u00e4<br \/>\n067 Suomalaisen kauhun bibliografia 1819-2000<br \/>\n068 Kirjatursaat<br \/>\n069 \u00c4\u00e4ni ja liha<br \/>\n070 Bibliofiili ly\u00f6 vetoa<\/p>\n<p>071 Patruuna Steelen kosto<br \/>\n074 P\u00e4tsi<br \/>\n075 Kiihke\u00e4\u00e4 kaupantekoa Jazzparran antikvaraatissa<br \/>\n076 Nihke\u00e4\u00e4 kaupantekoa Jazzparran antikvaraatissa<\/p>\n<p>Ilkeit\u00e4 krapuja (ei numeroitu)<\/p>\n<p><b>Cyrano de Bergerac -seura<\/b><br \/>\n(Viel\u00e4 yksi) Korppi (2014)<br \/>\n47 Grappa ja min\u00e4. Mik\u00e4 Waltari (16.4.2015)<br \/>\n66 Sielun ja viran temppeli (2011)<\/p>\n<p><b>W\u00e4k\u00e4leuka-julkaisut<\/b><br \/>\n1 Marttyyrin Wiisaudenhammas<br \/>\n2 Hurtta<br \/>\n3 Ouranopoulos (WHH 84)<br \/>\n4 [kreikkalainen nimi]<br \/>\n5 Asemalla ja hotellissa<br \/>\n6 Bysantin oppitunti pyhiinvaeltajille<br \/>\n7 J\u00f6r\u00f6t suomalaiset miehet vaelsivat Athoksen pyh\u00e4lle vuorelle<br \/>\n8 W\u00e4k\u00e4leukain kronikka<br \/>\n9 Meteoran kadonneet luostarit<br \/>\n10 Kreivi von Zinzerdorffin j\u00e4ljet Viron mullassa<\/p>\n<p>11 W\u00e4k\u00e4leukoja ja muita kulkijoita 1998<br \/>\n12 Tuulessa ja sateessa rappion maisemassa<br \/>\n13 Athos ja Meteora unohtajia varten<br \/>\n14 H\u00e4rk\u00e4pareissa H\u00e4rk\u00e4tiell\u00e4<br \/>\n15 Paldiski<br \/>\n16 Nelj\u00e4 matkaa pyh\u00e4lle vuorelle<br \/>\n17 W\u00e4k\u00e4leuat maailmalla ja Suomen turuilla<br \/>\n18 Matkalla Taalainmaalla<br \/>\n19 W\u00e4k\u00e4leukojen ik\u00e4miessarja katsomassa it\u00e4-G\u00f6\u00f6tanmata Ombergin vuorelta<br \/>\n20 W\u00e4k\u00e4leukainenkin tutkimusretki it\u00e4-Viroon<\/p>\n<p>21 Tiet\u00e4 ja pyh\u00e4\u00e4 Kyrillusta etsim\u00e4ss\u00e4 metsist\u00e4 ja tuntureiden v\u00e4list\u00e4<br \/>\n22 Liian pieni pyhiinvaelluskirja<br \/>\n23 Sakkokierroksia<br \/>\n24 Opin ja helteen saunassa Tarton kaupungissa<\/p>\n","protected":false},"excerpt":{"rendered":"<p>Kamala ukko 001 Kreivin aikaan (WHH 59) 002 Lis\u00e4\u00e4 krapuja herroista (WHH 16) 003 Ouranopoulos (WHH 84) 004 Humalavieraita (WHH 17) 005 Paluu Rangoonista (WHH 83) 006 Telehfooni 007 Punnittuja krapuja 008 Luostarissa (009 Sorahauta, WHH 57) 010 [ei ilmestynyt] [&hellip;]<\/p>\n","protected":false},"author":34,"featured_media":0,"parent":60,"menu_order":7,"comment_status":"closed","ping_status":"closed","template":"","meta":{"footnotes":""},"class_list":["post-70","page","type-page","status-publish","hentry"],"_links":{"self":[{"href":"https:\/\/users.utu.fi\/simo\/wp-json\/wp\/v2\/pages\/70","targetHints":{"allow":["GET"]}}],"collection":[{"href":"https:\/\/users.utu.fi\/simo\/wp-json\/wp\/v2\/pages"}],"about":[{"href":"https:\/\/users.utu.fi\/simo\/wp-json\/wp\/v2\/types\/page"}],"author":[{"embeddable":true,"href":"https:\/\/users.utu.fi\/simo\/wp-json\/wp\/v2\/users\/34"}],"replies":[{"embeddable":true,"href":"https:\/\/users.utu.fi\/simo\/wp-json\/wp\/v2\/comments?post=70"}],"version-history":[{"count":19,"href":"https:\/\/users.utu.fi\/simo\/wp-json\/wp\/v2\/pages\/70\/revisions"}],"predecessor-version":[{"id":1764,"href":"https:\/\/users.utu.fi\/simo\/wp-json\/wp\/v2\/pages\/70\/revisions\/1764"}],"up":[{"embeddable":true,"href":"https:\/\/users.utu.fi\/simo\/wp-json\/wp\/v2\/pages\/60"}],"wp:attachment":[{"href":"https:\/\/users.utu.fi\/simo\/wp-json\/wp\/v2\/media?parent=70"}],"curies":[{"name":"wp","href":"https:\/\/api.w.org\/{rel}","templated":true}]}}