{"id":82,"date":"2016-05-24T05:20:37","date_gmt":"2016-05-24T05:20:37","guid":{"rendered":"http:\/\/users.utu.fi\/simo\/?page_id=82"},"modified":"2017-06-04T19:13:15","modified_gmt":"2017-06-04T19:13:15","slug":"sarjakuvat","status":"publish","type":"page","link":"https:\/\/users.utu.fi\/simo\/puutelista\/sarjakuvat\/","title":{"rendered":"Sarjakuvat"},"content":{"rendered":"<p><b>Ryhm\u00e4-X<\/b><br \/>\n1984: (1),(2),3<br \/>\n1985: 1,2,3,4,5,6,7,8,9,10,11,12<br \/>\n1986: 1,2,(3),4,5,6,7,8,9,10,11,12<br \/>\n1987: 1,2,3,4,5,6,7,8,9,10,11,12<br \/>\n1988: 1,2,3,4,5,6,7,8,9,10,11,12<br \/>\n1989: 1,2,3,4,5,6<br \/>\n1990: 1,2,3,4,5,6,7,8<br \/>\n1991: 1,2,3,4,5,6,7,8,9,10,11,12<br \/>\n1992: 1,2,3,4,5,6,7,8,9,10,11,12<br \/>\n1993: 1,2,3,4,5,6,7,8,9,10,11,12<br \/>\n1994: 1,2,3,4,5,6,7,8,9,10,11,12<br \/>\n1995: 1,2,3,4,5,6,7,8,9,10,11,12<br \/>\n1996: 1,2,3,4,5,6,7,8<br \/>\n2001: 1,2,3,4,5,6<br \/>\n2002: 1,2,3,4,5,6<br \/>\n2003: 1,2,3,4,5,6,7,8,9,10,11,12<br \/>\n2004: 1,2,3,4,5,6<br \/>\n2005: 1,2,3,4,5,6<br \/>\n2006: 1,2,3,4,5,6<br \/>\n2007: 1,2,3,4,5,6<br \/>\n2008: 1,2,3,4,5,6<br \/>\n2009: 1,2,3,4,5,6,7,8<br \/>\n2010: 1,2,3,4,9,10,11<br \/>\n2011: 1,4,5,6,7<br \/>\n2012: 1,9<br \/>\n2013: 1,2,8,9,10,11,12<\/p>\n<p>Taivas palaa<br \/>\nErikoisjulkaisu 2 (1987)<br \/>\nKvanttiharppaus Ryhm\u00e4-X:n maailmaan<br \/>\nTilaajalahja 1993: Maailmaloppu nyt<br \/>\nTilaajalahja 1994: What if #59 (Wolverine Led Alpha Flight)<br \/>\nTilaajalahja 1995: 2099<br \/>\nRyhm\u00e4-X \/ Teini-Titaanit 1999<br \/>\nWolverine (1986)<br \/>\nKitty Pryde &#038; Wolverine<br \/>\nRyhm\u00e4-X spesiaali: Onslaught (1998)<br \/>\nRyhm\u00e4-X spesiaali: Roguen koettelemukset<br \/>\nRyhm\u00e4-X spesiaali: Cerebron salaisuus<br \/>\nRyhm\u00e4-X spesiaali: Miss\u00e4 on Professori X (2000)<br \/>\nRyhm\u00e4-X spesiaali: Magneto-sota (1999)<br \/>\nRyhm\u00e4-X spesiaali: Sodan loppu (2000)<\/p>\n<p><b>Marvel<\/b><br \/>\n1988: 1,2,3,4,5,6,7,8<br \/>\n1989: 1,2,3,4,5,6,7,8,9,10,11,12<br \/>\n1990: 1,2,3,4,5,6,7,8,9,10,11,12<br \/>\n1991: 1,2,3,4,5,6,7,8,9,10,11,12<br \/>\n1992: 1,2,3,4,5,6,7,8,9,10<br \/>\n1993: 1,2,3,4,5,6,7,8,9,10; Tilaajalahja: Thor<br \/>\n1994: 1,2,3,4,5,6,7,8,9,10; Tilaajalahja: Galactus syntytarina<br \/>\n1995: 1,2,3,4,5,6,7,8,9,10,11,12; Tilaajalahja: Hulk<br \/>\n1996: 1,2,3,4,5,6,7,8,9<\/p>\n<p><b>Mega Marvel \/ Mega<\/b><br \/>\n1997: 1,2,3,4,5,6<br \/>\n1998: 2<br \/>\n2000: 1<br \/>\n2003: 1,2,3,5<br \/>\n2004: 4<br \/>\n2005: 1,3<br \/>\n2006: 1,4,5,6<\/p>\n<p><b>Sarjakuvalehti<\/b><br \/>\n1990: 1,2,3,4,5,6,7<br \/>\n1991: 1,2,3,4,5,6,7,8,9,10<br \/>\n1992: 1,2,3,4,5,6,7,8,9,10<br \/>\n1993: 1,2,3,4,5,6,7,8,9,10; Tilaajalahja: Wolverine<br \/>\n1994: 1,2,3,4,5,6,7,8,9,10; Tilaajalahja: Tuomari<br \/>\n1995: 1,2,3,4,5,6,7,8,9,10,11,12; Tilaajalahja: Daredevil<br \/>\n1996: 1,2,3,4,5,6,7,8,9,(10),11,12<\/p>\n<p><b>Hulk<\/b><br \/>\n1981: 2<br \/>\n1982: 5,7,9,11,12<br \/>\n1983: 3,5,10<br \/>\n1984: 2<br \/>\n1985: 1,2,4,5,8,10,11<br \/>\nErikoisjulkaisu 3 (1983)<br \/>\nErikoisjulkaisu 1 (1989)<br \/>\nErikoisjulkaisu 2 (1989)<br \/>\nErikoisjulkaisu 1 (1990)<br \/>\nErikoisjulkaisu (1994)<\/p>\n<p><b>H\u00e4m\u00e4h\u00e4kkimies<\/b><br \/>\n1981: 1,5,6,9<br \/>\n1982: 6<br \/>\n1983: 1,3,4<br \/>\n1984: 3,5,8,12<br \/>\n1985: 4,6,7,9,10,11,12<br \/>\n1986: 1,2,3,4,5,6,7,8,9,10,11,12<br \/>\n1987: 1,2,3,4,5,6,7,8,9,10,11,12<br \/>\n1988: 1,2,3,4,5,6,7,8,9,10,11,12<br \/>\n1989: 1,2,3,4,5,6,7,8,9,10,11,12<br \/>\n1990: 1,2,(3),4,5,6,7,8,9,10,11,12<br \/>\n1991: 1,2,3,4,5,6,7,8,9,10,11,12<br \/>\n1992: 1,2,3,4,5,6,7,(8),9<br \/>\n1993: 11: Tilaajalahja: Kameleontti iskee<br \/>\n1994: 1,2,3; Tilaajalahja: Tuomari<br \/>\n2008: 8,9,10,11<br \/>\n2009: 1,2,3,8,11,12<br \/>\nSpecial I (1988)<br \/>\nSpecial I,II (1989)<br \/>\nSpecial 1990<br \/>\nSpesial 1,2 (1991)<br \/>\nSpesiaali 1,2 (1992)<br \/>\nSpesiaali 1 (1993)<br \/>\nSpesiaali 1,2 (1994)<br \/>\nSpesiaali (1995)<br \/>\nSpesiaali (1996)<\/p>\n<p><b>Kostajat<\/b><br \/>\nErikoisjulkaisu (1989)<br \/>\nErikoisjulkaisu 1,2 (1991)<br \/>\nErikoisjulkaisu (1992<\/p>\n<p><b>Ihmeneloset<\/b><br \/>\n1982: 6<br \/>\n1983: 1,3<br \/>\n1984: 1,4<br \/>\nIhmeneloset ja X-Miehet (1983)<br \/>\nErikoisjulkaisu 1\/1991<br \/>\nErikoisjulkaisu 1\/1992<\/p>\n<p><b>Marvel Saga<\/b><br \/>\n1,2,3,4,5,6,7,8,9,10<\/p>\n<p><b>Wolverine<\/b><br \/>\n2001: 1,2<\/p>\n<p>Batman ja Tuomari erikoisjulkaisu 1995<\/p>\n<p><b>Magic Fantasy<\/b><br \/>\n2002:<br \/>\n2003:<\/p>\n<p><b>Sarjakirja<\/b><br \/>\n98: H\u00e4m\u00e4h\u00e4kkimies<br \/>\n101: Ihmeneloset vastaan Galactus<br \/>\n103: H\u00e4m\u00e4h\u00e4kkimies<br \/>\n105: Kostajat<\/p>\n","protected":false},"excerpt":{"rendered":"<p>Ryhm\u00e4-X 1984: (1),(2),3 1985: 1,2,3,4,5,6,7,8,9,10,11,12 1986: 1,2,(3),4,5,6,7,8,9,10,11,12 1987: 1,2,3,4,5,6,7,8,9,10,11,12 1988: 1,2,3,4,5,6,7,8,9,10,11,12 1989: 1,2,3,4,5,6 1990: 1,2,3,4,5,6,7,8 1991: 1,2,3,4,5,6,7,8,9,10,11,12 1992: 1,2,3,4,5,6,7,8,9,10,11,12 1993: 1,2,3,4,5,6,7,8,9,10,11,12 1994: 1,2,3,4,5,6,7,8,9,10,11,12 1995: 1,2,3,4,5,6,7,8,9,10,11,12 1996: 1,2,3,4,5,6,7,8 2001: 1,2,3,4,5,6 2002: 1,2,3,4,5,6 2003: 1,2,3,4,5,6,7,8,9,10,11,12 2004: 1,2,3,4,5,6 2005: 1,2,3,4,5,6 2006: 1,2,3,4,5,6 2007: [&hellip;]<\/p>\n","protected":false},"author":34,"featured_media":0,"parent":15,"menu_order":11,"comment_status":"closed","ping_status":"closed","template":"","meta":{"footnotes":""},"class_list":["post-82","page","type-page","status-publish","hentry"],"_links":{"self":[{"href":"https:\/\/users.utu.fi\/simo\/wp-json\/wp\/v2\/pages\/82","targetHints":{"allow":["GET"]}}],"collection":[{"href":"https:\/\/users.utu.fi\/simo\/wp-json\/wp\/v2\/pages"}],"about":[{"href":"https:\/\/users.utu.fi\/simo\/wp-json\/wp\/v2\/types\/page"}],"author":[{"embeddable":true,"href":"https:\/\/users.utu.fi\/simo\/wp-json\/wp\/v2\/users\/34"}],"replies":[{"embeddable":true,"href":"https:\/\/users.utu.fi\/simo\/wp-json\/wp\/v2\/comments?post=82"}],"version-history":[{"count":10,"href":"https:\/\/users.utu.fi\/simo\/wp-json\/wp\/v2\/pages\/82\/revisions"}],"predecessor-version":[{"id":804,"href":"https:\/\/users.utu.fi\/simo\/wp-json\/wp\/v2\/pages\/82\/revisions\/804"}],"up":[{"embeddable":true,"href":"https:\/\/users.utu.fi\/simo\/wp-json\/wp\/v2\/pages\/15"}],"wp:attachment":[{"href":"https:\/\/users.utu.fi\/simo\/wp-json\/wp\/v2\/media?parent=82"}],"curies":[{"name":"wp","href":"https:\/\/api.w.org\/{rel}","templated":true}]}}