{"id":37,"date":"2016-05-12T13:45:11","date_gmt":"2016-05-12T13:45:11","guid":{"rendered":"http:\/\/users.utu.fi\/skaffe\/?page_id=37"},"modified":"2026-03-17T08:26:44","modified_gmt":"2026-03-17T08:26:44","slug":"publications","status":"publish","type":"page","link":"https:\/\/users.utu.fi\/skaffe\/publications\/","title":{"rendered":"Publications"},"content":{"rendered":"<p>The <a href=\"https:\/\/www.utu.fi\/en\/people\/janne-skaffari\">university website<\/a> contains a list of my most recent publications and &#8211; together with my homepage, <a href=\"https:\/\/orcid.org\/0000-0001-7349-9904\">Orcid<\/a>, <a href=\"https:\/\/www.researchgate.net\/profile\/Janne_Skaffari\/contributions\">ResearchGate<\/a> and <a href=\"https:\/\/utu.academia.edu\/JanneSkaffari\">Academia<\/a> &#8211; provides an almost full account of my published work.\u00a0 Please check the tabs under Research for information about publications and talks by subject area.<\/p>\n<p>&nbsp;<\/p>\n<p><strong>Some recent publications<\/strong><\/p>\n<p>2026: Valloituksia ja sotaisia kuningaskuntia [&#8216;Conquests and warring kingdoms&#8217;]. Co-authored with Alpo Honkapohja. In Honkapohja, Alpo, Aleksi M\u00e4kil\u00e4hde &amp; Sara Norja (eds.). <em>Kun miekat lauloivat: Muinainen Englanti kronikoiden, eeposten ja elegioiden kertomana<\/em> [&#8216;When the swords sang: Ancient England as told by chronicles, epics and elegies&#8217;]. Helsinki: Gaudeamus, 43-103.<\/p>\n<p>2026: Anglosaksien j\u00e4ljill\u00e4 [&#8216;On the traces of the Anglo-Saxons&#8217;]. Co-authored with Alpo Honkapohja and Sara Norja. In Honkapohja, Alpo, Aleksi M\u00e4kil\u00e4hde &amp; Sara Norja (eds.). <a href=\"https:\/\/www.gaudeamus.fi\/teos\/kun-miekat-lauloivat\/\"><em>Kun miekat lauloivat: Muinainen Englanti kronikoiden, eeposten ja elegioiden kertomana<\/em><\/a> [&#8216;When the swords sang: Ancient England as told by chronicles, epics and elegies&#8217;]. Helsinki: Gaudeamus, 11-41.<\/p>\n<p>2025: Graphic elements in early printed grammar books. Co-authored with Jukka Tyrkk\u00f6. In Peikola, Matti, Jukka Tyrkk\u00f6 &amp; Mari-Liisa Varila (eds.). <a href=\"https:\/\/www.brepols.net\/products\/IS-9782503600451-1\"><em>Graphic<\/em> <em>Practices and Literacies in the History of English <\/em><\/a>(Utrecht Studies in Medieval Literacy, 61). Turnhout: Brepols, 281-307.<\/p>\n<p>2025: Englantia Turun keskustan kielimaisemassa [&#8216;English in the linguistic landscape of Turku centre&#8217;]. In Lantto, Hanna, Paula Sj\u00f6blom, Jaana Vaahtera &amp; Minna Hjort (eds.). <a href=\"https:\/\/kirjat.finlit.fi\/sivu\/tuote\/kieli-maisemassa-maisema-kielessa\/5338514\"><em>Kieli maisemassa, maisema kieless\u00e4. Tutkimuksia Turusta<\/em><\/a> [&#8216;Language in the landscape, landscape in the language&#8217;]. Helsinki: Suomalaisen Kirjallisuuden Seura, 279-310.<\/p>\n<p>2024: Flagging multilingual features in post-Conquest manuscripts: Verbal and visual. In R\u00e4ikk\u00f6nen, Jenni et al. (eds.). <em><a href=\"https:\/\/edition.fi\/ufy\/catalog\/view\/1041\/1040\/3872-1\">Multilingualism<\/a> and Language Variation in English across Genres and Registers: A Festschrift in Honour of P\u00e4ivi Pahta<\/em>. Helsinki: Soci\u00e9t\u00e9 N\u00e9ophilologique, 73-95. Open access.<\/p>\n<p>2023: Suomi ja englanti kohtaavat kaupungin kielimaisemassa [&#8216;Finnish meets English in the urban linguistic landscape&#8217;]. <a href=\"https:\/\/www.kielikello.fi\/-\/suomi-ja-englanti-kohtaavat-kaupungin-kielimaisemassa\"><em>Kielikello<\/em><\/a> 4\/2023. Open access.<\/p>\n<p>2023: Norse- and French-derived words in the Ormulum. Co-authored with Sara Pons-Sanz. <a href=\"https:\/\/www.english.su.se\/ormulum\/blog\/norse-and-french-derived-words-in-the-ormulum-27th-october-2023-1.682078\">Ormulum blog<\/a> at Stockholm University. Open access.<\/p>\n<p>2022: Becoming an English teacher in Namibia and Finland. Co-authored with Meameno Shiweda.\u00a0 <a href=\"https:\/\/blogit.utu.fi\/englishturku\/2022\/11\/24\/becoming-an-english-teacher-in-namibia-and-finland\/\">EnglanTY<\/a>. Open access.<\/p>\n<p>&nbsp;<\/p>\n<p><strong>Highlighted earlier publications<\/strong><\/p>\n<p>Kolehmainen, Leena &amp; Janne Skaffari (guest eds.) 2016: <em>Multilingual practices in contemporary and historical contexts: Interfaces between code-switching and translation<\/em>. Special issue of <a href=\"https:\/\/www.degruyter.com\/view\/j\/mult.2016.35.issue-2\/issue-files\/mult.2016.35.issue-2.xml\"><em>Multilingua: Journal of Cross-Cultural and Interlanguage Communication<\/em><\/a> 35:2.<\/p>\n<p>Nurmi, Arja &amp; Janne Skaffari. 2021. Managing Latin: Support and intratextual translation as mediation strategies in the history of English. <a href=\"https:\/\/www.degruyter.com\/document\/doi\/10.1515\/text-2019-0211\/html\"><em>Text &amp; Talk<\/em><\/a> 41:4, 493-513.<\/p>\n<p>Pahta, P\u00e4ivi, Janne Skaffari &amp; Laura Wright (eds.). 2018. <em>Multilingual Practices in Language History: English and Beyond<\/em>. Berlin &amp; Boston: <a href=\"https:\/\/www.degruyter.com\/search?query=skaffari\">De Gruyter Mouton<\/a>.<\/p>\n<p>Sepp\u00e4nen, Minna &amp; Janne Skaffari. 2020, N\u00e4k\u00f6kulmia filologiseen tutkimukseen [&#8216;Perspectives on philological research&#8217;]. In Luodonp\u00e4\u00e4-Manni et al. (eds.). <a href=\"https:\/\/oa.finlit.fi\/site\/books\/e\/10.21435\/skst.1457\/\"><em>Kielentutkimuksen menetelmi\u00e4 I-IV<\/em><\/a>. Helsinki: Finnish Literature Society, 776-799. Open access.<\/p>\n<p>Skaffari, Janne. 2002. The non-native vocabulary of the Peterborough Chronicle. In Lucas, P.J. &amp; A.M. Lucas (eds.). <em>Middle English from Tongue to Text<\/em>. Frankfurt am Main etc.: Peter Lang, 235-246.<\/p>\n<p>Skaffari, Janne. 2009. <em>Studies in Early Middle English Loanwords: Norse and French Influences<\/em>. Turku: University of Turku.<\/p>\n<p>Skaffari, Janne &amp; Aleksi M\u00e4kil\u00e4hde.\u00a0 2014. Code-switching in historical materials: Research at the limits of contact linguistics. With Aleksi M\u00e4kil\u00e4hde. In <em>Questioning Language Contact: Limits of Contact, Contact at its Limits<\/em> (R. Nicola\u00ef, ed.). Leiden &amp; Boston: <a href=\"http:\/\/www.brill.com\/products\/book\/questioning-language-contact\">Brill<\/a>, 252-279.<\/p>\n<p>Skaffari, Janne. 2017.\u00a0 Language contact: French. In <em>Middle English<\/em> (L. Brinton &amp; A. Bergs, eds.). Berlin &amp; Boston: De Gruyter Mouton, 184-204.<\/p>\n<p>&nbsp;<\/p>\n<p>See also <a href=\"https:\/\/www.utu.fi\/en\/people\/janne-skaffari\">Find a researcher<\/a> at utu.fi.<\/p>\n","protected":false},"excerpt":{"rendered":"<p>The university website contains a list of my most recent publications and &#8211; together with my homepage, Orcid, ResearchGate and Academia &#8211; provides an almost full account of my published work.\u00a0 Please check the tabs under Research for information about publications and talks by subject area. &nbsp; Some recent publications 2026: Valloituksia ja sotaisia kuningaskuntia [&hellip;]<\/p>\n","protected":false},"author":69,"featured_media":0,"parent":0,"menu_order":0,"comment_status":"closed","ping_status":"closed","template":"","meta":{"footnotes":""},"class_list":["post-37","page","type-page","status-publish","hentry","post-preview"],"_links":{"self":[{"href":"https:\/\/users.utu.fi\/skaffe\/wp-json\/wp\/v2\/pages\/37","targetHints":{"allow":["GET"]}}],"collection":[{"href":"https:\/\/users.utu.fi\/skaffe\/wp-json\/wp\/v2\/pages"}],"about":[{"href":"https:\/\/users.utu.fi\/skaffe\/wp-json\/wp\/v2\/types\/page"}],"author":[{"embeddable":true,"href":"https:\/\/users.utu.fi\/skaffe\/wp-json\/wp\/v2\/users\/69"}],"replies":[{"embeddable":true,"href":"https:\/\/users.utu.fi\/skaffe\/wp-json\/wp\/v2\/comments?post=37"}],"version-history":[{"count":47,"href":"https:\/\/users.utu.fi\/skaffe\/wp-json\/wp\/v2\/pages\/37\/revisions"}],"predecessor-version":[{"id":2365,"href":"https:\/\/users.utu.fi\/skaffe\/wp-json\/wp\/v2\/pages\/37\/revisions\/2365"}],"wp:attachment":[{"href":"https:\/\/users.utu.fi\/skaffe\/wp-json\/wp\/v2\/media?parent=37"}],"curies":[{"name":"wp","href":"https:\/\/api.w.org\/{rel}","templated":true}]}}