{"id":81,"date":"2016-05-13T08:20:06","date_gmt":"2016-05-13T08:20:06","guid":{"rendered":"http:\/\/users.utu.fi\/skaffe\/?page_id=81"},"modified":"2026-02-24T12:40:33","modified_gmt":"2026-02-24T12:40:33","slug":"yhteenveto-in-finnish","status":"publish","type":"page","link":"https:\/\/users.utu.fi\/skaffe\/yhteenveto-in-finnish\/","title":{"rendered":"Yhteenveto (in Finnish)"},"content":{"rendered":"<p><em><img loading=\"lazy\" decoding=\"async\" class=\"size-medium wp-image-115 alignright\" src=\"https:\/\/users.utu.fi\/skaffe\/wp-content\/uploads\/sites\/60\/2016\/05\/gangutregatta-145x300.jpg\" alt=\"gangutregatta\" width=\"145\" height=\"300\" srcset=\"https:\/\/users.utu.fi\/skaffe\/wp-content\/uploads\/sites\/60\/2016\/05\/gangutregatta-145x300.jpg 145w, https:\/\/users.utu.fi\/skaffe\/wp-content\/uploads\/sites\/60\/2016\/05\/gangutregatta-768x1588.jpg 768w, https:\/\/users.utu.fi\/skaffe\/wp-content\/uploads\/sites\/60\/2016\/05\/gangutregatta-495x1024.jpg 495w, https:\/\/users.utu.fi\/skaffe\/wp-content\/uploads\/sites\/60\/2016\/05\/gangutregatta-676x1397.jpg 676w, https:\/\/users.utu.fi\/skaffe\/wp-content\/uploads\/sites\/60\/2016\/05\/gangutregatta.jpg 1488w\" sizes=\"auto, (max-width: 145px) 100vw, 145px\" \/><\/em>FT Janne Skaffari on englannin kielen vanhempi yliopistonlehtori Turun yliopiston kieli- ja k\u00e4\u00e4nn\u00f6stieteiden laitoksella ja englannin kielen dosentti \u00c5bo Akademin humanististen tieteiden, psykologian ja teologian tiedekunnassa. H\u00e4n opettaa kielioppia, kielitiedett\u00e4 ja kielihistoriaa englannin kielen oppiaineessa. H\u00e4n on ty\u00f6skennellyt my\u00f6s tutkijatohtorina, tutkijana, assistenttina ja tuntiopettajana Turun yliopistossa sek\u00e4 yliopistotutkijana Tampereen yliopistossa ja tuntiopettajana \u00c5bo Akademissa.<\/p>\n<p>Jannen tutkimuskohteita ovat kielikontakti-ilmi\u00f6t (erityisesti koodinvaihto ja lainasanat), keskiajan englanti sek\u00e4 kielitiedon opetus ja oppiminen yliopistossa. Janne on julkaissut v\u00e4it\u00f6skirjansa <em>Studies in Early Middle English Loanwords: Norse and French Influences<\/em> (&#8216;Varhaiskeskienglannin lainasanat: skandinaavisia ja ranskalaisia vaikutteita&#8217;) lis\u00e4ksi lukuisia artikkeleita ja ollut toimittamassa useita kirjoja (mm. <em>Multilingual Practices in Language History<\/em>, Mouton de Gruyter 2018; <em>Verbal and Visual Communication in Early English Texts<\/em>, Brepols 2017). N\u00e4m\u00e4 kansainv\u00e4listen kustantajien julkaisemat tutkimusartikkelikokoelmat k\u00e4sittelev\u00e4t kielikontakteja ja niiden seurauksia, englanninkielisi\u00e4 tekstej\u00e4 keskiajalla ja uuden ajan alussa sek\u00e4 kielihistoriaa erityisesti diskurssintutkimuksen, multimodaalisuuden ja monikielisyyden n\u00e4k\u00f6kulmista.<\/p>\n<p>Englantilaisen filologian lis\u00e4ksi Janne on opiskellut pohjoismaista filologiaa, yleist\u00e4 kielitiedett\u00e4, aikuiskasvatustiedett\u00e4 ja yliopistopedagogiikkaa.<\/p>\n<p>Yhteystiedot:<\/p>\n<ul>\n<li>etunimi.sukunimi (at) utu.fi<\/li>\n<li>Englannin kieli, 20014 Turun yliopisto<\/li>\n<li>029 450 3376<\/li>\n<li><a href=\"https:\/\/www.utu.fi\/fi\/ihmiset\/janne-skaffari\">Yliopiston tutkijatiedot<\/a><\/li>\n<\/ul>\n","protected":false},"excerpt":{"rendered":"<p>FT Janne Skaffari on englannin kielen vanhempi yliopistonlehtori Turun yliopiston kieli- ja k\u00e4\u00e4nn\u00f6stieteiden laitoksella ja englannin kielen dosentti \u00c5bo Akademin humanististen tieteiden, psykologian ja teologian tiedekunnassa. H\u00e4n opettaa kielioppia, kielitiedett\u00e4 ja kielihistoriaa englannin kielen oppiaineessa. H\u00e4n on ty\u00f6skennellyt my\u00f6s tutkijatohtorina, tutkijana, assistenttina ja tuntiopettajana Turun yliopistossa sek\u00e4 yliopistotutkijana Tampereen yliopistossa ja tuntiopettajana \u00c5bo Akademissa. Jannen [&hellip;]<\/p>\n","protected":false},"author":69,"featured_media":0,"parent":0,"menu_order":0,"comment_status":"closed","ping_status":"closed","template":"","meta":{"footnotes":""},"class_list":["post-81","page","type-page","status-publish","hentry","post-preview"],"_links":{"self":[{"href":"https:\/\/users.utu.fi\/skaffe\/wp-json\/wp\/v2\/pages\/81","targetHints":{"allow":["GET"]}}],"collection":[{"href":"https:\/\/users.utu.fi\/skaffe\/wp-json\/wp\/v2\/pages"}],"about":[{"href":"https:\/\/users.utu.fi\/skaffe\/wp-json\/wp\/v2\/types\/page"}],"author":[{"embeddable":true,"href":"https:\/\/users.utu.fi\/skaffe\/wp-json\/wp\/v2\/users\/69"}],"replies":[{"embeddable":true,"href":"https:\/\/users.utu.fi\/skaffe\/wp-json\/wp\/v2\/comments?post=81"}],"version-history":[{"count":18,"href":"https:\/\/users.utu.fi\/skaffe\/wp-json\/wp\/v2\/pages\/81\/revisions"}],"predecessor-version":[{"id":2357,"href":"https:\/\/users.utu.fi\/skaffe\/wp-json\/wp\/v2\/pages\/81\/revisions\/2357"}],"wp:attachment":[{"href":"https:\/\/users.utu.fi\/skaffe\/wp-json\/wp\/v2\/media?parent=81"}],"curies":[{"name":"wp","href":"https:\/\/api.w.org\/{rel}","templated":true}]}}