{"id":234,"date":"2020-04-05T01:29:03","date_gmt":"2020-04-04T23:29:03","guid":{"rendered":"http:\/\/users.utu.fi\/sumaput\/?page_id=234"},"modified":"2020-04-05T01:29:03","modified_gmt":"2020-04-04T23:29:03","slug":"kahdenvalista","status":"publish","type":"page","link":"https:\/\/users.utu.fi\/sumaput\/kahdenvalista\/","title":{"rendered":"Kahdenv\u00e4list\u00e4"},"content":{"rendered":"<h5>\u201dOnko jonkin luomisella itseisarvo?\u201d<\/h5>\n<pre style=\"text-align: left;padding-left: 80px\">\u201dEi v\u00e4ltt\u00e4m\u00e4tt\u00e4. Mik\u00e4 edes on itseisarvo?\u201d<\/pre>\n<h5>\u201dJokin on arvokasta sin\u00e4ll\u00e4\u00e4n. Onks taiteella itseisarvo?\u201d<\/h5>\n<pre style=\"padding-left: 80px\">\u201dEi. Ei mill\u00e4\u00e4n ole mit\u00e4\u00e4n arvoa.\u201d<\/pre>\n<h5>\u201dKaikella on arvoa.\u201d<\/h5>\n","protected":false},"excerpt":{"rendered":"<p>\u201dOnko jonkin luomisella itseisarvo?\u201d \u201dEi v\u00e4ltt\u00e4m\u00e4tt\u00e4. Mik\u00e4 edes on itseisarvo?\u201d \u201dJokin on arvokasta sin\u00e4ll\u00e4\u00e4n. Onks taiteella itseisarvo?\u201d \u201dEi. Ei mill\u00e4\u00e4n ole mit\u00e4\u00e4n arvoa.\u201d \u201dKaikella on arvoa.\u201d<\/p>\n","protected":false},"author":5179,"featured_media":0,"parent":0,"menu_order":0,"comment_status":"closed","ping_status":"closed","template":"","meta":{"footnotes":""},"class_list":["post-234","page","type-page","status-publish","czr-hentry"],"_links":{"self":[{"href":"https:\/\/users.utu.fi\/sumaput\/wp-json\/wp\/v2\/pages\/234","targetHints":{"allow":["GET"]}}],"collection":[{"href":"https:\/\/users.utu.fi\/sumaput\/wp-json\/wp\/v2\/pages"}],"about":[{"href":"https:\/\/users.utu.fi\/sumaput\/wp-json\/wp\/v2\/types\/page"}],"author":[{"embeddable":true,"href":"https:\/\/users.utu.fi\/sumaput\/wp-json\/wp\/v2\/users\/5179"}],"replies":[{"embeddable":true,"href":"https:\/\/users.utu.fi\/sumaput\/wp-json\/wp\/v2\/comments?post=234"}],"version-history":[{"count":1,"href":"https:\/\/users.utu.fi\/sumaput\/wp-json\/wp\/v2\/pages\/234\/revisions"}],"predecessor-version":[{"id":237,"href":"https:\/\/users.utu.fi\/sumaput\/wp-json\/wp\/v2\/pages\/234\/revisions\/237"}],"wp:attachment":[{"href":"https:\/\/users.utu.fi\/sumaput\/wp-json\/wp\/v2\/media?parent=234"}],"curies":[{"name":"wp","href":"https:\/\/api.w.org\/{rel}","templated":true}]}}