{"id":1122,"date":"2021-10-22T15:41:54","date_gmt":"2021-10-22T12:41:54","guid":{"rendered":"https:\/\/users.utu.fi\/taesho\/?page_id=1122"},"modified":"2021-10-27T21:59:48","modified_gmt":"2021-10-27T18:59:48","slug":"ovrigt","status":"publish","type":"page","link":"https:\/\/users.utu.fi\/taesho\/sv\/ovrigt\/","title":{"rendered":"\u00d6vrigt"},"content":{"rendered":"<p>Diverse sidor dyker upp hit. Ta en titt p\u00e5:<\/p>\n<ul>\n<li><a href=\"https:\/\/users.utu.fi\/taesho\/sv\/ovrigt\/bilder\/\">foton fr\u00e5n Uganda, Gr\u00f6nland m.m.<\/a><\/li>\n<li><a href=\"https:\/\/users.utu.fi\/taesho\/en\/misc\/outdoors-in-finland\/\">r\u00e5d p\u00e5 hur man klarar av att vara utomhus i Finland<\/a> (enbart p\u00e5 engelska)<\/li>\n<\/ul>\n","protected":false},"excerpt":{"rendered":"<p>Diverse sidor dyker upp hit. Ta en titt p\u00e5: foton fr\u00e5n Uganda, Gr\u00f6nland m.m. r\u00e5d p\u00e5 hur man klarar av att vara utomhus i Finland (enbart p\u00e5 engelska)<\/p>\n","protected":false},"author":6396,"featured_media":0,"parent":0,"menu_order":3,"comment_status":"closed","ping_status":"closed","template":"","meta":{"site-sidebar-layout":"default","site-content-layout":"default","ast-site-content-layout":"default","site-content-style":"default","site-sidebar-style":"default","ast-global-header-display":"","ast-banner-title-visibility":"","ast-main-header-display":"","ast-hfb-above-header-display":"","ast-hfb-below-header-display":"","ast-hfb-mobile-header-display":"","site-post-title":"","ast-breadcrumbs-content":"","ast-featured-img":"","footer-sml-layout":"","ast-disable-related-posts":"","theme-transparent-header-meta":"default","adv-header-id-meta":"","stick-header-meta":"","header-above-stick-meta":"","header-main-stick-meta":"","header-below-stick-meta":"","astra-migrate-meta-layouts":"default","ast-page-background-enabled":"default","ast-page-background-meta":{"desktop":{"background-color":"var(--ast-global-color-4)","background-image":"","background-repeat":"repeat","background-position":"center center","background-size":"auto","background-attachment":"scroll","background-type":"","background-media":"","overlay-type":"","overlay-color":"","overlay-opacity":"","overlay-gradient":""},"tablet":{"background-color":"","background-image":"","background-repeat":"repeat","background-position":"center center","background-size":"auto","background-attachment":"scroll","background-type":"","background-media":"","overlay-type":"","overlay-color":"","overlay-opacity":"","overlay-gradient":""},"mobile":{"background-color":"","background-image":"","background-repeat":"repeat","background-position":"center center","background-size":"auto","background-attachment":"scroll","background-type":"","background-media":"","overlay-type":"","overlay-color":"","overlay-opacity":"","overlay-gradient":""}},"ast-content-background-meta":{"desktop":{"background-color":"var(--ast-global-color-5)","background-image":"","background-repeat":"repeat","background-position":"center center","background-size":"auto","background-attachment":"scroll","background-type":"","background-media":"","overlay-type":"","overlay-color":"","overlay-opacity":"","overlay-gradient":""},"tablet":{"background-color":"var(--ast-global-color-5)","background-image":"","background-repeat":"repeat","background-position":"center center","background-size":"auto","background-attachment":"scroll","background-type":"","background-media":"","overlay-type":"","overlay-color":"","overlay-opacity":"","overlay-gradient":""},"mobile":{"background-color":"var(--ast-global-color-5)","background-image":"","background-repeat":"repeat","background-position":"center center","background-size":"auto","background-attachment":"scroll","background-type":"","background-media":"","overlay-type":"","overlay-color":"","overlay-opacity":"","overlay-gradient":""}},"footnotes":""},"class_list":["post-1122","page","type-page","status-publish","hentry"],"_links":{"self":[{"href":"https:\/\/users.utu.fi\/taesho\/wp-json\/wp\/v2\/pages\/1122","targetHints":{"allow":["GET"]}}],"collection":[{"href":"https:\/\/users.utu.fi\/taesho\/wp-json\/wp\/v2\/pages"}],"about":[{"href":"https:\/\/users.utu.fi\/taesho\/wp-json\/wp\/v2\/types\/page"}],"author":[{"embeddable":true,"href":"https:\/\/users.utu.fi\/taesho\/wp-json\/wp\/v2\/users\/6396"}],"replies":[{"embeddable":true,"href":"https:\/\/users.utu.fi\/taesho\/wp-json\/wp\/v2\/comments?post=1122"}],"version-history":[{"count":4,"href":"https:\/\/users.utu.fi\/taesho\/wp-json\/wp\/v2\/pages\/1122\/revisions"}],"predecessor-version":[{"id":1452,"href":"https:\/\/users.utu.fi\/taesho\/wp-json\/wp\/v2\/pages\/1122\/revisions\/1452"}],"wp:attachment":[{"href":"https:\/\/users.utu.fi\/taesho\/wp-json\/wp\/v2\/media?parent=1122"}],"curies":[{"name":"wp","href":"https:\/\/api.w.org\/{rel}","templated":true}]}}