{"id":1422,"date":"2021-10-27T21:55:28","date_gmt":"2021-10-27T18:55:28","guid":{"rendered":"https:\/\/users.utu.fi\/taesho\/?page_id=1422"},"modified":"2021-10-27T21:55:28","modified_gmt":"2021-10-27T18:55:28","slug":"uteliv-i-finland-en","status":"publish","type":"page","link":"https:\/\/users.utu.fi\/taesho\/sv\/ovrigt\/uteliv-i-finland-en\/","title":{"rendered":"Uteliv i Finland (EN)"},"content":{"rendered":"<p>Denna sidan finns bara <a href=\"https:\/\/users.utu.fi\/taesho\/en\/misc\/outdoors-in-finland\">p\u00e5 engelska<\/a>. Instruktioner p\u00e5 hur man vistas utomhus i Finland, utan att genast plumsa i ett k\u00e4rr efter att ha \u00e4tit r\u00e5a murklor <span class=\"emoji\">\ud83d\ude03<\/span><\/p>\n","protected":false},"excerpt":{"rendered":"<p>Denna sidan finns bara p\u00e5 engelska. Instruktioner p\u00e5 hur man vistas utomhus i Finland, utan att genast plumsa i ett k\u00e4rr efter att ha \u00e4tit r\u00e5a murklor \ud83d\ude03<\/p>\n","protected":false},"author":6396,"featured_media":1401,"parent":1122,"menu_order":2,"comment_status":"closed","ping_status":"closed","template":"","meta":{"site-sidebar-layout":"default","site-content-layout":"default","ast-site-content-layout":"default","site-content-style":"default","site-sidebar-style":"default","ast-global-header-display":"","ast-banner-title-visibility":"","ast-main-header-display":"","ast-hfb-above-header-display":"","ast-hfb-below-header-display":"","ast-hfb-mobile-header-display":"","site-post-title":"","ast-breadcrumbs-content":"","ast-featured-img":"","footer-sml-layout":"","ast-disable-related-posts":"","theme-transparent-header-meta":"default","adv-header-id-meta":"","stick-header-meta":"","header-above-stick-meta":"","header-main-stick-meta":"","header-below-stick-meta":"","astra-migrate-meta-layouts":"default","ast-page-background-enabled":"default","ast-page-background-meta":{"desktop":{"background-color":"var(--ast-global-color-4)","background-image":"","background-repeat":"repeat","background-position":"center center","background-size":"auto","background-attachment":"scroll","background-type":"","background-media":"","overlay-type":"","overlay-color":"","overlay-opacity":"","overlay-gradient":""},"tablet":{"background-color":"","background-image":"","background-repeat":"repeat","background-position":"center center","background-size":"auto","background-attachment":"scroll","background-type":"","background-media":"","overlay-type":"","overlay-color":"","overlay-opacity":"","overlay-gradient":""},"mobile":{"background-color":"","background-image":"","background-repeat":"repeat","background-position":"center center","background-size":"auto","background-attachment":"scroll","background-type":"","background-media":"","overlay-type":"","overlay-color":"","overlay-opacity":"","overlay-gradient":""}},"ast-content-background-meta":{"desktop":{"background-color":"var(--ast-global-color-5)","background-image":"","background-repeat":"repeat","background-position":"center center","background-size":"auto","background-attachment":"scroll","background-type":"","background-media":"","overlay-type":"","overlay-color":"","overlay-opacity":"","overlay-gradient":""},"tablet":{"background-color":"var(--ast-global-color-5)","background-image":"","background-repeat":"repeat","background-position":"center center","background-size":"auto","background-attachment":"scroll","background-type":"","background-media":"","overlay-type":"","overlay-color":"","overlay-opacity":"","overlay-gradient":""},"mobile":{"background-color":"var(--ast-global-color-5)","background-image":"","background-repeat":"repeat","background-position":"center center","background-size":"auto","background-attachment":"scroll","background-type":"","background-media":"","overlay-type":"","overlay-color":"","overlay-opacity":"","overlay-gradient":""}},"footnotes":""},"class_list":["post-1422","page","type-page","status-publish","has-post-thumbnail","hentry"],"_links":{"self":[{"href":"https:\/\/users.utu.fi\/taesho\/wp-json\/wp\/v2\/pages\/1422","targetHints":{"allow":["GET"]}}],"collection":[{"href":"https:\/\/users.utu.fi\/taesho\/wp-json\/wp\/v2\/pages"}],"about":[{"href":"https:\/\/users.utu.fi\/taesho\/wp-json\/wp\/v2\/types\/page"}],"author":[{"embeddable":true,"href":"https:\/\/users.utu.fi\/taesho\/wp-json\/wp\/v2\/users\/6396"}],"replies":[{"embeddable":true,"href":"https:\/\/users.utu.fi\/taesho\/wp-json\/wp\/v2\/comments?post=1422"}],"version-history":[{"count":1,"href":"https:\/\/users.utu.fi\/taesho\/wp-json\/wp\/v2\/pages\/1422\/revisions"}],"predecessor-version":[{"id":1425,"href":"https:\/\/users.utu.fi\/taesho\/wp-json\/wp\/v2\/pages\/1422\/revisions\/1425"}],"up":[{"embeddable":true,"href":"https:\/\/users.utu.fi\/taesho\/wp-json\/wp\/v2\/pages\/1122"}],"wp:featuredmedia":[{"embeddable":true,"href":"https:\/\/users.utu.fi\/taesho\/wp-json\/wp\/v2\/media\/1401"}],"wp:attachment":[{"href":"https:\/\/users.utu.fi\/taesho\/wp-json\/wp\/v2\/media?parent=1422"}],"curies":[{"name":"wp","href":"https:\/\/api.w.org\/{rel}","templated":true}]}}