{"id":159,"date":"2021-10-13T22:23:57","date_gmt":"2021-10-13T19:23:57","guid":{"rendered":"https:\/\/users.utu.fi\/taesho\/?page_id=159"},"modified":"2024-01-23T09:10:55","modified_gmt":"2024-01-23T07:10:55","slug":"tapani-hopkins-3","status":"publish","type":"page","link":"https:\/\/users.utu.fi\/taesho\/sv\/","title":{"rendered":"Tapani Hopkins"},"content":{"rendered":"<p><img loading=\"lazy\" decoding=\"async\" class=\"alignleft wp-image-129 size-thumbnail\" src=\"https:\/\/users.utu.fi\/taesho\/wp-content\/uploads\/sites\/1311\/2021\/10\/Tapani-small-150x150.jpg\" alt=\"\" width=\"150\" height=\"150\" \/>Jag forskar i tropiska parasitsteklar hemma i K\u00e5llby (Peders\u00f6re) och vid <a href=\"https:\/\/collections.utu.fi\/sv\/\">\u00c5bo universitets zoologiska museum<\/a>. Detta innefattar genomg\u00e5ng av <a href=\"https:\/\/users.utu.fi\/taesho\/sv\/forskning\/material\/\">\u00f6ver 100 000 steklar jag samlade in i Uganda<\/a> (ta kontakt ifall du vill forska i dem!), och f\u00f6rundran \u00f6ver hur det kan finnas s\u00e5 oerh\u00f6rt m\u00e5nga arter p\u00e5 jorden.<\/p>\n<p>De f\u00e5 g\u00e5nger jag befinner mig p\u00e5 museet hittas jag bakom en stor h\u00f6g med insektl\u00e5dor med mera. <a href=\"https:\/\/users.utu.fi\/taesho\/sv\/kontakt\/\">Ta g\u00e4rna kontakt<\/a>, eller f\u00f6lj vad jag h\u00e5ller p\u00e5 med i <a href=\"https:\/\/users.utu.fi\/taesho\/sv\/blogg\/\">bloggen<\/a> (som utkommer p\u00e5 varierande spr\u00e5k).<\/p>\n<p><a href=\"https:\/\/bsky.app\/profile\/tapani-hopkins.bsky.social\" target=\"_blank\" rel=\"noopener\"><img loading=\"lazy\" decoding=\"async\" class=\"alignnone wp-image-1716\" src=\"https:\/\/users.utu.fi\/taesho\/wp-content\/uploads\/sites\/1311\/2023\/12\/logo-64x64-1.jpg\" alt=\"Bluesky logo, en bl\u00e5 fj\u00e4ril\" width=\"16\" height=\"16\" \/><\/a> <a href=\"https:\/\/bsky.app\/profile\/tapani-hopkins.bsky.social\" target=\"_blank\" rel=\"noopener\">@tapani-hopkins<\/a> \u00a0 <a href=\"https:\/\/orcid.org\/0000-0002-2256-0098\" target=\"_blank\" rel=\"noopener\"><img loading=\"lazy\" decoding=\"async\" class=\"alignnone\" src=\"https:\/\/info.orcid.org\/wp-content\/uploads\/2019\/11\/orcid_16x16.png\" alt=\"\" width=\"16\" height=\"16\" \/><\/a> <a href=\"https:\/\/orcid.org\/0000-0002-2256-0098\" target=\"_blank\" rel=\"noopener\">0000-0002-2256-0098<\/a>\u00a0 \u00a0<a href=\"https:\/\/scholar.google.fi\/citations?hl=en&amp;user=jmvx0c8AAAAJ&amp;view_op=list_works&amp;sortby=pubdate\" target=\"_blank\" rel=\"noopener\"><img loading=\"lazy\" decoding=\"async\" class=\"alignnone wp-image-75\" src=\"https:\/\/users.utu.fi\/taesho\/wp-content\/uploads\/sites\/1311\/2021\/10\/32px-Google_Scholar_logo.svg.png\" alt=\"\" width=\"16\" height=\"16\" \/><\/a> <a href=\"https:\/\/scholar.google.fi\/citations?hl=en&amp;user=jmvx0c8AAAAJ&amp;view_op=list_works&amp;sortby=pubdate\" target=\"_blank\" rel=\"noopener\">Google Scholar<\/a> \u00a0 <a href=\"https:\/\/users.utu.fi\/taesho\/sv\/kontakt\/\">\u2709\ufe0f Kontaktuppgifter<\/a><\/p>\n<h2>Vad \u00e4r parasitsteklar?<\/h2>\n<p><a href=\"https:\/\/upload.wikimedia.org\/wikipedia\/commons\/4\/4b\/Ichneumonid_on_Malaise_in_Kibale.JPG\"><img loading=\"lazy\" decoding=\"async\" class=\"aligncenter size-medium\" src=\"https:\/\/upload.wikimedia.org\/wikipedia\/commons\/4\/4b\/Ichneumonid_on_Malaise_in_Kibale.JPG\" alt=\"Wasp on insect trap in Uganda\" width=\"3058\" height=\"2435\" \/><\/a><\/p>\n<p>Brokparasitsteklar (Ichneumonidae) \u00e4r en av de ,est m\u00e5ngfaldiga djurfamiljer p\u00e5 jorden: dessa steklar finns <strong>\u00f6verallt<\/strong> fr\u00e5n Gr\u00f6nland till Nya Zeeland, det kan finnas \u00f6ver 100 000 arter, var du \u00e4n g\u00e5r finns de d\u00e4r i stora skaror..<\/p>\n<p>..men de flesta har aldrig ens h\u00f6rt talas om dom.<\/p>\n<p>Korta versionen \u00e4r att de ser ut som getingar men \u00e4r inte det. Den l\u00e4ngre versionen inneb\u00e4r &#8211; som traditionen p\u00e5bjuder &#8211; att ber\u00e4tta om deras fascinerande livsstil:<\/p>\n<ul>\n<li>Honan uppt\u00e4cker en fj\u00e4rilslarv, paralyserar den, och l\u00e4gger \u00e4gg i den. D\u00e4refter flyger hon iv\u00e4g och larven vaknar.<\/li>\n<li>\u00c4gget kl\u00e4cks och b\u00f6rjar \u00e4ta larven. Innifr\u00e5n. Medan larven lever.<\/li>\n<li>Efter n\u00e5gra veckor har larven knappt n\u00e5gra in\u00e4lvor kvar. Den unga stekeln gr\u00e4ver sig ut genom larvens hud (larven brukar d\u00f6 senast i det h\u00e4r skedet), f\u00f6rpuppar sig, och flyger i v\u00e4g f\u00f6r att s\u00f6ka f\u00e4rskt byte.<\/li>\n<\/ul>\n<p>S\u00e5 lever parasitsteklarna, p\u00e5 ett ungef\u00e4r: variationerna \u00e4r otaliga och inneh\u00e5ller bland annat stekellarver som klamrar sig fast p\u00e5 utsidan av spindlar, hyperparasitoider som \u00e4ter upp andra parasitsteklars larver.. F\u00f6ga f\u00f6rv\u00e5nande har steklarna en avsev\u00e4rd inverkan p\u00e5 andra arter, de \u00e5r \u00f6vre predatorer som regulerar de ryggradsl\u00f6sas best\u00e5nd och t\u00e4vlar h\u00e5rt med predatorer s\u00e5som spindlar och f\u00e5glar.<\/p>\n<p><a href=\"https:\/\/sv.wikipedia.org\/wiki\/Brokparasitsteklar\">Wikipedia<\/a> har mer info. Fast fr\u00e4mst p\u00e5 engelska och finska, jag ska nog hinna uppdatera den svenskspr\u00e5kiga versionen n\u00e5n dag..<\/p>\n<h3>Finansiering<\/h3>\n<p>Det kostar att forska i steklar (och annat intressant) i st\u00e4llet f\u00f6r att arbeta. F\u00f6ljande f\u00f6reningar och stiftelser f\u00f6rtj\u00e4nar min tacksamhet f\u00f6r finansiering av min forskning!<\/p>\n<table border=\"none\">\n<tbody>\n<tr>\n<td><a href=\"https:\/\/kordelin.fi\/\"><img loading=\"lazy\" decoding=\"async\" class=\"alignnone wp-image-1627\" src=\"https:\/\/users.utu.fi\/taesho\/wp-content\/uploads\/sites\/1311\/2023\/05\/Kordelin_RGB-150x150.png\" alt=\"Alfred Kordelinin s\u00e4\u00e4ti\u00f6 logo\" width=\"65\" height=\"40\" srcset=\"https:\/\/users.utu.fi\/taesho\/wp-content\/uploads\/sites\/1311\/2023\/05\/Kordelin_RGB-300x185.png 300w, https:\/\/users.utu.fi\/taesho\/wp-content\/uploads\/sites\/1311\/2023\/05\/Kordelin_RGB-1024x632.png 1024w, https:\/\/users.utu.fi\/taesho\/wp-content\/uploads\/sites\/1311\/2023\/05\/Kordelin_RGB-768x474.png 768w, https:\/\/users.utu.fi\/taesho\/wp-content\/uploads\/sites\/1311\/2023\/05\/Kordelin_RGB-1536x947.png 1536w, https:\/\/users.utu.fi\/taesho\/wp-content\/uploads\/sites\/1311\/2023\/05\/Kordelin_RGB-2048x1263.png 2048w\" sizes=\"auto, (max-width: 65px) 100vw, 65px\" \/><\/a><\/td>\n<td><a href=\"https:\/\/kordelin.fi\/\" rel=\"\">Alfred Kordelins stiftelse<\/a><\/td>\n<\/tr>\n<tr>\n<td><a href=\"https:\/\/entomologiska.wordpress.com\"><img loading=\"lazy\" decoding=\"async\" class=\"alignnone wp-image-105\" src=\"https:\/\/users.utu.fi\/taesho\/wp-content\/uploads\/sites\/1311\/2021\/10\/entomologiska.jpg\" alt=\"\" width=\"43\" height=\"40\" \/><\/a><\/td>\n<td><a href=\"https:\/\/entomologiska.wordpress.com\">Entomologiska F\u00f6reningen i Helsingfors<\/a><\/td>\n<\/tr>\n<tr>\n<td><a href=\"https:\/\/skr.fi\"><img loading=\"lazy\" decoding=\"async\" class=\"alignnone wp-image-84\" src=\"https:\/\/users.utu.fi\/taesho\/wp-content\/uploads\/sites\/1311\/2021\/10\/skr_vihrea_cmyk-300x291.jpg\" alt=\"\" width=\"41\" height=\"40\" srcset=\"https:\/\/users.utu.fi\/taesho\/wp-content\/uploads\/sites\/1311\/2021\/10\/skr_vihrea_cmyk-300x291.jpg 300w, https:\/\/users.utu.fi\/taesho\/wp-content\/uploads\/sites\/1311\/2021\/10\/skr_vihrea_cmyk-150x150.jpg 150w, https:\/\/users.utu.fi\/taesho\/wp-content\/uploads\/sites\/1311\/2021\/10\/skr_vihrea_cmyk.jpg 713w\" sizes=\"auto, (max-width: 41px) 100vw, 41px\" \/><\/a><\/td>\n<td><a href=\"http:\/\/www.skr.fi\">Finska Kulturfonden<\/a><\/td>\n<\/tr>\n<tr>\n<td><a href=\"https:\/\/koneensaatio.fi\/svenska\/\"><img loading=\"lazy\" decoding=\"async\" class=\"alignnone wp-image-165\" src=\"https:\/\/users.utu.fi\/taesho\/wp-content\/uploads\/sites\/1311\/2021\/10\/Gron-logo-jpg-300x113.jpg\" alt=\"\" width=\"106\" height=\"40\" srcset=\"https:\/\/users.utu.fi\/taesho\/wp-content\/uploads\/sites\/1311\/2021\/10\/Gron-logo-jpg-300x113.jpg 300w, https:\/\/users.utu.fi\/taesho\/wp-content\/uploads\/sites\/1311\/2021\/10\/Gron-logo-jpg-1024x386.jpg 1024w, https:\/\/users.utu.fi\/taesho\/wp-content\/uploads\/sites\/1311\/2021\/10\/Gron-logo-jpg-768x289.jpg 768w, https:\/\/users.utu.fi\/taesho\/wp-content\/uploads\/sites\/1311\/2021\/10\/Gron-logo-jpg-1536x578.jpg 1536w, https:\/\/users.utu.fi\/taesho\/wp-content\/uploads\/sites\/1311\/2021\/10\/Gron-logo-jpg-2048x771.jpg 2048w\" sizes=\"auto, (max-width: 106px) 100vw, 106px\" \/><\/a><\/td>\n<td><a href=\"https:\/\/koneensaatio.fi\/svenska\/\">Konestiftelsen<\/a><\/td>\n<\/tr>\n<tr>\n<td><a href=\"https:\/\/www.oskaroflund.fi\/\"><img loading=\"lazy\" decoding=\"async\" class=\"alignnone wp-image-102\" src=\"https:\/\/users.utu.fi\/taesho\/wp-content\/uploads\/sites\/1311\/2021\/10\/oskar_oflund-263x300.png\" alt=\"\" width=\"35\" height=\"40\" srcset=\"https:\/\/users.utu.fi\/taesho\/wp-content\/uploads\/sites\/1311\/2021\/10\/oskar_oflund-263x300.png 263w, https:\/\/users.utu.fi\/taesho\/wp-content\/uploads\/sites\/1311\/2021\/10\/oskar_oflund-899x1024.png 899w, https:\/\/users.utu.fi\/taesho\/wp-content\/uploads\/sites\/1311\/2021\/10\/oskar_oflund-768x875.png 768w, https:\/\/users.utu.fi\/taesho\/wp-content\/uploads\/sites\/1311\/2021\/10\/oskar_oflund-1348x1536.png 1348w, https:\/\/users.utu.fi\/taesho\/wp-content\/uploads\/sites\/1311\/2021\/10\/oskar_oflund-1797x2048.png 1797w\" sizes=\"auto, (max-width: 35px) 100vw, 35px\" \/><\/a><\/td>\n<td><a href=\"https:\/\/www.oskaroflund.fi\/\">Oskar \u00d6flunds Stiftelse sr<\/a><\/td>\n<\/tr>\n<tr>\n<td><a href=\"https:\/\/kordelin.fi\/\"><img loading=\"lazy\" decoding=\"async\" class=\"alignnone wp-image-1628\" src=\"https:\/\/users.utu.fi\/taesho\/wp-content\/uploads\/sites\/1311\/2023\/05\/sos_jubileumslogo_0619-150x150.png\" alt=\"Svensk-\u00d6sterbottniska samfundet logo\" width=\"40\" height=\"40\" srcset=\"https:\/\/users.utu.fi\/taesho\/wp-content\/uploads\/sites\/1311\/2023\/05\/sos_jubileumslogo_0619-150x150.png 150w, https:\/\/users.utu.fi\/taesho\/wp-content\/uploads\/sites\/1311\/2023\/05\/sos_jubileumslogo_0619-300x300.png 300w, https:\/\/users.utu.fi\/taesho\/wp-content\/uploads\/sites\/1311\/2023\/05\/sos_jubileumslogo_0619.png 304w\" sizes=\"auto, (max-width: 40px) 100vw, 40px\" \/><\/a><\/td>\n<td><a href=\"https:\/\/www.samfundet.fi\/\" rel=\"\">Svensk-\u00d6sterbottniska samfundet<\/a><\/td>\n<\/tr>\n<tr>\n<td><\/td>\n<td><a href=\"http:\/\/www.foundationweb.net\/frenckell\/index.html\">Waldemar von Frenckells stiftelse<\/a><\/td>\n<\/tr>\n<\/tbody>\n<\/table>\n<h3>Vem \u00e4r jag?<\/h3>\n<p>De relevanta detaljerna:<\/p>\n<ul>\n<li>F\u00f6dd i <a href=\"https:\/\/www.google.fi\/maps\/place\/Hartlepool,+UK\/@54.5837854,-5.2728405,964223m\/data=!3m1!1e3!4m5!3m4!1s0x487e8a33e97e0a65:0x50dc644f0bd33136!8m2!3d54.691745!4d-1.212926\">Hartlepool<\/a> 1986. Har levt en stor del av mitt liv i <a href=\"https:\/\/www.google.fi\/maps\/place\/68500+Kronoby\/@64.8339256,16.2222011,1415086m\/data=!3m1!1e3!4m5!3m4!1s0x4687412b15dc2463:0xb4349037f53c83bf!8m2!3d63.7279966!4d23.0337462\">Kronoby<\/a> och bor numera i <a href=\"https:\/\/www.google.fi\/maps\/place\/68800+K%C3%A5llby\/@64.3952736,15.1601173,1438103m\/data=!3m1!1e3!4m5!3m4!1s0x46876a42cf0075df:0xa0146d8a3955db0!8m2!3d63.6250251!4d22.894514\">K\u00e5llby<\/a>.<\/li>\n<li>Tv\u00e5 modersm\u00e5l, engelska och finska. Svenska n\u00e4ra modersm\u00e5lsniv\u00e5.<\/li>\n<li>Utbildning:\n<ul>\n<li>Doktor i biologi, \u00c5bo universitet<\/li>\n<li>FM Ekologi &amp; evolutionsbiologi, Helsingfors universitet<\/li>\n<li>BSc (hons) Botanik och zoologi, Stellenbosch Universitet, Sydafrika<\/li>\n<li>NaK Teoretisk fysik, Helsingfors universitet<\/li>\n<\/ul>\n<\/li>\n<\/ul>\n<p>Till de irrelevanta detaljerna r\u00e4knas bland annat l\u00e4sning av otaliga b\u00f6cker, grundkunskaper i att h\u00e5lla h\u00f6ns, och bristande kunskaper i hur man spelar s\u00e4ckpipor.<\/p>\n<p>Min fru \u00e4r den i familjen som har ett riktigt jobb, och mina barn ser till att jag h\u00e5lls sysselsatt ut\u00f6ver forskningen.<\/p>\n","protected":false},"excerpt":{"rendered":"<p>Jag forskar i tropiska parasitsteklar hemma i K\u00e5llby (Peders\u00f6re) och vid \u00c5bo universitets zoologiska museum. Detta innefattar genomg\u00e5ng av \u00f6ver 100 000 steklar jag samlade in i Uganda (ta kontakt ifall du vill forska i dem!), och f\u00f6rundran \u00f6ver hur det kan finnas s\u00e5 oerh\u00f6rt m\u00e5nga arter p\u00e5 jorden. De f\u00e5 g\u00e5nger jag befinner mig [&hellip;]<\/p>\n","protected":false},"author":6396,"featured_media":0,"parent":0,"menu_order":0,"comment_status":"closed","ping_status":"closed","template":"","meta":{"site-sidebar-layout":"default","site-content-layout":"default","ast-site-content-layout":"default","site-content-style":"default","site-sidebar-style":"default","ast-global-header-display":"","ast-banner-title-visibility":"","ast-main-header-display":"","ast-hfb-above-header-display":"","ast-hfb-below-header-display":"","ast-hfb-mobile-header-display":"","site-post-title":"","ast-breadcrumbs-content":"","ast-featured-img":"","footer-sml-layout":"","ast-disable-related-posts":"","theme-transparent-header-meta":"default","adv-header-id-meta":"","stick-header-meta":"","header-above-stick-meta":"","header-main-stick-meta":"","header-below-stick-meta":"","astra-migrate-meta-layouts":"set","ast-page-background-enabled":"default","ast-page-background-meta":{"desktop":{"background-color":"var(--ast-global-color-4)","background-image":"","background-repeat":"repeat","background-position":"center center","background-size":"auto","background-attachment":"scroll","background-type":"","background-media":"","overlay-type":"","overlay-color":"","overlay-opacity":"","overlay-gradient":""},"tablet":{"background-color":"","background-image":"","background-repeat":"repeat","background-position":"center center","background-size":"auto","background-attachment":"scroll","background-type":"","background-media":"","overlay-type":"","overlay-color":"","overlay-opacity":"","overlay-gradient":""},"mobile":{"background-color":"","background-image":"","background-repeat":"repeat","background-position":"center center","background-size":"auto","background-attachment":"scroll","background-type":"","background-media":"","overlay-type":"","overlay-color":"","overlay-opacity":"","overlay-gradient":""}},"ast-content-background-meta":{"desktop":{"background-color":"var(--ast-global-color-5)","background-image":"","background-repeat":"repeat","background-position":"center center","background-size":"auto","background-attachment":"scroll","background-type":"","background-media":"","overlay-type":"","overlay-color":"","overlay-opacity":"","overlay-gradient":""},"tablet":{"background-color":"var(--ast-global-color-5)","background-image":"","background-repeat":"repeat","background-position":"center center","background-size":"auto","background-attachment":"scroll","background-type":"","background-media":"","overlay-type":"","overlay-color":"","overlay-opacity":"","overlay-gradient":""},"mobile":{"background-color":"var(--ast-global-color-5)","background-image":"","background-repeat":"repeat","background-position":"center center","background-size":"auto","background-attachment":"scroll","background-type":"","background-media":"","overlay-type":"","overlay-color":"","overlay-opacity":"","overlay-gradient":""}},"footnotes":""},"class_list":["post-159","page","type-page","status-publish","hentry"],"_links":{"self":[{"href":"https:\/\/users.utu.fi\/taesho\/wp-json\/wp\/v2\/pages\/159","targetHints":{"allow":["GET"]}}],"collection":[{"href":"https:\/\/users.utu.fi\/taesho\/wp-json\/wp\/v2\/pages"}],"about":[{"href":"https:\/\/users.utu.fi\/taesho\/wp-json\/wp\/v2\/types\/page"}],"author":[{"embeddable":true,"href":"https:\/\/users.utu.fi\/taesho\/wp-json\/wp\/v2\/users\/6396"}],"replies":[{"embeddable":true,"href":"https:\/\/users.utu.fi\/taesho\/wp-json\/wp\/v2\/comments?post=159"}],"version-history":[{"count":12,"href":"https:\/\/users.utu.fi\/taesho\/wp-json\/wp\/v2\/pages\/159\/revisions"}],"predecessor-version":[{"id":1731,"href":"https:\/\/users.utu.fi\/taesho\/wp-json\/wp\/v2\/pages\/159\/revisions\/1731"}],"wp:attachment":[{"href":"https:\/\/users.utu.fi\/taesho\/wp-json\/wp\/v2\/media?parent=159"}],"curies":[{"name":"wp","href":"https:\/\/api.w.org\/{rel}","templated":true}]}}