{"id":174,"date":"2021-10-13T22:45:39","date_gmt":"2021-10-13T19:45:39","guid":{"rendered":"https:\/\/users.utu.fi\/taesho\/?page_id=174"},"modified":"2024-11-07T19:13:29","modified_gmt":"2024-11-07T17:13:29","slug":"yhteystiedot","status":"publish","type":"page","link":"https:\/\/users.utu.fi\/taesho\/yhteystiedot\/","title":{"rendered":"Yhteystiedot"},"content":{"rendered":"<p>Ota mielell\u00e4\u00e4n yhteytt\u00e4 s\u00e4hk\u00f6postitse! En voi taata vastaavani (minulle tulee toisinaan kiireit\u00e4 tai viestit unohtuvat), mutta yrit\u00e4n vastata kaikkeen joka ei ole roskapostia.<\/p>\n<p><strong>taesho [\u00e4t ] utu.fi<\/strong><\/p>\n<p>Minut l\u00f6yt\u00e4\u00e4 my\u00f6s <a href=\"https:\/\/bsky.app\/profile\/tapani-hopkins.bsky.social\">sinitaivaasta<\/a>. K\u00e4yn satunnaisesti <a href=\"https:\/\/mastodon.online\/@tapani_hopkins\">Mastodonissa<\/a>, mutten en\u00e4\u00e4 k\u00e4yt\u00e4 Twitteri\u00e4 \/ X:\u00e4\u00e4.<\/p>\n<p>ps. On sellaisiakin ihmisi\u00e4, jotka n\u00e4rk\u00e4styv\u00e4t jollei s\u00e4hk\u00f6posti ole &#8220;oikein muotoiltu&#8221;. <a href=\"https:\/\/users.utu.fi\/taesho\/en\/contact\/\">En kuulu heihin<\/a>, joten ei kannata stressata jotain muodollisuuksia \ud83d\ude42<\/p>\n","protected":false},"excerpt":{"rendered":"<p>Ota mielell\u00e4\u00e4n yhteytt\u00e4 s\u00e4hk\u00f6postitse! En voi taata vastaavani (minulle tulee toisinaan kiireit\u00e4 tai viestit unohtuvat), mutta yrit\u00e4n vastata kaikkeen joka ei ole roskapostia. taesho [\u00e4t ] utu.fi Minut l\u00f6yt\u00e4\u00e4 my\u00f6s sinitaivaasta. K\u00e4yn satunnaisesti Mastodonissa, mutten en\u00e4\u00e4 k\u00e4yt\u00e4 Twitteri\u00e4 \/ X:\u00e4\u00e4. ps. On sellaisiakin ihmisi\u00e4, jotka n\u00e4rk\u00e4styv\u00e4t jollei s\u00e4hk\u00f6posti ole &#8220;oikein muotoiltu&#8221;. En kuulu heihin, joten [&hellip;]<\/p>\n","protected":false},"author":6396,"featured_media":0,"parent":0,"menu_order":0,"comment_status":"closed","ping_status":"closed","template":"","meta":{"site-sidebar-layout":"default","site-content-layout":"default","ast-site-content-layout":"default","site-content-style":"default","site-sidebar-style":"default","ast-global-header-display":"","ast-banner-title-visibility":"","ast-main-header-display":"","ast-hfb-above-header-display":"","ast-hfb-below-header-display":"","ast-hfb-mobile-header-display":"","site-post-title":"","ast-breadcrumbs-content":"","ast-featured-img":"","footer-sml-layout":"","ast-disable-related-posts":"","theme-transparent-header-meta":"default","adv-header-id-meta":"","stick-header-meta":"","header-above-stick-meta":"","header-main-stick-meta":"","header-below-stick-meta":"","astra-migrate-meta-layouts":"set","ast-page-background-enabled":"default","ast-page-background-meta":{"desktop":{"background-color":"var(--ast-global-color-4)","background-image":"","background-repeat":"repeat","background-position":"center center","background-size":"auto","background-attachment":"scroll","background-type":"","background-media":"","overlay-type":"","overlay-color":"","overlay-opacity":"","overlay-gradient":""},"tablet":{"background-color":"","background-image":"","background-repeat":"repeat","background-position":"center center","background-size":"auto","background-attachment":"scroll","background-type":"","background-media":"","overlay-type":"","overlay-color":"","overlay-opacity":"","overlay-gradient":""},"mobile":{"background-color":"","background-image":"","background-repeat":"repeat","background-position":"center center","background-size":"auto","background-attachment":"scroll","background-type":"","background-media":"","overlay-type":"","overlay-color":"","overlay-opacity":"","overlay-gradient":""}},"ast-content-background-meta":{"desktop":{"background-color":"var(--ast-global-color-5)","background-image":"","background-repeat":"repeat","background-position":"center center","background-size":"auto","background-attachment":"scroll","background-type":"","background-media":"","overlay-type":"","overlay-color":"","overlay-opacity":"","overlay-gradient":""},"tablet":{"background-color":"var(--ast-global-color-5)","background-image":"","background-repeat":"repeat","background-position":"center center","background-size":"auto","background-attachment":"scroll","background-type":"","background-media":"","overlay-type":"","overlay-color":"","overlay-opacity":"","overlay-gradient":""},"mobile":{"background-color":"var(--ast-global-color-5)","background-image":"","background-repeat":"repeat","background-position":"center center","background-size":"auto","background-attachment":"scroll","background-type":"","background-media":"","overlay-type":"","overlay-color":"","overlay-opacity":"","overlay-gradient":""}},"footnotes":""},"class_list":["post-174","page","type-page","status-publish","hentry"],"_links":{"self":[{"href":"https:\/\/users.utu.fi\/taesho\/wp-json\/wp\/v2\/pages\/174","targetHints":{"allow":["GET"]}}],"collection":[{"href":"https:\/\/users.utu.fi\/taesho\/wp-json\/wp\/v2\/pages"}],"about":[{"href":"https:\/\/users.utu.fi\/taesho\/wp-json\/wp\/v2\/types\/page"}],"author":[{"embeddable":true,"href":"https:\/\/users.utu.fi\/taesho\/wp-json\/wp\/v2\/users\/6396"}],"replies":[{"embeddable":true,"href":"https:\/\/users.utu.fi\/taesho\/wp-json\/wp\/v2\/comments?post=174"}],"version-history":[{"count":7,"href":"https:\/\/users.utu.fi\/taesho\/wp-json\/wp\/v2\/pages\/174\/revisions"}],"predecessor-version":[{"id":1741,"href":"https:\/\/users.utu.fi\/taesho\/wp-json\/wp\/v2\/pages\/174\/revisions\/1741"}],"wp:attachment":[{"href":"https:\/\/users.utu.fi\/taesho\/wp-json\/wp\/v2\/media?parent=174"}],"curies":[{"name":"wp","href":"https:\/\/api.w.org\/{rel}","templated":true}]}}