{"id":183,"date":"2021-10-13T23:25:40","date_gmt":"2021-10-13T20:25:40","guid":{"rendered":"https:\/\/users.utu.fi\/taesho\/?page_id=183"},"modified":"2024-11-07T19:14:27","modified_gmt":"2024-11-07T17:14:27","slug":"kontakt","status":"publish","type":"page","link":"https:\/\/users.utu.fi\/taesho\/sv\/kontakt\/","title":{"rendered":"Kontakt"},"content":{"rendered":"<p>Ta g\u00e4rna kontakt per epost! Jag kan inte garantera svar (ibland f\u00e5r jag br\u00e5ttom och\/eller gl\u00f6mmer bort meddelanden), men jag f\u00f6rs\u00f6ker svara p\u00e5 allt som inte \u00e4r skr\u00e4ppost.<\/p>\n<p>taesho [\u00e4t ] utu.fi<\/p>\n<p>Du hittar mig ocks\u00e5 p\u00e5 <a href=\"https:\/\/bsky.app\/profile\/tapani-hopkins.bsky.social\" rel=\"\">Bluesky<\/a>. <a href=\"https:\/\/mastodon.online\/@tapani_hopkins\">Mastodon<\/a> anv\u00e4nder jag ibland, men jag \u00e4r inte l\u00e4ngre p\u00e5 Twitter \/ X.<\/p>\n<p>ps. Det l\u00e4r finnas m\u00e4nniskor, som blir kr\u00e4nkta ifall meddelanden till dem inte &#8220;formuleras r\u00e4tt&#8221;. <a href=\"https:\/\/users.utu.fi\/taesho\/en\/contact\/\">Jag h\u00f6r inte till den skaran<\/a>. On\u00f6dig stress \u00f6ver epostskrivandet undanbedes \ud83d\ude42<\/p>\n","protected":false},"excerpt":{"rendered":"<p>Ta g\u00e4rna kontakt per epost! Jag kan inte garantera svar (ibland f\u00e5r jag br\u00e5ttom och\/eller gl\u00f6mmer bort meddelanden), men jag f\u00f6rs\u00f6ker svara p\u00e5 allt som inte \u00e4r skr\u00e4ppost. taesho [\u00e4t ] utu.fi Du hittar mig ocks\u00e5 p\u00e5 Bluesky. Mastodon anv\u00e4nder jag ibland, men jag \u00e4r inte l\u00e4ngre p\u00e5 Twitter \/ X. ps. Det l\u00e4r finnas [&hellip;]<\/p>\n","protected":false},"author":6396,"featured_media":0,"parent":0,"menu_order":0,"comment_status":"closed","ping_status":"closed","template":"","meta":{"site-sidebar-layout":"default","site-content-layout":"default","ast-site-content-layout":"default","site-content-style":"default","site-sidebar-style":"default","ast-global-header-display":"","ast-banner-title-visibility":"","ast-main-header-display":"","ast-hfb-above-header-display":"","ast-hfb-below-header-display":"","ast-hfb-mobile-header-display":"","site-post-title":"","ast-breadcrumbs-content":"","ast-featured-img":"","footer-sml-layout":"","ast-disable-related-posts":"","theme-transparent-header-meta":"default","adv-header-id-meta":"","stick-header-meta":"","header-above-stick-meta":"","header-main-stick-meta":"","header-below-stick-meta":"","astra-migrate-meta-layouts":"set","ast-page-background-enabled":"default","ast-page-background-meta":{"desktop":{"background-color":"var(--ast-global-color-4)","background-image":"","background-repeat":"repeat","background-position":"center center","background-size":"auto","background-attachment":"scroll","background-type":"","background-media":"","overlay-type":"","overlay-color":"","overlay-opacity":"","overlay-gradient":""},"tablet":{"background-color":"","background-image":"","background-repeat":"repeat","background-position":"center center","background-size":"auto","background-attachment":"scroll","background-type":"","background-media":"","overlay-type":"","overlay-color":"","overlay-opacity":"","overlay-gradient":""},"mobile":{"background-color":"","background-image":"","background-repeat":"repeat","background-position":"center center","background-size":"auto","background-attachment":"scroll","background-type":"","background-media":"","overlay-type":"","overlay-color":"","overlay-opacity":"","overlay-gradient":""}},"ast-content-background-meta":{"desktop":{"background-color":"var(--ast-global-color-5)","background-image":"","background-repeat":"repeat","background-position":"center center","background-size":"auto","background-attachment":"scroll","background-type":"","background-media":"","overlay-type":"","overlay-color":"","overlay-opacity":"","overlay-gradient":""},"tablet":{"background-color":"var(--ast-global-color-5)","background-image":"","background-repeat":"repeat","background-position":"center center","background-size":"auto","background-attachment":"scroll","background-type":"","background-media":"","overlay-type":"","overlay-color":"","overlay-opacity":"","overlay-gradient":""},"mobile":{"background-color":"var(--ast-global-color-5)","background-image":"","background-repeat":"repeat","background-position":"center center","background-size":"auto","background-attachment":"scroll","background-type":"","background-media":"","overlay-type":"","overlay-color":"","overlay-opacity":"","overlay-gradient":""}},"footnotes":""},"class_list":["post-183","page","type-page","status-publish","hentry"],"_links":{"self":[{"href":"https:\/\/users.utu.fi\/taesho\/wp-json\/wp\/v2\/pages\/183","targetHints":{"allow":["GET"]}}],"collection":[{"href":"https:\/\/users.utu.fi\/taesho\/wp-json\/wp\/v2\/pages"}],"about":[{"href":"https:\/\/users.utu.fi\/taesho\/wp-json\/wp\/v2\/types\/page"}],"author":[{"embeddable":true,"href":"https:\/\/users.utu.fi\/taesho\/wp-json\/wp\/v2\/users\/6396"}],"replies":[{"embeddable":true,"href":"https:\/\/users.utu.fi\/taesho\/wp-json\/wp\/v2\/comments?post=183"}],"version-history":[{"count":5,"href":"https:\/\/users.utu.fi\/taesho\/wp-json\/wp\/v2\/pages\/183\/revisions"}],"predecessor-version":[{"id":1742,"href":"https:\/\/users.utu.fi\/taesho\/wp-json\/wp\/v2\/pages\/183\/revisions\/1742"}],"wp:attachment":[{"href":"https:\/\/users.utu.fi\/taesho\/wp-json\/wp\/v2\/media?parent=183"}],"curies":[{"name":"wp","href":"https:\/\/api.w.org\/{rel}","templated":true}]}}