{"id":231,"date":"2021-10-14T14:06:59","date_gmt":"2021-10-14T11:06:59","guid":{"rendered":"https:\/\/users.utu.fi\/taesho\/?page_id=231"},"modified":"2021-10-22T15:28:52","modified_gmt":"2021-10-22T12:28:52","slug":"tekijanoikeudet","status":"publish","type":"page","link":"https:\/\/users.utu.fi\/taesho\/tekijanoikeudet\/","title":{"rendered":"Tekij\u00e4noikeudet"},"content":{"rendered":"<p>Yleiss\u00e4\u00e4nt\u00f6n\u00e4: <strong>k\u00e4yt\u00e4 vapaasti<\/strong> kaikkea mit\u00e4 l\u00f6yd\u00e4t n\u00e4ilt\u00e4 sivuilta. Saat mielell\u00e4\u00e4n ladata s\u00f6p\u00f6n pisti\u00e4iskuvan koneesi taustakuvaksi! Jollei muuta mainita, kaikki on k\u00e4yt\u00e4nn\u00f6ss\u00e4 <a href=\"https:\/\/creativecommons.org\/publicdomain\/zero\/1.0\/deed.fi\">CC0<\/a>, eli k\u00e4yt\u00e4 miten tahdot \u00e4l\u00e4k\u00e4 stressaa tekij\u00e4noikeuksia.<\/p>\n<p>Monesti voi kuitenkin olla hyv\u00e4 mainita nimeni tai linkata t\u00e4h\u00e4n sivustoon. En pane pahakseni, ja muiden on helpompi l\u00f6yt\u00e4\u00e4 tiens\u00e4 t\u00e4nne. Esimerkiksi:<\/p>\n<ul>\n<li><strong>Kuvat esitelmiss\u00e4<\/strong>\n<ul>\n<li>Voit halutessasi laittaa nimeni esim. alanurkkaan. Jos linkki mahtuu mukaan, aina vain parempi.<\/li>\n<\/ul>\n<\/li>\n<li><strong>Sis\u00e4ll\u00f6n k\u00e4ytt\u00f6 tutkielmassa tms. tieteellisess\u00e4 tekstiss\u00e4<\/strong>\n<ul>\n<li>Viittaa! Ei viittamatta j\u00e4tt\u00e4minen ole minulta pois, mutta lukijoidesi tarvitsee tiet\u00e4\u00e4 mist\u00e4 tieto on l\u00e4ht\u00f6isin. Tiet\u00e4v\u00e4tp\u00e4h\u00e4n kenelle valittaa jos olen kirjoittanut jotain ihan p\u00e4in m\u00e4nty\u00e4.<\/li>\n<\/ul>\n<\/li>\n<\/ul>\n<h4>Viittaus<\/h4>\n<p>Verkkosivuihin viittaus on oma taitolajinsa. Ehdotan jotain t\u00e4m\u00e4nsuuntaista:<\/p>\n<blockquote><p>Hopkins 2021: Tapani Hopkins. https:\/\/users.utu.fi\/taesho. Viitattu 14.10.2021.<\/p><\/blockquote>\n<p>Huomaathan, ettei ole <strong>mit\u00e4\u00e4n takeita<\/strong> ett\u00e4 sivu johon viittasit j\u00e4\u00e4 el\u00e4m\u00e4\u00e4n ikuisesti. Jos viite on t\u00e4rke\u00e4, kannattaa harkita esim. sivun tallentamista tai kuvakaappausta.<\/p>\n","protected":false},"excerpt":{"rendered":"<p>Yleiss\u00e4\u00e4nt\u00f6n\u00e4: k\u00e4yt\u00e4 vapaasti kaikkea mit\u00e4 l\u00f6yd\u00e4t n\u00e4ilt\u00e4 sivuilta. Saat mielell\u00e4\u00e4n ladata s\u00f6p\u00f6n pisti\u00e4iskuvan koneesi taustakuvaksi! Jollei muuta mainita, kaikki on k\u00e4yt\u00e4nn\u00f6ss\u00e4 CC0, eli k\u00e4yt\u00e4 miten tahdot \u00e4l\u00e4k\u00e4 stressaa tekij\u00e4noikeuksia. Monesti voi kuitenkin olla hyv\u00e4 mainita nimeni tai linkata t\u00e4h\u00e4n sivustoon. En pane pahakseni, ja muiden on helpompi l\u00f6yt\u00e4\u00e4 tiens\u00e4 t\u00e4nne. Esimerkiksi: Kuvat esitelmiss\u00e4 Voit halutessasi [&hellip;]<\/p>\n","protected":false},"author":6396,"featured_media":0,"parent":0,"menu_order":6,"comment_status":"closed","ping_status":"closed","template":"","meta":{"site-sidebar-layout":"default","site-content-layout":"default","ast-site-content-layout":"default","site-content-style":"default","site-sidebar-style":"default","ast-global-header-display":"","ast-banner-title-visibility":"","ast-main-header-display":"","ast-hfb-above-header-display":"","ast-hfb-below-header-display":"","ast-hfb-mobile-header-display":"","site-post-title":"","ast-breadcrumbs-content":"","ast-featured-img":"","footer-sml-layout":"","ast-disable-related-posts":"","theme-transparent-header-meta":"default","adv-header-id-meta":"","stick-header-meta":"","header-above-stick-meta":"","header-main-stick-meta":"","header-below-stick-meta":"","astra-migrate-meta-layouts":"default","ast-page-background-enabled":"default","ast-page-background-meta":{"desktop":{"background-color":"var(--ast-global-color-4)","background-image":"","background-repeat":"repeat","background-position":"center center","background-size":"auto","background-attachment":"scroll","background-type":"","background-media":"","overlay-type":"","overlay-color":"","overlay-opacity":"","overlay-gradient":""},"tablet":{"background-color":"","background-image":"","background-repeat":"repeat","background-position":"center center","background-size":"auto","background-attachment":"scroll","background-type":"","background-media":"","overlay-type":"","overlay-color":"","overlay-opacity":"","overlay-gradient":""},"mobile":{"background-color":"","background-image":"","background-repeat":"repeat","background-position":"center center","background-size":"auto","background-attachment":"scroll","background-type":"","background-media":"","overlay-type":"","overlay-color":"","overlay-opacity":"","overlay-gradient":""}},"ast-content-background-meta":{"desktop":{"background-color":"var(--ast-global-color-5)","background-image":"","background-repeat":"repeat","background-position":"center center","background-size":"auto","background-attachment":"scroll","background-type":"","background-media":"","overlay-type":"","overlay-color":"","overlay-opacity":"","overlay-gradient":""},"tablet":{"background-color":"var(--ast-global-color-5)","background-image":"","background-repeat":"repeat","background-position":"center center","background-size":"auto","background-attachment":"scroll","background-type":"","background-media":"","overlay-type":"","overlay-color":"","overlay-opacity":"","overlay-gradient":""},"mobile":{"background-color":"var(--ast-global-color-5)","background-image":"","background-repeat":"repeat","background-position":"center center","background-size":"auto","background-attachment":"scroll","background-type":"","background-media":"","overlay-type":"","overlay-color":"","overlay-opacity":"","overlay-gradient":""}},"footnotes":""},"class_list":["post-231","page","type-page","status-publish","hentry"],"_links":{"self":[{"href":"https:\/\/users.utu.fi\/taesho\/wp-json\/wp\/v2\/pages\/231","targetHints":{"allow":["GET"]}}],"collection":[{"href":"https:\/\/users.utu.fi\/taesho\/wp-json\/wp\/v2\/pages"}],"about":[{"href":"https:\/\/users.utu.fi\/taesho\/wp-json\/wp\/v2\/types\/page"}],"author":[{"embeddable":true,"href":"https:\/\/users.utu.fi\/taesho\/wp-json\/wp\/v2\/users\/6396"}],"replies":[{"embeddable":true,"href":"https:\/\/users.utu.fi\/taesho\/wp-json\/wp\/v2\/comments?post=231"}],"version-history":[{"count":4,"href":"https:\/\/users.utu.fi\/taesho\/wp-json\/wp\/v2\/pages\/231\/revisions"}],"predecessor-version":[{"id":432,"href":"https:\/\/users.utu.fi\/taesho\/wp-json\/wp\/v2\/pages\/231\/revisions\/432"}],"wp:attachment":[{"href":"https:\/\/users.utu.fi\/taesho\/wp-json\/wp\/v2\/media?parent=231"}],"curies":[{"name":"wp","href":"https:\/\/api.w.org\/{rel}","templated":true}]}}