{"id":240,"date":"2021-10-14T15:07:49","date_gmt":"2021-10-14T12:07:49","guid":{"rendered":"https:\/\/users.utu.fi\/taesho\/?page_id=240"},"modified":"2021-10-22T15:29:02","modified_gmt":"2021-10-22T12:29:02","slug":"upphovsratt","status":"publish","type":"page","link":"https:\/\/users.utu.fi\/taesho\/sv\/upphovsratt\/","title":{"rendered":"Upphovsr\u00e4tt"},"content":{"rendered":"<p>Grundregeln: <strong>anv\u00e4nd fritt<\/strong> allt som du hittar h\u00e4r p\u00e5 n\u00e4tsidan. Att ladda ner en urgullig stekelfoto som bakgrund till datorn \u00e4r helt ok! Om inte annat s\u00e4gs s\u00e5 kan du betrakta det du ser <a href=\"https:\/\/creativecommons.org\/publicdomain\/zero\/1.0\/deed.sv\">CC0<\/a>: dvs. anv\u00e4nd hur du vill och stressa inte \u00f6ver upphovsr\u00e4tt.<\/p>\n<p>Det sagt, det kan ofta vara v\u00e4rt att t. ex. n\u00e4mna mitt namn eller l\u00e4nka till sidorna. Jag uppskattar det, och s\u00e5 blir det l\u00e4ttare f\u00f6r andra att hitta de h\u00e4r sidorna. Till exempel:<\/p>\n<ul>\n<li><strong>Bilder i f\u00f6redrag<\/strong>\n<ul>\n<li>Du kan om du vill t. ex. n\u00e4mna mitt namn i h\u00f6rnet. Om d\u00e4r finns utrymme f\u00f6r en l\u00e4nk, desto b\u00e4ttre.<\/li>\n<\/ul>\n<\/li>\n<li><strong>N\u00e4tsidans inneh\u00e5ll i uppsatser och vetenskaplig text<\/strong>\n<ul>\n<li>Ange k\u00e4llan! Inte lider <strong>jag<\/strong> av det ifall du inte g\u00f6r s\u00e5, men dina l\u00e4sare beh\u00f6ver veta varifr\u00e5n informationen kommer. D\u00e5 vet de vem de ska sk\u00e4lla p\u00e5 om jag skrivit n\u00e5t kn\u00e4ppt.<\/li>\n<\/ul>\n<\/li>\n<\/ul>\n<h4>K\u00e4llh\u00e4nvisning<\/h4>\n<p>Det \u00e4r inte alltid det l\u00e4ttaste att h\u00e4nvisa till n\u00e4tsidor. Jag f\u00f6resl\u00e5r n\u00e5got i stil med:<\/p>\n<blockquote><p>Hopkins 2021: Tapani Hopkins. https:\/\/users.utu.fi\/taesho. H\u00e4mtad 14.10.2021.<\/p><\/blockquote>\n<p>Notera att det <strong>inte finns n\u00e5gra garantier<\/strong> p\u00e5 att sidan du anger existerar i all evighet. Om det \u00e4r viktigt, rekommenderar jag att spara en kopia av sidan eller ta sk\u00e4rmbild.<\/p>\n","protected":false},"excerpt":{"rendered":"<p>Grundregeln: anv\u00e4nd fritt allt som du hittar h\u00e4r p\u00e5 n\u00e4tsidan. Att ladda ner en urgullig stekelfoto som bakgrund till datorn \u00e4r helt ok! Om inte annat s\u00e4gs s\u00e5 kan du betrakta det du ser CC0: dvs. anv\u00e4nd hur du vill och stressa inte \u00f6ver upphovsr\u00e4tt. Det sagt, det kan ofta vara v\u00e4rt att t. ex. [&hellip;]<\/p>\n","protected":false},"author":6396,"featured_media":0,"parent":0,"menu_order":6,"comment_status":"closed","ping_status":"closed","template":"","meta":{"site-sidebar-layout":"default","site-content-layout":"default","ast-site-content-layout":"default","site-content-style":"default","site-sidebar-style":"default","ast-global-header-display":"","ast-banner-title-visibility":"","ast-main-header-display":"","ast-hfb-above-header-display":"","ast-hfb-below-header-display":"","ast-hfb-mobile-header-display":"","site-post-title":"","ast-breadcrumbs-content":"","ast-featured-img":"","footer-sml-layout":"","ast-disable-related-posts":"","theme-transparent-header-meta":"default","adv-header-id-meta":"","stick-header-meta":"","header-above-stick-meta":"","header-main-stick-meta":"","header-below-stick-meta":"","astra-migrate-meta-layouts":"default","ast-page-background-enabled":"default","ast-page-background-meta":{"desktop":{"background-color":"var(--ast-global-color-4)","background-image":"","background-repeat":"repeat","background-position":"center center","background-size":"auto","background-attachment":"scroll","background-type":"","background-media":"","overlay-type":"","overlay-color":"","overlay-opacity":"","overlay-gradient":""},"tablet":{"background-color":"","background-image":"","background-repeat":"repeat","background-position":"center center","background-size":"auto","background-attachment":"scroll","background-type":"","background-media":"","overlay-type":"","overlay-color":"","overlay-opacity":"","overlay-gradient":""},"mobile":{"background-color":"","background-image":"","background-repeat":"repeat","background-position":"center center","background-size":"auto","background-attachment":"scroll","background-type":"","background-media":"","overlay-type":"","overlay-color":"","overlay-opacity":"","overlay-gradient":""}},"ast-content-background-meta":{"desktop":{"background-color":"var(--ast-global-color-5)","background-image":"","background-repeat":"repeat","background-position":"center center","background-size":"auto","background-attachment":"scroll","background-type":"","background-media":"","overlay-type":"","overlay-color":"","overlay-opacity":"","overlay-gradient":""},"tablet":{"background-color":"var(--ast-global-color-5)","background-image":"","background-repeat":"repeat","background-position":"center center","background-size":"auto","background-attachment":"scroll","background-type":"","background-media":"","overlay-type":"","overlay-color":"","overlay-opacity":"","overlay-gradient":""},"mobile":{"background-color":"var(--ast-global-color-5)","background-image":"","background-repeat":"repeat","background-position":"center center","background-size":"auto","background-attachment":"scroll","background-type":"","background-media":"","overlay-type":"","overlay-color":"","overlay-opacity":"","overlay-gradient":""}},"footnotes":""},"class_list":["post-240","page","type-page","status-publish","hentry"],"_links":{"self":[{"href":"https:\/\/users.utu.fi\/taesho\/wp-json\/wp\/v2\/pages\/240","targetHints":{"allow":["GET"]}}],"collection":[{"href":"https:\/\/users.utu.fi\/taesho\/wp-json\/wp\/v2\/pages"}],"about":[{"href":"https:\/\/users.utu.fi\/taesho\/wp-json\/wp\/v2\/types\/page"}],"author":[{"embeddable":true,"href":"https:\/\/users.utu.fi\/taesho\/wp-json\/wp\/v2\/users\/6396"}],"replies":[{"embeddable":true,"href":"https:\/\/users.utu.fi\/taesho\/wp-json\/wp\/v2\/comments?post=240"}],"version-history":[{"count":3,"href":"https:\/\/users.utu.fi\/taesho\/wp-json\/wp\/v2\/pages\/240\/revisions"}],"predecessor-version":[{"id":435,"href":"https:\/\/users.utu.fi\/taesho\/wp-json\/wp\/v2\/pages\/240\/revisions\/435"}],"wp:attachment":[{"href":"https:\/\/users.utu.fi\/taesho\/wp-json\/wp\/v2\/media?parent=240"}],"curies":[{"name":"wp","href":"https:\/\/api.w.org\/{rel}","templated":true}]}}