{"id":639,"date":"2021-10-15T16:32:52","date_gmt":"2021-10-15T13:32:52","guid":{"rendered":"https:\/\/users.utu.fi\/taesho\/?page_id=639"},"modified":"2022-05-28T16:34:48","modified_gmt":"2022-05-28T13:34:48","slug":"tutkimus","status":"publish","type":"page","link":"https:\/\/users.utu.fi\/taesho\/tutkimus\/","title":{"rendered":"Tutkimus"},"content":{"rendered":"<p>Tutkin sit\u00e4 mik\u00e4 sattuu kulloinkin kiinnostamaan. P\u00e4\u00e4osin biologiaa ja varsinkin hy\u00f6nteisten monimuotoisuutta, mutta my\u00f6s muut aiheet kiinnostavat.<\/p>\n<p><a href=\"https:\/\/users.utu.fi\/taesho\/tutkimus\/julkaisut\/\" rel=\"\">Julkaisen<\/a> raportoitavan arvoiset tulokset tieteellisen\u00e4 artikkelina. Julkaisen my\u00f6s <a href=\"https:\/\/users.utu.fi\/taesho\/tutkimus\/aineistot-ja-koodit\/\">tutkimusaineistot ja niiden k\u00e4sittelyss\u00e4 k\u00e4ytetyt koodit<\/a>. Minulta l\u00f6ytyy my\u00f6s valtavasti Ugandan hy\u00f6nteisten kaltaisia <a href=\"https:\/\/users.utu.fi\/taesho\/tutkimus\/materiaalit\/\">fyysisi\u00e4 aineistoja<\/a>, joissa riitt\u00e4\u00e4 tutkimista muillekin.<\/p>\n<p>Merkitt\u00e4viin tutkittaviin asioihin kuuluu:<\/p>\n<ul>\n<li><strong>Luonnon monimuotoisuus<\/strong> ja varsinkin se, miksi lajeja on juuri sen verran kuin niit\u00e4 on. K\u00e4yt\u00e4nn\u00f6ss\u00e4 olen viime vuosina jumittunut kuvaamaan Ugandasta l\u00f6yt\u00e4mi\u00e4ni satoja uusia pisti\u00e4islajeja.<\/li>\n<li><strong>K\u00e4yt\u00e4nn\u00f6n menetelm\u00e4t<\/strong> joilla selvitt\u00e4\u00e4 mit\u00e4 luonnossa tapahtuu ja muut luontokappaleet tekev\u00e4t. K\u00e4yt\u00e4nn\u00f6ss\u00e4 t\u00e4m\u00e4 on koostunut hy\u00f6nteisten riistakameran kehitt\u00e4misest\u00e4. Toivon, ett\u00e4 joskus hy\u00f6nteisten m\u00e4\u00e4ri\u00e4 mitataan ja raportoidaan reaaliajassa siin\u00e4 miss\u00e4 s\u00e4\u00e4t\u00e4kin.<\/li>\n<li><strong>Kvanttimekaniikan lainalaisuuksien selitt\u00e4minen<\/strong>. Minua kiehtoo ajatus siit\u00e4, ett\u00e4 kvanttimekaniikan ilmi\u00f6t johtuisivat siit\u00e4 etteiv\u00e4t voimat ole yhten\u00e4isi\u00e4, vaan niiden v\u00e4litt\u00e4j\u00e4hiukkasten jakautumisessa on satunnaisvaihtelua. K\u00e4yt\u00e4nn\u00f6ss\u00e4 en ole saanut t\u00e4t\u00e4 toimimaan niin alkuunsakaan, mutta se ei est\u00e4 minua foliohattuilemasta.<\/li>\n<\/ul>\n","protected":false},"excerpt":{"rendered":"<p>Tutkin sit\u00e4 mik\u00e4 sattuu kulloinkin kiinnostamaan. P\u00e4\u00e4osin biologiaa ja varsinkin hy\u00f6nteisten monimuotoisuutta, mutta my\u00f6s muut aiheet kiinnostavat. Julkaisen raportoitavan arvoiset tulokset tieteellisen\u00e4 artikkelina. Julkaisen my\u00f6s tutkimusaineistot ja niiden k\u00e4sittelyss\u00e4 k\u00e4ytetyt koodit. Minulta l\u00f6ytyy my\u00f6s valtavasti Ugandan hy\u00f6nteisten kaltaisia fyysisi\u00e4 aineistoja, joissa riitt\u00e4\u00e4 tutkimista muillekin. Merkitt\u00e4viin tutkittaviin asioihin kuuluu: Luonnon monimuotoisuus ja varsinkin se, miksi lajeja [&hellip;]<\/p>\n","protected":false},"author":6396,"featured_media":0,"parent":0,"menu_order":0,"comment_status":"closed","ping_status":"closed","template":"","meta":{"site-sidebar-layout":"default","site-content-layout":"default","ast-site-content-layout":"default","site-content-style":"default","site-sidebar-style":"default","ast-global-header-display":"","ast-banner-title-visibility":"","ast-main-header-display":"","ast-hfb-above-header-display":"","ast-hfb-below-header-display":"","ast-hfb-mobile-header-display":"","site-post-title":"","ast-breadcrumbs-content":"","ast-featured-img":"","footer-sml-layout":"","ast-disable-related-posts":"","theme-transparent-header-meta":"default","adv-header-id-meta":"","stick-header-meta":"","header-above-stick-meta":"","header-main-stick-meta":"","header-below-stick-meta":"","astra-migrate-meta-layouts":"default","ast-page-background-enabled":"default","ast-page-background-meta":{"desktop":{"background-color":"var(--ast-global-color-4)","background-image":"","background-repeat":"repeat","background-position":"center center","background-size":"auto","background-attachment":"scroll","background-type":"","background-media":"","overlay-type":"","overlay-color":"","overlay-opacity":"","overlay-gradient":""},"tablet":{"background-color":"","background-image":"","background-repeat":"repeat","background-position":"center center","background-size":"auto","background-attachment":"scroll","background-type":"","background-media":"","overlay-type":"","overlay-color":"","overlay-opacity":"","overlay-gradient":""},"mobile":{"background-color":"","background-image":"","background-repeat":"repeat","background-position":"center center","background-size":"auto","background-attachment":"scroll","background-type":"","background-media":"","overlay-type":"","overlay-color":"","overlay-opacity":"","overlay-gradient":""}},"ast-content-background-meta":{"desktop":{"background-color":"var(--ast-global-color-5)","background-image":"","background-repeat":"repeat","background-position":"center center","background-size":"auto","background-attachment":"scroll","background-type":"","background-media":"","overlay-type":"","overlay-color":"","overlay-opacity":"","overlay-gradient":""},"tablet":{"background-color":"var(--ast-global-color-5)","background-image":"","background-repeat":"repeat","background-position":"center center","background-size":"auto","background-attachment":"scroll","background-type":"","background-media":"","overlay-type":"","overlay-color":"","overlay-opacity":"","overlay-gradient":""},"mobile":{"background-color":"var(--ast-global-color-5)","background-image":"","background-repeat":"repeat","background-position":"center center","background-size":"auto","background-attachment":"scroll","background-type":"","background-media":"","overlay-type":"","overlay-color":"","overlay-opacity":"","overlay-gradient":""}},"footnotes":""},"class_list":["post-639","page","type-page","status-publish","hentry"],"_links":{"self":[{"href":"https:\/\/users.utu.fi\/taesho\/wp-json\/wp\/v2\/pages\/639","targetHints":{"allow":["GET"]}}],"collection":[{"href":"https:\/\/users.utu.fi\/taesho\/wp-json\/wp\/v2\/pages"}],"about":[{"href":"https:\/\/users.utu.fi\/taesho\/wp-json\/wp\/v2\/types\/page"}],"author":[{"embeddable":true,"href":"https:\/\/users.utu.fi\/taesho\/wp-json\/wp\/v2\/users\/6396"}],"replies":[{"embeddable":true,"href":"https:\/\/users.utu.fi\/taesho\/wp-json\/wp\/v2\/comments?post=639"}],"version-history":[{"count":3,"href":"https:\/\/users.utu.fi\/taesho\/wp-json\/wp\/v2\/pages\/639\/revisions"}],"predecessor-version":[{"id":1596,"href":"https:\/\/users.utu.fi\/taesho\/wp-json\/wp\/v2\/pages\/639\/revisions\/1596"}],"wp:attachment":[{"href":"https:\/\/users.utu.fi\/taesho\/wp-json\/wp\/v2\/media?parent=639"}],"curies":[{"name":"wp","href":"https:\/\/api.w.org\/{rel}","templated":true}]}}