{"id":756,"date":"2021-10-15T23:26:59","date_gmt":"2021-10-15T20:26:59","guid":{"rendered":"https:\/\/users.utu.fi\/taesho\/?page_id=756"},"modified":"2026-02-10T14:06:35","modified_gmt":"2026-02-10T12:06:35","slug":"julkaisut","status":"publish","type":"page","link":"https:\/\/users.utu.fi\/taesho\/tutkimus\/julkaisut\/","title":{"rendered":"Julkaisut"},"content":{"rendered":"<p>Artikkelini ovat yleens\u00e4 avoimia eli ilmaiseksi luettavia. Avaa linkit ja lue mit\u00e4 tuloksia on tullut!<\/p>\n<p>Jotkin (onneksi harvat) artikkelit ovat maksumuurin takana. N\u00e4ist\u00e4 l\u00f6ytyy usein ennakkoversio, n.s. &#8220;preprint&#8221;, joka ei yleens\u00e4 juuri poikkea lopullisesta versiosta. <a href=\"#sci-hub\">Sci-Hub<\/a> on my\u00f6s keksitty.<\/p>\n<p>Monista artikkeleista l\u00f6ytyy suomennos. Yleens\u00e4 olen k\u00e4\u00e4nt\u00e4nyt tiivistelm\u00e4n ja kuvatekstit. K\u00e4\u00e4nn\u00f6kset ovat ajanpuutteen takia venyneet, mutta yrit\u00e4n tuottaa sellaiset jokaiselle artikkelille.<\/p>\n<hr \/>\n<h3>Ugandan pisti\u00e4isjulkaisut<\/h3>\n<h5><a href=\"https:\/\/doi.org\/10.3897\/zookeys.1268.181918\">2026<\/a>\u00a0On the genus <i><span class=\"tn\" data-obkms-id=\"48607511-6073-4F78-9731-B495670E8655\" data-taxon-parsed-name=\"Sericopimpla\"><span class=\"genus\">Sericopimpla<\/span><\/span><\/i> Kriechbaumer, 1895 (<span class=\"tn\" data-obkms-id=\"051AC376-8A29-4DDC-A0ED-1876024DD37F\" data-taxon-parsed-name=\"Ichneumonidae\"><span class=\"family\">Ichneumonidae<\/span><\/span>, <span class=\"tn\" data-obkms-id=\"B7FA9BF1-BD41-4746-9B33-5C9F69835FA8\" data-taxon-parsed-name=\"Pimplinae\"><span class=\"subfamily\">Pimplinae<\/span><\/span>) in the Afrotropics, with the description of a new species<\/h5>\n<p>Vain yksi <em>Sericopimpla<\/em>-suvun laji tunnettiin Afrikasta. Kuvasimme toisen afrikkalaisen lajin, ja l\u00f6ysimme aiemmin tunnetun lajin ensimm\u00e4iste kertaa Ugandasta. [suomenkielinen k\u00e4\u00e4nn\u00f6s tulossa]<\/p>\n<h5><a href=\"https:\/\/doi.org\/10.3897\/zookeys.1266.175534\">2026<\/a> Review of the genus <i><span class=\"tn\" data-obkms-id=\"77FBEC4C-2A3E-4842-A744-96BB6C2B479F\" data-taxon-parsed-name=\"Xanthephialtes\"><span class=\"genus\">Xanthephialtes<\/span><\/span><\/i> Cameron (<span class=\"tn\" data-obkms-id=\"7FA4682A-4DC8-4AEC-8003-1C39252DA0D1\" data-taxon-parsed-name=\"Hymenoptera\"><span class=\"order\">Hymenoptera<\/span><\/span>, <span class=\"tn\" data-obkms-id=\"D6D8BD2A-8497-4A9C-9551-84708B759751\" data-taxon-parsed-name=\"Ichneumonidae\"><span class=\"family\">Ichneumonidae<\/span><\/span>), with re-definition of the genus and description of a new species from Uganda<\/h5>\n<p><em>Xanthephialtes<\/em>-suku l\u00f6ytyy vain Afrikasta, ja siit\u00e4 tunnettiin vain kaksi lajia. Kuvasimme uuden lajin, ja annoimme valistuneita arvailuja lajien elintavoista. [suomenkielinen k\u00e4\u00e4nn\u00f6s tulossa]<\/p>\n<h5><a href=\"https:\/\/doi.org\/10.1111\/icad.70017\">2025<\/a> Local species richness of parasitoid wasps (Ichneumonidae: Pimplinae) in Afrotropical forest: Conservation perspectives<\/h5>\n<p>Onko trooppisessa mets\u00e4ss\u00e4 lajirikasta vai lajik\u00f6yh\u00e4\u00e4? Ent\u00e4 viljelysmaalla, h\u00e4irityss\u00e4 mets\u00e4ss\u00e4 jne? L\u00f6ysimme monimuotoisen rosoahmaslajiston Ugandan mets\u00e4st\u00e4, my\u00f6s rajustikin hakatuilta mets\u00e4alueilta joiden l\u00e4hell\u00e4 oli luonnonmets\u00e4\u00e4.\u00a0 [suomenkielinen k\u00e4\u00e4nn\u00f6s tulossa]<\/p>\n<h5><a href=\"https:\/\/doi.org\/10.24072\/pcjournal.398\">2024<\/a> A comparison of the parasitoid wasp species richness of tropical forest sites in Peru and Uganda \u2013 subfamily Rhyssinae (Hymenoptera: Ichneumonidae)<\/h5>\n<p>Kummassa on enemm\u00e4n (pora-ahmas)lajeja, Ugandassa vai Perussa? Etel\u00e4amerikkalainen keruupaikkamme voitti kisan, mutta runsaasti lajeja kummassakin. Eik\u00e4 l\u00e4hesk\u00e4\u00e4n kaikkia lajeja ole edelleenk\u00e4\u00e4n l\u00f6ydetty! [suomenkielinen k\u00e4\u00e4nn\u00f6s tulossa]<\/p>\n<h5><a href=\"https:\/\/doi.org\/10.3897\/jhr.86.71615\">2021<\/a>\u00a0<strong>Deducing how tropical rhyssines (<span class=\"tn\" data-taxon-parsed-name=\"Hymenoptera\"><span class=\"order\">Hymenoptera<\/span><\/span>, <span class=\"tn\" data-taxon-parsed-name=\"Ichneumonidae\"><span class=\"family\">Ichneumonidae<\/span><\/span>) mate from body measurements<\/strong><\/h5>\n<p>Heitt\u00e4ytyv\u00e4tk\u00f6 trooppisten pisti\u00e4isten koiraat kasana naaraan kimpuun? Vai sujuuko parittelu sivistyneemmin? Mittasimme ugandalaisten ja perulaisten pisti\u00e4isten ruumiinmittoja selvitt\u00e4\u00e4ksemme t\u00e4m\u00e4n. [suomenkielinen k\u00e4\u00e4nn\u00f6s tulossa]<\/p>\n<h5><a href=\"https:\/\/doi.org\/10.5281\/zenodo.3708018\">2021<\/a> <strong>On the parasitoid wasps of the African tropical forest \u2013 and how their species richness compares to Amazonia<\/strong><\/h5>\n<p>V\u00e4it\u00f6skirjani. Mit\u00e4 tein Ugandassa ja mit\u00e4 tuloksia oli jo ehtinyt tulla? Verkosta l\u00f6ytyy kaksi eri versiota: <a href=\"http:\/\/urn.fi\/URN:ISBN:978-951-29-8362-9\">verkkoversio<\/a> ja <a href=\"https:\/\/doi.org\/10.5281\/zenodo.3708018\">verkkoversio, jossa 1. artikkelista ennakkoversio<\/a>. Suosittelen j\u00e4lkimm\u00e4ist\u00e4, koska siin\u00e4 on koko v\u00e4it\u00f6skirja (ei vain johdanto) ja suomennokset.<\/p>\n<h5><a href=\"https:\/\/doi.org\/10.3897\/zookeys.878.37845\">2019<\/a> <strong>Extensive sampling and thorough taxonomic assessment of Afrotropical Rhyssinae (Hymenoptera, Ichneumonidae) reveals two new species and demonstrates the limitations of previous sampling efforts<\/strong><\/h5>\n<p>Mit\u00e4 porapisti\u00e4isi\u00e4 el\u00e4\u00e4 Afrikassa? Kuvasimme kaksi uutta lajia Ugandasta ja kasvatimme tunnettujen afrikkalaisten yksil\u00f6iden m\u00e4\u00e4r\u00e4\u00e4 1300 prosentilla. Kuvia kaikista Afrikan lajeista! <a href=\"https:\/\/seafile.utu.fi\/f\/09355b887e6e4e12bea0\/?dl=1\">Suomennos<\/a><\/p>\n<h5><a href=\"https:\/\/doi.org\/10.1098\/rsos.190913\">2019<\/a> <strong>Extensive sampling reveals the phenology and habitat use of Afrotropical parasitoid wasps (Hymenoptera: Ichneumonidae: Rhyssinae)<br \/>\n<\/strong><\/h5>\n<p>Miss\u00e4 ja milloin tropiikin pisti\u00e4iset lent\u00e4v\u00e4t? Ugandan 2014\u20132015 keruureissun ensitulokset. Havaitsimme ett\u00e4 porapisti\u00e4iset lent\u00e4v\u00e4t sateettomalla s\u00e4\u00e4ll\u00e4 lahopuun l\u00e4hell\u00e4. <a href=\"https:\/\/seafile.utu.fi\/f\/f44071d8cf0e41078c67\/?dl=1\">Suomennos<\/a><\/p>\n<h5><a href=\"https:\/\/doi.org\/10.4001\/003.026.0350\">2018<\/a> <strong>Assessing the Species Richness of Afrotropical Ichneumonid Wasps with Randomly Placed Traps Provides Ecologically Informative Data<br \/>\n<\/strong><\/h5>\n<p>Voiko trooppisia pisti\u00e4isi\u00e4 ker\u00e4t\u00e4 satunnaisiin paikkoihin sijoitetuilla pyydyksill\u00e4? Pystytimme 30 pyydyst\u00e4 vuoden ajaksi Ugandan sademets\u00e4\u00e4n, ja saimme vastaukseksi &#8220;onnistuu, jos pieni otoskoko kelpaa&#8221;. T\u00e4m\u00e4 tutkimus johti vuoden 2014-2015 keruureissuumme, joka tuotti huomattavasti suuremman saaliin. <a href=\"https:\/\/research.utu.fi\/converis\/portal\/Publication\/35932632?auxfun=&amp;lang=en_GB\">Ennakkoversio<\/a> <a href=\"https:\/\/seafile.utu.fi\/f\/663d0772799b4f07b8fa\/?dl=1\">Suomennos<\/a><\/p>\n<h3>Muut julkaisut<\/h3>\n<h5><a href=\"https:\/\/doi.org\/10.1080\/14888386.2023.2294795\" rel=\"\">2024<\/a>\u00a0Ramp traps versus pitfall traps for collecting epigeal arthropods: a case study in a coniferous forest in Southwest Finland<\/h5>\n<p>Kumpi on parempi niveljalkaisten ker\u00e4\u00e4miseen, kuoppapyydys vai luiskapyydys? Kokeilimme kumpaakin vierekk\u00e4in. Kummatkin toimivat, joitain eroja saaliissa. (luiskapyydys = ramp trap, onko t\u00e4lle hyv\u00e4\u00e4 suomennosta?)<\/p>\n<h5><a href=\"https:\/\/journal.fi\/msff\/article\/view\/119817\" rel=\"\">2022<\/a> <strong>New national and regional biological records for Finland 10. Contributions to Bryophyta and Marchantiophyta 9<\/strong><\/h5>\n<p>K\u00e4vimme l\u00e4pi <a href=\"http:\/\/laji.fi\/\">lajitietokeskukseen<\/a> raportoidut sammalet, ja selvitimme mit\u00e4 lajeja on 2021 ilmestynyt uutena Suomeen tai johonkin eli\u00f6maakuntaan. T\u00e4ll\u00e4 kertaa tietokone avusti.<\/p>\n<h5><a href=\"https:\/\/doi.org\/10.1111\/syen.12538\" rel=\"\">2022<\/a>\u00a0<strong>DNA barcodes on their own are not enough to describe a species<\/strong><\/h5>\n<p>Lajien kuvaamista on ehdotettu helpotettavan sill\u00e4, ett\u00e4 uusista lajeista annettaisiin vain niiden DNA-viivakoodi, eik\u00e4 muita normaalin lajikuvauksen osioita. Kerroimme miksi emme pid\u00e4 t\u00e4t\u00e4 hyv\u00e4n\u00e4 ideana.<\/p>\n<h5><a href=\"https:\/\/doi.org\/10.1126\/science.aaj1631\">2017<\/a> <strong>Higher Predation Risk for Insect Prey at Low Latitudes and Elevations<\/strong><\/h5>\n<p>Miten saalistuspaine vaihtele eri puolilla maailmaa? Saalistetaanko toukkia eniten tropiikin alangoilla, miss\u00e4 lajejakin on eniten? Selvitimme asiaa levitt\u00e4m\u00e4ll\u00e4 muovailuvahaisia toukkia ymp\u00e4ri maailmaa.<\/p>\n<h5><a href=\"https:\/\/doi.org\/10.1371\/journal.pone.0067367\">2013<\/a> <strong>Indirect interactions in the High Arctic<\/strong><\/h5>\n<p>Milt\u00e4 gr\u00f6nlantilainen ravintoverkko n\u00e4ytt\u00e4\u00e4? Vaikuttavatko lajit ep\u00e4suorasti toisiinsa? Kuvasimme m\u00e4\u00e4r\u00e4llisen ravintoverkon johon kuuluivat perhosentoukat, niiden ravintokasvit, ja niiden saalistajat.<\/p>\n<h5><a href=\"http:\/\/urn.fi\/URN:NBN:fi-fe2017121155661\">2012<\/a> <strong>An extended food web from Greenland &#8211; adding birds, spiders and plants to a parasitoid-lepidopteran web<\/strong><\/h5>\n<p>Pro gradu-ty\u00f6ni. Lis\u00e4sin gr\u00f6nlantilaiseen loispisti\u00e4is-is\u00e4nt\u00e4-ravintoverkkoon h\u00e4m\u00e4kkien ja lintujen kaltaiset saalistajat sek\u00e4 toukkien ravintokasveja. <a href=\"https:\/\/seafile.utu.fi\/f\/70a2f16bfa11466e98d4\/?raw=1\">Aineisto<\/a> <a href=\"https:\/\/seafile.utu.fi\/f\/311a9902962246bc87aa\/?raw=1\">Raaka-aineisto<\/a><\/p>\n<hr \/>\n<h3><a name=\"sci-hub\"><\/a>Mik\u00e4 on Sci-Hub?<\/h3>\n<p>Sci-Hub on \u00e4\u00e4rimm\u00e4isen k\u00e4tev\u00e4 verkkosivu, jolla p\u00e4\u00e4see k\u00e4siksi tieteellisiin artikkeleihin vaikka ne olisivatkin maksumuurin takana. Sy\u00f6t\u00e4 artikkelin verkko-osoitteen ja saat artikkelin PDF:n\u00e4. Ilmainen, laillista k\u00e4ytt\u00e4\u00e4 (ainakin Suomessa), ja tutkijat ymp\u00e4ri maailmaa vannovat sen nimeen<a href=\"https:\/\/www.science.org\/doi\/10.1126\/science.352.6285.508\">*<\/a>.<\/p>\n<p>Huomaathan kuitenkin, ett\u00e4 Sci-Hub on my\u00f6s kiistanalainen. Jos lataat artikkelin sen kautta, kustantamo ei saa maksua. Monille t\u00e4m\u00e4 ei tuota tunnontuskia (syist\u00e4 jotka luettavissa esim. <a href=\"https:\/\/doi.org\/10.12688\/f1000research.11415.2\">t\u00e4\u00e4lt\u00e4<\/a>), mutta jokainen miettik\u00f6\u00f6n itse tuntuuko moraalisesti oikealta.<\/p>\n<p>Tekij\u00e4noikeusriidat pakottavat Sci-Hubin toisinaan muuttamaan. Juuri nyt (2021) sen l\u00f6yt\u00e4\u00e4 osoitteesta <a href=\"https:\/\/sci-hub.se\">https:\/\/sci-hub.se<\/a><\/p>\n","protected":false},"excerpt":{"rendered":"<p>Artikkelini ovat yleens\u00e4 avoimia eli ilmaiseksi luettavia. Avaa linkit ja lue mit\u00e4 tuloksia on tullut! Jotkin (onneksi harvat) artikkelit ovat maksumuurin takana. N\u00e4ist\u00e4 l\u00f6ytyy usein ennakkoversio, n.s. &#8220;preprint&#8221;, joka ei yleens\u00e4 juuri poikkea lopullisesta versiosta. Sci-Hub on my\u00f6s keksitty. Monista artikkeleista l\u00f6ytyy suomennos. Yleens\u00e4 olen k\u00e4\u00e4nt\u00e4nyt tiivistelm\u00e4n ja kuvatekstit. K\u00e4\u00e4nn\u00f6kset ovat ajanpuutteen takia venyneet, mutta [&hellip;]<\/p>\n","protected":false},"author":6396,"featured_media":0,"parent":639,"menu_order":2,"comment_status":"closed","ping_status":"closed","template":"","meta":{"site-sidebar-layout":"default","site-content-layout":"default","ast-site-content-layout":"default","site-content-style":"default","site-sidebar-style":"default","ast-global-header-display":"","ast-banner-title-visibility":"","ast-main-header-display":"","ast-hfb-above-header-display":"","ast-hfb-below-header-display":"","ast-hfb-mobile-header-display":"","site-post-title":"","ast-breadcrumbs-content":"","ast-featured-img":"","footer-sml-layout":"","ast-disable-related-posts":"","theme-transparent-header-meta":"default","adv-header-id-meta":"","stick-header-meta":"","header-above-stick-meta":"","header-main-stick-meta":"","header-below-stick-meta":"","astra-migrate-meta-layouts":"set","ast-page-background-enabled":"default","ast-page-background-meta":{"desktop":{"background-color":"var(--ast-global-color-4)","background-image":"","background-repeat":"repeat","background-position":"center center","background-size":"auto","background-attachment":"scroll","background-type":"","background-media":"","overlay-type":"","overlay-color":"","overlay-opacity":"","overlay-gradient":""},"tablet":{"background-color":"","background-image":"","background-repeat":"repeat","background-position":"center center","background-size":"auto","background-attachment":"scroll","background-type":"","background-media":"","overlay-type":"","overlay-color":"","overlay-opacity":"","overlay-gradient":""},"mobile":{"background-color":"","background-image":"","background-repeat":"repeat","background-position":"center center","background-size":"auto","background-attachment":"scroll","background-type":"","background-media":"","overlay-type":"","overlay-color":"","overlay-opacity":"","overlay-gradient":""}},"ast-content-background-meta":{"desktop":{"background-color":"var(--ast-global-color-5)","background-image":"","background-repeat":"repeat","background-position":"center center","background-size":"auto","background-attachment":"scroll","background-type":"","background-media":"","overlay-type":"","overlay-color":"","overlay-opacity":"","overlay-gradient":""},"tablet":{"background-color":"var(--ast-global-color-5)","background-image":"","background-repeat":"repeat","background-position":"center center","background-size":"auto","background-attachment":"scroll","background-type":"","background-media":"","overlay-type":"","overlay-color":"","overlay-opacity":"","overlay-gradient":""},"mobile":{"background-color":"var(--ast-global-color-5)","background-image":"","background-repeat":"repeat","background-position":"center center","background-size":"auto","background-attachment":"scroll","background-type":"","background-media":"","overlay-type":"","overlay-color":"","overlay-opacity":"","overlay-gradient":""}},"footnotes":""},"class_list":["post-756","page","type-page","status-publish","hentry"],"_links":{"self":[{"href":"https:\/\/users.utu.fi\/taesho\/wp-json\/wp\/v2\/pages\/756","targetHints":{"allow":["GET"]}}],"collection":[{"href":"https:\/\/users.utu.fi\/taesho\/wp-json\/wp\/v2\/pages"}],"about":[{"href":"https:\/\/users.utu.fi\/taesho\/wp-json\/wp\/v2\/types\/page"}],"author":[{"embeddable":true,"href":"https:\/\/users.utu.fi\/taesho\/wp-json\/wp\/v2\/users\/6396"}],"replies":[{"embeddable":true,"href":"https:\/\/users.utu.fi\/taesho\/wp-json\/wp\/v2\/comments?post=756"}],"version-history":[{"count":15,"href":"https:\/\/users.utu.fi\/taesho\/wp-json\/wp\/v2\/pages\/756\/revisions"}],"predecessor-version":[{"id":1759,"href":"https:\/\/users.utu.fi\/taesho\/wp-json\/wp\/v2\/pages\/756\/revisions\/1759"}],"up":[{"embeddable":true,"href":"https:\/\/users.utu.fi\/taesho\/wp-json\/wp\/v2\/pages\/639"}],"wp:attachment":[{"href":"https:\/\/users.utu.fi\/taesho\/wp-json\/wp\/v2\/media?parent=756"}],"curies":[{"name":"wp","href":"https:\/\/api.w.org\/{rel}","templated":true}]}}