{"id":906,"date":"2021-10-20T19:26:43","date_gmt":"2021-10-20T16:26:43","guid":{"rendered":"https:\/\/users.utu.fi\/taesho\/?page_id=906"},"modified":"2021-10-20T19:31:42","modified_gmt":"2021-10-20T16:31:42","slug":"material","status":"publish","type":"page","link":"https:\/\/users.utu.fi\/taesho\/sv\/forskning\/material\/","title":{"rendered":"Material"},"content":{"rendered":"<p>Den som samlar insekter i ett \u00e5r i tropisk skog f\u00e5r ett imponerande material. Jag har massvis med insekter, nya arter osv. p\u00e5 <a href=\"https:\/\/collections.utu.fi\/sv\/\">museet<\/a> som bara v\u00e4ntar p\u00e5 att n\u00e5n forskar i dem.<\/p>\n<p>Ta kontakt om du \u00e4r intresserad av att anv\u00e4nda materialet! Jag delar g\u00e4rna, finns inte en chans att jag hinner genomg\u00e5 allt sj\u00e4lv.<\/p>\n<h3>Uganda 2014\u20132015<\/h3>\n<h4>I korthet<\/h4>\n<ul>\n<li>876 Malaiseprover\n<ul>\n<li>\u2248 100 liter insekter och diverse andra taxa<\/li>\n<li>\u2248 100 000 parasitsteklar (Ichneumonidae + Braconidae)<\/li>\n<\/ul>\n<\/li>\n<li>3437 insekter f\u00e5ngade med h\u00e5v<\/li>\n<\/ul>\n<p>Jag samlade in de h\u00e4r i <a href=\"https:\/\/www.google.fi\/maps\/place\/Makarere+University+Biological+Field+Station+(MUBFS)\/@0.5504322,30.0755314,99100m\/data=!3m1!1e3!4m12!1m6!3m5!1s0x176231f526596fdb:0xebd819780ac53467!2sMakerere+university+Biological+Field+Station!8m2!3d0.4382416!4d30.3939874!3m4!1s0x1763cd9a7e284fb5:0x745c25cadb37ebd0!8m2!3d0.5597359!4d30.3579712\">Kibale nationalpark<\/a>, Uganda, under ett \u00e5r 2014\u20132015. Flygande insekter samlades av 34 Malaisef\u00e4llor som befann sig i olika skogstyper. Jag t\u00f6mde f\u00e4llorna med cirka tv\u00e5 veckors mellanrum (beroende p\u00e5 elefanterna). Det finns <a href=\"https:\/\/doi.org\/10.5281\/zenodo.2225643\">data<\/a> p\u00e5 v\u00e4dret, v\u00e4xtligheten vid f\u00e4llorna, kartor m.m. Mera info i v\u00e5r f\u00f6rsta <a href=\"https:\/\/doi.org\/10.1098\/rsos.190913\">artikel<\/a>.<\/p>\n<p>Som exempel p\u00e5 vad man kan g\u00f6ra med materialet, se raspryggsteklarnas (Rhyssinae) <a href=\"https:\/\/doi.org\/10.3897\/zookeys.878.37845\">taxonomi<\/a> och <a href=\"https:\/\/doi.org\/10.1098\/rsos.190913\">ekologi<\/a>.<\/p>\n<h4>Materialet mer ing\u00e5ende<\/h4>\n<p>De senaste \u00e5ren har materialet behandlats och blivit.. komplicerad. F\u00f6r tillf\u00e4llet (2021) ser det ungef\u00e4r ut s\u00e5 h\u00e4r.<\/p>\n<ul>\n<li><strong>876 Malaiseprover<\/strong>\n<ul>\n<li>bevarade i ~70% etanol i glasburkar<\/li>\n<li>varje prov har kring 2 dl insekter + andra ryggradsl\u00f6sa och n\u00e5gra ryggradsdjur<\/li>\n<li>parasitsteklarna (Ichneumonidae + Braconidae) och spindlarna har sorterats bort<\/li>\n<\/ul>\n<\/li>\n<li><strong>876 stekelprover<\/strong>\n<ul>\n<li>bevarade i ~70% etanol i glasburkar<\/li>\n<li>varje prov har kring 150 steklar som tagits fr\u00e5n Malaiseproverna<\/li>\n<li>underfamiljen Rhyssinae har sorterats bort, vissa andra underfamiljer har delvis sorterats bort<\/li>\n<\/ul>\n<\/li>\n<li><strong>876 spindelprover<\/strong>\n<ul>\n<li>bevarade i ~70% etanol i provr\u00f6r<\/li>\n<li>varje prov har spindlar som tagits fr\u00e5n Malaiseproverna<\/li>\n<\/ul>\n<\/li>\n<li><strong>448 raspryggsteklar (Rhyssinae)<\/strong>\n<ul>\n<li>n\u00e5lade och bevaras i l\u00e5dor<\/li>\n<li>togs fr\u00e5n stekelproverna, sorterades i sex arter och publicerades (<a href=\"https:\/\/doi.org\/10.3897\/zookeys.878.37845\">1<\/a>,<a href=\"https:\/\/doi.org\/10.1098\/rsos.190913\">2<\/a>)<\/li>\n<\/ul>\n<\/li>\n<li><strong>1245 nattflysteklar (Ophioninae)<\/strong>\n<ul>\n<li>bevarade i ~70% etanol i provr\u00f6r, f\u00f6rutom ett ben per stekel som bevaras i fryset i 96% etanol<\/li>\n<li>togs fr\u00e5n Malaiseproverna redan i Uganda (en del Ophioninae \u00e4r fortfarande i stekelproverna)<\/li>\n<\/ul>\n<\/li>\n<li><strong>3437 insekter som f\u00e5ngats med h\u00e5v<\/strong>\n<ul>\n<li>bevaras i fryset i 96% etanol, i provr\u00f6r<\/li>\n<li>fr\u00e4mst parasitsteklar (Ichneumonidae och Braconidae)<\/li>\n<li>data om n\u00e4r och var de f\u00e5ngades finns, men \u00e4r \u00e4nnu inte i n\u00e5got databas<\/li>\n<\/ul>\n<\/li>\n<\/ul>\n<h4>Bruk av materialet<\/h4>\n<p>Ta kontakt om n\u00e5gon av de ovann\u00e4mnda l\u00e5ter intressant! Jag delar g\u00e4rna med mig av materialet och\/eller ger mera info.<\/p>\n<p>Notera \u00e4nd\u00e5 att det tar tid att g\u00e5 genom materialet. Jag uppskattar att det tar <strong>minst 30 veckor<\/strong> att g\u00e5 genom Malaiseproverna och plocka fram ett specifikt taxon. S\u00e5 ifall det du \u00e4r intresserad av fortfarande finns i Malaiseproverna, bland alla andra insekter, s\u00e5 kan det ta tid att f\u00e5 tag i det. Tyv\u00e4rr \u00e4r det osannolikt att jag sj\u00e4lv hinner plocka fram det.<\/p>\n<p>Vissa villkor har jag. De h\u00e4r \u00e4r dock flexibla, ta kontakt s\u00e5 kan vi f\u00f6rhandla \ud83d\ude42<\/p>\n<ul>\n<li>Publikationer som baserar sig p\u00e5 materialet borde vara <strong>\u00f6ppet tillg\u00e4ngliga<\/strong> (=gratis att l\u00e4sa).<\/li>\n<li>Jag f\u00f6redrar att vara med som f\u00f6rfattare i artiklar.<\/li>\n<li>Materialet borde helst <strong>f\u00f6rbli vid museet<\/strong> (korta l\u00e5n kan eventuellt ordnas).<\/li>\n<li>Datan borde helst laddas upp till <a href=\"https:\/\/zenodo.org\/communities\/uganda2014-2015\/?page=1&amp;size=20\"><strong>Zenodo<\/strong><\/a>.<\/li>\n<\/ul>\n","protected":false},"excerpt":{"rendered":"<p>Den som samlar insekter i ett \u00e5r i tropisk skog f\u00e5r ett imponerande material. Jag har massvis med insekter, nya arter osv. p\u00e5 museet som bara v\u00e4ntar p\u00e5 att n\u00e5n forskar i dem. Ta kontakt om du \u00e4r intresserad av att anv\u00e4nda materialet! Jag delar g\u00e4rna, finns inte en chans att jag hinner genomg\u00e5 allt [&hellip;]<\/p>\n","protected":false},"author":6396,"featured_media":249,"parent":645,"menu_order":4,"comment_status":"closed","ping_status":"closed","template":"","meta":{"site-sidebar-layout":"default","site-content-layout":"default","ast-site-content-layout":"default","site-content-style":"default","site-sidebar-style":"default","ast-global-header-display":"","ast-banner-title-visibility":"","ast-main-header-display":"","ast-hfb-above-header-display":"","ast-hfb-below-header-display":"","ast-hfb-mobile-header-display":"","site-post-title":"","ast-breadcrumbs-content":"","ast-featured-img":"","footer-sml-layout":"","ast-disable-related-posts":"","theme-transparent-header-meta":"default","adv-header-id-meta":"","stick-header-meta":"","header-above-stick-meta":"","header-main-stick-meta":"","header-below-stick-meta":"","astra-migrate-meta-layouts":"default","ast-page-background-enabled":"default","ast-page-background-meta":{"desktop":{"background-color":"var(--ast-global-color-4)","background-image":"","background-repeat":"repeat","background-position":"center center","background-size":"auto","background-attachment":"scroll","background-type":"","background-media":"","overlay-type":"","overlay-color":"","overlay-opacity":"","overlay-gradient":""},"tablet":{"background-color":"","background-image":"","background-repeat":"repeat","background-position":"center center","background-size":"auto","background-attachment":"scroll","background-type":"","background-media":"","overlay-type":"","overlay-color":"","overlay-opacity":"","overlay-gradient":""},"mobile":{"background-color":"","background-image":"","background-repeat":"repeat","background-position":"center center","background-size":"auto","background-attachment":"scroll","background-type":"","background-media":"","overlay-type":"","overlay-color":"","overlay-opacity":"","overlay-gradient":""}},"ast-content-background-meta":{"desktop":{"background-color":"var(--ast-global-color-5)","background-image":"","background-repeat":"repeat","background-position":"center center","background-size":"auto","background-attachment":"scroll","background-type":"","background-media":"","overlay-type":"","overlay-color":"","overlay-opacity":"","overlay-gradient":""},"tablet":{"background-color":"var(--ast-global-color-5)","background-image":"","background-repeat":"repeat","background-position":"center center","background-size":"auto","background-attachment":"scroll","background-type":"","background-media":"","overlay-type":"","overlay-color":"","overlay-opacity":"","overlay-gradient":""},"mobile":{"background-color":"var(--ast-global-color-5)","background-image":"","background-repeat":"repeat","background-position":"center center","background-size":"auto","background-attachment":"scroll","background-type":"","background-media":"","overlay-type":"","overlay-color":"","overlay-opacity":"","overlay-gradient":""}},"footnotes":""},"class_list":["post-906","page","type-page","status-publish","has-post-thumbnail","hentry"],"_links":{"self":[{"href":"https:\/\/users.utu.fi\/taesho\/wp-json\/wp\/v2\/pages\/906","targetHints":{"allow":["GET"]}}],"collection":[{"href":"https:\/\/users.utu.fi\/taesho\/wp-json\/wp\/v2\/pages"}],"about":[{"href":"https:\/\/users.utu.fi\/taesho\/wp-json\/wp\/v2\/types\/page"}],"author":[{"embeddable":true,"href":"https:\/\/users.utu.fi\/taesho\/wp-json\/wp\/v2\/users\/6396"}],"replies":[{"embeddable":true,"href":"https:\/\/users.utu.fi\/taesho\/wp-json\/wp\/v2\/comments?post=906"}],"version-history":[{"count":6,"href":"https:\/\/users.utu.fi\/taesho\/wp-json\/wp\/v2\/pages\/906\/revisions"}],"predecessor-version":[{"id":939,"href":"https:\/\/users.utu.fi\/taesho\/wp-json\/wp\/v2\/pages\/906\/revisions\/939"}],"up":[{"embeddable":true,"href":"https:\/\/users.utu.fi\/taesho\/wp-json\/wp\/v2\/pages\/645"}],"wp:featuredmedia":[{"embeddable":true,"href":"https:\/\/users.utu.fi\/taesho\/wp-json\/wp\/v2\/media\/249"}],"wp:attachment":[{"href":"https:\/\/users.utu.fi\/taesho\/wp-json\/wp\/v2\/media?parent=906"}],"curies":[{"name":"wp","href":"https:\/\/api.w.org\/{rel}","templated":true}]}}