{"id":942,"date":"2021-10-21T15:47:11","date_gmt":"2021-10-21T12:47:11","guid":{"rendered":"https:\/\/users.utu.fi\/taesho\/?page_id=942"},"modified":"2021-10-21T15:50:31","modified_gmt":"2021-10-21T12:50:31","slug":"materiaalit","status":"publish","type":"page","link":"https:\/\/users.utu.fi\/taesho\/tutkimus\/materiaalit\/","title":{"rendered":"Materiaalit"},"content":{"rendered":"<p>Jos ker\u00e4\u00e4 hy\u00f6nteisi\u00e4 vuoden ajan trooppisessa mets\u00e4ss\u00e4, saa vaikuttavaan aineiston. Minulta l\u00f6ytyy valtava kasa hy\u00f6nteisi\u00e4, tieteelle uusia lajeja ym., jotka odottelevat <a href=\"https:\/\/collections.utu.fi\">museolla<\/a> ett\u00e4 niit\u00e4 tutkittaisiin.<\/p>\n<p>Ota yhteytt\u00e4 jos haluat tutkia niit\u00e4! Jaan mielell\u00e4\u00e4n aineistoani, ei puhettakaan ett\u00e4 ehtisin k\u00e4sitell\u00e4 kaiken omana elinaikanani. Katso alhaalta lis\u00e4tietoja ja k\u00e4ytt\u00f6ehdot.<\/p>\n<h3>Uganda 2014\u20132015<\/h3>\n<h4>P\u00e4hkin\u00e4nkuoressa<\/h4>\n<ul>\n<li>876 malaisen\u00e4ytett\u00e4\n<ul>\n<li>\u2248 100 litraa hy\u00f6nteisi\u00e4 ja joitain muita eli\u00f6ryhmi\u00e4<\/li>\n<li>\u2248 100 000 loispisti\u00e4ist\u00e4 (Ichneumonidae + Braconidae)<\/li>\n<\/ul>\n<\/li>\n<li>3437 haavittua hy\u00f6nteist\u00e4<\/li>\n<\/ul>\n<p>Ker\u00e4sin n\u00e4m\u00e4 <a href=\"https:\/\/www.google.fi\/maps\/place\/Makarere+University+Biological+Field+Station+(MUBFS)\/@0.5504322,30.0755314,99100m\/data=!3m1!1e3!4m12!1m6!3m5!1s0x176231f526596fdb:0xebd819780ac53467!2sMakerere+university+Biological+Field+Station!8m2!3d0.4382416!4d30.3939874!3m4!1s0x1763cd9a7e284fb5:0x745c25cadb37ebd0!8m2!3d0.5597359!4d30.3579712\">Kibalen kansallispuistossa<\/a>, Ugandassa, vuoden ajan 2014\u20132015. Yhteens\u00e4 34 malaisepyydyst\u00e4 ker\u00e4si lent\u00e4vi\u00e4 hy\u00f6nteisi\u00e4 eri mets\u00e4tyypeiss\u00e4. Tyhjensin pyydykset noin kahden viikon v\u00e4lein (norsujen niin salliessa). Tiedot s\u00e4\u00e4st\u00e4, kasvillisuudesta pyydysten l\u00e4hell\u00e4, kartta ym. l\u00f6ytyv\u00e4t <a href=\"https:\/\/doi.org\/10.5281\/zenodo.2225643\">t\u00e4\u00e4lt\u00e4<\/a>. Lis\u00e4tietoja <a href=\"https:\/\/doi.org\/10.1098\/rsos.190913\">ensimm\u00e4isess\u00e4 artikkelissamme<\/a>.<\/p>\n<p>Esimerkkein\u00e4 siit\u00e4 mit\u00e4 aineistolla voi tehd\u00e4, lue porapisti\u00e4isten (Rhyssinae) <a href=\"https:\/\/doi.org\/10.3897\/zookeys.878.37845\">taksonomiasta<\/a> ja <a href=\"https:\/\/doi.org\/10.1098\/rsos.190913\">ekologiasta<\/a>.<\/p>\n<h4>Materiaali yksityiskohtaisemmin<\/h4>\n<p>Vuosien saatossa aineistoa on k\u00e4sitelty ja siit\u00e4 on tullut.. vaikeasti hahmotettava. Nykyisell\u00e4\u00e4n (2021) sen tilanne on yksinkertaistettuna seuraava.<\/p>\n<ul>\n<li><strong>876 malaisen\u00e4ytett\u00e4<\/strong>\n<ul>\n<li>s\u00e4il\u00f6tty noin 70% etanoliin, lasipurkeissa<\/li>\n<li>kussakin n\u00e4ytteess\u00e4 noin 2 dl hy\u00f6nteisi\u00e4 + muita selk\u00e4rangattomia ja joitain selk\u00e4rankaisia<\/li>\n<li>loispisti\u00e4iset (Ichneumonidae + Braconidae) ja h\u00e4m\u00e4h\u00e4kit on eroteltu n\u00e4ist\u00e4<\/li>\n<\/ul>\n<\/li>\n<li><strong>876 pisti\u00e4isn\u00e4ytett\u00e4<\/strong>\n<ul>\n<li>s\u00e4il\u00f6tty noin 70% etanoliin, lasipurkeissa<\/li>\n<li>kussakin n\u00e4ytteess\u00e4 noin 150 loispisti\u00e4ist\u00e4, jotka eroteltu malaisen\u00e4ytteist\u00e4<\/li>\n<li>porapisti\u00e4iset (alaheimo Rhyssinae) on eroteltu n\u00e4ist\u00e4, jotkin muut alaheimot on osittain eroteltu<\/li>\n<\/ul>\n<\/li>\n<li><strong>876 h\u00e4m\u00e4h\u00e4kkin\u00e4ytett\u00e4<\/strong>\n<ul>\n<li>s\u00e4il\u00f6tty noin 70% etanoliin, koeputkissa<\/li>\n<li>kussakin n\u00e4ytteess\u00e4 h\u00e4m\u00e4h\u00e4kkej\u00e4 jotka eroteltu malaisen\u00e4ytteist\u00e4<\/li>\n<\/ul>\n<\/li>\n<li><strong>448 porapisti\u00e4ist\u00e4 (Rhyssinae)<\/strong>\n<ul>\n<li>neulottu ja s\u00e4ilytet\u00e4\u00e4n laatikoissa<\/li>\n<li>eroteltu pisti\u00e4isn\u00e4ytteist\u00e4, lajiteltu kuuteen lajiin ja julkaistu (<a href=\"https:\/\/doi.org\/10.3897\/zookeys.878.37845\">1<\/a>,<a href=\"https:\/\/doi.org\/10.1098\/rsos.190913\">2<\/a>).<\/li>\n<\/ul>\n<\/li>\n<li><strong>1245 sirppipisti\u00e4ist\u00e4 (Ophioninae)<\/strong>\n<ul>\n<li>s\u00e4il\u00f6tty noin 70% etanoliin koeputkissa, paitsi yksi jalka kultakin pisti\u00e4iselt\u00e4 96% etanolissa pakastimessa<\/li>\n<li>eroteltu malaisen\u00e4ytteist\u00e4 jo Ugandassa (jotkin sirppipisti\u00e4iset ovat yh\u00e4 pisti\u00e4isn\u00e4ytteiss\u00e4)<\/li>\n<\/ul>\n<\/li>\n<li><strong>3437 haavittua hy\u00f6nteist\u00e4<\/strong>\n<ul>\n<li>s\u00e4il\u00f6tty 96% etanoliin koeputkissa, pakastimessa<\/li>\n<li>p\u00e4\u00e4osin loispisti\u00e4isi\u00e4<\/li>\n<li>keruutiedot (paikka ja aika) l\u00f6ytyv\u00e4t, mutta niit\u00e4 ei viel\u00e4 ole ladattu tietokantaan<\/li>\n<\/ul>\n<\/li>\n<\/ul>\n<h4>Aineiston k\u00e4ytt\u00f6<\/h4>\n<p>Ota yhteytt\u00e4 jos yll\u00e4olevat kiinnostavat! Jaan mielell\u00e4ni aineistoani ja\/tai annan lis\u00e4\u00e4 tietoa.<\/p>\n<p>Merkitt\u00e4vin rajoite on aineiston k\u00e4sittelyyn kuluva aika. Arvion, ett\u00e4 tietyn ryhm\u00e4n erottelu malaisen\u00e4ytteist\u00e4 kest\u00e4\u00e4 <strong>v\u00e4hint\u00e4\u00e4n 30 viikkoa<\/strong>. Jos kiinnostuksen kohteesi majailee yh\u00e4 muiden hy\u00f6nteisten seassa malaisen\u00e4ytteiss\u00e4, joudut todenn\u00e4k\u00f6isesti k\u00e4ytt\u00e4m\u00e4\u00e4n runsaasti omaa aikaasi saadaksesi sen k\u00e4siisi.\u00a0En valitettavasti usko ehtiv\u00e4ni itse tehd\u00e4 t\u00e4t\u00e4.<\/p>\n<p>K\u00e4ytt\u00f6ehdot ovat seuraavanlaiset. Joustovaraa l\u00f6ytyy kyll\u00e4, ota yhteytt\u00e4 niin voimme neuvotella \ud83d\ude42<\/p>\n<ul>\n<li>Aineistoon perustuvien julkaisujen tulisi olla <strong>avoimia<\/strong> (=ilmaisia lukea).<\/li>\n<li>Tahtoisin olla yksi <strong>kirjoittajista<\/strong> julkaisuissa.<\/li>\n<li>Aineiston tulisi mieluiten <strong>pysy\u00e4 museolla<\/strong> (lyhyet lainat voivat onnistua).<\/li>\n<li>Julkaisujen aineistot tulisi tallettaa <a href=\"https:\/\/zenodo.org\/communities\/uganda2014-2015\/?page=1&amp;size=20\"><strong>Zenodoon<\/strong><\/a>.<\/li>\n<\/ul>\n","protected":false},"excerpt":{"rendered":"<p>Jos ker\u00e4\u00e4 hy\u00f6nteisi\u00e4 vuoden ajan trooppisessa mets\u00e4ss\u00e4, saa vaikuttavaan aineiston. Minulta l\u00f6ytyy valtava kasa hy\u00f6nteisi\u00e4, tieteelle uusia lajeja ym., jotka odottelevat museolla ett\u00e4 niit\u00e4 tutkittaisiin. Ota yhteytt\u00e4 jos haluat tutkia niit\u00e4! Jaan mielell\u00e4\u00e4n aineistoani, ei puhettakaan ett\u00e4 ehtisin k\u00e4sitell\u00e4 kaiken omana elinaikanani. Katso alhaalta lis\u00e4tietoja ja k\u00e4ytt\u00f6ehdot. Uganda 2014\u20132015 P\u00e4hkin\u00e4nkuoressa 876 malaisen\u00e4ytett\u00e4 \u2248 100 litraa [&hellip;]<\/p>\n","protected":false},"author":6396,"featured_media":249,"parent":639,"menu_order":4,"comment_status":"closed","ping_status":"closed","template":"","meta":{"site-sidebar-layout":"default","site-content-layout":"default","ast-site-content-layout":"default","site-content-style":"default","site-sidebar-style":"default","ast-global-header-display":"","ast-banner-title-visibility":"","ast-main-header-display":"","ast-hfb-above-header-display":"","ast-hfb-below-header-display":"","ast-hfb-mobile-header-display":"","site-post-title":"","ast-breadcrumbs-content":"","ast-featured-img":"","footer-sml-layout":"","ast-disable-related-posts":"","theme-transparent-header-meta":"default","adv-header-id-meta":"","stick-header-meta":"","header-above-stick-meta":"","header-main-stick-meta":"","header-below-stick-meta":"","astra-migrate-meta-layouts":"default","ast-page-background-enabled":"default","ast-page-background-meta":{"desktop":{"background-color":"var(--ast-global-color-4)","background-image":"","background-repeat":"repeat","background-position":"center center","background-size":"auto","background-attachment":"scroll","background-type":"","background-media":"","overlay-type":"","overlay-color":"","overlay-opacity":"","overlay-gradient":""},"tablet":{"background-color":"","background-image":"","background-repeat":"repeat","background-position":"center center","background-size":"auto","background-attachment":"scroll","background-type":"","background-media":"","overlay-type":"","overlay-color":"","overlay-opacity":"","overlay-gradient":""},"mobile":{"background-color":"","background-image":"","background-repeat":"repeat","background-position":"center center","background-size":"auto","background-attachment":"scroll","background-type":"","background-media":"","overlay-type":"","overlay-color":"","overlay-opacity":"","overlay-gradient":""}},"ast-content-background-meta":{"desktop":{"background-color":"var(--ast-global-color-5)","background-image":"","background-repeat":"repeat","background-position":"center center","background-size":"auto","background-attachment":"scroll","background-type":"","background-media":"","overlay-type":"","overlay-color":"","overlay-opacity":"","overlay-gradient":""},"tablet":{"background-color":"var(--ast-global-color-5)","background-image":"","background-repeat":"repeat","background-position":"center center","background-size":"auto","background-attachment":"scroll","background-type":"","background-media":"","overlay-type":"","overlay-color":"","overlay-opacity":"","overlay-gradient":""},"mobile":{"background-color":"var(--ast-global-color-5)","background-image":"","background-repeat":"repeat","background-position":"center center","background-size":"auto","background-attachment":"scroll","background-type":"","background-media":"","overlay-type":"","overlay-color":"","overlay-opacity":"","overlay-gradient":""}},"footnotes":""},"class_list":["post-942","page","type-page","status-publish","has-post-thumbnail","hentry"],"_links":{"self":[{"href":"https:\/\/users.utu.fi\/taesho\/wp-json\/wp\/v2\/pages\/942","targetHints":{"allow":["GET"]}}],"collection":[{"href":"https:\/\/users.utu.fi\/taesho\/wp-json\/wp\/v2\/pages"}],"about":[{"href":"https:\/\/users.utu.fi\/taesho\/wp-json\/wp\/v2\/types\/page"}],"author":[{"embeddable":true,"href":"https:\/\/users.utu.fi\/taesho\/wp-json\/wp\/v2\/users\/6396"}],"replies":[{"embeddable":true,"href":"https:\/\/users.utu.fi\/taesho\/wp-json\/wp\/v2\/comments?post=942"}],"version-history":[{"count":6,"href":"https:\/\/users.utu.fi\/taesho\/wp-json\/wp\/v2\/pages\/942\/revisions"}],"predecessor-version":[{"id":960,"href":"https:\/\/users.utu.fi\/taesho\/wp-json\/wp\/v2\/pages\/942\/revisions\/960"}],"up":[{"embeddable":true,"href":"https:\/\/users.utu.fi\/taesho\/wp-json\/wp\/v2\/pages\/639"}],"wp:featuredmedia":[{"embeddable":true,"href":"https:\/\/users.utu.fi\/taesho\/wp-json\/wp\/v2\/media\/249"}],"wp:attachment":[{"href":"https:\/\/users.utu.fi\/taesho\/wp-json\/wp\/v2\/media?parent=942"}],"curies":[{"name":"wp","href":"https:\/\/api.w.org\/{rel}","templated":true}]}}