{"id":64,"date":"2018-06-20T18:52:17","date_gmt":"2018-06-20T18:52:17","guid":{"rendered":"http:\/\/users.utu.fi\/tekahon\/?page_id=64"},"modified":"2025-12-03T11:08:32","modified_gmt":"2025-12-03T11:08:32","slug":"publications","status":"publish","type":"page","link":"https:\/\/users.utu.fi\/tekahon\/research\/publications\/","title":{"rendered":"Publications"},"content":{"rendered":"<h6>Peer-reviewed articles<a id=\"article-147292\" href=\"https:\/\/journal.fi\/fuf\/article\/view\/147292\"><\/a><\/h6>\n<div>\n<p>Kallio, P., Mets\u00e4ranta, N. &amp; <strong>Honkola, T<\/strong>. 2025. The language-contact landscape in the Baltics during the first millennium BC. <em>Finnisch-Ugrische Forschungen<\/em>. 70: 27\u201380. <a href=\"https:\/\/doi.org\/10.33339\/fuf.147292\">https:\/\/doi.org\/10.33339\/fuf.147292<\/a>.<\/p>\n<p>Mets\u00e4ranta, N., Milanova, V. &amp; <strong>Honkola, T.<\/strong> 2025. \u00a0An Areal-Etymological Approach to Semantic Reconstruction of Proto-Uralic Kin Terms. <i>Finnisch-Ugrische Forschungen. <\/i>70: 113\u2013174. <a href=\"https:\/\/doi.org\/10.33339\/fuf.146092\">https:\/\/doi.org\/10.33339\/fuf.146092<\/a>.<\/p>\n<\/div>\n<p>Nitch, A., Lummaa, V., Ketola, T., <strong>Honkola, T.<\/strong>, Vesakoski, O. &amp; Briga, M. 2025. The spatial distribution of pertussis, but not measles or smallpox, in pre-industrial Finland matches dialects.<em> iScience<\/em>. <a href=\"https:\/\/doi.org\/10.1016\/j.isci.2025.112530\">https:\/\/doi.org\/10.1016\/j.isci.2025.112530<\/a><\/p>\n<p>Pesonen, P., Piha, M., Ahola, M., Holmqvist, E. &amp; <strong>Honkola, T.<\/strong> 2025. Pottery, language and iron: reassessing Luukonsaari and Sirnihta Wares and their cultural context in Early Iron Age Finland. <em>Documenta Praehistorica<\/em>. <i>52<\/i>: 2-27. <a href=\"https:\/\/doi.org\/10.4312\/dp.52.4\">https:\/\/doi.org\/10.4312\/dp.52.4<\/a><\/p>\n<p>Santaharju, J., Syrj\u00e4nen, K.,<strong> Honkola<\/strong>, T., Sepp\u00e4, P., Vesakoski, O. &amp; Leino U. 2025. Data Release: Digitized Dialect Atlas of Finnish by Lauri Kettunen. <i>Digital Humanities in the Nordic and Baltic Countries Publications.<\/i> 7: 3. <a href=\"https:\/\/doi.org\/10.5617\/dhnbpub.12270\">https:\/\/doi.org\/10.5617\/dhnbpub.12270<\/a>.<\/p>\n<p>Milanova, V., Mets\u00e4ranta, N. &amp; <strong>Honkola, T.\u00a0<\/strong>2024. Kinship terminologies of the Circum-Baltic Area: Convergences and Structural Properties. <em>Journal of Language Contact<\/em>. 17<em>:<\/em> 315-358. <a href=\"https:\/\/doi.org\/10.1163\/19552629-bja10079\" target=\"_blank\" rel=\"noopener\">https:\/\/doi.org\/10.1163\/19552629-bja10079<\/a><\/p>\n<p><strong>Honkola, T.<\/strong>, &amp; Jordan, F. M. 2023. Kin Term Borrowings in the World\u2019s Languages. <em>Journal of Language Contact.<\/em> 15: 562-626. <a href=\"https:\/\/doi.org\/10.1163\/19552629-15030004\" target=\"_blank\" rel=\"noopener\">https:\/\/doi.org\/10.1163\/19552629-15030004<\/a><\/p>\n<p>Mets\u00e4ranta, N., Milanova, V. &amp; <strong>Honkola, T.<\/strong> 2023. Borrowability of kinship terms in Uralic languages. <em>Finnisch-Ugrische Forschungen<\/em> 68. <a href=\"https:\/\/doi.org\/10.33339\/fuf.120920\">https:\/\/doi.org\/10.33339\/fuf.120920<\/a><\/p>\n<p>Moilanen, U., Salmela, E. &amp; <strong>Honkola, T.<\/strong> 2023. <a href=\"http:\/\/www.sarks.fi\/masf\/masf_11\/MASF11_20_Moilanen_et_al.pdf\">Families on the move? The case of Proto-Finnic speakers.<\/a> <em>Moving northward: Professor Volker Heyd&#8217;s Festschrift as he turns 60.<\/em> Lahelma, A., Lavento, M., Mannermaa, K., Ahola, M., Holmqvist, E. &amp; Nordqvist, K. (eds.). [Helsinki]: <span class=\"pages\">p. 311-329,<\/span> <span class=\"numberofpages\">19 p.<\/span> (Monographs of the Archaeological Society of Finland; no. 11).<\/p>\n<p>Passmore, S., Barth, W., Greenhill, S.J., Quinn, K., Sheard, C., Argyriou, P., Birchall, J., Bowern, C., Calladine, J., Deb, A., Diederen, A., Mets\u00e4ranta, N.P., Araujo, L.H., Schembri, R., Hickey-Hall, J., <strong>Honkola, T.<\/strong>, Mitchell, A., Poole, L., R\u00e1cz, P.M., Roberts, S.G., Ross, R.M., Thomas-Colquhoun, E., Evans, N., Jordan, F. M. 2023. Kinbank: A global database of kinship terminology.<em> PLoS ONE<\/em> 18(5): e0283218. <a href=\"https:\/\/doi.org\/10.1371\/journal.pone.0283218\">https:\/\/doi.org\/10.1371\/journal.pone.0283218<\/a><\/p>\n<p>Norvik, M., Jing, Y., Dunn, M., Forkel, R., <strong>Honkola, T.<\/strong>, Klumpp, G., Kowalik, R., Metslang, H., Pajusalu, K., Piha, M., Saar, E., Saarinen, S. &amp; Vesakoski, O. 2022. Uralic typology in the light of a new comprehensive dataset. <em>Journal of Uralic Linguistics<\/em>. 1: 4-42. <a href=\"https:\/\/doi.org\/10.1075\/jul.00002.nor\">https:\/\/doi.org\/10.1075\/jul.00002.nor<\/a><\/p>\n<p>Lynch, R., Loehr, J., Lummaa, V., <strong>Honkola, T.<\/strong>, Pettay, J. &amp; Vesakoski, O. 2022. Socio-cultural similarity with host population rather than ecological similarity predicts success and failure of human migrations. <em>Proceedings of the Royal Society B.<\/em> 289: 20212298.\u00a0 <a href=\"https:\/\/doi.org\/10.1098\/rspb.2021.2298\">https:\/\/doi.org\/10.1098\/rspb.2021.2298<\/a><\/p>\n<p>Syrj\u00e4nen, K.*, Maurits, L.*, Leino, U.,<strong> Honkola, T.,<\/strong> Rota, J. &amp; Vesakoski, O. 2021. Crouching TIGER, hidden structure: Exploring the nature of linguistic data using TIGER values. <em>Journal of Language Evolution.<\/em> lzab004, <a href=\"https:\/\/doi.org\/10.1093\/jole\/lzab004\">https:\/\/doi.org\/10.1093\/jole\/lzab004<\/a> *Shared first authorship.<\/p>\n<p>Rantanen, T., Tolvanen, H., <strong>Honkola, T.<\/strong>, &amp; Vesakoski, O. 2021. A comprehensive spatial model for historical travel effort &#8211; a case study in Finland. <i>Fennia &#8211; International Journal of Geography<\/i> 199: 61\u201388. <a href=\"https:\/\/doi.org\/10.11143\/fennia.98357\">https:\/\/doi.org\/10.11143\/fennia.98357<\/a><\/p>\n<p>Ketola, T., Briga, M., <strong>Honkola, T.<\/strong> &amp; Lummaa, V. 2021. Town population size and structuring into villages and households drive infectious disease risks in pre-healthcare Finland.<em> Proceedings of the Royal Society B.<\/em> 288: 20210356. <a href=\"https:\/\/doi.org\/10.1098\/rspb.2021.0356\">https:\/\/doi.org\/10.1098\/rspb.2021.0356<\/a><\/p>\n<p>Maurits, L., de Heer, M., <strong>Honkola, T<\/strong>., Dunn, M. &amp; Vesakoski, O. 2019. Best practices in justifying calibrations for dating language families. <em>Journal of Language Evolution. <\/em>lzz009, <a href=\"https:\/\/doi.org\/10.1093\/jole\/lzz009\">https:\/\/doi.org\/10.1093\/jole\/lzz009<\/a><\/p>\n<p><strong>Honkola, T.<\/strong>, Syrj\u00e4nen, K., Santaharju, J. &amp; Pajusalu, K. 2019. Clustering lexical variation of Finnic languages based on Atlas Linguarum Fennicarum. <em>Linguistica Uralica 55:3.\u00a0<\/em><a href=\"http:\/\/www.kirj.ee\/public\/Linguistica_Uralica\/2019\/issue_3\/ling-2019-3-161-184.pdf\">https:\/\/dx.doi.org\/10.3176\/lu.2019.3.01<\/a><\/p>\n<p>Tambets, K., Yunusbayev, B., Hudjashov, G., Ilum\u00e4e, A-M., Rootsi, S., <strong>Honkola, T.<\/strong>,Vesakoski, O., Atkinson, Q.\u00a0 et al. 2018. Genes reveal traces of common recent demographic history for most of the Uralic-speaking populations. <em>Genome Biology<\/em>. 19:139. <a href=\"https:\/\/doi.org\/10.1186\/s13059-018-1522-1\">https:\/\/doi.org\/10.1186\/s13059-018-1522-1.<\/a><\/p>\n<p><strong>Honkola, T<\/strong>., Ruokolainen, K., Syrj\u00e4nen, K. J. J., Leino U, Tammi, I, Wahlberg, N. &amp; Vesakoski, O. 2018. Evolution within a language: Environmental differences contribute to divergence of dialect groups. <em>BMC Evolutionary Biology.\u00a0<\/em><span class=\"ArticleCitation\"><span class=\"ArticleCitation_Volume\"><a href=\"https:\/\/rdcu.be\/5L8S\">18:132<\/a>. https:\/\/doi.org\/10.1186\/s12862-018-1238-6<br \/>\n<\/span><\/span><\/p>\n<p>Syrj\u00e4nen, K.*, <strong>Honkola, T.*<\/strong>, Lehtinen, J., Leino, A. &amp; Vesakoski, O. 2016. Applying population genetic approaches within languages: Finnish dialects as\u00a0linguistic populations.<em> Language Dynamics and Change. <\/em>6: 235\u2013283. DOI: <a href=\"https:\/\/doi.org\/10.1163\/22105832-00602002\">10.1163\/22105832-00602002<\/a> *Shared first authorship.<\/p>\n<p>Ala-Honkola, O., Laine, L., Pekkala, N., Kotiaho, J. S.,<strong> Honkola, T.<\/strong> &amp; Puurtinen, M. 2015. Males gain fitness benefits by mating with outbred females in <em>Drosophila littoralis<\/em>: male choice for genetic quality? <em>Ethology<\/em> 121: 577\u2013585. DOI:\u00a010.1111\/eth.12369<\/p>\n<p>Lehtinen, J., <strong>Honkola, T.<\/strong>, Korhonen, K., Syrj\u00e4nen, K., Wahlberg, N. &amp; Vesakoski, O. 2014. Behind family trees: Secondary connections in Uralic language networks. <em>Language Dynamics and Change <\/em>4: 189-221.<\/p>\n<p><strong>Honkola, T.<\/strong>, Vesakoski, O., Korhonen, K., Lehtinen, J., Syrj\u00e4nen, K. &amp; Wahlberg, N. 2013. Cultural and climatic changes shape the evolutionary history of the Uralic languages.<em> Journal of Evolutionary Biology <\/em>26: 1244\u20131253<em>. <\/em>DOI:\u00a010.1111\/jeb.12107.<\/p>\n<p>Syrj\u00e4nen, K., <strong>Honkola, T.<\/strong>, Lehtinen, J., Korhonen, K., Vesakoski, O. &amp; Wahlberg, N. 2013. Shedding more light on language classification using basic vocabularies and phylogenetic methods: A case study of Uralic. <em>Diachronica<\/em> 30: 323-352. DOI: 10.1075\/dia.30.3.02syr<em>.<\/em><\/p>\n<h6><em><strong>Non-peer reviewed articles<\/strong> <\/em><\/h6>\n<p><strong>Honkola, T. <\/strong>2016. Kielten makro- ja mikroevoluutio: Kielten erkaantumisen tutkiminen evoluutiobiologisista l\u00e4ht\u00f6kohdista. [Macro- and microevolution of languages: Exploring linguistic divergence with approaches from evolutionary biology]. <em>Lectio praecursoria. <a href=\"https:\/\/journal.fi\/virittaja\/article\/view\/55518\">Online version of the journal Viritt\u00e4j\u00e4 <\/a><\/em>1.<\/p>\n<h6><strong><em>Publications intended for general public<\/em><\/strong><\/h6>\n<p>Tambets, K., <strong>Honkola, T.<\/strong> &amp; Metspalu, M. Whole genome-wide study reveals most Uralic-speakers have traces of recent common demographic history in their genes. <a href=\"http:\/\/blogs.biomedcentral.com\/on-biology\/2018\/10\/24\/whole-genome-wide-study-reveals-most-uralic-speakers-have-traces-of-recent-common-demographic-history-in-their-genes\/\"><em>On Biology Blog <\/em>24.10.2018<\/a><\/p>\n<p><strong>Honkola, T.<\/strong> Using a biological framework to resolve the early stages of linguistic divergence <a href=\"http:\/\/blogs.biomedcentral.com\/bmcseriesblog\/2018\/09\/06\/using-biological-framework-resolve-early-stages-linguistic-divergence\/\"><em>BMC Series Blog<\/em> 6.9.2018<\/a>.<\/p>\n<h6><em><strong>Theses<\/strong><\/em><\/h6>\n<p><strong>Honkola, T.<\/strong> 2016. Macro- and microevolution of languages: Exploring linguistic divergence with approaches from evolutionary biology. <a href=\"http:\/\/urn.fi\/URN:ISBN:978-951-29-6375-1\">PhD thesis<\/a>. University of Turku, Turku.<\/p>\n<p><strong>Honkola, T. <\/strong>2009. The effects of inbreeding, crossbreeding and stress on metabolic rate in <em>Drosophila littoralis. <\/em>MSc thesis. University of Jyv\u00e4skyl\u00e4.<\/p>\n<p><strong>Honkola, T<\/strong>. 2007. Takasiiven v\u00e4rityksen ja melanismikuvion periytyminen t\u00e4pl\u00e4siilik\u00e4skoiraalla (<em>Parasemia plantaginis<\/em>). [The inheritance of hindwing color and melanin pattern in wood tiger moth males (<em>Parasemia plantaginis<\/em>)] BSc thesis. University of Jyv\u00e4skyl\u00e4.<\/p>\n<p><strong>\u00a0<\/strong><\/p>\n","protected":false},"excerpt":{"rendered":"<p>Peer-reviewed articles Kallio, P., Mets\u00e4ranta, N. &amp; Honkola, T. 2025. The language-contact landscape in the Baltics during the first millennium BC. Finnisch-Ugrische Forschungen. 70: 27\u201380. https:\/\/doi.org\/10.33339\/fuf.147292. Mets\u00e4ranta, N., Milanova, V. &amp; Honkola, T. 2025. \u00a0An Areal-Etymological Approach to Semantic Reconstruction of Proto-Uralic Kin Terms. Finnisch-Ugrische Forschungen. 70: 113\u2013174. https:\/\/doi.org\/10.33339\/fuf.146092. Nitch, A., Lummaa, V., Ketola, T., &hellip; <a href=\"https:\/\/users.utu.fi\/tekahon\/research\/publications\/\" class=\"more-link\">Continue reading<span class=\"screen-reader-text\"> &#8220;Publications&#8221;<\/span><\/a><\/p>\n","protected":false},"author":2569,"featured_media":0,"parent":67,"menu_order":0,"comment_status":"closed","ping_status":"closed","template":"","meta":{"footnotes":""},"class_list":["post-64","page","type-page","status-publish","hentry"],"_links":{"self":[{"href":"https:\/\/users.utu.fi\/tekahon\/wp-json\/wp\/v2\/pages\/64","targetHints":{"allow":["GET"]}}],"collection":[{"href":"https:\/\/users.utu.fi\/tekahon\/wp-json\/wp\/v2\/pages"}],"about":[{"href":"https:\/\/users.utu.fi\/tekahon\/wp-json\/wp\/v2\/types\/page"}],"author":[{"embeddable":true,"href":"https:\/\/users.utu.fi\/tekahon\/wp-json\/wp\/v2\/users\/2569"}],"replies":[{"embeddable":true,"href":"https:\/\/users.utu.fi\/tekahon\/wp-json\/wp\/v2\/comments?post=64"}],"version-history":[{"count":45,"href":"https:\/\/users.utu.fi\/tekahon\/wp-json\/wp\/v2\/pages\/64\/revisions"}],"predecessor-version":[{"id":510,"href":"https:\/\/users.utu.fi\/tekahon\/wp-json\/wp\/v2\/pages\/64\/revisions\/510"}],"up":[{"embeddable":true,"href":"https:\/\/users.utu.fi\/tekahon\/wp-json\/wp\/v2\/pages\/67"}],"wp:attachment":[{"href":"https:\/\/users.utu.fi\/tekahon\/wp-json\/wp\/v2\/media?parent=64"}],"curies":[{"name":"wp","href":"https:\/\/api.w.org\/{rel}","templated":true}]}}