{"id":20,"date":"2023-12-05T09:03:20","date_gmt":"2023-12-05T07:03:20","guid":{"rendered":"https:\/\/users.utu.fi\/thnale\/?page_id=20"},"modified":"2023-12-26T21:42:03","modified_gmt":"2023-12-26T19:42:03","slug":"papers","status":"publish","type":"page","link":"https:\/\/users.utu.fi\/thnale\/publications\/papers\/","title":{"rendered":"Scholarly monographs &amp; papers"},"content":{"rendered":"<p>Nilsson, Jenny, Wenner, Lena, Leinonen, Therese and Thorselius, Eva (2021). <a href=\"https:\/\/doi.org\/10.1075\/silv.27.08nil\">New and old social meanings in urban and rural Sweden: The changing indexicalities of damped \/i\/<\/a>. In <a href=\"https:\/\/benjamins.com\/catalog\/silv.27\">Urban Matters: Current approaches in variationist sociolinguistics<\/a>, A. Ziegler, S. Edler and G. Oberdorfer (eds.), 179-202. Studies in Language Variation 27. John Benjamins.<\/p>\n<p>Nilsson, Jenny, Leinonen, Therese and Wenner, Lena (2019). <a href=\"https:\/\/doi.org\/10.1075\/silv.22.09nil\">Tracking change in social meaning: the indexicality of &#8220;damped&#8221; \/i\/ in rural Sweden<\/a>. In <a href=\"https:\/\/doi.org\/10.1075\/silv.22\">Language Variation &#8211; European Perspectives VII: Selected papers from the Ninth International Conference on Language Variation in Europe (ICLaVE 9), Malaga, June 2017<\/a>, J.-A. Villena-Ponsoda, F. D\u00edaz Montesinos, A.-M. \u00c1vila-Mu\u00f1oz and M. Vida-Castro (eds.), 146\u2013157. Studies in Language Variation 22. John Benjamins.<\/p>\n<p>Leinonen, Therese (2017). Kvantitet i V:C-sekvenser i svenskan i Finland: Kategorisk variabel eller kontinuerlig variation? In <a href=\"http:\/\/hdl.handle.net\/2077\/52211\">Svenskans beskrivning 35<\/a>, E. Sk\u00f6ldberg et al. (eds.), 149-160. G\u00f6teborgsstudier i nordisk spr\u00e5kvetenskap 29. G\u00f6teborgs universitet.<\/p>\n<p>S\u00f6derg\u00e5rd, Lisa and Leinonen, Therese (2017). <a href=\"http:\/\/urn.fi\/URN:NBN:fi-fe201705036309\">Talko &#8211; korpus \u00f6ver den talade svenskan i Finland: Korpusbygge i teori och praktik<\/a>. In <em>Ideologi, identitet, intervention: Nordisk dialektologi 10<\/em>, J.-O. \u00d6stman et al. (eds.). Nordica Helsingiensia 48. Helsingfors universitet.<\/p>\n<p>Gross, Johan, Boyd, Sally, Leinonen, Therese and Walker, James A. (2016). <a href=\"http:\/\/dx.doi.org\/10.1017\/S0954394516000065\">A tale of two cities (and one vowel): sociolinguistic variation in Swedish<\/a>. <em>Language Variation and Change<\/em> 28, 225-247.<\/p>\n<p>Leinonen, Therese and Henning-Lindblom, Anna (2016). Gymnasieelevers \u00e5sikter om standardspr\u00e5k och variation i finlandssvenskan. In <a href=\"http:\/\/urn.fi\/URN:ISBN:978-951-39-6828-1\">Svenskan i Finland 16<\/a>, J. Kolu, M. Kuronen &amp; \u00c5. Palviainen (eds.), 92-107. Jyv\u00e4skyl\u00e4 studies in humanities 298. University of Jyv\u00e4skyl\u00e4.<\/p>\n<p>Therese Leinonen, \u00c7\u00f6ltekin, \u00c7agri and Nerbonne, John (2016). <a href=\"http:\/\/dx.doi.org\/10.1016\/j.lingua.2015.02.004\">Using Gabmap<\/a>. <em>Lingua<\/em> 178, 71-83.<\/p>\n<p>Leinonen, Therese (2015). <a href=\"https:\/\/www.sls.fi\/sv\/utgivning\/talet-lever\">Talet lever! Fyra studier i svenskt talspr\u00e5k i Finland<\/a>. Studier i nordisk filologi 86. Helsingfors: Svenska litteraturs\u00e4llskapet i Finland.<\/p>\n<p>Leinonen, Therese (2015). <a href=\"https:\/\/research.utu.fi\/converis\/getfile?id=5566232\">Finlandssvenskars uppfattningar och \u00e5sikter om spr\u00e5klig variation: en webbenk\u00e4t<\/a>. <em>Folkm\u00e5lsstudier<\/em> 53, 117-139.<\/p>\n<p>Leinonen, Therese (2015). Exempel p\u00e5 variation och f\u00f6r\u00e4ndring i st\u00f6rre st\u00e4ders spr\u00e5k. In <a href=\"http:\/\/www.sls.fi\/sv\/utgivning\/gruppsprak-samsprak-tva-sprak\">Gruppspr\u00e5k, samspr\u00e5k, tv\u00e5 spr\u00e5k<\/a>, M. Tandefelt (ed.), 35-46. Helsingfors: Svenska litteraturs\u00e4llskapet i Finland.<\/p>\n<p>Leinonen, Therese (2015). Dialektgeografi och dialektometri. In <a href=\"https:\/\/www.studentlitteratur.se\/#9789144095660\/Sociolingvistik+i+praktiken\/\">Sociolingvistik i praktiken<\/a>, S. Boyd &amp; S. Ericsson (eds.), 133-157. Lund: Studentlitteratur.<\/p>\n<p>Leinonen, Therese (2013).Phonetic quantity as a social marker in urban Finland Swedish. In: <a href=\"http:\/\/dx.doi.org\/10.3726\/978-3-653-03517-9\">Phonetics in Europe<\/a>, Ch. Gooskens and R. van Bezooijen (eds.), 181-204. Frankfurt a. M.: Peter Lang.<\/p>\n<p>Leinonen, Therese (2012). <a href=\"https:\/\/www.doria.fi\/handle\/10024\/92625\">Indelning av finlandssvenska dialekter med s\u00e4rskild h\u00e4nsyn till \u00c5boland<\/a>. <em>Folkm\u00e5lsstudier<\/em> 50, 155\u2013173.<\/p>\n<p>Nerbonne, John, Colen, Rinke, Gooskens, Charlotte, Kleiweg, Peter and Leinonen, Therese (2011). <a href=\"http:\/\/www.publicacions.ub.edu\/revistes\/dialectologiaSP2011\/\">Gabmap \u2014 A Web Application for Dialectology<\/a>. <em>Dialectologia<\/em> Special Issue II, 65\u201389.<\/p>\n<p>Leinonen, Therese (2011). <a href=\"https:\/\/www.journals.uio.no\/index.php\/osla\/article\/view\/101\">Aggregate Analysis of Vowel Pronunciation in Swedish Dialects<\/a>. <em>Oslo Studies in Language (OSLa)<\/em> 3(2), 75-95.<\/p>\n<p>Leinonen, Therese (2010). <a href=\"http:\/\/irs.ub.rug.nl\/ppn\/327505672\">An Acoustic Analysis of Vowel Pronunciation in Swedish Dialects<\/a>. PhD thesis, University of Groningen. GRODIL 83.<\/p>\n<p>Leinonen, Therese (2008). <a href=\"http:\/\/dx.doi.org\/10.3366\/E175385480900038X\">Factor Analysis of Vowel Pronunciation in Swedish Dialects<\/a>. <em>International Journal of Humanities and Arts Computing<\/em> 2(1-2), 189-204.<\/p>\n<p>Leinonen, Therese and Tandefelt, Marika (2007). <a href=\"https:\/\/doi.org\/10.1515\/IJSL.2007.055\"> Evidence of language loss in progress? Mother tongue proficiency among students in Finland and Sweden<\/a>. <em>International Journal of the Sociology of Language<\/em> 187\/188, 185-204.<\/p>\n<p>Wieling, Martijn, Leinonen, Therese and Nerbonne, John (2007). <a href=\"http:\/\/dl.acm.org\/citation.cfm?id=1626523\">Inducing Sound Segment Differences Using Pair Hidden Markov Models<\/a>. In <em>Computing and Historical Phonology: 9th Meeting of ACL Special Interest Group for Computational Morphology and Phonology, <\/em>Workshop at ACL Prague, 2007, J. Nerbonne, M. Ellison &amp; G. Kondrak (eds.).<\/p>\n<p>Leinonen, Therese (2007). Vokaluttal i n\u00e5gra finlandssvenska dialekter. In <em>Nordisk dialektologi och sociolingvistik<\/em>, T. Arboe (ed.), 246-256. Aarhus: Aarhus universitet.<\/p>\n<p>Leinonen, Therese (2006). P\u00e5 vinst och p\u00e5 f\u00f6rlust. In <em>V\u00e5rt b\u00e4sta arv &#8211; festskrift till Marika Tandefelt den 21 december 2006<\/em>, A.-M. Ivars et al. (eds.), 155-163. Helsinki: Swedish School of Economics and Business Administration.<\/p>\n<p>Leinonen, Therese and Tandefelt, Marika (2000). <a href=\"https:\/\/users.utu.fi\/thnale\/wp-content\/uploads\/sites\/1407\/2023\/12\/leinonen-tandefelt2000.pdf\">Svenskan i Finland &#8211; ett spr\u00e5k i kl\u00e4m? unga finlandssvenskars modersm\u00e5l<\/a>. Swedish School of Economics and Business Administration, Research Reports 50, Helsinki.<\/p>\n","protected":false},"excerpt":{"rendered":"<p>Nilsson, Jenny, Wenner, Lena, Leinonen, Therese and Thorselius, Eva (2021). New and old social meanings in urban and rural Sweden: The changing indexicalities of damped \/i\/. In Urban Matters: Current approaches in variationist sociolinguistics, A. Ziegler, S. Edler and G. Oberdorfer (eds.), 179-202. Studies in Language Variation 27. John Benjamins. Nilsson, Jenny, Leinonen, Therese and [&hellip;]<\/p>\n","protected":false},"author":570,"featured_media":0,"parent":12,"menu_order":0,"comment_status":"closed","ping_status":"closed","template":"","meta":{"footnotes":""},"class_list":["post-20","page","type-page","status-publish","hentry"],"_links":{"self":[{"href":"https:\/\/users.utu.fi\/thnale\/wp-json\/wp\/v2\/pages\/20","targetHints":{"allow":["GET"]}}],"collection":[{"href":"https:\/\/users.utu.fi\/thnale\/wp-json\/wp\/v2\/pages"}],"about":[{"href":"https:\/\/users.utu.fi\/thnale\/wp-json\/wp\/v2\/types\/page"}],"author":[{"embeddable":true,"href":"https:\/\/users.utu.fi\/thnale\/wp-json\/wp\/v2\/users\/570"}],"replies":[{"embeddable":true,"href":"https:\/\/users.utu.fi\/thnale\/wp-json\/wp\/v2\/comments?post=20"}],"version-history":[{"count":9,"href":"https:\/\/users.utu.fi\/thnale\/wp-json\/wp\/v2\/pages\/20\/revisions"}],"predecessor-version":[{"id":56,"href":"https:\/\/users.utu.fi\/thnale\/wp-json\/wp\/v2\/pages\/20\/revisions\/56"}],"up":[{"embeddable":true,"href":"https:\/\/users.utu.fi\/thnale\/wp-json\/wp\/v2\/pages\/12"}],"wp:attachment":[{"href":"https:\/\/users.utu.fi\/thnale\/wp-json\/wp\/v2\/media?parent=20"}],"curies":[{"name":"wp","href":"https:\/\/api.w.org\/{rel}","templated":true}]}}