{"id":22,"date":"2023-12-05T09:05:24","date_gmt":"2023-12-05T07:05:24","guid":{"rendered":"https:\/\/users.utu.fi\/thnale\/?page_id=22"},"modified":"2025-12-29T23:55:34","modified_gmt":"2025-12-29T21:55:34","slug":"popular","status":"publish","type":"page","link":"https:\/\/users.utu.fi\/thnale\/publications\/popular\/","title":{"rendered":"Popular articles"},"content":{"rendered":"<p>Leinonen, Therese (1.12.2025). <a href=\"https:\/\/sprakinstitutet.fi\/pappersordbocker-natordbocker-och-ordbocker-som-bjuder-in-till-samtal\/\">Pappersordb\u00f6cker, n\u00e4tordb\u00f6cker och ordb\u00f6cker som bjuder in till samtal<\/a>. <em>Spr\u00e5kinstitutet, bloggar<\/em>.<\/p>\n<p>Leinonen, Therese (7.8.2025). <a href=\"https:\/\/sprakbruk.fi\/litteratur\/finlandssvenskan-slapar-efter-nar-stockholmskan-utvecklas\/\">Finlandssvenskan sl\u00e4par efter n\u00e4r stockholmskan utvecklas<\/a>. In: <em>Spr\u00e5kbruk<\/em>.<\/p>\n<p>Leinonen, Therese (27.3.2023). <a href=\"https:\/\/www.hbl.fi\/artikel\/95548724-f36d-44bb-958d-3841fed80e13\">Att de och dem blir dom \u00e4r inte dumt utan logiskt<\/a>. In:<em> Hufvudstadsbladet<\/em>.<\/p>\n<p>Leinonen, Therese and R\u00f6nnqvist, Sara (2018). <a href=\"https:\/\/www.sprakbruk.fi\/-\/-hurja-kiva-eller-grymt-bra-\">&#8220;Hurja kiva&#8221; eller &#8220;grymt bra&#8221;? F\u00f6rst\u00e4rkningsord i finlandssvenskt talspr\u00e5k<\/a>. <em>Spr\u00e5kbruk<\/em> 2018(2), 22-27.<\/p>\n<p>Tre fr\u00e5gor till Therese Leinonen. <a href=\"https:\/\/www.sls.fi\/sv\/utgivning\/kallan-20112\"><i>K\u00e4llan<\/i> 2011(2)<\/a>, 12-13.<\/p>\n<p>Leinonen, Therese (2010). <a href=\"https:\/\/sprakbruk.fi\/artiklar\/vokaluttal-i-svenska-dialekter\/\">Vokaluttal i svenska dialekter<\/a>. <em>Spr\u00e5kbruk<\/em> 2010(3), 10-15.<\/p>\n<p>Vanhove, Jan, Leinonen, Therese, van Heuven, Vincent and Gooskens, Charlotte (2010). <a href=\"http:\/\/sprogmuseet.schwa.dk\/index.php\/2010\/05\/27\/slarvig-danska\/\">Slarvig danska?<\/a> <em>Sprogmuseet<\/em>, september 2010.<\/p>\n<p>Leinonen, Therese (2001). Finlandssvenska guln\u00e4bbar svaga i svenska. <em>Aff\u00e4rer &amp; forskning<\/em> 2001(1), 14.<\/p>\n<p>Leinonen, Therese (2000).Finlandssvenska studerande anv\u00e4nder svenska &#8211; men hur mycket?<em>Universitas Helsingiensis<\/em> 2000(3), 17\u201318.<\/p>\n<p>Leinonen, Therese (2000). Finlandssvenska f\u00f6rsta\u00e5rsstuderandes svenska. <em>Spr\u00e5kbruk<\/em> 2000(4), 8-11.<\/p>\n","protected":false},"excerpt":{"rendered":"<p>Leinonen, Therese (1.12.2025). Pappersordb\u00f6cker, n\u00e4tordb\u00f6cker och ordb\u00f6cker som bjuder in till samtal. Spr\u00e5kinstitutet, bloggar. Leinonen, Therese (7.8.2025). Finlandssvenskan sl\u00e4par efter n\u00e4r stockholmskan utvecklas. In: Spr\u00e5kbruk. Leinonen, Therese (27.3.2023). Att de och dem blir dom \u00e4r inte dumt utan logiskt. In: Hufvudstadsbladet. Leinonen, Therese and R\u00f6nnqvist, Sara (2018). &#8220;Hurja kiva&#8221; eller &#8220;grymt bra&#8221;? F\u00f6rst\u00e4rkningsord i finlandssvenskt [&hellip;]<\/p>\n","protected":false},"author":570,"featured_media":0,"parent":12,"menu_order":1,"comment_status":"closed","ping_status":"closed","template":"","meta":{"footnotes":""},"class_list":["post-22","page","type-page","status-publish","hentry"],"_links":{"self":[{"href":"https:\/\/users.utu.fi\/thnale\/wp-json\/wp\/v2\/pages\/22","targetHints":{"allow":["GET"]}}],"collection":[{"href":"https:\/\/users.utu.fi\/thnale\/wp-json\/wp\/v2\/pages"}],"about":[{"href":"https:\/\/users.utu.fi\/thnale\/wp-json\/wp\/v2\/types\/page"}],"author":[{"embeddable":true,"href":"https:\/\/users.utu.fi\/thnale\/wp-json\/wp\/v2\/users\/570"}],"replies":[{"embeddable":true,"href":"https:\/\/users.utu.fi\/thnale\/wp-json\/wp\/v2\/comments?post=22"}],"version-history":[{"count":9,"href":"https:\/\/users.utu.fi\/thnale\/wp-json\/wp\/v2\/pages\/22\/revisions"}],"predecessor-version":[{"id":70,"href":"https:\/\/users.utu.fi\/thnale\/wp-json\/wp\/v2\/pages\/22\/revisions\/70"}],"up":[{"embeddable":true,"href":"https:\/\/users.utu.fi\/thnale\/wp-json\/wp\/v2\/pages\/12"}],"wp:attachment":[{"href":"https:\/\/users.utu.fi\/thnale\/wp-json\/wp\/v2\/media?parent=22"}],"curies":[{"name":"wp","href":"https:\/\/api.w.org\/{rel}","templated":true}]}}