{"id":24,"date":"2023-12-05T09:06:49","date_gmt":"2023-12-05T07:06:49","guid":{"rendered":"https:\/\/users.utu.fi\/thnale\/?page_id=24"},"modified":"2023-12-05T13:06:29","modified_gmt":"2023-12-05T11:06:29","slug":"reviews","status":"publish","type":"page","link":"https:\/\/users.utu.fi\/thnale\/publications\/reviews\/","title":{"rendered":"Reviews"},"content":{"rendered":"<p>Leinonen, Therese (2017). <a href=\"http:\/\/uu.diva-portal.org\/smash\/record.jsf?pid=diva2%3A1173912&amp;dswid=-3998\"><em>Review of<\/em> Olle Engstrand: Kan du s\u00e4ga Schweiz? En bok om uttal p\u00e5 svenska och utl\u00e4ndska<\/a>. <em>Spr\u00e5k &amp; stil<\/em> NF 27, 249-250.<\/p>\n<p>Leinonen, Therese (2014). <a href=\"https:\/\/sprakbruk.fi\/aktuell-litteratur\/dialektutjamning-i-vastsverige\/\"><em>Review of<\/em> Margareta Svahn &amp; Jenny Nilsson: Dialektutj\u00e4mning i V\u00e4stsverige<\/a>. <em>Spr\u00e5kbruk<\/em> 2014(4), 46-48.<\/p>\n","protected":false},"excerpt":{"rendered":"<p>Leinonen, Therese (2017). Review of Olle Engstrand: Kan du s\u00e4ga Schweiz? En bok om uttal p\u00e5 svenska och utl\u00e4ndska. Spr\u00e5k &amp; stil NF 27, 249-250. Leinonen, Therese (2014). Review of Margareta Svahn &amp; Jenny Nilsson: Dialektutj\u00e4mning i V\u00e4stsverige. Spr\u00e5kbruk 2014(4), 46-48.<\/p>\n","protected":false},"author":570,"featured_media":0,"parent":12,"menu_order":2,"comment_status":"closed","ping_status":"closed","template":"","meta":{"footnotes":""},"class_list":["post-24","page","type-page","status-publish","hentry"],"_links":{"self":[{"href":"https:\/\/users.utu.fi\/thnale\/wp-json\/wp\/v2\/pages\/24","targetHints":{"allow":["GET"]}}],"collection":[{"href":"https:\/\/users.utu.fi\/thnale\/wp-json\/wp\/v2\/pages"}],"about":[{"href":"https:\/\/users.utu.fi\/thnale\/wp-json\/wp\/v2\/types\/page"}],"author":[{"embeddable":true,"href":"https:\/\/users.utu.fi\/thnale\/wp-json\/wp\/v2\/users\/570"}],"replies":[{"embeddable":true,"href":"https:\/\/users.utu.fi\/thnale\/wp-json\/wp\/v2\/comments?post=24"}],"version-history":[{"count":2,"href":"https:\/\/users.utu.fi\/thnale\/wp-json\/wp\/v2\/pages\/24\/revisions"}],"predecessor-version":[{"id":44,"href":"https:\/\/users.utu.fi\/thnale\/wp-json\/wp\/v2\/pages\/24\/revisions\/44"}],"up":[{"embeddable":true,"href":"https:\/\/users.utu.fi\/thnale\/wp-json\/wp\/v2\/pages\/12"}],"wp:attachment":[{"href":"https:\/\/users.utu.fi\/thnale\/wp-json\/wp\/v2\/media?parent=24"}],"curies":[{"name":"wp","href":"https:\/\/api.w.org\/{rel}","templated":true}]}}