{"id":29,"date":"2023-12-05T09:11:41","date_gmt":"2023-12-05T07:11:41","guid":{"rendered":"https:\/\/users.utu.fi\/thnale\/?page_id=29"},"modified":"2025-06-20T17:15:55","modified_gmt":"2025-06-20T14:15:55","slug":"edited","status":"publish","type":"page","link":"https:\/\/users.utu.fi\/thnale\/publications\/edited\/","title":{"rendered":"Edited books"},"content":{"rendered":"<p><a href=\"https:\/\/kaino.kotus.fi\/fo\/\">Ordbok \u00f6ver Finlands svenska folkm\u00e5l<\/a>. Helsingfors: Institutet f\u00f6r de inhemska spr\u00e5kens webbpublikationer 33. URN:NBN:fi:kotus-201330.\u00a0<a href=\"https:\/\/kaino.kotus.fi\/fo\/\">https:\/\/kaino.kotus.fi\/fo\/<\/a>.<\/p>\n<p>Slotte, Peter et al. (2007). Ordbok \u00f6ver Finland svenska folkm\u00e5l IV. Helsingfors: Svenska litteraturs\u00e4llskapet i Finland.<\/p>\n<p>Ekberg H., Leinonen, T. and Kawecki, S., eds. (2004). <a href=\"http:\/\/www.uppslagsverket.fi\/\">Uppslagsverket Finland 2<\/a>, 2nd ed. Esbo: Schildts.<\/p>\n<p>Ekberg H., Leinonen, T., Kawecki, S. and Lindberg, J., eds. (2003). <a href=\"http:\/\/www.uppslagsverket.fi\/\">Uppslagsverket Finland 1<\/a>, 2nd ed. Esbo: Schildts.<\/p>\n","protected":false},"excerpt":{"rendered":"<p>Ordbok \u00f6ver Finlands svenska folkm\u00e5l. Helsingfors: Institutet f\u00f6r de inhemska spr\u00e5kens webbpublikationer 33. URN:NBN:fi:kotus-201330.\u00a0https:\/\/kaino.kotus.fi\/fo\/. Slotte, Peter et al. (2007). Ordbok \u00f6ver Finland svenska folkm\u00e5l IV. Helsingfors: Svenska litteraturs\u00e4llskapet i Finland. Ekberg H., Leinonen, T. and Kawecki, S., eds. (2004). Uppslagsverket Finland 2, 2nd ed. Esbo: Schildts. Ekberg H., Leinonen, T., Kawecki, S. and Lindberg, J., [&hellip;]<\/p>\n","protected":false},"author":570,"featured_media":0,"parent":12,"menu_order":3,"comment_status":"closed","ping_status":"closed","template":"","meta":{"footnotes":""},"class_list":["post-29","page","type-page","status-publish","hentry"],"_links":{"self":[{"href":"https:\/\/users.utu.fi\/thnale\/wp-json\/wp\/v2\/pages\/29","targetHints":{"allow":["GET"]}}],"collection":[{"href":"https:\/\/users.utu.fi\/thnale\/wp-json\/wp\/v2\/pages"}],"about":[{"href":"https:\/\/users.utu.fi\/thnale\/wp-json\/wp\/v2\/types\/page"}],"author":[{"embeddable":true,"href":"https:\/\/users.utu.fi\/thnale\/wp-json\/wp\/v2\/users\/570"}],"replies":[{"embeddable":true,"href":"https:\/\/users.utu.fi\/thnale\/wp-json\/wp\/v2\/comments?post=29"}],"version-history":[{"count":5,"href":"https:\/\/users.utu.fi\/thnale\/wp-json\/wp\/v2\/pages\/29\/revisions"}],"predecessor-version":[{"id":64,"href":"https:\/\/users.utu.fi\/thnale\/wp-json\/wp\/v2\/pages\/29\/revisions\/64"}],"up":[{"embeddable":true,"href":"https:\/\/users.utu.fi\/thnale\/wp-json\/wp\/v2\/pages\/12"}],"wp:attachment":[{"href":"https:\/\/users.utu.fi\/thnale\/wp-json\/wp\/v2\/media?parent=29"}],"curies":[{"name":"wp","href":"https:\/\/api.w.org\/{rel}","templated":true}]}}