{"id":7,"date":"2018-06-15T22:16:10","date_gmt":"2018-06-15T22:16:10","guid":{"rendered":"http:\/\/users.utu.fi\/tokrkoi\/?page_id=2"},"modified":"2018-08-14T19:42:22","modified_gmt":"2018-08-14T16:42:22","slug":"sample-page","status":"publish","type":"page","link":"https:\/\/users.utu.fi\/tokrkoi\/sample-page\/","title":{"rendered":"\u041a\u0435\u043c \u0431\u0430\u0440?"},"content":{"rendered":"<p>Kirjoittaja on Tomi, suomalais-ugrilaisen kielentutkimuksen opiskelija, joka aikoo viett\u00e4\u00e4 syyslukukauden 2018 Tatarstanin p\u00e4\u00e4kaupungissa Kazanissa ja opiskella siell\u00e4 tataaria ja yleist\u00e4 turkologiaa.<\/p>\n<p>&nbsp;<\/p>\n<p>\u041c\u0438\u043d \u0422\u043e\u043c\u0438, \u0441\u0442\u0443\u0434\u0435\u043d\u0442 \u0424\u0438\u043d\u043b\u044f\u043d\u0434\u0438\u044f\u0434\u04d9\u043d. \u0422\u0438\u0437\u0434\u04d9\u043d \u044f\u0448\u04d9\u0440\u043c\u0435\u043d \u041a\u0430\u0437\u0430\u043d\u0434\u0430.<\/p>\n","protected":false},"excerpt":{"rendered":"<p>Kirjoittaja on Tomi, suomalais-ugrilaisen kielentutkimuksen opiskelija, joka aikoo viett\u00e4\u00e4 syyslukukauden 2018 Tatarstanin p\u00e4\u00e4kaupungissa Kazanissa ja opiskella siell\u00e4 tataaria ja yleist\u00e4 turkologiaa. &nbsp; \u041c\u0438\u043d \u0422\u043e\u043c\u0438, \u0441\u0442\u0443\u0434\u0435\u043d\u0442 \u0424\u0438\u043d\u043b\u044f\u043d\u0434\u0438\u044f\u0434\u04d9\u043d. \u0422\u0438\u0437\u0434\u04d9\u043d \u044f\u0448\u04d9\u0440\u043c\u0435\u043d \u041a\u0430\u0437\u0430\u043d\u0434\u0430.<\/p>\n","protected":false},"author":2557,"featured_media":0,"parent":0,"menu_order":0,"comment_status":"closed","ping_status":"open","template":"","meta":{"footnotes":""},"class_list":["post-7","page","type-page","status-publish","hentry","post-preview"],"_links":{"self":[{"href":"https:\/\/users.utu.fi\/tokrkoi\/wp-json\/wp\/v2\/pages\/7","targetHints":{"allow":["GET"]}}],"collection":[{"href":"https:\/\/users.utu.fi\/tokrkoi\/wp-json\/wp\/v2\/pages"}],"about":[{"href":"https:\/\/users.utu.fi\/tokrkoi\/wp-json\/wp\/v2\/types\/page"}],"author":[{"embeddable":true,"href":"https:\/\/users.utu.fi\/tokrkoi\/wp-json\/wp\/v2\/users\/2557"}],"replies":[{"embeddable":true,"href":"https:\/\/users.utu.fi\/tokrkoi\/wp-json\/wp\/v2\/comments?post=7"}],"version-history":[{"count":2,"href":"https:\/\/users.utu.fi\/tokrkoi\/wp-json\/wp\/v2\/pages\/7\/revisions"}],"predecessor-version":[{"id":76,"href":"https:\/\/users.utu.fi\/tokrkoi\/wp-json\/wp\/v2\/pages\/7\/revisions\/76"}],"wp:attachment":[{"href":"https:\/\/users.utu.fi\/tokrkoi\/wp-json\/wp\/v2\/media?parent=7"}],"curies":[{"name":"wp","href":"https:\/\/api.w.org\/{rel}","templated":true}]}}