{"id":741,"date":"2021-10-06T15:29:28","date_gmt":"2021-10-06T12:29:28","guid":{"rendered":"https:\/\/users.utu.fi\/valvil\/?page_id=741"},"modified":"2024-09-17T09:14:39","modified_gmt":"2024-09-17T06:14:39","slug":"publications-in-finnish","status":"publish","type":"page","link":"https:\/\/users.utu.fi\/valvil\/publications-in-finnish\/","title":{"rendered":"Publications in Finnish"},"content":{"rendered":"<p><a href=\"https:\/\/users.utu.fi\/valvil\/wp-content\/uploads\/sites\/1290\/2021\/10\/Ymmarrys.pdf\"><em>Ymm\u00e4rrys<\/em><\/a>. Edited by Valtteri Viljanen, Helena Siipi &amp; Matti Sintonen. Reports from the Department of Philosophy, University of Turku, 2012.<\/p>\n<p>\u201c<a href=\"https:\/\/users.utu.fi\/valvil\/wp-content\/uploads\/sites\/1290\/2021\/10\/Viljanen-Spinoza-skeptisismista.pdf\">Spinoza skeptisismist\u00e4 ja tosista ideoista<\/a>.\u201d <em>Ajatus <\/em>69, 2012: 171\u201387.<\/p>\n<p>Arto Repo &amp; Valtteri Viljanen: \u201c<a href=\"https:\/\/users.utu.fi\/valvil\/wp-content\/uploads\/sites\/1290\/2021\/10\/Repo-ja-Viljanen-Leibnizin-dynamiikka.pdf\">Leibnizin dynamiikka<\/a>.\u201d <em>niin &amp; n\u00e4in <\/em>13 (3), 2012: 25\u201330.<\/p>\n<p>\u201c<a href=\"https:\/\/filosofia.fi\/fi\/ensyklopedia\/spinoza-benedictus-de\">Spinoza, Benedictus de.<\/a>\u201d Ensyklopedia <em>Logos<\/em>, 2012.<\/p>\n<p>\u201c<a href=\"https:\/\/users.utu.fi\/valvil\/wp-content\/uploads\/sites\/1290\/2021\/10\/Viljanen-Hapean-filosofiasta.pdf\">H\u00e4pe\u00e4n filosofiasta<\/a>.\u201d \u2013 J. Korkeila, K. Joutsenniemi, E. Sailas &amp; J. Oksanen (eds.), <em>Irti h\u00e4pe\u00e4leimasta<\/em>, 54\u201362. Duodecim, 2011.<\/p>\n<p>\u201c<a href=\"https:\/\/users.utu.fi\/valvil\/wp-content\/uploads\/sites\/1290\/2021\/10\/Viljanen_Lectio.pdf\">Spinozan dynamistinen teoria olemassaolosta<\/a>. <em>Lectio praecursoria <\/em>6.10.2007.\u201d <em>Ajatus <\/em>65, 2008: 267\u201374.<\/p>\n<p>\u201c<a href=\"https:\/\/users.utu.fi\/valvil\/wp-content\/uploads\/sites\/1290\/2021\/10\/Viljanen-Voiman-kasitteen-kritiikki-ja-rehabilitaatio.pdf\">Voiman k\u00e4sitteen kritiikki ja rehabilitaatio uuden ajan alun metafysiikassa<\/a>.\u201d <em>Ajatus<\/em> 64, 2007: 9\u201329.<\/p>\n<p>\u201c<a href=\"https:\/\/users.utu.fi\/valvil\/wp-content\/uploads\/sites\/1290\/2021\/10\/Viljanen-Emanatiivinen-syy.pdf\">Emanatiivinen syy ja Spinozan k\u00e4sitys kausaatiosta<\/a>.\u201d \u2013 H. Gylling, I. Niiniluoto &amp; R. Vilkko (eds.), <em>Syy<\/em>, 25\u201337<em>. <\/em>Gaudeamus, 2007.<\/p>\n<p>\u201c<a href=\"https:\/\/users.utu.fi\/valvil\/wp-content\/uploads\/sites\/1290\/2021\/10\/Viljanen-Spinozan-teoria-tunteista-toimintavoiman-muutoksina.pdf\">Spinozan teoria tunteista toimintavoiman muutoksina<\/a>.\u201d \u2013 J. Haukioja &amp; A. Repo (eds.), <em>Halu ymm\u00e4rt\u00e4\u00e4. Kirjoituksia Olli Koistisen 50-vuotissyntym\u00e4p\u00e4iv\u00e4ksi<\/em>, 170\u201380. University of Turku, 2006.<\/p>\n<p>\u201c<a href=\"https:\/\/users.utu.fi\/valvil\/wp-content\/uploads\/sites\/1290\/2021\/10\/Viljanen-Elaman-kasite-Spinozalla.pdf\">El\u00e4m\u00e4n k\u00e4site Spinozan filosofiassa<\/a>.\u201d \u2013 J. Haukioja &amp; J. R\u00e4ikk\u00e4 (ed.), <em>El\u00e4m\u00e4n merkitys. Filosofisia kirjoituksia el\u00e4m\u00e4st\u00e4<\/em>, 31\u201339<em>. <\/em>Unipress, 2005.<\/p>\n<p>\u201c<a href=\"https:\/\/users.utu.fi\/valvil\/wp-content\/uploads\/sites\/1290\/2021\/10\/Viljanen-Genealogia-historiallisena-ontologiana.pdf\">Genealogia historiallisena ontologiana<\/a>. Foucault\u2019n suhteesta Nietzscheen ja hermeneutiikkaan.\u201d \u2013 S. Ollitervo, J. Parikka &amp; T. V\u00e4ntsi (eds.), <em>Kohtaamisia ajassa. Kulttuurihistoria ja tulkinnan teoria<\/em>,110\u201335. University of Turku, 2003.<\/p>\n<p>\u201c<a href=\"https:\/\/users.utu.fi\/valvil\/wp-content\/uploads\/sites\/1290\/2021\/10\/Viljanen-Individuaatio-ja-voima-Spinozalla.pdf\">Individuaatio ja voima Spinozan <em>Etiikassa<\/em><\/a>.\u201d \u2013 V. Launis &amp; M. Oksanen (eds.), <em>Viisauden yst\u00e4vyys. Kirjoituksia Juhani Pietariselle<\/em>, 17\u201323. University of Turku, 2002.<\/p>\n<p>&nbsp;<\/p>\n","protected":false},"excerpt":{"rendered":"<p>Ymm\u00e4rrys. Edited by Valtteri Viljanen, Helena Siipi &amp; Matti Sintonen. Reports from the Department of Philosophy, University of Turku, 2012. \u201cSpinoza skeptisismist\u00e4 ja tosista ideoista.\u201d Ajatus 69, 2012: 171\u201387. Arto Repo &amp; Valtteri Viljanen: \u201cLeibnizin dynamiikka.\u201d niin &amp; n\u00e4in 13 (3), 2012: 25\u201330. \u201cSpinoza, Benedictus de.\u201d Ensyklopedia Logos, 2012. \u201cH\u00e4pe\u00e4n filosofiasta.\u201d \u2013 J. Korkeila, K. [&hellip;]<\/p>\n","protected":false},"author":6375,"featured_media":0,"parent":0,"menu_order":0,"comment_status":"closed","ping_status":"closed","template":"template-fullwidth.php","meta":{"_acf_changed":false,"footnotes":""},"class_list":["post-741","page","type-page","status-publish","hentry","post-preview"],"acf":[],"_links":{"self":[{"href":"https:\/\/users.utu.fi\/valvil\/wp-json\/wp\/v2\/pages\/741","targetHints":{"allow":["GET"]}}],"collection":[{"href":"https:\/\/users.utu.fi\/valvil\/wp-json\/wp\/v2\/pages"}],"about":[{"href":"https:\/\/users.utu.fi\/valvil\/wp-json\/wp\/v2\/types\/page"}],"author":[{"embeddable":true,"href":"https:\/\/users.utu.fi\/valvil\/wp-json\/wp\/v2\/users\/6375"}],"replies":[{"embeddable":true,"href":"https:\/\/users.utu.fi\/valvil\/wp-json\/wp\/v2\/comments?post=741"}],"version-history":[{"count":16,"href":"https:\/\/users.utu.fi\/valvil\/wp-json\/wp\/v2\/pages\/741\/revisions"}],"predecessor-version":[{"id":1994,"href":"https:\/\/users.utu.fi\/valvil\/wp-json\/wp\/v2\/pages\/741\/revisions\/1994"}],"wp:attachment":[{"href":"https:\/\/users.utu.fi\/valvil\/wp-json\/wp\/v2\/media?parent=741"}],"curies":[{"name":"wp","href":"https:\/\/api.w.org\/{rel}","templated":true}]}}