{"id":35,"date":"2022-01-27T20:55:55","date_gmt":"2022-01-27T18:55:55","guid":{"rendered":"https:\/\/users.utu.fi\/vehalava\/?page_id=35"},"modified":"2023-01-11T11:54:29","modified_gmt":"2023-01-11T09:54:29","slug":"logic","status":"publish","type":"page","link":"https:\/\/users.utu.fi\/vehalava\/logic\/","title":{"rendered":"MATE5114 Logiikka 4 op"},"content":{"rendered":"<p>Kurssin sivu kev\u00e4\u00e4ll\u00e4 2023<\/p>\n<p><a href=\"https:\/\/villesalo.com\/logiikka\/\">https:\/\/villesalo.com\/logiikka\/<\/a><\/p>\n","protected":false},"excerpt":{"rendered":"<p>Kurssin sivu kev\u00e4\u00e4ll\u00e4 2023 https:\/\/villesalo.com\/logiikka\/<\/p>\n","protected":false},"author":4199,"featured_media":0,"parent":0,"menu_order":0,"comment_status":"closed","ping_status":"closed","template":"","meta":{"footnotes":""},"class_list":["post-35","page","type-page","status-publish","hentry","entry"],"_links":{"self":[{"href":"https:\/\/users.utu.fi\/vehalava\/wp-json\/wp\/v2\/pages\/35","targetHints":{"allow":["GET"]}}],"collection":[{"href":"https:\/\/users.utu.fi\/vehalava\/wp-json\/wp\/v2\/pages"}],"about":[{"href":"https:\/\/users.utu.fi\/vehalava\/wp-json\/wp\/v2\/types\/page"}],"author":[{"embeddable":true,"href":"https:\/\/users.utu.fi\/vehalava\/wp-json\/wp\/v2\/users\/4199"}],"replies":[{"embeddable":true,"href":"https:\/\/users.utu.fi\/vehalava\/wp-json\/wp\/v2\/comments?post=35"}],"version-history":[{"count":3,"href":"https:\/\/users.utu.fi\/vehalava\/wp-json\/wp\/v2\/pages\/35\/revisions"}],"predecessor-version":[{"id":61,"href":"https:\/\/users.utu.fi\/vehalava\/wp-json\/wp\/v2\/pages\/35\/revisions\/61"}],"wp:attachment":[{"href":"https:\/\/users.utu.fi\/vehalava\/wp-json\/wp\/v2\/media?parent=35"}],"curies":[{"name":"wp","href":"https:\/\/api.w.org\/{rel}","templated":true}]}}